{"id":10,"date":"2015-03-01T18:08:14","date_gmt":"2015-03-01T18:08:14","guid":{"rendered":"http:\/\/sangokai.org\/?page_id=10"},"modified":"2023-10-21T15:20:55","modified_gmt":"2023-10-21T15:20:55","slug":"beratung","status":"publish","type":"page","link":"http:\/\/sangokai.org\/?page_id=10","title":{"rendered":"Beratung"},"content":{"rendered":"<p>[vc_row][vc_column][vc_empty_space height=&#8220;100&#8243;][vc_custom_heading text=&#8220;Du brauchst Hilfe? Dann helfen wir Dir.&#8220; font_container=&#8220;tag:h2|font_size:40|text_align:center|color:%236e6e6e&#8220; google_fonts=&#8220;font_family:PT%20Sans%3Aregular%2Citalic%2C700%2C700italic|font_style:400%20regular%3A400%3Anormal&#8220;][vc_empty_space height=&#8220;40&#8243;][vc_custom_heading text=&#8220;Wir bieten Dir mit dem SANGOKAI Support Forum und der SANGOKAI Facebook Gruppe verschiedene Anlaufstellen f\u00fcr Deine Fragen. Nat\u00fcrlich sind wir auch per email f\u00fcr Dich da!&#8220; font_container=&#8220;tag:h2|font_size:30|text_align:center|color:%236e6e6e&#8220; google_fonts=&#8220;font_family:PT%20Sans%3Aregular%2Citalic%2C700%2C700italic|font_style:400%20regular%3A400%3Anormal&#8220;][\/vc_column][\/vc_row][vc_row][vc_column][vc_text_separator title=&#8220;Unser Beratung Portfolio&#8220;][\/vc_column][\/vc_row][vc_row full_width=&#8220;full_width_content&#8220;][vc_column width=&#8220;1\/6&#8243;][vc_column_text]<br \/>\n[\/vc_column_text][\/vc_column][vc_column width=&#8220;2\/3&#8243;][vc_custom_heading text=&#8220;Warum Beratung in der Riffaquaristik so wichtig ist? Das er\u00f6rtern wir Dir gerne in einem eigenen Beitrag!&#8220; font_container=&#8220;tag:h2|font_size:30|text_align:center|color:%236e6e6e&#8220; google_fonts=&#8220;font_family:PT%20Sans%3Aregular%2Citalic%2C700%2C700italic|font_style:400%20regular%3A400%3Anormal&#8220;][vc_empty_space height=&#8220;15px&#8220;][vc_custom_heading text=&#8220;In unserem Beratung Portfolio zeigen wir Dir, in welchen Bereichen wir Dir beratend zur Seite stehen k\u00f6nnen.&#8220; font_container=&#8220;tag:h2|font_size:30|text_align:center|color:%236e6e6e&#8220; google_fonts=&#8220;font_family:PT%20Sans%3Aregular%2Citalic%2C700%2C700italic|font_style:400%20regular%3A400%3Anormal&#8220;][vc_empty_space height=&#8220;40px&#8220;][vc_btn title=&#8220;Unser Beratung Portfolio&#8220; style=&#8220;3d&#8220; color=&#8220;green&#8220; link=&#8220;url:http%3A%2F%2Fsangokai.org%2F%3Fportfolio%3Dberatung||&#8220;][vc_empty_space height=&#8220;40px&#8220;][\/vc_column][vc_column width=&#8220;1\/6&#8243;][vc_column_text]<br \/>\n[\/vc_column_text][\/vc_column][\/vc_row][vc_row full_width=&#8220;full_width_content&#8220; parallax=&#8220;&#8220; parallax_image=&#8220;&#8220;][vc_column][vc_text_separator title=&#8220;Kontakt zu SANGOKAI&#8220;][\/vc_column][\/vc_row][vc_row full_width=&#8220;full_width_content&#8220; parallax=&#8220;&#8220; parallax_image=&#8220;&#8220;][vc_column width=&#8220;1\/3&#8243;][vc_empty_space height=&#8220;180px&#8220;]\n<span class=\"aio-icon  advanced \" data-animation=\"\" data-animation-delay=\"0\" style=\"color:#ffffff;background:#1fad00;border-style:solid;border-color:#9b9b9b;border-width:1px;width:90px;height:90px;line-height:90px;border-radius:500px;font-size:45px;\" >\n\t<i class=\"picons-mail4\"><\/i>\n<\/span>[vc_empty_space height=&#8220;40px&#8220;][\/vc_column][vc_column width=&#8220;1\/3&#8243;][vc_empty_space height=&#8220;40px&#8220;][vc_custom_heading text=&#8220;Du kannst uns immer ansprechen.&#8220; font_container=&#8220;tag:h2|text_align:left|color:%239e9447&#8243; google_fonts=&#8220;font_family:PT%20Sans%3Aregular%2Citalic%2C700%2C700italic|font_style:400%20regular%3A400%3Anormal&#8220;][vc_column_text]<\/p>\n<hr \/>\n<p style=\"text-align: left;\"><span style=\"font-family: tahoma, arial, helvetica, sans-serif; font-size: 12pt; color: #000000;\">Gerne kannst Du \u00fcber das Schreiben einer email direkt Kontakt zu uns aufnehmen! Unsere email: info@sangokai.org.<\/span><\/p>\n<p style=\"text-align: left;\"><span style=\"font-family: tahoma, arial, helvetica, sans-serif; font-size: 12pt; color: #000000;\">Dar\u00fcber hinaus bieten wir Dir das <strong>SANGOKAI Support Forum<\/strong>\u00a0und die <strong>SANGOKAI Facebook Gruppe<\/strong> als Anlaufstelle f\u00fcr Fragen und Anregungen an. Dort stehen Dir jederzeit sowohl die SANGOKAI Support Teams, als auch viele andere erfahrene SANGOKAI Riffaquarianer mit Rat und Tat zur Seite.<\/span><\/p>\n<p style=\"text-align: left;\"><span style=\"font-family: tahoma, arial, helvetica, sans-serif; font-size: 12pt; color: #000000;\"><strong>Im SANGOKAI Support Forum <\/strong>kannst Du Deinen eigenen Aquarium-Thread er\u00f6ffnen, Deinen Anamnesebogen, ICPs und Bilder uploaden und Fragen und Probleme zu Deinem Becken thematisieren.<\/span><\/p>\n<p style=\"text-align: left;\"><span style=\"font-family: tahoma, arial, helvetica, sans-serif; font-size: 12pt; color: #000000;\">Kontakt- und Informationsm\u00f6glichkeiten findest Du hier:<\/span><\/p>\n<p>[\/vc_column_text][vc_empty_space height=&#8220;20px&#8220;][vc_column_text]<\/p>\n<div class=\"crafty-social-buttons crafty-social-link-buttons crafty-social-buttons-size-4 crafty-social-buttons-align-left crafty-social-buttons-caption-block\"><ul class=\"crafty-social-buttons-list\"><li><a href=\"mailto:info@sangokai.org\" class=\"crafty-social-button csb-email hover-brighten\" title=\"Email\" ><img loading=\"lazy\" decoding=\"async\"  class=\"crafty-social-button-image\" alt=\"Email\" width=\"40\" height=\"40\" src=\"http:\/\/sangokai.org\/wp-content\/plugins\/crafty-social-buttons\/buttons\/somacro\/email.png\" \/><\/a><\/li><li><a href=\"https:\/\/www.facebook.com\/pages\/sangokai-reef-aquarium-products\/268825159825329\" class=\"crafty-social-button csb-facebook hover-brighten\" title=\"Facebook\" target=\"_blank\"><img loading=\"lazy\" decoding=\"async\"  class=\"crafty-social-button-image\" alt=\"Facebook\" width=\"40\" height=\"40\" src=\"http:\/\/sangokai.org\/wp-content\/plugins\/crafty-social-buttons\/buttons\/somacro\/facebook.png\" \/><\/a><\/li><li><a href=\"https:\/\/www.youtube.com\/channel\/UC83-D7fmCelhcCbdcX9HDrQ\/feed\" class=\"crafty-social-button csb-youtube hover-brighten\" title=\"YouTube\" target=\"_blank\"><img loading=\"lazy\" decoding=\"async\"  class=\"crafty-social-button-image\" alt=\"YouTube\" width=\"40\" height=\"40\" src=\"http:\/\/sangokai.org\/wp-content\/plugins\/crafty-social-buttons\/buttons\/somacro\/youtube.png\" \/><\/a><\/li><li><a href=\"http:\/\/instagram.com\/Sangoinsta\" class=\"crafty-social-button csb-instagram hover-brighten\" title=\"Instagram\" target=\"_blank\"><img loading=\"lazy\" decoding=\"async\"  class=\"crafty-social-button-image\" alt=\"Instagram\" width=\"40\" height=\"40\" src=\"http:\/\/sangokai.org\/wp-content\/plugins\/crafty-social-buttons\/buttons\/somacro\/instagram.png\" \/><\/a><\/li><\/ul><\/div>\n<p>[\/vc_column_text][vc_empty_space height=&#8220;40px&#8220;][\/vc_column][vc_column width=&#8220;1\/3&#8243;][vc_column_text]<br \/>\n[\/vc_column_text][\/vc_column][\/vc_row][vc_row full_width=&#8220;full_width_content&#8220;][vc_column][vc_text_separator title=&#8220;SANGOKAI Support-Forum und SANGOKAI Facebook Gruppe&#8220;][vc_empty_space height=&#8220;75px&#8220;][vc_single_image image=&#8220;6933&#8243;][\/vc_column][\/vc_row][vc_row full_width=&#8220;full_width_content&#8220;][vc_column width=&#8220;1\/3&#8243;][vc_empty_space height=&#8220;5px&#8220;][vc_single_image image=&#8220;5657&#8243; img_size=&#8220;100&#215;105&#8243; alignment=&#8220;center&#8220;][vc_empty_space height=&#8220;30px&#8220;][vc_btn title=&#8220;SANGOKAI Support Forum&#8220; style=&#8220;3d&#8220; color=&#8220;green&#8220; link=&#8220;url:http%3A%2F%2Fsangokai.org%2Fforum%2Fapp.php%2Fportal||target:%20_blank&#8220;][\/vc_column][vc_column width=&#8220;1\/3&#8243;][vc_custom_heading text=&#8220;In den SANGOKAI Communities bekommst du Tipps und Hilfe!&#8220; font_container=&#8220;tag:h2|text_align:left|color:%239e9447&#8243; google_fonts=&#8220;font_family:PT%20Sans%3Aregular%2Citalic%2C700%2C700italic|font_style:400%20regular%3A400%3Anormal&#8220;][vc_column_text]<\/p>\n<hr \/>\n<p style=\"text-align: left;\"><span style=\"font-family: tahoma, arial, helvetica, sans-serif; font-size: 12pt; color: #000000;\">Das offizielle SANGOKAI Support-Forum sowie die SANGOKAI Facebook Gruppe sind Deine Interaktionsr\u00e4ume f\u00fcr Fragen rund um die SANGOKAI Riffaquaristik.<\/span><\/p>\n<p style=\"text-align: left;\"><span style=\"font-family: tahoma, arial, helvetica, sans-serif; font-size: 12pt; color: #000000;\">Dort kannst Du Dein Becken vorstellen, Laboranalysen zeigen, den SANGOKAI Anamnesbogen uploaden, Fragen rund um die Meerwasseraquaristik stellen und Problemsituationen gezielt besprechen.<\/span><\/p>\n<p style=\"text-align: left;\"><span style=\"font-family: tahoma, arial, helvetica, sans-serif; font-size: 12pt; color: #000000;\">Registriere Dich gleich jetzt! Wir freuen uns auf Deinen Besuch in unserer Gemeinschaft.<\/span><\/p>\n<p>[\/vc_column_text][vc_empty_space height=&#8220;20px&#8220;][\/vc_column][vc_column width=&#8220;1\/3&#8243;][vc_column_text]<br \/>\n[\/vc_column_text][\/vc_column][\/vc_row][vc_row][vc_column][vc_text_separator title=&#8220;SANGOKAI Anamnesebogen&#8220;][\/vc_column][\/vc_row][vc_row][vc_column width=&#8220;1\/6&#8243;][vc_column_text]<br \/>\n[\/vc_column_text][\/vc_column][vc_column width=&#8220;2\/3&#8243;][vc_empty_space height=&#8220;40px&#8220;][vc_custom_heading text=&#8220;Mit Hilfe unseres Anamnesebogens k\u00f6nnen wir Dir Dein Riffaquarium ganz individuell und optimal beurteilen.&#8220; font_container=&#8220;tag:h2|font_size:35|text_align:center|color:%236e6e6e&#8220; google_fonts=&#8220;font_family:PT%20Sans%3Aregular%2Citalic%2C700%2C700italic|font_style:400%20regular%3A400%3Anormal&#8220;][vc_empty_space height=&#8220;40px&#8220;][\/vc_column][vc_column width=&#8220;1\/6&#8243;][vc_column_text]<br \/>\n[\/vc_column_text][\/vc_column][\/vc_row][vc_row][vc_column width=&#8220;1\/4&#8243;][\/vc_column][vc_column width=&#8220;1\/2&#8243;][vc_custom_heading text=&#8220;SANGOKAI ANAMNESEBOGEN&#8220; font_container=&#8220;tag:h2|text_align:center|color:%239e9447&#8243; google_fonts=&#8220;font_family:PT%20Sans%3Aregular%2Citalic%2C700%2C700italic|font_style:400%20regular%3A400%3Anormal&#8220;][vc_column_text]<\/p>\n<hr \/>\n<p style=\"text-align: center;\"><span style=\"font-family: tahoma, arial, helvetica, sans-serif; font-size: 12pt; color: #000000;\">Wenn Du Dein Riffaquarium im SANGOKAI Forum vorstellen m\u00f6chtest, und insbesondere dann, wenn Du Probleme mit Deinem Riffaquarium hast, nutzt Du den SANGOKAI Anamnesebogen, um alle relevanten Informationen \u00fcber Dein Riffaquarium zur Verf\u00fcgung zu stellen. <\/span><\/p>\n<p style=\"text-align: center;\"><span style=\"font-family: tahoma, arial, helvetica, sans-serif; font-size: 12pt; color: #000000;\">Den Anamnesebogen kannst Du gerne im SANGOKAI Support Forum in Deinem eigenen Beckenthread uploaden, oder auch per schriftlicher Beratungsanfrage an info@sangokai.org an uns schicken<\/span><span style=\"font-family: tahoma, arial, helvetica, sans-serif; font-size: 12pt; color: #000000;\">. Hier findest Du den Anamnesebogen als PDF-Formular zum kostenlosen download.<\/span><\/p>\n<p>[\/vc_column_text][vc_empty_space height=&#8220;30px&#8220;][vc_btn title=&#8220;Download SANGOKAI Anamnesebogen&#8220; style=&#8220;3d&#8220; color=&#8220;warning&#8220; align=&#8220;center&#8220; link=&#8220;url:http%3A%2F%2Fsangokai.org%2Ffileupload%2FSANGOKAI_Anamnesebogen_v3_2016.pdf||target:%20_blank&#8220;][vc_empty_space height=&#8220;80px&#8220;][\/vc_column][vc_column width=&#8220;1\/4&#8243;][\/vc_column][\/vc_row][vc_row][vc_column][vc_text_separator title=&#8220;Unser Partner-Labor &#8211; das Fauna Marin Seawater Research Lab&#8220;][\/vc_column][\/vc_row][vc_row full_width=&#8220;full_width_content&#8220;][vc_column width=&#8220;1\/6&#8243;][vc_column_text]<br \/>\n[\/vc_column_text][\/vc_column][vc_column width=&#8220;2\/3&#8243;][vc_custom_heading text=&#8220;SANGOKAI ist offizieller Partner und Berater des<br \/>\nFauna Marin Seawater Research Lab (SRL).&#8220; font_container=&#8220;tag:h2|font_size:35|text_align:center|color:%236e6e6e&#8220; google_fonts=&#8220;font_family:PT%20Sans%3Aregular%2Citalic%2C700%2C700italic|font_style:400%20regular%3A400%3Anormal&#8220;][vc_empty_space height=&#8220;40px&#8220;][\/vc_column][vc_column width=&#8220;1\/6&#8243;][vc_column_text]<br \/>\n[\/vc_column_text][\/vc_column][\/vc_row][vc_row][vc_column width=&#8220;1\/2&#8243;][vc_empty_space height=&#8220;80px&#8220;][vc_single_image image=&#8220;12250&#8243; img_size=&#8220;medium&#8220; alignment=&#8220;center&#8220;][\/vc_column][vc_column width=&#8220;1\/2&#8243;][vc_custom_heading text=&#8220;Meerwasserlabor auf h\u00f6chstem Niveau&#8220; font_container=&#8220;tag:h2|text_align:left|color:%239e9447&#8243; google_fonts=&#8220;font_family:PT%20Sans%3Aregular%2Citalic%2C700%2C700italic|font_style:400%20regular%3A400%3Anormal&#8220;][vc_column_text]<\/p>\n<hr \/>\n<p style=\"text-align: left;\"><span style=\"font-family: tahoma, arial, helvetica, sans-serif; font-size: 12pt; color: #000000;\">SANGOKAI ist Partner des Fauna Marin Seawater Research Lab (SRL) in Deutschland. Wir bieten Dir die komplette Analytik des FM SRL an, die Du im SANGOKAI Hersteller Shop direkt \u00fcber uns bestellen kannst.<\/span><\/p>\n<p style=\"text-align: left;\"><span style=\"font-family: tahoma, arial, helvetica, sans-serif; font-size: 12pt; color: #000000;\">Ein nach wissenschaftlichen Standards durchgef\u00fchrter und zuverl\u00e4ssig\u00a0genauer Labortest Deines Meerwassers kann\u00a0Dir sowohl bei\u00a0akuten Problemen, als auch im Rahmen einer prophylaktischen\u00a0Kontrolle wichtige Hinweise liefern. Eine Fauna Marin SRL Analyse hat also\u00a0im\u00a0Beratungs- und Diagnostikprozess einen nicht unerheblichen Stellenwert.<\/span><\/p>\n<p style=\"text-align: left;\"><span style=\"font-family: tahoma, arial, helvetica, sans-serif; font-size: 12pt; color: #000000;\">Wir werten Deine \u00fcber uns bezogene Fauna Marin Analyse sehr gerne aus und beraten Dich zu allen Einzelheiten des Analysenprotokolls. Du kannst uns Deine Laborergebnisse als PDF direkt per email an info@sangokai.org zuschicken, oder diese auch im SANGOKAI Forum oder in unserer Facebook Gruppe \u00f6ffentlich posten.<\/span><\/p>\n<p>[\/vc_column_text][vc_empty_space height=&#8220;20px&#8220;][vc_cta h2=&#8220;&#8220; txt_align=&#8220;center&#8220; color=&#8220;sky&#8220; add_button=&#8220;bottom&#8220; btn_title=&#8220;Fauna Marin Laboranalysen&#8220; btn_color=&#8220;sky&#8220; btn_i_icon_fontawesome=&#8220;fa fa-cloud-download&#8220; btn_add_icon=&#8220;true&#8220; btn_link=&#8220;url:https%3A%2F%2Fsangokai.org%2Fsangokai-shop%2Flaboranalytik%2F||target:%20_blank|&#8220;]<span style=\"font-size: 14pt; font-family: tahoma, arial, helvetica, sans-serif;\">Hier findest Du die FM Analysen im SANGOKAI Webshop:<\/span>[\/vc_cta][vc_empty_space height=&#8220;20px&#8220;][\/vc_column][\/vc_row]<\/p>","protected":false},"excerpt":{"rendered":"<p>[vc_row][vc_column][vc_empty_space height=&#8220;100&#8243;][vc_custom_heading text=&#8220;Du brauchst Hilfe? Dann helfen wir Dir.&#8220; font_container=&#8220;tag:h2|font_size:40|text_align:center|color:%236e6e6e&#8220; google_fonts=&#8220;font_family:PT%20Sans%3Aregular%2Citalic%2C700%2C700italic|font_style:400%20regular%3A400%3Anormal&#8220;][vc_empty_space height=&#8220;40&#8243;][vc_custom_heading text=&#8220;Wir bieten Dir mit dem SANGOKAI Support Forum und der SANGOKAI Facebook Gruppe verschiedene Anlaufstellen f\u00fcr Deine Fragen. Nat\u00fcrlich sind wir auch per email f\u00fcr Dich da!&#8220; font_container=&#8220;tag:h2|font_size:30|text_align:center|color:%236e6e6e&#8220; google_fonts=&#8220;font_family:PT%20Sans%3Aregular%2Citalic%2C700%2C700italic|font_style:400%20regular%3A400%3Anormal&#8220;][\/vc_column][\/vc_row][vc_row][vc_column][vc_text_separator title=&#8220;Unser Beratung Portfolio&#8220;][\/vc_column][\/vc_row][vc_row full_width=&#8220;full_width_content&#8220;][vc_column&hellip;  <\/p>\n<div class=\"read-more-button\"><a class=\"button\" href=\"http:\/\/sangokai.org\/?page_id=10\" title=\"Read Beratung\">Mehr lesen<\/a><\/div>\n","protected":false},"author":1,"featured_media":0,"parent":0,"menu_order":0,"comment_status":"open","ping_status":"open","template":"page-templates\/no-stunning.php","meta":{"footnotes":""},"class_list":["post-10","page","type-page","status-publish","hentry"," init "],"_links":{"self":[{"href":"http:\/\/sangokai.org\/index.php?rest_route=\/wp\/v2\/pages\/10","targetHints":{"allow":["GET"]}}],"collection":[{"href":"http:\/\/sangokai.org\/index.php?rest_route=\/wp\/v2\/pages"}],"about":[{"href":"http:\/\/sangokai.org\/index.php?rest_route=\/wp\/v2\/types\/page"}],"author":[{"embeddable":true,"href":"http:\/\/sangokai.org\/index.php?rest_route=\/wp\/v2\/users\/1"}],"replies":[{"embeddable":true,"href":"http:\/\/sangokai.org\/index.php?rest_route=%2Fwp%2Fv2%2Fcomments&post=10"}],"version-history":[{"count":297,"href":"http:\/\/sangokai.org\/index.php?rest_route=\/wp\/v2\/pages\/10\/revisions"}],"predecessor-version":[{"id":12686,"href":"http:\/\/sangokai.org\/index.php?rest_route=\/wp\/v2\/pages\/10\/revisions\/12686"}],"wp:attachment":[{"href":"http:\/\/sangokai.org\/index.php?rest_route=%2Fwp%2Fv2%2Fmedia&parent=10"}],"curies":[{"name":"wp","href":"https:\/\/api.w.org\/{rel}","templated":true}]}}