{"id":10575,"date":"2017-06-16T12:35:18","date_gmt":"2017-06-16T12:35:18","guid":{"rendered":"http:\/\/sangokai.org\/?page_id=10575"},"modified":"2026-03-11T18:16:55","modified_gmt":"2026-03-11T18:16:55","slug":"balance-individual-system","status":"publish","type":"page","link":"http:\/\/sangokai.org\/?page_id=10575","title":{"rendered":"INDIVIDUAL System"},"content":{"rendered":"<p>[vc_row full_width=&#8220;full_width_content&#8220;][vc_column width=&#8220;1\/6&#8243;][\/vc_column][vc_column width=&#8220;2\/3&#8243;][vc_empty_space height=&#8220;100px&#8220;][vc_custom_heading text=&#8220;Das INDIVIDUAL System&#8220; font_container=&#8220;tag:h2|font_size:40|text_align:center|color:%236e6e6e&#8220; google_fonts=&#8220;font_family:PT%20Sans%3Aregular%2Citalic%2C700%2C700italic|font_style:400%20regular%3A400%3Anormal&#8220;][vc_empty_space height=&#8220;40px&#8220;][vc_custom_heading text=&#8220;Individuelle Meerwasser-Restauration und Erhaltung.&#8220; font_container=&#8220;tag:h2|font_size:30|text_align:center|color:%236e6e6e&#8220; google_fonts=&#8220;font_family:PT%20Sans%3Aregular%2Citalic%2C700%2C700italic|font_style:400%20regular%3A400%3Anormal&#8220;][vc_empty_space height=&#8220;40px&#8220;][\/vc_column][vc_column width=&#8220;1\/6&#8243;][\/vc_column][\/vc_row][vc_row][vc_column width=&#8220;1\/2&#8243;][vc_empty_space height=&#8220;50px&#8220;][vc_single_image image=&#8220;9724&#8243; img_size=&#8220;medium&#8220; alignment=&#8220;center&#8220;][\/vc_column][vc_column width=&#8220;1\/2&#8243;][vc_empty_space height=&#8220;100px&#8220;][vc_custom_heading text=&#8220;Im INDIVIDUAL System steht die optimale Meerwasser-Zusammensetzung und deren Erhaltung im Fokus.&#8220; font_container=&#8220;tag:h2|font_size:30|text_align:left|color:%236e6e6e&#8220; google_fonts=&#8220;font_family:PT%20Sans%3Aregular%2Citalic%2C700%2C700italic|font_style:400%20regular%3A400%3Anormal&#8220;][vc_empty_space height=&#8220;20px&#8220;][vc_custom_heading text=&#8220;Daf\u00fcr bieten wir Dir Produkte f\u00fcr Bor, Kalium, Strontium, Brom und Iod an.<br \/>\nZur einmaligen Defizit-Anpassung, oder zur regelm\u00e4\u00dfigen Erhaltungsdosierung.<br \/>\nEinfach so, wie Dein Aquarium es braucht.&#8220; font_container=&#8220;tag:h2|font_size:30|text_align:left|color:%236e6e6e&#8220; google_fonts=&#8220;font_family:PT%20Sans%3Aregular%2Citalic%2C700%2C700italic|font_style:400%20regular%3A400%3Anormal&#8220;][\/vc_column][\/vc_row][vc_row parallax_content=&#8220;parallax_content_value&#8220; parallax_content_sense=&#8220;20&#8243; animation_type=&#8220;h&#8220; vertical_animation=&#8220;top-animation&#8220;][vc_column width=&#8220;1\/2&#8243;][vc_single_image image=&#8220;11853&#8243;][\/vc_column][vc_column width=&#8220;1\/2&#8243;][vc_empty_space height=&#8220;20px&#8220;][vc_custom_heading text=&#8220;Meerwasser-Restauration<br \/>\nmit den INDIVIDUAL Produkten&#8220; font_container=&#8220;tag:h2|text_align:left|color:%239e9447&#8243; google_fonts=&#8220;font_family:PT%20Sans%3Aregular%2Citalic%2C700%2C700italic|font_style:400%20regular%3A400%3Anormal&#8220;][vc_column_text]<\/p>\n<hr \/>\n<p style=\"text-align: left;\"><span style=\"font-family: tahoma, arial, helvetica, sans-serif; font-size: 12pt; color: #000000;\">Zur Restauration (Wiederherstellung) einer optimalen Meerwasserkomposition, z.B. nach Einsatz falsch konzipierter oder schlecht gemischter Meersalzmischungen, oder bei starkem individuellen Verbrauch, bietet Dir das INDIVIDUAL System mit seinen Einzelsupplement Produkten die M\u00f6glichkeit, in Deinen Laboranalysen aufgezeigte Defizite in den Bereichen Bor, Kalium, Strontium, Brom und Iod schnell und gezielt auszugleichen. Dadurch erlangt Dein Meerwasser rasch wieder die Qualit\u00e4t, die Deine Tiere und Organismen verlangen.<\/span><\/p>\n<p>[\/vc_column_text][\/vc_column][\/vc_row][vc_row full_width=&#8220;full_width_content&#8220; animation_type=&#8220;h&#8220; vertical_animation=&#8220;top-animation&#8220;][vc_column][vc_text_separator title=&#8220;INDIVIDUAL Produkte zur Meerwasser-Restauration&#8220;][\/vc_column][\/vc_row][vc_row][vc_column][vc_custom_heading text=&#8220;Welche Produkte geh\u00f6ren zum INDIVIDUAL System?&#8220; font_container=&#8220;tag:h2|font_size:35|text_align:center|color:%236e6e6e&#8220; google_fonts=&#8220;font_family:PT%20Sans%3Aregular%2Citalic%2C700%2C700italic|font_style:400%20regular%3A400%3Anormal&#8220;][vc_empty_space height=&#8220;30px&#8220;][\/vc_column][\/vc_row][vc_row content_placement=&#8220;middle&#8220;][vc_column][vc_single_image image=&#8220;9724&#8243; img_size=&#8220;medium&#8220; alignment=&#8220;center&#8220;][\/vc_column][\/vc_row][vc_row][vc_column width=&#8220;1\/6&#8243;][\/vc_column][vc_column width=&#8220;2\/3&#8243;][vc_custom_heading text=&#8220;Individueller Defizit-Ausgleich mit den INDIVIDUAL Produkten&#8220; font_container=&#8220;tag:h2|font_size:35|text_align:center|color:%236e6e6e&#8220; google_fonts=&#8220;font_family:PT%20Sans%3Aregular%2Citalic%2C700%2C700italic|font_style:400%20regular%3A400%3Anormal&#8220;][vc_empty_space height=&#8220;30px&#8220;][vc_custom_heading text=&#8220;f\u00fcr Kalium (K), Strontium (Sr), Bor (B), Brom (BrF) und Iod (IF)&#8220; font_container=&#8220;tag:h2|font_size:35|text_align:center|color:%236e6e6e&#8220; google_fonts=&#8220;font_family:PT%20Sans%3Aregular%2Citalic%2C700%2C700italic|font_style:400%20regular%3A400%3Anormal&#8220;][vc_empty_space height=&#8220;40px&#8220;][\/vc_column][vc_column width=&#8220;1\/6&#8243;][\/vc_column][\/vc_row][vc_row][vc_column width=&#8220;1\/2&#8243;][vc_empty_space height=&#8220;40px&#8220;][vc_single_image image=&#8220;9733&#8243; img_size=&#8220;medium&#8220; alignment=&#8220;center&#8220;][\/vc_column][vc_column width=&#8220;1\/2&#8243;][vc_empty_space height=&#8220;20px&#8220;][vc_custom_heading text=&#8220;INDIVIDUAL K&#8220; font_container=&#8220;tag:h2|text_align:left|color:%239e9447&#8243; google_fonts=&#8220;font_family:PT%20Sans%3Aregular%2Citalic%2C700%2C700italic|font_style:400%20regular%3A400%3Anormal&#8220;][vc_column_text]<\/p>\n<hr \/>\n<p style=\"text-align: left;\"><span style=\"color: #333333; font-family: tahoma, arial, helvetica, sans-serif; font-size: 12pt;\">INDIVIDUAL K ist eine Kaliuml\u00f6sung f\u00fcr Meerwasseraquarien zum individuellen Ausgleich bestehender Kaliumdefizite.<\/span><\/p>\n<p class=\"vc_custom_heading\" style=\"text-align: left;\"><span style=\"font-size: 12pt; font-family: tahoma, arial, helvetica, sans-serif; color: #333333;\">Mit INDIVIDUAL K korrigierst Du Kaliumdefizite zielgenau und sicher auf einen optimalen Wert von 395-400 mg\/L.<\/span><\/p>\n<p class=\"vc_custom_heading\" style=\"text-align: left;\"><span style=\"font-size: 12pt; font-family: tahoma, arial, helvetica, sans-serif; color: #333333;\">Kalium ist eine der wichtigsten Hauptkomponenten im Meerwasser und sollte nie unter 370 mg\/L fallen. Kontrolliere also regelm\u00e4\u00dfig Deinen Kaliumgehalt mit einer Laboranalyse.<\/span><\/p>\n<p class=\"vc_custom_heading\" style=\"text-align: left;\"><span style=\"font-size: 12pt; font-family: tahoma, arial, helvetica, sans-serif; color: #333333;\">Dosierung: 10 mL pro 100 L erh\u00f6hen den Kaliumgehalt um 10 mg\/L.<\/span><\/p>\n<p class=\"vc_custom_heading\" style=\"text-align: left;\"><span style=\"font-size: 12pt; font-family: tahoma, arial, helvetica, sans-serif; color: #333333;\">Inhalt: 1000 mL.<\/span><\/p>\n<p>[\/vc_column_text][vc_empty_space height=&#8220;20px&#8220;][vc_btn title=&#8220;Produktbeschreibung&#8220; shape=&#8220;round&#8220; color=&#8220;primary&#8220; link=&#8220;url:http%3A%2F%2Fsangokai.org%2F%3Fpage_id%3D8771||&#8220;][\/vc_column][\/vc_row][vc_row][vc_column width=&#8220;1\/2&#8243;][vc_empty_space height=&#8220;40px&#8220;][vc_single_image image=&#8220;9736&#8243; img_size=&#8220;medium&#8220; alignment=&#8220;center&#8220;][\/vc_column][vc_column width=&#8220;1\/2&#8243;][vc_empty_space height=&#8220;20px&#8220;][vc_custom_heading text=&#8220;INDIVIDUAL Sr&#8220; font_container=&#8220;tag:h2|text_align:left|color:%239e9447&#8243; google_fonts=&#8220;font_family:PT%20Sans%3Aregular%2Citalic%2C700%2C700italic|font_style:400%20regular%3A400%3Anormal&#8220;][vc_column_text]<\/p>\n<hr \/>\n<p style=\"text-align: left;\"><span style=\"color: #333333; font-family: tahoma, arial, helvetica, sans-serif; font-size: 12pt;\">INDIVIDUAL Sr ist eine Strontiuml\u00f6sung f\u00fcr Meerwasseraquarien zum individuellen Ausgleich bestehender Strontiumdefizite.<\/span><\/p>\n<p style=\"text-align: left;\"><span style=\"font-family: tahoma, arial, helvetica, sans-serif; font-size: 12pt; color: #333333;\">Strontium kann ein wichtiger Bestandteil von Steinkorallen- und Kalkrotalgen sein und sollte daher idealerweise nicht unter 6 mg\/L fallen.<\/span><\/p>\n<p class=\"vc_custom_heading\" style=\"text-align: left;\"><span style=\"font-family: tahoma, arial, helvetica, sans-serif; font-size: 12pt; color: #333333;\">INDIVIDUAL Sr bietet Dir die M\u00f6glichkeit, den Strontiumgehalt zielgenau auf das nat\u00fcrliche Niveau von 8 mg\/L zu bringen.<\/span><\/p>\n<p class=\"vc_custom_heading\" style=\"text-align: left;\"><span style=\"font-family: tahoma, arial, helvetica, sans-serif; font-size: 12pt; color: #333333;\">Dosierung: 10 mL pro 100 L erh\u00f6hen den Strontiumgehalt um 1 mg\/L.<\/span><\/p>\n<p class=\"vc_custom_heading\" style=\"text-align: left;\"><span style=\"font-family: tahoma, arial, helvetica, sans-serif; font-size: 12pt; color: #333333;\">Inhalt: 1000 mL.<\/span><\/p>\n<p>[\/vc_column_text][vc_empty_space height=&#8220;20px&#8220;][vc_btn title=&#8220;Produktbeschreibung&#8220; shape=&#8220;round&#8220; color=&#8220;primary&#8220; link=&#8220;url:http%3A%2F%2Fsangokai.org%2F%3Fpage_id%3D9006||&#8220;][\/vc_column][\/vc_row][vc_row][vc_column width=&#8220;1\/2&#8243;][vc_empty_space height=&#8220;40px&#8220;][vc_single_image image=&#8220;9731&#8243; img_size=&#8220;medium&#8220; alignment=&#8220;center&#8220;][\/vc_column][vc_column width=&#8220;1\/2&#8243;][vc_empty_space height=&#8220;20px&#8220;][vc_custom_heading text=&#8220;INDIVIDUAL B&#8220; font_container=&#8220;tag:h2|text_align:left|color:%239e9447&#8243; google_fonts=&#8220;font_family:PT%20Sans%3Aregular%2Citalic%2C700%2C700italic|font_style:400%20regular%3A400%3Anormal&#8220;][vc_column_text]<\/p>\n<hr \/>\n<p><span style=\"font-family: helvetica, arial, sans-serif; font-size: 14pt;\"><strong>ACHTUNG: PRODUKT IST IN \u00dcBERARBEITUNG UND KANN VOR\u00dcBERGEHEND NICHT ERH\u00c4LTLICH SEIN!<\/strong><\/span><\/p>\n<p style=\"text-align: left;\"><span style=\"color: #333333; font-family: tahoma, arial, helvetica, sans-serif; font-size: 12pt;\">INDIVIDUAL B ist eine Borl\u00f6sung f\u00fcr Meerwasseraquarien zum individuellen Ausgleich bestehender Bordefizite.<\/span><\/p>\n<p class=\"vc_custom_heading\" style=\"text-align: left;\"><span style=\"font-family: tahoma, arial, helvetica, sans-serif; font-size: 12pt; color: #333333;\">Bor ist ein physiologisch wichtiges Makroelement im Meerwasser und kann Mangelerscheinungen an Korallen hervorrufen. Es sollte idealerweise nie unter 3,5 mg\/L bei einer Salinit\u00e4t von 35 psu fallen. Unterhalb von 3 mg\/L sind Probleme an Korallen sehr wahrscheinlich. Kontrolliere also regelm\u00e4\u00dfig Deinen Borgehalt mit einer ICP Analyse.<\/span><\/p>\n<p class=\"vc_custom_heading\" style=\"text-align: left;\"><span style=\"font-family: tahoma, arial, helvetica, sans-serif; font-size: 12pt; color: #333333;\">Mit INDIVIDUAL B kannst Du den Borgehalt Deines Meerwassers gezielt und schnell auf 4,5 &#8211; 5,0 mg\/L ausgleichen.<\/span><\/p>\n<p class=\"vc_custom_heading\" style=\"text-align: left;\"><span style=\"font-family: tahoma, arial, helvetica, sans-serif; font-size: 12pt; color: #333333;\">Dosierung: 10 mL pro 100 L erh\u00f6hen den Borgehalt um 0,5 mg\/L. Bor kann immer schnell und sofort auf den Zielwert von 4,5 mg\/L bei einer Salinit\u00e4t von 35 psu angehoben werden.<\/span><\/p>\n<p class=\"vc_custom_heading\" style=\"text-align: left;\"><span style=\"font-family: tahoma, arial, helvetica, sans-serif; font-size: 12pt; color: #333333;\">Inhalt: 1000 mL.<\/span><\/p>\n<p>[\/vc_column_text][vc_empty_space height=&#8220;20px&#8220;][vc_btn title=&#8220;Produktbeschreibung&#8220; shape=&#8220;round&#8220; color=&#8220;primary&#8220; link=&#8220;url:http%3A%2F%2Fsangokai.org%2F%3Fpage_id%3D8963||&#8220;][\/vc_column][\/vc_row][vc_row][vc_column width=&#8220;1\/2&#8243;][vc_empty_space height=&#8220;40px&#8220;][vc_single_image image=&#8220;9738&#8243; img_size=&#8220;medium&#8220; alignment=&#8220;center&#8220;][\/vc_column][vc_column width=&#8220;1\/2&#8243;][vc_empty_space height=&#8220;20px&#8220;][vc_custom_heading text=&#8220;INDIVIDUAL BrF&#8220; font_container=&#8220;tag:h2|text_align:left|color:%239e9447&#8243; google_fonts=&#8220;font_family:PT%20Sans%3Aregular%2Citalic%2C700%2C700italic|font_style:400%20regular%3A400%3Anormal&#8220;][vc_column_text]<\/p>\n<hr \/>\n<p style=\"text-align: left;\"><span style=\"color: #333333; font-family: tahoma, arial, helvetica, sans-serif; font-size: 12pt;\">INDIVIDUAL BrF ist eine Broml\u00f6sung f\u00fcr Meerwasseraquarien zum individuellen Ausgleich bestehender Bromdefizite mit komplement\u00e4rem Fluoranteil.<\/span><\/p>\n<p style=\"text-align: left;\"><span style=\"color: #333333; font-family: tahoma, arial, helvetica, sans-serif; font-size: 12pt;\">Brom ist in der Regel sehr konstant und wird wenig verbraucht, einige Meersalzmischungen weisen jedoch gelegentlich Brom-Defizite in ihrer Zusammensetzung auf, die Du mit INDIVIDUAL Br auf einen regul\u00e4ren Wert von 65 mg\/L ausgleichen kannst. Idealerweise liegt der Bromidgehalt nicht unter 55 mg\/L, und sollte auch nicht \u00fcber 75 mg\/L steigen, weil Bromid dann potentiell auch Probleme bereiten kann, insbesondere oberhalb von 80 mg\/L (alle genannten Werte beziehen sich auf eine normale Salinit\u00e4t von 35 psu).<\/span><\/p>\n<p style=\"text-align: left;\"><span style=\"color: #333333; font-family: tahoma, arial, helvetica, sans-serif; font-size: 12pt;\">Dosierung: 10 mL pro 100 L erh\u00f6hen den Bromgehalt um 5 mg\/L, was auch der t\u00e4glich maximalen Erh\u00f6hung entsprechen sollte. Ein schnelleres Anheben von Bromid kann unter Umst\u00e4nden problematisch sein.<\/span><\/p>\n<p style=\"text-align: left;\"><span style=\"color: #333333; font-family: tahoma, arial, helvetica, sans-serif; font-size: 12pt;\">Inhalt: 1000 mL.<\/span><\/p>\n<p>[\/vc_column_text][vc_empty_space height=&#8220;20px&#8220;][vc_btn title=&#8220;Produktdetails in Bearbeitung&#8220; shape=&#8220;round&#8220; color=&#8220;primary&#8220; link=&#8220;||&#8220;][\/vc_column][\/vc_row][vc_row][vc_column width=&#8220;1\/2&#8243;][vc_empty_space height=&#8220;40px&#8220;][vc_single_image image=&#8220;9737&#8243; img_size=&#8220;medium&#8220; alignment=&#8220;center&#8220;][\/vc_column][vc_column width=&#8220;1\/2&#8243;][vc_empty_space height=&#8220;20px&#8220;][vc_custom_heading text=&#8220;INDIVIDUAL IF&#8220; font_container=&#8220;tag:h2|text_align:left|color:%239e9447&#8243; google_fonts=&#8220;font_family:PT%20Sans%3Aregular%2Citalic%2C700%2C700italic|font_style:400%20regular%3A400%3Anormal&#8220;][vc_column_text]<\/p>\n<hr \/>\n<p style=\"text-align: left;\"><span style=\"font-family: tahoma, arial, helvetica, sans-serif; font-size: 12pt;\">INDIVIDUAL IF ist eine konzentrierte Iod-L\u00f6sung mit komplement\u00e4rem Fluor-Anteil und passt Iod z\u00fcgig an einen optimalen Gehalt von 60-70 \u00b5g\/L an.<\/span><\/p>\n<p class=\"vc_custom_heading\" style=\"text-align: left;\"><span style=\"font-family: tahoma, arial, helvetica, sans-serif; font-size: 12pt;\">Iod ist ein wichtiges Spurenelement im Meerwasser und hat physiologische Bedeutung. Kontrolliere regelm\u00e4\u00dfig mit ICP-OES\/MS Analysen, dass Iod idealerweise nicht unter 50 \u00b5g\/L absinkt. Unterhalb von 40 \u00b5g\/L k\u00f6nnen potentiell Probleme an Korallen entstehen, insbesondere in einer sehr strahlungsintensiven Lichtumgebung. Werte unterhalb von 30 \u00b5g\/L sollten grunds\u00e4tzlich vermieden werden.<\/span><\/p>\n<p class=\"vc_custom_heading\" style=\"text-align: left;\"><span style=\"font-family: tahoma, arial, helvetica, sans-serif; font-size: 12pt;\">Dosierung: 1 mL pro 100 L erh\u00f6ht den Iodgehalt um 50 \u00b5g\/L (0,05 mg\/L). Iod kann immer sofort auf den Zielwert von 65 \u00b5g\/L angehoben werden.<\/span><\/p>\n<p class=\"vc_custom_heading\" style=\"text-align: left;\"><span style=\"font-family: tahoma, arial, helvetica, sans-serif; font-size: 12pt;\">Inhalt: 250 mL.<\/span><\/p>\n<p>[\/vc_column_text][vc_empty_space height=&#8220;20px&#8220;][vc_btn title=&#8220;Produktbeschreibung&#8220; shape=&#8220;round&#8220; color=&#8220;primary&#8220; link=&#8220;url:http%3A%2F%2Fsangokai.org%2F%3Fpage_id%3D9031||&#8220;][\/vc_column][\/vc_row][vc_row full_width=&#8220;full_width_content&#8220; animation_type=&#8220;h&#8220; vertical_animation=&#8220;top-animation&#8220;][vc_column][vc_text_separator title=&#8220;Anwendung der INDIVIDUAL Produkte&#8220;][\/vc_column][\/vc_row][vc_row full_width=&#8220;full_width_content&#8220; bg_type=&#8220;bg_color&#8220; bg_color_value=&#8220;#f4f4f4&#8243; animation_type=&#8220;h&#8220; vertical_animation=&#8220;top-animation&#8220;][vc_column width=&#8220;1\/6&#8243;][\/vc_column][vc_column width=&#8220;2\/3&#8243;][vc_empty_space][vc_empty_space][vc_custom_heading text=&#8220;Du findest die Dosierempfehlungen und die Anwendungshinweise zu den INDIVIDUAL Produkten direkt in den jeweiligen Produktbeschreibungen.&#8220; font_container=&#8220;tag:h2|font_size:30|text_align:center|color:%236e6e6e&#8220; google_fonts=&#8220;font_family:PT%20Sans%3Aregular%2Citalic%2C700%2C700italic|font_style:400%20regular%3A400%3Anormal&#8220;][vc_empty_space height=&#8220;60px&#8220;][\/vc_column][vc_column width=&#8220;1\/6&#8243;][\/vc_column][\/vc_row]<\/p>","protected":false},"excerpt":{"rendered":"<p>[vc_row full_width=&#8220;full_width_content&#8220;][vc_column width=&#8220;1\/6&#8243;][\/vc_column][vc_column width=&#8220;2\/3&#8243;][vc_empty_space height=&#8220;100px&#8220;][vc_custom_heading text=&#8220;Das INDIVIDUAL System&#8220; font_container=&#8220;tag:h2|font_size:40|text_align:center|color:%236e6e6e&#8220; google_fonts=&#8220;font_family:PT%20Sans%3Aregular%2Citalic%2C700%2C700italic|font_style:400%20regular%3A400%3Anormal&#8220;][vc_empty_space height=&#8220;40px&#8220;][vc_custom_heading text=&#8220;Individuelle Meerwasser-Restauration und Erhaltung.&#8220; font_container=&#8220;tag:h2|font_size:30|text_align:center|color:%236e6e6e&#8220; google_fonts=&#8220;font_family:PT%20Sans%3Aregular%2Citalic%2C700%2C700italic|font_style:400%20regular%3A400%3Anormal&#8220;][vc_empty_space height=&#8220;40px&#8220;][\/vc_column][vc_column width=&#8220;1\/6&#8243;][\/vc_column][\/vc_row][vc_row][vc_column width=&#8220;1\/2&#8243;][vc_empty_space height=&#8220;50px&#8220;][vc_single_image image=&#8220;9724&#8243; img_size=&#8220;medium&#8220; alignment=&#8220;center&#8220;][\/vc_column][vc_column width=&#8220;1\/2&#8243;][vc_empty_space height=&#8220;100px&#8220;][vc_custom_heading text=&#8220;Im INDIVIDUAL System steht die optimale Meerwasser-Zusammensetzung und deren Erhaltung im Fokus.&#8220; font_container=&#8220;tag:h2|font_size:30|text_align:left|color:%236e6e6e&#8220; google_fonts=&#8220;font_family:PT%20Sans%3Aregular%2Citalic%2C700%2C700italic|font_style:400%20regular%3A400%3Anormal&#8220;][vc_empty_space height=&#8220;20px&#8220;][vc_custom_heading text=&#8220;Daf\u00fcr bieten wir Dir&hellip;  <\/p>\n<div class=\"read-more-button\"><a class=\"button\" href=\"http:\/\/sangokai.org\/?page_id=10575\" title=\"Read INDIVIDUAL System\">Mehr lesen<\/a><\/div>\n","protected":false},"author":1,"featured_media":0,"parent":10548,"menu_order":2,"comment_status":"closed","ping_status":"open","template":"page-templates\/no-stunning.php","meta":{"footnotes":""},"class_list":["post-10575","page","type-page","status-publish","hentry"," init "],"_links":{"self":[{"href":"http:\/\/sangokai.org\/index.php?rest_route=\/wp\/v2\/pages\/10575","targetHints":{"allow":["GET"]}}],"collection":[{"href":"http:\/\/sangokai.org\/index.php?rest_route=\/wp\/v2\/pages"}],"about":[{"href":"http:\/\/sangokai.org\/index.php?rest_route=\/wp\/v2\/types\/page"}],"author":[{"embeddable":true,"href":"http:\/\/sangokai.org\/index.php?rest_route=\/wp\/v2\/users\/1"}],"replies":[{"embeddable":true,"href":"http:\/\/sangokai.org\/index.php?rest_route=%2Fwp%2Fv2%2Fcomments&post=10575"}],"version-history":[{"count":32,"href":"http:\/\/sangokai.org\/index.php?rest_route=\/wp\/v2\/pages\/10575\/revisions"}],"predecessor-version":[{"id":13557,"href":"http:\/\/sangokai.org\/index.php?rest_route=\/wp\/v2\/pages\/10575\/revisions\/13557"}],"up":[{"embeddable":true,"href":"http:\/\/sangokai.org\/index.php?rest_route=\/wp\/v2\/pages\/10548"}],"wp:attachment":[{"href":"http:\/\/sangokai.org\/index.php?rest_route=%2Fwp%2Fv2%2Fmedia&parent=10575"}],"curies":[{"name":"wp","href":"https:\/\/api.w.org\/{rel}","templated":true}]}}