{"id":10766,"date":"2017-06-19T15:34:08","date_gmt":"2017-06-19T15:34:08","guid":{"rendered":"http:\/\/sangokai.org\/?page_id=10766"},"modified":"2023-08-08T15:48:48","modified_gmt":"2023-08-08T15:48:48","slug":"sango-nutri-np-complete-artikel-1","status":"publish","type":"page","link":"http:\/\/sangokai.org\/?page_id=10766","title":{"rendered":"nutri-NP complete Artikel 1"},"content":{"rendered":"<p>[vc_row full_width=&#8220;full_width_content&#8220; animation_type=&#8220;h&#8220; vertical_animation=&#8220;top-animation&#8220;][vc_column][vc_empty_space height=&#8220;150px&#8220;][vc_custom_heading text=&#8220;Wichtige Anpassungen Deines Riffaquariumsystems an akute N\u00e4hrstoffmangelsituationen.&#8220; font_container=&#8220;tag:h2|font_size:40|text_align:center|color:%236e6e6e&#8220; google_fonts=&#8220;font_family:PT%20Sans%3Aregular%2Citalic%2C700%2C700italic|font_style:400%20regular%3A400%3Anormal&#8220;][vc_empty_space height=&#8220;40px&#8220;][vc_custom_heading text=&#8220;Weiterf\u00fchrender Artikel zu nutri-NP complete&#8220; font_container=&#8220;tag:h2|font_size:35|text_align:center|color:%236e6e6e&#8220; google_fonts=&#8220;font_family:PT%20Sans%3Aregular%2Citalic%2C700%2C700italic|font_style:400%20regular%3A400%3Anormal&#8220;][\/vc_column][\/vc_row][vc_row full_width=&#8220;full_width_content&#8220; animation_type=&#8220;h&#8220; vertical_animation=&#8220;top-animation&#8220;][vc_column width=&#8220;1\/6&#8243;][\/vc_column][vc_column width=&#8220;2\/3&#8243;][vc_column_text]<\/p>\n<p style=\"text-align: center;\"><span style=\"font-size: 14pt;\"><span style=\"font-family: tahoma, arial, helvetica, sans-serif; color: #000000;\">Ganz entscheidend f\u00fcr die Etablierung eines ausgeglichenen N\u00e4hrstoffhaushalts ist Dein Str\u00f6mungskonzept, sowie die filtertechnischen\u00a0N\u00e4hrstoffexportsysteme, die auf den N\u00e4hrstoffgehalt einwirken und Nitrat und Phosphat senken. <\/span><\/span><\/p>\n<p style=\"text-align: center;\"><span style=\"font-size: 14pt;\"><span style=\"font-family: tahoma, arial, helvetica, sans-serif; color: #000000;\">Bevor Du mit der Dosierung des nutri-NP complete beginnst, ist es notwendig, dass Du die Effizienz Deiner N\u00e4hrstoffexportsysteme auf ein sinnvolles Ma\u00df reduzierst. Das betrifft prim\u00e4r die Eiwei\u00dfabsch\u00e4umung, aber auch Filtermedien, die Du zum Einsatz bringst.<\/span><\/span><\/p>\n<p>[\/vc_column_text][vc_column_text]<\/p>\n<hr \/>\n<p style=\"text-align: justify;\"><span style=\"font-family: tahoma, arial, helvetica, sans-serif; font-size: 12pt; color: #000000;\">Str\u00f6mung ist im Aquarium der wichtigste Transportmechanismus f\u00fcr N\u00e4hrstoffe im Wasser. Grunds\u00e4tzlich ist es also f\u00fcr einen ausgeglichenen N\u00e4hrstoffhaushalt essentiell wichtig, dass das Str\u00f6mungskonzept optimal zum jeweiligen Aquarium und zur Aquariengestaltung passt. Ohne ein starkes und ausreichend leistungsf\u00e4higes Str\u00f6mungskonzept ist weder die N\u00e4hrstoffzufuhr, noch der Schadstoffabtransport aus einer Korallenkolonie m\u00f6glich. \u00dcberpr\u00fcfe daher im Falle einer N\u00e4hrstoffmangelsituation zu allererst Dein Str\u00f6mungskonzept. Wichtige Informationen dazu stehen Dir in den SANGOKAI Empfehlungen A-Z (SEA-Z) auf dieser Webseite in der Kategorie <em>Wissen\u00a0<\/em>zu den Stichw\u00f6rtern <em>Gestaltung von Riffaquarien<\/em>\u00a0und <em>Str\u00f6mungskonzept<\/em> zur Verf\u00fcgung.<\/span><\/p>\n<p style=\"text-align: justify;\"><span style=\"font-family: tahoma, arial, helvetica, sans-serif; font-size: 12pt; color: #000000;\">Eine leistungsstarke Filterung, z.B. einen sehr starken\/\u00fcberdimensionierten Eiwei\u00dfabsch\u00e4umer, solltest Du in einer N\u00e4hrstoffmangelsituation m\u00f6glichst so einstellen, das Du nicht zu viele N\u00e4hrstoffe aus dem Wasser entfernst. Du musst eine m\u00f6glichst trockene Einstellung Deines Absch\u00e4umers w\u00e4hlen, damit nicht zu viel Absch\u00e4umfl\u00fcssigkeit entsteht (schaue dazu in die Gebrauchsanleitung zum Ger\u00e4t oder kontaktiere ggf. den H\u00e4ndler\/Hersteller). Dadurch stehen N\u00e4hrstoffe z.B. aus den F\u00fctterungen, aber auch solche aus dem nutri-NP complete, im Aquariumwasser l\u00e4nger zur Verf\u00fcgung und k\u00f6nnen von den Organismen ohne die Konkurrenz zum Eiwei\u00dfabsch\u00e4umer aufgenommen und verwertet werden.<\/span><\/p>\n<p style=\"text-align: justify;\"><span style=\"font-family: tahoma, arial, helvetica, sans-serif; font-size: 12pt; color: #000000;\">Wir raten Dir jedoch auch in\u00a0einer akuten N\u00e4hrstoffmangelsituation zu einer dauerhaften, d.h. 24 st\u00fcndigen Eiwei\u00dfabsch\u00e4umung. Du wirst m\u00f6glicherweise Empfehlungen erhalten, den Absch\u00e4umer zeitweise auszustellen. Das birgt\u00a0jedoch auch gravierende Nachteile und ung\u00fcnstige Nebeneffekte mit sich,\u00a0v.a. hinsichtlich Ver\u00e4nderungen\u00a0im Gasaustausch sowie Schwankungen im\u00a0Redoxpotential. Auch die Entfernung von Tr\u00fcbstoffen ist eine wichtige Funktion der Eiwei\u00dfabsch\u00e4umung und sollte \u00fcber den Tag dauerhaft stattfinden. Grunds\u00e4tzlich gilt es, m\u00f6glichst konstante Umgebungsbedingungen zu schaffen und diese kontrolliert zu einer positiven Wirkung zu bringen. Ein nur zeitweiser Betrieb des Eiwei\u00dfabsch\u00e4umers erzeugt potentiell sch\u00e4dliche Schwankungen, auf die sich viele Organismen nicht schnell genug einstellen\u00a0k\u00f6nnen (v.a. pH-Wert, Redoxpotential, Sauerstoff- und CO<sub>2<\/sub>-Gehalt).\u00a0Du solltest also den Absch\u00e4umer idealerweise nicht am Tage und schon gar nicht\u00a0in der Dunkelphase (nachts besteht die Gefahr f\u00fcr einen Sauerstoffmangel) abschalten, sondern dauerhaft betreiben und nur die Absch\u00e4umleistung im Rahmen der Ger\u00e4tem\u00f6glichkeiten auf ein gesundes Ma\u00df minimieren. Eine weitere wichtige Regeloption\u00a0ist dabei auch die Anpassung des effektiven Durchflussvolumens durch das Technikbecken, um die\u00a0Absch\u00e4umleistung zu regeln und um die Verweilzeit f\u00fcr verf\u00fcgbare N\u00e4hrstoffe im Wasser zu verl\u00e4ngern. Informationen zu den Stichw\u00f6rtern <em>Absch\u00e4umung<\/em> und\u00a0<em>effektives Durchflussvolumen<\/em> findest Du in den SEA-Z.<\/span><\/p>\n<p style=\"text-align: justify;\"><span style=\"font-family: tahoma, arial, helvetica, sans-serif; font-size: 12pt; color: #000000;\">Dar\u00fcber hinaus musst Du ggf. eingesetzte\u00a0Filtermedien in der\u00a0Menge reduzieren, oder sogar\u00a0g\u00e4nzlich entfernen, z.B. Anionenadsorber\/Phosphatadsorber (v.a. bei Phosphatmangel), oder adoptive Filtermedien wie\u00a0Zeolithe oder Biopellets. Auch die Durchflu\u00dfrate in Flie\u00dfbett-\/Zeolith- oder Pelletfiltern (ACHTUNG: die Pellets m\u00fcssen dennoch in ihrer\u00a0Gesamtheit in st\u00e4ndiger Bewegung sein) sollte angepasst\u00a0werden.<\/span><\/p>\n<p style=\"text-align: justify;\"><span style=\"font-family: tahoma, arial, helvetica, sans-serif; font-size: 12pt; color: #000000;\">Gleicherma\u00dfen solltest\u00a0Du auf\u00a0Bakterienpr\u00e4parate verzichten und die Dosierung von Bakterienn\u00e4hrl\u00f6sungen (organische Kohlenstoffquellen) reduzieren und absetzten. Im SANGOKAI System solltest Du beides nicht anwenden.\u00a0Damit erreichst Du, dass sich die N\u00e4hrstoffverf\u00fcgbarkeit im Aquarium in Richtung der gepflegten Korallen verbessert, und nicht zu viele\u00a0N\u00e4hrstoffe in Bakterienbiomasse eingelagert wird. Beachte dazu unbedingt\u00a0die Informationen in den SEA-Z zu den Stichw\u00f6rtern <em>Biopellets<\/em> und <em>adoptive Filtermedien<\/em>.\u00a0<\/span><\/p>\n<p style=\"text-align: justify;\"><span style=\"font-family: tahoma, arial, helvetica, sans-serif; font-size: 12pt; color: #000000;\">Ohne die genannten Justierung an Deinem Filtersystem kann die Dosierung von nutri-NP complete ggf. auch ohne den gew\u00fcnschten Erfolg bleiben, weil dadurch nur die Leistungsf\u00e4higkeit der N\u00e4hrstoffexportsysteme weiter angekurbelt wird und die dosierten N\u00e4hrstoffe schneller wieder aus dem System entfernt werden, als sie von den Organismen im Aquarium rekrutiert werden k\u00f6nnen.<\/span><\/p>\n<p style=\"text-align: justify;\"><span style=\"font-family: tahoma, arial, helvetica, sans-serif; font-size: 12pt; color: #000000;\">Die Beleuchtungszeit ist ebenfalls ein relevanter Parameter. Grunds\u00e4tzlich sollte die Beleuchtungsdauer nicht l\u00e4nger als 12 h betragen. Informationen dazu und Einstellm\u00f6glichkeiten sowie angepasste Beleuchtungsprofile findest Du in den SEA-Z zum Stichwort <em>Beleuchtungsdauer<\/em>. In\u00a0akuten N\u00e4hrstoffmangelsituationen ist es\u00a0ratsam, die Beleuchtungszeit auf 10-11 h\u00a0zu reduzieren, um den Energieeintrag ins Riffaquarium und damit auch\u00a0die an die Photosynthese\u00a0gekoppelten N\u00e4hrstoffumsatzprozesse zu drosseln. Beachte bitte auch, dass eine aggressive Beleuchtung mit hohen UV-A, Violett- und kurzwelligen Blauanteilen den N\u00e4hrstoffbedarf stark erh\u00f6ht. N\u00e4hrstoffmangelsituationen sind daher oft die unmittelbare Folge von einer zu langen und v.a. einer zu aggressiven Lichtumgebung.<\/span><\/p>\n<p>[\/vc_column_text][\/vc_column][vc_column width=&#8220;1\/6&#8243;][\/vc_column][\/vc_row][vc_row full_width=&#8220;full_width_content&#8220; animation_type=&#8220;h&#8220; vertical_animation=&#8220;top-animation&#8220;][vc_column width=&#8220;1\/6&#8243;][\/vc_column][vc_column width=&#8220;2\/3&#8243;]\n<a href = \"http:\/\/sangokai.org\/?page_id=4905\" target=''\" title=\"\"><span class=\"aio-icon  advanced \" data-animation=\"\" data-animation-delay=\"0\" style=\"color:#dd3333;border-style:solid;border-color:#dd3333;border-width:1px;width:80px;height:80px;line-height:80px;border-radius:500px;font-size:32px;\" >\n\t<i class=\"embrace-back\"><\/i>\n<\/span><\/a>[vc_empty_space height=&#8220;80px&#8220;][\/vc_column][vc_column width=&#8220;1\/6&#8243;][\/vc_column][\/vc_row]<\/p>","protected":false},"excerpt":{"rendered":"<p>[vc_row full_width=&#8220;full_width_content&#8220; animation_type=&#8220;h&#8220; vertical_animation=&#8220;top-animation&#8220;][vc_column][vc_empty_space height=&#8220;150px&#8220;][vc_custom_heading text=&#8220;Wichtige Anpassungen Deines Riffaquariumsystems an akute N\u00e4hrstoffmangelsituationen.&#8220; font_container=&#8220;tag:h2|font_size:40|text_align:center|color:%236e6e6e&#8220; google_fonts=&#8220;font_family:PT%20Sans%3Aregular%2Citalic%2C700%2C700italic|font_style:400%20regular%3A400%3Anormal&#8220;][vc_empty_space height=&#8220;40px&#8220;][vc_custom_heading text=&#8220;Weiterf\u00fchrender Artikel zu nutri-NP complete&#8220; font_container=&#8220;tag:h2|font_size:35|text_align:center|color:%236e6e6e&#8220; google_fonts=&#8220;font_family:PT%20Sans%3Aregular%2Citalic%2C700%2C700italic|font_style:400%20regular%3A400%3Anormal&#8220;][\/vc_column][\/vc_row][vc_row full_width=&#8220;full_width_content&#8220; animation_type=&#8220;h&#8220; vertical_animation=&#8220;top-animation&#8220;][vc_column width=&#8220;1\/6&#8243;][\/vc_column][vc_column width=&#8220;2\/3&#8243;][vc_column_text] Ganz entscheidend f\u00fcr die Etablierung eines ausgeglichenen N\u00e4hrstoffhaushalts ist Dein Str\u00f6mungskonzept, sowie die filtertechnischen\u00a0N\u00e4hrstoffexportsysteme, die auf den N\u00e4hrstoffgehalt&hellip;  <\/p>\n<div class=\"read-more-button\"><a class=\"button\" href=\"http:\/\/sangokai.org\/?page_id=10766\" title=\"Read nutri-NP complete Artikel 1\">Mehr lesen<\/a><\/div>\n","protected":false},"author":1,"featured_media":0,"parent":4905,"menu_order":0,"comment_status":"closed","ping_status":"open","template":"page-templates\/no-stunning.php","meta":{"footnotes":""},"class_list":["post-10766","page","type-page","status-publish","hentry"," init "],"_links":{"self":[{"href":"http:\/\/sangokai.org\/index.php?rest_route=\/wp\/v2\/pages\/10766","targetHints":{"allow":["GET"]}}],"collection":[{"href":"http:\/\/sangokai.org\/index.php?rest_route=\/wp\/v2\/pages"}],"about":[{"href":"http:\/\/sangokai.org\/index.php?rest_route=\/wp\/v2\/types\/page"}],"author":[{"embeddable":true,"href":"http:\/\/sangokai.org\/index.php?rest_route=\/wp\/v2\/users\/1"}],"replies":[{"embeddable":true,"href":"http:\/\/sangokai.org\/index.php?rest_route=%2Fwp%2Fv2%2Fcomments&post=10766"}],"version-history":[{"count":13,"href":"http:\/\/sangokai.org\/index.php?rest_route=\/wp\/v2\/pages\/10766\/revisions"}],"predecessor-version":[{"id":12445,"href":"http:\/\/sangokai.org\/index.php?rest_route=\/wp\/v2\/pages\/10766\/revisions\/12445"}],"up":[{"embeddable":true,"href":"http:\/\/sangokai.org\/index.php?rest_route=\/wp\/v2\/pages\/4905"}],"wp:attachment":[{"href":"http:\/\/sangokai.org\/index.php?rest_route=%2Fwp%2Fv2%2Fmedia&parent=10766"}],"curies":[{"name":"wp","href":"https:\/\/api.w.org\/{rel}","templated":true}]}}