{"id":10785,"date":"2017-06-19T16:05:17","date_gmt":"2017-06-19T16:05:17","guid":{"rendered":"http:\/\/sangokai.org\/?page_id=10785"},"modified":"2017-06-19T16:08:57","modified_gmt":"2017-06-19T16:08:57","slug":"sango-nutri-np-complete-artikel-2","status":"publish","type":"page","link":"http:\/\/sangokai.org\/?page_id=10785","title":{"rendered":"sango nutri-NP complete Artikel 2"},"content":{"rendered":"<p>[vc_row full_width=&#8220;full_width_content&#8220; animation_type=&#8220;h&#8220; vertical_animation=&#8220;top-animation&#8220;][vc_column][vc_empty_space height=&#8220;150px&#8220;][vc_custom_heading text=&#8220;Was macht sango nutri-NP complete zu so einem besonderen Produkt?&#8220; font_container=&#8220;tag:h2|font_size:40|text_align:center|color:%236e6e6e&#8220; google_fonts=&#8220;font_family:PT%20Sans%3Aregular%2Citalic%2C700%2C700italic|font_style:400%20regular%3A400%3Anormal&#8220;][vc_empty_space height=&#8220;40px&#8220;][vc_custom_heading text=&#8220;Weiterf\u00fchrender Artikel zu sango nutri-NP complete&#8220; font_container=&#8220;tag:h2|font_size:35|text_align:center|color:%236e6e6e&#8220; google_fonts=&#8220;font_family:PT%20Sans%3Aregular%2Citalic%2C700%2C700italic|font_style:400%20regular%3A400%3Anormal&#8220;][\/vc_column][\/vc_row][vc_row full_width=&#8220;full_width_content&#8220; animation_type=&#8220;h&#8220; vertical_animation=&#8220;top-animation&#8220;][vc_column width=&#8220;1\/6&#8243;][\/vc_column][vc_column width=&#8220;2\/3&#8243;][vc_column_text]<\/p>\n<p style=\"text-align: center;\"><span style=\"font-family: tahoma, arial, helvetica, sans-serif; font-size: 14pt;\">Im Bereich der Stickstoffversorgung dosiert\u00a0sango nutri-NP complete\u00a0sowohl anorganische, als\u00a0auch zahlreiche\u00a0organische Wirkstoffe, damit ein m\u00f6glichst breites Spektrum zur Ern\u00e4hrung aller relevanter Organismengruppen (Bakterien, Algen und Korallen) sichergestellt ist.<\/span><\/p>\n<p style=\"text-align: center;\"><span style=\"font-family: tahoma, arial, helvetica, sans-serif; font-size: 14pt;\">Hier offenbart\u00a0sich die\u00a0Anforderung des SANGOKAI Systems\u00a0an sango\u00a0nutri-NP complete, das Kompetitivit\u00e4t und einen Kampf um N\u00e4hrstoffe zwischen den Organismen verhindern m\u00f6chte. Dies gelingt nur durch die Verwendung vieler verschiedener N\u00e4hrstoffformen, so dass jeder Aquarienbewohner die f\u00fcr ihn optimalen\u00a0N\u00e4hrstoffe ohne Konkurrenzdruck nutzen\u00a0kann.<\/span><\/p>\n<p style=\"text-align: center;\"><span style=\"font-family: tahoma, arial, helvetica, sans-serif; font-size: 14pt;\">Das macht sango nutri-NP complete zu einem unverwechselbaren Produkt.<\/span><\/p>\n<p>[\/vc_column_text][vc_column_text]<\/p>\n<hr \/>\n<p style=\"text-align: justify;\"><span style=\"font-family: tahoma, arial, helvetica, sans-serif; font-size: 12pt; color: #000000;\">Hier zeigt sich\u00a0der gro\u00dfe Unterschied zu anderen\u00a0Produkten auf dem Markt, die nur eine\u00a0sehr einseitige Dosierung von nur einer einzigen N\u00e4hrstoffquelle (z.B. Nitrat) erm\u00f6glichen. Dies liefert in den meisten F\u00e4llen auch nur Nahrung f\u00fcr eine mehr oder weniger kleine Auswahl an Organismen, die diesen N\u00e4hrstoff verarbeiten k\u00f6nnen. Gleicherma\u00dfen bedeutet dies eine Benachteiligung und Sch\u00e4digung\u00a0aller anderen Organismen im \u00d6kosystem, die zwar auch z.B. von einem\u00a0Stickstoffmangel betroffen\u00a0sind, jedoch eine andere Stickstoffquelle als Nitrat ben\u00f6tigten, um \u00fcberleben zu k\u00f6nnen.<\/span><\/p>\n<p style=\"text-align: justify;\"><span style=\"font-family: tahoma, arial, helvetica, sans-serif; font-size: 12pt; color: #000000;\">Im Sinne der Steigerung und Aufrechterhaltung einer hohen Arten- und Organismenvielfalt, wie es das\u00a0SANGOKAI System als Funktionsprinzip\u00a0generell vorsieht, kann also nur ein auf mehrere N\u00e4hrstoffformen breit verteiltes und damit ausgewogenes N\u00e4hrstoffspektrum eine N\u00e4hrstoffmangelsituation erfolgreich und vollumf\u00e4nglich ausgleichen. Darauf ist sango nutri-NP complete spezialisiert.<\/span><\/p>\n<p style=\"text-align: justify;\"><span style=\"font-family: tahoma, arial, helvetica, sans-serif; font-size: 12pt; color: #000000;\">Beispielsweise bevorzugen einige heterotrophe Bakterien den organischen Stickstoff aus Aminos\u00e4uren vor Ammonium (NH<sub>4<\/sub><sup>+<\/sup>) als Stickstoffquelle. Folglich gew\u00e4hrleistet eine gleichzeitige Darreichung sowohl von Aminos\u00e4uren, als auch von Ammonium oder Nitrat, dass die symbiontischen Korallen auf die f\u00fcr sie optimal nutzbaren anorganischen Stickstoffformen Ammonium oder Nitrat zur\u00fcckgreifen k\u00f6nnen, ohne dabei in Konkurrenz zu den genannten Bakterien zu treten.\u00a0Es wird hier also ber\u00fccksichtigt, dass sich eine N\u00e4hrstoffmangelsituation im Allgemeinen (jedoch auch in Abh\u00e4ngigkeit vom Biotop) auf die gesamte Organismengemeinschaft auswirkt, und nicht nur auf einen einzelnen Organismen.\u00a0sango nutri-NP complete\u00a0sorgt mit den zahlreichen Inhalts- und Wirkstoffen f\u00fcr einen sehr ausgeglichenen N\u00e4hrstoffhaushalt und hebt Mangelsituationen im gesamten Riffaquarium auf.<\/span><\/p>\n<p style=\"text-align: justify;\"><span style=\"font-family: tahoma, arial, helvetica, sans-serif; font-size: 12pt; color: #000000;\">Neben Stickstoffverbindungen dosiert\u00a0sango nutri-NP complete\u00a0auch angepasst geringe Mengen Phosphat und Kalium, die neben Stickstoff weiteren wichtigen Makron\u00e4hrelemente f\u00fcr autotrophe Organismen (zur Begrifflichkeit siehe Infoblatt zur N\u00e4hrstoffversorgung Teil 1.1 in der Wissen Kategorie). Eine Verbesserung der Stickstoffverf\u00fcgbarkeit wirkt auch auf die Phosphatumsatzrate,\u00a0d.h. Phosphat kann besser umgesetzt und verbraucht werden. Produkte, die nur einseitig Stickstoff\u00a0dosieren, k\u00f6nnen schnell dazu f\u00fchren, dass das Riffbecken nach dem Stickstoffmangel in einen Phosphatmangel hineinrutschen und k\u00f6nnen\u00a0daher Riffaquarien\u00a0langfristig gef\u00e4hrden. Genau dies wird\u00a0im\u00a0sango nutri-NP complete verhindert, weil es angepasst an die verbesserte Stickstoffverf\u00fcgbarkeit gleicherma\u00dfen in einer sinnvollen Relation auch Phosphat mit\u00a0dosiert und\u00a0den N\u00e4hrstoffhaushalt ausbalanciert.<\/span><\/p>\n<p style=\"text-align: justify;\"><span style=\"font-family: tahoma, arial, helvetica, sans-serif; font-size: 12pt; color: #000000;\">Allgemein n\u00e4hrstoffarm betriebene, d.h. gut mit Korallen besetzte und stark wachsende Korallenriffaquarien,\u00a0k\u00f6nnen\u00a0mit\u00a0sango nutri-NP complete optimal\u00a0versorgt werden, weil sowohl Stickstoff und daran angepasst\u00a0auch Phosphat dosiert wird. sango nutri-NP complete kann auch die potentiellen Nachteile einer\u00a0zu\u00a0starken und \u00fcberm\u00e4ssig effektiven Wasseraufbereitung\u00a0und\u00a0Filterung (z.B. zu leistungsf\u00e4higer\u00a0Absch\u00e4umer) kompensieren und daf\u00fcr sorgen, dass solche technisch ung\u00fcnstig geplanten Riffbecken trotzdem gesund und nachhaltig betrieben werden k\u00f6nnen.<\/span><\/p>\n<p style=\"text-align: justify;\"><span style=\"font-family: tahoma, arial, helvetica, sans-serif; font-size: 12pt; color: #000000;\">Durch einen N\u00e4hrstoffmangel akut ins Stocken geratene Korallenriffaquarien, einzelne Riffbiotope wie Algenrefugien, sowie\u00a0Korallenzuchtanlagen k\u00f6nnen sowohl kurzfristig durch individuell aufeinander folgende Dosierungen angekurbelt, als auch\u00a0dauerhaft mit\u00a0Erhaltungsdosierungen versorgt\u00a0werden. sango\u00a0nutri-NP complete verhindert zusammen mit nutri-P comPlex anf\u00e4ngliche N\u00e4hrstoffmangelsituationen in der Startphase\u00a0von Riffaquarien und bereitet hier die Etablierung des BASIS-System sowohl zeitlich als auch funktionell im Rahmen des START-Dosierplans vor.<\/span><\/p>\n<p>[\/vc_column_text][\/vc_column][vc_column width=&#8220;1\/6&#8243;][\/vc_column][\/vc_row][vc_row full_width=&#8220;full_width_content&#8220; animation_type=&#8220;h&#8220; vertical_animation=&#8220;top-animation&#8220;][vc_column width=&#8220;1\/6&#8243;][\/vc_column][vc_column width=&#8220;2\/3&#8243;]\n<a href = \"http:\/\/sangokai.org\/?page_id=4905\" target=''\" title=\"\"><span class=\"aio-icon  advanced \" data-animation=\"\" data-animation-delay=\"0\" style=\"color:#dd3333;border-style:solid;border-color:#dd3333;border-width:1px;width:80px;height:80px;line-height:80px;border-radius:500px;font-size:32px;\" >\n\t<i class=\"embrace-back\"><\/i>\n<\/span><\/a>[vc_empty_space height=&#8220;80px&#8220;][\/vc_column][vc_column width=&#8220;1\/6&#8243;][\/vc_column][\/vc_row]<\/p>\n","protected":false},"excerpt":{"rendered":"<p>[vc_row full_width=&#8220;full_width_content&#8220; animation_type=&#8220;h&#8220; vertical_animation=&#8220;top-animation&#8220;][vc_column][vc_empty_space height=&#8220;150px&#8220;][vc_custom_heading text=&#8220;Was macht sango nutri-NP complete zu so einem besonderen Produkt?&#8220; font_container=&#8220;tag:h2|font_size:40|text_align:center|color:%236e6e6e&#8220; google_fonts=&#8220;font_family:PT%20Sans%3Aregular%2Citalic%2C700%2C700italic|font_style:400%20regular%3A400%3Anormal&#8220;][vc_empty_space height=&#8220;40px&#8220;][vc_custom_heading text=&#8220;Weiterf\u00fchrender Artikel zu sango nutri-NP complete&#8220; font_container=&#8220;tag:h2|font_size:35|text_align:center|color:%236e6e6e&#8220; google_fonts=&#8220;font_family:PT%20Sans%3Aregular%2Citalic%2C700%2C700italic|font_style:400%20regular%3A400%3Anormal&#8220;][\/vc_column][\/vc_row][vc_row full_width=&#8220;full_width_content&#8220; animation_type=&#8220;h&#8220; vertical_animation=&#8220;top-animation&#8220;][vc_column width=&#8220;1\/6&#8243;][\/vc_column][vc_column width=&#8220;2\/3&#8243;][vc_column_text] Im Bereich der Stickstoffversorgung dosiert\u00a0sango nutri-NP complete\u00a0sowohl anorganische, als\u00a0auch zahlreiche\u00a0organische Wirkstoffe, damit ein m\u00f6glichst&hellip;  <\/p>\n<div class=\"read-more-button\"><a class=\"button\" href=\"http:\/\/sangokai.org\/?page_id=10785\" title=\"Read sango nutri-NP complete Artikel 2\">Mehr lesen<\/a><\/div>\n","protected":false},"author":1,"featured_media":0,"parent":4905,"menu_order":0,"comment_status":"closed","ping_status":"open","template":"page-templates\/no-stunning.php","meta":{"footnotes":""},"class_list":["post-10785","page","type-page","status-publish","hentry"," init "],"_links":{"self":[{"href":"http:\/\/sangokai.org\/index.php?rest_route=\/wp\/v2\/pages\/10785","targetHints":{"allow":["GET"]}}],"collection":[{"href":"http:\/\/sangokai.org\/index.php?rest_route=\/wp\/v2\/pages"}],"about":[{"href":"http:\/\/sangokai.org\/index.php?rest_route=\/wp\/v2\/types\/page"}],"author":[{"embeddable":true,"href":"http:\/\/sangokai.org\/index.php?rest_route=\/wp\/v2\/users\/1"}],"replies":[{"embeddable":true,"href":"http:\/\/sangokai.org\/index.php?rest_route=%2Fwp%2Fv2%2Fcomments&post=10785"}],"version-history":[{"count":3,"href":"http:\/\/sangokai.org\/index.php?rest_route=\/wp\/v2\/pages\/10785\/revisions"}],"predecessor-version":[{"id":10790,"href":"http:\/\/sangokai.org\/index.php?rest_route=\/wp\/v2\/pages\/10785\/revisions\/10790"}],"up":[{"embeddable":true,"href":"http:\/\/sangokai.org\/index.php?rest_route=\/wp\/v2\/pages\/4905"}],"wp:attachment":[{"href":"http:\/\/sangokai.org\/index.php?rest_route=%2Fwp%2Fv2%2Fmedia&parent=10785"}],"curies":[{"name":"wp","href":"https:\/\/api.w.org\/{rel}","templated":true}]}}