{"id":10795,"date":"2017-06-19T16:16:04","date_gmt":"2017-06-19T16:16:04","guid":{"rendered":"http:\/\/sangokai.org\/?page_id=10795"},"modified":"2017-06-19T16:16:04","modified_gmt":"2017-06-19T16:16:04","slug":"sango-nutri-np-complete-artikel-3","status":"publish","type":"page","link":"http:\/\/sangokai.org\/?page_id=10795","title":{"rendered":"sango nutri-NP complete Artikel 3"},"content":{"rendered":"<p>[vc_row full_width=&#8220;full_width_content&#8220; animation_type=&#8220;h&#8220; vertical_animation=&#8220;top-animation&#8220;][vc_column][vc_empty_space height=&#8220;150px&#8220;][vc_custom_heading text=&#8220;Erl\u00e4uterungen zur Rezeptur und zur Verarbeitung von N\u00e4hrstoffen im Riffaquarium&#8220; font_container=&#8220;tag:h2|font_size:40|text_align:center|color:%236e6e6e&#8220; google_fonts=&#8220;font_family:PT%20Sans%3Aregular%2Citalic%2C700%2C700italic|font_style:400%20regular%3A400%3Anormal&#8220;][vc_empty_space height=&#8220;40px&#8220;][vc_custom_heading text=&#8220;Weiterf\u00fchrender Artikel zu sango nutri-NP complete&#8220; font_container=&#8220;tag:h2|font_size:35|text_align:center|color:%236e6e6e&#8220; google_fonts=&#8220;font_family:PT%20Sans%3Aregular%2Citalic%2C700%2C700italic|font_style:400%20regular%3A400%3Anormal&#8220;][\/vc_column][\/vc_row][vc_row full_width=&#8220;full_width_content&#8220; animation_type=&#8220;h&#8220; vertical_animation=&#8220;top-animation&#8220;][vc_column width=&#8220;1\/6&#8243;][\/vc_column][vc_column width=&#8220;2\/3&#8243;][vc_column_text]<\/p>\n<p style=\"text-align: center;\"><span style=\"font-family: tahoma, arial, helvetica, sans-serif; font-size: 14pt;\">Die sango nutri-NP complete Rezeptur wurde ausf\u00fchrlich in praktischen Tests in frisch eingerichteten wie auch etablierten Riffaquarien getestet. Dabei lag der\u00a0Fokus darauf, dass die N\u00e4hrstoffmenge pro Dosierung ausreichend hoch ist, um blockierte Stoffwechselprozesse wieder in Gang zu setzen, bzw. solche\u00a0Situationen pr\u00e4ventiv zu verhindern.\u00a0Gleichzeitig muss die Dosis jedoch auch gering genug sein, um Anpassungsschwierigkeiten sowie Anreicherungen im Aquarium zu vermeiden.<\/span><\/p>\n<p>[\/vc_column_text][vc_column_text]<\/p>\n<hr \/>\n<p style=\"text-align: justify;\"><span style=\"font-family: tahoma, arial, helvetica, sans-serif; color: #000000; font-size: 12pt;\"><strong>Es geht bei der Dosierung von sango nutri-NP complete\u00a0nicht darum,\u00a0eine kalkulierte Anhebung auf einen bestimmten Nitratgehalt\u00a0zu erreichen, wie man es beispielsweise vom Calciumgehalt kennt, den man auf einen\u00a0definierten\u00a0Wert einstellt.<\/strong>\u00a0Das funktioniert\u00a0alleine schon wegen\u00a0der verschiedenen organischen Stickstoffverbindungen\u00a0nicht, die gar kein Nitrat bilden und somit durch unsere Wassertests nicht erfassbar sind. Vielmehr soll die Dosierung von\u00a0sango nutri-NP complete\u00a0das Aquariensystem langsam anpassen und den N\u00e4hrstoffhaushalt in allen betroffenen Organismenbereichen ausbalancieren. Nitrat ist nur eine von vielen verschiedenen organischen und anorganischen Stickstoffquellen und muss daher\u00a0auch gar nicht unbedingt nachweisbar sein. Ein\u00a0nicht nachweisbarer Nitratgehalt bedeutet also nicht grunds\u00e4tzlich, dass Dein Riffaquarium unter einem\u00a0Stickstoffmangel\u00a0leidet. sango nutri-NP complete wirkt \u00fcber viele verschiedene Stickstoffquellen neben\u00a0Nitrat, so dass eine\u00a0Stickstoffmangelsituation umfangreich aufgehoben und langfristig verhindert werden kann, ohne das Nitrat dabei \u00fcberhaupt entsteht. Im Gegenteil, eine Nitratentstehung im Riffaquarium zeigt in der Regel eine zu hohe allgemeine Stickstoffverf\u00fcgbarkeit an.<\/span><\/p>\n<p style=\"text-align: justify;\"><span style=\"font-family: tahoma, arial, helvetica, sans-serif; color: #000000; font-size: 12pt;\">Nitrat eignet sich dennoch gut als Schwellenwert-Indikator. Steigt Dein Nitratgehalt an, dann zeigt Dir dies, dass der Eintrag von Stickstoff ins Riffaquarium zu hoch ist und\u00a0sich in Form von Nitrat\u00a0im Wasser anreichert. Im\u00a0Bereich von nicht nachweisbarem Nitrat bis 1\u00a0mg\/L ist der Stickstoffhaushalt jedoch\u00a0oft nicht leicht zu bewerten. Selbst mit 1-2\u00a0mg\/L nachweisbarem Nitrat kann ein Stickstoffmangel in bestimmten Organismenbereichen, z.B. bei Bakterien und Mikroben, vorliegen, weil Nitrat nicht von allen Organismen gleich gut verwertet werden kann und es an alternativen, z.B. organischen Stickstoffformen mangelt. Daher arbeitest Du mit sango nutri-NP complete anhand\u00a0eines Schwellenwert basierten Dosier-Schemas (siehe oben auf dieser Seite)\u00a0in Abh\u00e4ngigkeit Deines Nitratgehalts von nicht nachweisbar bis zu 1-2 mg\/L Nitrat.\u00a0Beachte dazu die Empfehlungen zur Dosierung oben.<\/span><\/p>\n<p style=\"text-align: justify;\"><span style=\"font-family: tahoma, arial, helvetica, sans-serif; color: #000000; font-size: 12pt;\">Die Dosierung von Makron\u00e4hrstoffen wie Stickstoff oder Phosphat ist in der S\u00fc\u00dfwasseraquaristik in Pflanzenaquarien nicht nur gang und g\u00e4be, sondern f\u00fcr die meisten Pflanzen absolut notwendig und essentiell. Wasserpflanzen k\u00f6nnen sehr schnell und effizient N\u00e4hrstoffe sowohl aus dem freien Wasser \u00fcber ihre Blattoberfl\u00e4che, als auch Bodenn\u00e4hrstoffe \u00fcber ihr Wurzelorgan binden und aufnehmen und innerhalb von wenigen Stunden in eine signifikante Biomasse umwandeln. Dadurch erzeugen sie eine starke Kompetitivit\u00e4t gegen\u00fcber Algen, aber auch gegen\u00fcber Bakterien und Mikroben.\u00a0Auch in der S\u00fc\u00dfwasseraquaristik werden neben der Messung der Wasserparameter optische Aspekte, wie z.B. das Pflanzenwachstum, die Farb- und Pigmentausbildung der Pflanzen, oder auch das Wachstum von Algen symptomatisch herangezogen, um die Dosierung von D\u00fcngemitteln anzupassen. Je mehr Pflanzen im Aquarium wachsen, desto h\u00f6her ist der N\u00e4hrstoffbedarf,\u00a0<em>vice versa<\/em>. Dabei ist es in der Pflanzenaquaristik und im modernen S\u00fc\u00dfwasser-Aquascaping nicht untypisch, dass bei gleichzeitig extrem hoher Beleuchtungsst\u00e4rke und CO<sub>2<\/sub>-Konzentration im Wasser der Nitratgehalt auf bis zu 30-50 mg\/L und Phosphat auf bis zu 1 mg\/L eingestellt werden. F\u00fcr Riffaquarien ist ein derart hohes N\u00e4hrstoffniveau aufgrund v\u00f6llig unterschiedlicher \u00f6kosystemischer Voraussetzungen und Funktionsweisen absolut ungeeignet.<\/span><\/p>\n<p style=\"text-align: justify;\"><span style=\"font-family: tahoma, arial, helvetica, sans-serif; color: #000000; font-size: 12pt;\">Im Riffaquarium ist die Nahrungskette und die N\u00e4hrstoffverwertung nicht so sch\u00f6n linear wie im S\u00fc\u00dfwasseraquarium, sondern unterscheidet sich sehr stark davon, was an der ungemein h\u00f6heren Organismenvielfalt im Korallenriff liegt, insbesondere bei Bakterien, Mikroben und Plankton. Die Dosierung von Makron\u00e4hrstoffen im Riffaquarium zielt also nicht nur auf das Wachstum von Korallen (\u00e4quivalent zu den Pflanzen) ab, sondern beeinflu\u00dft auch die Entstehung z.B. von marinem Bakterio- und Phytoplankton, das eine Grundvoraussetzung daf\u00fcr ist, dass ein \u00fcppiges und komplexes Nahrungsnetz entstehen kann. Dies funktioniert jedoch nur in einem zeitlichen Rahmen, der deutlich gedehnter ist als die Reaktion von Wasserpflanzen auf eine D\u00fcngegabe im S\u00fc\u00dfwasseraquarium. Die Entwicklung eines komplexen Nahrungsnetzes bedeutet, dass sich bestimmte Prozesse, die eine effiziente Weitergabe und einen restlosen Um- und Abau von Makron\u00e4hrstoffen gew\u00e4hrleisten,\u00a0nicht nur zeitlich, sondern v.a. auch r\u00e4umlich etablieren. Dadurch wird das gesamte Riffaquariensystem in allen Teilbiotopen (Steine, Bodengrund, ggf. Refugien\/Kompensationsbiotope)\u00a0auf ein h\u00f6heres Produktivit\u00e4tsniveau gehoben.\u00a0Voraussetzung daf\u00fcr ist, dass der Eintrag von Makron\u00e4hrelementen in einem Rahmen stattfindet, der auch \u201everarbeitet\u201c werden kann und keine \u00dcbersch\u00fcsse erzeugt. Hohe Wirkstoffkonzentrationen f\u00fchren also in der Riffaquaristik immer zu einem \u00dcberangebot an N\u00e4hrstoffen, dass das empfindliche Organismengef\u00fcge und das Nahrungsnetz stark belastet. Das nat\u00fcrliche Korallenriff arbeitet in sehr konstanten Umgebungsbedingungen auf einem niedrigen N\u00e4hrstofflevel, verteilt aber die zur Verf\u00fcgung stehenden N\u00e4hrstoffe gleichzeitig auf extrem viele verschiedene Formen. In Anlehnung an diese speziellen \u00f6kosystemischen Anforderungen haben wir das sango nutri-NP complete entwickelt, dessen spezielle Rezeptur mit vielen verschiedenen N\u00e4hrstoffen auf einem niedrigen Konzentrationsniveau arbeitet und so eine f\u00fcr das Riffaquarium nat\u00fcrliche N\u00e4hrstoffbasis erzeugt.<\/span><\/p>\n<p style=\"text-align: justify;\"><span style=\"font-family: tahoma, arial, helvetica, sans-serif; color: #000000; font-size: 12pt;\">Das Maximum-Prinzip \u201eviel hilft viel\u201c\u00a0ist in unserem Zusammenhang absolut kontraproduktiv und wirkt im Riffaquarium immer sch\u00e4dlich. Daher sollte sango nutri-NP complete niemals so hoch dosiert werden, dass Nitrat nachweisbar wird.<\/span><\/p>\n<p>[\/vc_column_text][\/vc_column][vc_column width=&#8220;1\/6&#8243;][\/vc_column][\/vc_row][vc_row full_width=&#8220;full_width_content&#8220; animation_type=&#8220;h&#8220; vertical_animation=&#8220;top-animation&#8220;][vc_column width=&#8220;1\/6&#8243;][\/vc_column][vc_column width=&#8220;2\/3&#8243;]\n<a href = \"http:\/\/sangokai.org\/?page_id=4905\" target=''\" title=\"\"><span class=\"aio-icon  advanced \" data-animation=\"\" data-animation-delay=\"0\" style=\"color:#dd3333;border-style:solid;border-color:#dd3333;border-width:1px;width:80px;height:80px;line-height:80px;border-radius:500px;font-size:32px;\" >\n\t<i class=\"embrace-back\"><\/i>\n<\/span><\/a>[vc_empty_space height=&#8220;80px&#8220;][\/vc_column][vc_column width=&#8220;1\/6&#8243;][\/vc_column][\/vc_row]<\/p>\n","protected":false},"excerpt":{"rendered":"<p>[vc_row full_width=&#8220;full_width_content&#8220; animation_type=&#8220;h&#8220; vertical_animation=&#8220;top-animation&#8220;][vc_column][vc_empty_space height=&#8220;150px&#8220;][vc_custom_heading text=&#8220;Erl\u00e4uterungen zur Rezeptur und zur Verarbeitung von N\u00e4hrstoffen im Riffaquarium&#8220; font_container=&#8220;tag:h2|font_size:40|text_align:center|color:%236e6e6e&#8220; google_fonts=&#8220;font_family:PT%20Sans%3Aregular%2Citalic%2C700%2C700italic|font_style:400%20regular%3A400%3Anormal&#8220;][vc_empty_space height=&#8220;40px&#8220;][vc_custom_heading text=&#8220;Weiterf\u00fchrender Artikel zu sango nutri-NP complete&#8220; font_container=&#8220;tag:h2|font_size:35|text_align:center|color:%236e6e6e&#8220; google_fonts=&#8220;font_family:PT%20Sans%3Aregular%2Citalic%2C700%2C700italic|font_style:400%20regular%3A400%3Anormal&#8220;][\/vc_column][\/vc_row][vc_row full_width=&#8220;full_width_content&#8220; animation_type=&#8220;h&#8220; vertical_animation=&#8220;top-animation&#8220;][vc_column width=&#8220;1\/6&#8243;][\/vc_column][vc_column width=&#8220;2\/3&#8243;][vc_column_text] Die sango nutri-NP complete Rezeptur wurde ausf\u00fchrlich in praktischen Tests in frisch eingerichteten wie&hellip;  <\/p>\n<div class=\"read-more-button\"><a class=\"button\" href=\"http:\/\/sangokai.org\/?page_id=10795\" title=\"Read sango nutri-NP complete Artikel 3\">Mehr lesen<\/a><\/div>\n","protected":false},"author":1,"featured_media":0,"parent":4905,"menu_order":0,"comment_status":"closed","ping_status":"open","template":"page-templates\/no-stunning.php","meta":{"footnotes":""},"class_list":["post-10795","page","type-page","status-publish","hentry"," init "],"_links":{"self":[{"href":"http:\/\/sangokai.org\/index.php?rest_route=\/wp\/v2\/pages\/10795","targetHints":{"allow":["GET"]}}],"collection":[{"href":"http:\/\/sangokai.org\/index.php?rest_route=\/wp\/v2\/pages"}],"about":[{"href":"http:\/\/sangokai.org\/index.php?rest_route=\/wp\/v2\/types\/page"}],"author":[{"embeddable":true,"href":"http:\/\/sangokai.org\/index.php?rest_route=\/wp\/v2\/users\/1"}],"replies":[{"embeddable":true,"href":"http:\/\/sangokai.org\/index.php?rest_route=%2Fwp%2Fv2%2Fcomments&post=10795"}],"version-history":[{"count":1,"href":"http:\/\/sangokai.org\/index.php?rest_route=\/wp\/v2\/pages\/10795\/revisions"}],"predecessor-version":[{"id":10796,"href":"http:\/\/sangokai.org\/index.php?rest_route=\/wp\/v2\/pages\/10795\/revisions\/10796"}],"up":[{"embeddable":true,"href":"http:\/\/sangokai.org\/index.php?rest_route=\/wp\/v2\/pages\/4905"}],"wp:attachment":[{"href":"http:\/\/sangokai.org\/index.php?rest_route=%2Fwp%2Fv2%2Fmedia&parent=10795"}],"curies":[{"name":"wp","href":"https:\/\/api.w.org\/{rel}","templated":true}]}}