{"id":10800,"date":"2017-06-19T16:21:58","date_gmt":"2017-06-19T16:21:58","guid":{"rendered":"http:\/\/sangokai.org\/?page_id=10800"},"modified":"2017-06-19T16:24:29","modified_gmt":"2017-06-19T16:24:29","slug":"sango-nutri-np-complete-artikel-4","status":"publish","type":"page","link":"http:\/\/sangokai.org\/?page_id=10800","title":{"rendered":"sango nutri-NP complete Artikel 4"},"content":{"rendered":"<p>[vc_row full_width=&#8220;full_width_content&#8220; animation_type=&#8220;h&#8220; vertical_animation=&#8220;top-animation&#8220;][vc_column][vc_empty_space height=&#8220;150px&#8220;][vc_custom_heading text=&#8220;Welche Riffaquarien brauchen sango nutri-NP complete?&#8220; font_container=&#8220;tag:h2|font_size:40|text_align:center|color:%236e6e6e&#8220; google_fonts=&#8220;font_family:PT%20Sans%3Aregular%2Citalic%2C700%2C700italic|font_style:400%20regular%3A400%3Anormal&#8220;][vc_empty_space height=&#8220;40px&#8220;][vc_custom_heading text=&#8220;Weiterf\u00fchrender Artikel zu sango nutri-NP complete&#8220; font_container=&#8220;tag:h2|font_size:35|text_align:center|color:%236e6e6e&#8220; google_fonts=&#8220;font_family:PT%20Sans%3Aregular%2Citalic%2C700%2C700italic|font_style:400%20regular%3A400%3Anormal&#8220;][\/vc_column][\/vc_row][vc_row full_width=&#8220;full_width_content&#8220; animation_type=&#8220;h&#8220; vertical_animation=&#8220;top-animation&#8220;][vc_column width=&#8220;1\/6&#8243;][\/vc_column][vc_column width=&#8220;2\/3&#8243;][vc_column_text]<\/p>\n<p style=\"text-align: center;\"><span style=\"font-family: tahoma, arial, helvetica, sans-serif; font-size: 14pt;\">Wenn Du Dein Riffaquarium sehr n\u00e4hrstoffarm betreibst, dann ist sango nutri-NP complete f\u00fcr Dich als kurz- und langfristiger L\u00f6sungsansatz optimal\u00a0geeignet, um die Stickstoffverf\u00fcgbarkeit zu verbessern. Auch Korallenverkaufs- und Zuchtanlagen sind f\u00fcr den Einsatz von sango nutri-NP complete pr\u00e4destiniert.<\/span><\/p>\n<p style=\"text-align: center;\"><span style=\"font-family: tahoma, arial, helvetica, sans-serif; font-size: 14pt;\">Beachte jedoch, dass eine N\u00e4hrstoffversorgung nur dann funktioniert, wenn Str\u00f6mung und Beleuchtung optimal eingestellt sind.<\/span><\/p>\n<p>[\/vc_column_text][vc_column_text]<\/p>\n<div class=\"wpb_text_column wpb_content_element \">\n<div class=\"wpb_wrapper\">\n<hr \/>\n<p style=\"text-align: justify;\"><span style=\"font-family: tahoma, arial, helvetica, sans-serif; font-size: 12pt; color: #000000;\">Viele moderne Korallenriffaquarien weisen hohe N\u00e4hrstoffumsatzraten auf, v.a. durch einen \u00fcppigen Besatz\u00a0mit stark wachsenden Korallen, aber auch\u00a0durch sehr\u00a0aktive\u00a0Stoffwechselprozesse in den\u00a0verschiedenen\u00a0Bakterien- und Mikrobenpopulationen. Gleichzeitig sind die N\u00e4hrstoffexportmechanismen \u00fcber die Filtertechnik, v.a. die Eiwei\u00dfabsch\u00e4umung, aber auch durch Filtermaterialien sehr effizient und es mangelt\u00a0in vielen Riffaquarien an einer ausreichenden N\u00e4hrstoffzufuhr.\u00a0Ungleichgewichte zwischen dem N\u00e4hrstoffeintrag (Import) und dem N\u00e4hrstoffaustrag (Export) f\u00fchren in der Aquaristik im Allgemeinen und seit\u00a0jeher\u00a0zu Problemen. Fr\u00fcher tendierten Riffaquarien\u00a0zu einem stetig\u00a0steigenden Nitrat- und Phosphatgehalt (Eutrophierung), weil die damaligen Meerwasseraquarien\u00a0oft nur sp\u00e4rlich\u00a0mit Korallen besetzt waren, die Filtertechnik nicht so effizient war wie heute, leistungsf\u00e4hige Str\u00f6mungs- und Beleuchtungskonzepte fehlten und vergleichsweise viele Fische gepflegt wurden. Als\u00a0Folge davon traten\u00a0Probleme mit sogenannten Schmutzwasseralgen (z.B. <em>Derbersia<\/em>) oder Cyanobakterien auf, v.a. aber waren dadurch die Ausgangsbedingungen f\u00fcr die Korallenpflege mangelhaft.<\/span><\/p>\n<p style=\"text-align: justify;\"><span style=\"font-family: tahoma, arial, helvetica, sans-serif; font-size: 12pt; color: #000000;\">Heute ist\u00a0dies anders. Die N\u00e4hrstoffanreicherung (Eutrophierung) ist nur noch selten ein Problemthema und bei einer Befragung w\u00fcrden vielleicht zwei\u00a0von zehn\u00a0Riffaquarianer noch \u00fcber stark erh\u00f6hte Nitratwerte klagen. Vielmehr ist heute die Verhinderung eines\u00a0N\u00e4hrstoffmangels ein statistisch h\u00e4ufiges\u00a0alltagspr\u00e4gendes Problem. Leider wird dies\u00a0in der bestehenden Riffaquaristikliteratur weitestgehend noch nicht in Anlehnung an die heute modernen Gegebenheiten\u00a0er\u00f6rtert, sondern nach wie vor\u00a0nur\u00a0das\u00a0Gefahrenpotential von zu viel Nitrat und Phosphat thematisiert. Dieser Missstand in den Lehrb\u00fcchern f\u00fchrt dann\u00a0dazu, dass Riffaquarien mit \u00fcberdimensionierten und damit zu leistungsstarken Absch\u00e4umern ausgestattet werden, die vielmehr\u00a0als\u00a0Konkurrenten zu den Korallenbewohnern agieren, als dass sie f\u00fcr das Riffaquariumsystem tats\u00e4chlich positiv n\u00fctzlich w\u00e4ren. Eine gute Wasserqualit\u00e4t und eine gute N\u00e4hrstoffkontrolle sind nat\u00fcrlich wichtig, aber dazu ben\u00f6tigt es heute keinen \u00fcberdimensionierten\u00a0Eiwei\u00dfabsch\u00e4umer mehr.<\/span><\/p>\n<p style=\"text-align: justify;\"><span style=\"font-family: tahoma, arial, helvetica, sans-serif; font-size: 12pt; color: #000000;\">Au contraire! Die meisten Korallenriffaquarien brauchen, als Folge eines \u00fcppigen\u00a0Korallenbesatzes mit hohen\u00a0Wachstumsraten, einer \u00e4u\u00dferst effizienten Aquarientechnik sowie in Anlehnung an die hohe Wirksamkeit bestimmter praktischer Pflege- und Filtermethoden, eine regelm\u00e4\u00dfige oder gar kontinuierliche Versorgung mit Makron\u00e4hrstoffen, wie z.B. im Bereich von Stickstoffverbindungen\u00a0und Phosphat.<\/span><\/p>\n<p style=\"text-align: justify;\"><span style=\"color: #000000; font-family: tahoma, arial, helvetica, sans-serif; font-size: 12pt;\">Urspr\u00fcnglich, d.h. lange vor der Entwicklung des START-Systems, war sango nutri-NP complete eine\u00a0optionale Komponente des\u00a0BASIS-Systems und als f\u00fcr sich allein stehendes\u00a0Produkt\u00a0zur Behebung und Vorbeugung von N\u00e4hrstoffmangelproblemen konzipiert. Als es seinerzeit um die Findung von passenden Testern und Testaquarien ging, die sich zur beta-\u00dcberpr\u00fcfung der neuartigen\u00a0Rezeptur bereitstellen, kamen viele Anfragen von Aquarianern, die ihr Aquarium f\u00fcr n\u00e4hrstofflimitiert hielten, aber eine weitere \u00dcberpr\u00fcfung m\u00f6glicher \u201etrivialer\u201c Ursachen gar nicht f\u00fcr notwendig erachteten,\u00a0oder es\u00a0\u00fcbersehen hatten, die Umgebungsbedingungen ihres Riffaquariums als m\u00f6gliche Verursacher und Ausl\u00f6ser\u00a0f\u00fcr bestehende Probleme zu \u00fcberpr\u00fcfen. Es war bemerkenswert, dass seitens vieler Bewerber immer von einem sehr schlechten Korallenwachstum in Anlehnung an einen N\u00e4hrstoffmangel berichtet wurde, ohne das diese Symptomatik \u00fcberhaupt auch in andere m\u00f6gliche Richtungen diskutiert wurde.\u00a0So kam es in Einzelf\u00e4llen vor, dass im Rahmen der\u00a0SANGOKAI\u00a0Beratung und der Auswertung des SANGOKAI Anamnesebogens ganz andere Problemquellen gefunden wurden, angefangen von\u00a0parasit\u00e4rem\u00a0Befall von <\/span><em style=\"color: #000000; font-family: tahoma, arial, helvetica, sans-serif; font-size: 12pt;\">Acropora<\/em><span style=\"color: #000000; font-family: tahoma, arial, helvetica, sans-serif; font-size: 12pt;\"> Arten mit\u00a0<\/span><em style=\"color: #000000; font-family: tahoma, arial, helvetica, sans-serif; font-size: 12pt;\">Acropora<\/em><span style=\"color: #000000; font-family: tahoma, arial, helvetica, sans-serif; font-size: 12pt;\">\u00a0Strudelw\u00fcrmern, \u00fcber falsche Lichteinstellungen mit einem zu hohen UV-, Violett- oder Blauanteil (v.a. bei LEDs), \u00fcbertrieben langen Beleuchtungszeiten (in einigen F\u00e4llen bis zu 16 Stunden pro Tag) bis hin zu mangelhaften Str\u00f6mungskonzepten. In diesen F\u00e4llen\u00a0war akuter N\u00e4hrstoffmangel gar nicht als prim\u00e4re Ursache diagnostizierbar. Vor allem die\u00a0Beleuchtungsparameter hatten Wachstumsst\u00f6rungen und teils auch Gewebesch\u00e4den an den Korallen zur Folge, die jedoch nicht prim\u00e4r mit einem N\u00e4hrstoffmangel in Zusammenhang gebracht werden konnten, sondern lediglich\u00a0mit einem\u00a0falschen Beleuchtungskonzept und damit erzeugten Strahlungsstress. Nat\u00fcrlich hat eine strahlungsstressige Umgebung auch einen erh\u00f6hten N\u00e4hrstoff- und Energiebedarf zur Folge, aber dieser ist letztlich sekund\u00e4rer Natur.<\/span><\/p>\n<\/div>\n<\/div>\n<div class=\"wpb_text_column wpb_content_element \">\n<div class=\"wpb_wrapper\">\n<p style=\"text-align: justify;\"><span style=\"font-family: tahoma, arial, helvetica, sans-serif; font-size: 12pt; color: #000000;\">In sehr vielen\u00a0F\u00e4llen\u00a0wurde ein mangelhaftes Str\u00f6mungskonzept vorgefunden, das ebenso wie die Beleuchtung einen N\u00e4hrstoffmangel in sekund\u00e4rer Folge ausl\u00f6sen kann (str\u00f6mungsinduzierter N\u00e4hrstoffmangel).\u00a0Letztlich ergibt sich dieser str\u00f6mungsinduzierte\u00a0Mangel an N\u00e4hrstoffen \u00fcber den Transport von N\u00e4hrstoffen, wenn kein frisches Wasser in die Korallenkolonien hinein transportiert und zeitgleich auch kein \u201everbrauchtes\u201c und mit CO<sub>2<\/sub>\u2013 und Abfallstoffen angereichertes Wasser aus der Kolonie wegtransportiert wird. Auch wenn bezogen auf ein bestimmtes Wasservolumen das absolute oder Bruttoumw\u00e4lzvolumen f\u00fcr ein Riffaquarium als passend erscheint, f\u00fchrt doch im Laufe der Zeit das Wachstum der Korallen und die dadurch stattfindende Abschattung von Riffbereichen dazu, dass die urspr\u00fcnglich ausreichende Bestr\u00f6mung und das bis dato bestehende Str\u00f6mungsmuster unpassend wird. Das relative- oder Nettoumw\u00e4lzvolumen beschreibt dagegen die Wassermasse, die sich tats\u00e4chlich noch bewegen kann, und nicht von der Aquariendekoration absorbiert wird. Mit der Zeit nimmt das Nettoumw\u00e4lzvolumen v.a. durch das Korallenwachstum, weniger auch durch den Verschleiss am Material derart ab, dass sich an einem kritischen Punkt N\u00e4hrstoffmangelsymptome ergeben, die nicht durch eine unzureichende N\u00e4hrstoffzufuhr bedingt sind, sondern sich von einem unzureichenden Nettoumw\u00e4lzvolumen ableiten lassen. Auch die Dosierung des sango nutri-NP complete\u00a0k\u00f6nnte dieses Defizit nicht ausgleichen, sondern nur die Anpassung und Neueinstellung der Str\u00f6mungsverh\u00e4ltnisse.\u00a0<\/span><\/p>\n<p style=\"text-align: justify;\"><span style=\"font-family: tahoma, arial, helvetica, sans-serif; font-size: 12pt; color: #000000;\">N\u00e4hrstoffmangelsymptome k\u00f6nnen sich also auch als sekund\u00e4re Effekte darstellen, d.h., dass sich die Symptome nur dann verbessern, wenn die prim\u00e4ren Ursachen (wie z.B. Str\u00f6mungsmangel) aufgedeckt und behoben sind.\u00a0Es gilt also, vor dem Einsatz des\u00a0sango nutri-NP complete\u00a0die allgemeinen Rahmenbedingungen soweit zu pr\u00fcfen und im Bedarfsfall zu optimieren, damit die N\u00e4hrstoffzufuhr als methodischer und praktischer Ansatz tats\u00e4chlich auch funktionieren kann.<\/span><\/p>\n<p style=\"text-align: justify;\"><span style=\"font-family: tahoma, arial, helvetica, sans-serif; font-size: 12pt; color: #000000;\">Eine Besonderheit gibt es bei Stickstoffmangelsituationen,\u00a0die gar nicht erkannt werden, weil Nitrat \u00fcber handels\u00fcbliche Tests nachweisbar ist. Wenn man an dieser Stelle ein Str\u00f6mungsproblem ausschliessen kann, das wie er\u00f6rtert dazu f\u00fchren w\u00fcrde, dass vorhandene N\u00e4hrstoffe nicht zur Koralle gelangten, dann ist es sicherlich schwer, einen Stickstoffmangel auf einer nachvollziehbaren und logischen Basis zu diagnostizieren.\u00a0Die hier fehlende Verbindung zwischen Stickstoffmangelsymptomatik und nachweisbarem Nitratgehalt liefert der Nitritgehalt (NO<sub>2<\/sub>). Der methodische Ansatz in der kolorimetrischen Nitratanalytik basiert auf einer Reduktion von Nitrat zu Nitrit, welches dann durch eine Kopplung an einen Farbstoff sichtbar und quantifizierbar gemacht werden kann. Allerdings st\u00f6rt bestehendes Nitrit in der Probe die Messung von Nitrat und erzeugt schon in geringen Mengen (0,02 mg\/L) einen Farbauschlag im Nitrattest, selbst wenn gar kein Nitrat in der Probe vorliegt. Wenn man den Zusammenhang mit der St\u00f6rquelle Nitrit nicht kennt, k\u00f6nnen falsch angezeigte h\u00f6here Nitratwerte eine Fehldiagnose zur Folge haben. Hierin liegt die Schwierigkeit in der Diagnostizierung eines Stickstoffmangels, einen positiven Nitratbefund kritisch in Frage zu stellen. Ein gutes und auf die N\u00e4hrstoffanalytik von Meerwasser spezialisiertes Labor, wie z.B. das Fauna Marin Research Lab, kann hier Sicherheit geben und \u00fcber die Trennung von bestehendem Nitrit von Nitrat in der Wasserprobe mittels Ionenchromatographie (IC) die Nitratmessung von dem Nitrit-St\u00f6rfaktor unabh\u00e4ngig machen.<\/span><\/p>\n<p style=\"text-align: justify;\"><span style=\"font-family: tahoma, arial, helvetica, sans-serif; font-size: 12pt; color: #000000;\">Typischerweise sind stickstofflimitierte Aquarien anf\u00e4llig f\u00fcr die Entwicklung von geringen Mengen Nitrit, weil die Nitrifikationskette durch einen Mangel an nitrifizierbarem Ammonium nicht gut etabliert ist. Hier fehlt es schlichtweg an ausreichend gro\u00dfen Populationen von Nitritoxidierern, die dazu in der Lage w\u00e4ren, Nitrit auf jedem Konzentrationsniveau komplett\u00a0in Nitrat\u00a0umzuwandeln. Dieses Ph\u00e4nomen zeigt sich sehr oft in Zeolithaquarien, die \u00fcber die Zeolithfilterung konstant Ammonium binden.<\/span><\/p>\n<p style=\"text-align: justify;\"><span style=\"font-family: tahoma, arial, helvetica, sans-serif; font-size: 12pt; color: #000000;\">sango nutri-NP complete<em>\u00a0<\/em>kann in einem solchen Fall optimal wirken, weil es langsam und kontinuierlich Stickstoff zuf\u00fchrt und dadurch Nitrifikationsprozesse reguliert und die Nitrit-Konzentration im Wasser auf einem niedrigen Niveau h\u00e4lt.<\/span><\/p>\n<\/div>\n<\/div>\n<p>[\/vc_column_text][\/vc_column][vc_column width=&#8220;1\/6&#8243;][\/vc_column][\/vc_row][vc_row full_width=&#8220;full_width_content&#8220; animation_type=&#8220;h&#8220; vertical_animation=&#8220;top-animation&#8220;][vc_column width=&#8220;1\/6&#8243;][\/vc_column][vc_column width=&#8220;2\/3&#8243;]\n<a href = \"http:\/\/sangokai.org\/?page_id=4905\" target=''\" title=\"\"><span class=\"aio-icon  advanced \" data-animation=\"\" data-animation-delay=\"0\" style=\"color:#dd3333;border-style:solid;border-color:#dd3333;border-width:1px;width:80px;height:80px;line-height:80px;border-radius:500px;font-size:32px;\" >\n\t<i class=\"embrace-back\"><\/i>\n<\/span><\/a>[vc_empty_space height=&#8220;80px&#8220;][\/vc_column][vc_column width=&#8220;1\/6&#8243;][\/vc_column][\/vc_row]<\/p>\n","protected":false},"excerpt":{"rendered":"<p>[vc_row full_width=&#8220;full_width_content&#8220; animation_type=&#8220;h&#8220; vertical_animation=&#8220;top-animation&#8220;][vc_column][vc_empty_space height=&#8220;150px&#8220;][vc_custom_heading text=&#8220;Welche Riffaquarien brauchen sango nutri-NP complete?&#8220; font_container=&#8220;tag:h2|font_size:40|text_align:center|color:%236e6e6e&#8220; google_fonts=&#8220;font_family:PT%20Sans%3Aregular%2Citalic%2C700%2C700italic|font_style:400%20regular%3A400%3Anormal&#8220;][vc_empty_space height=&#8220;40px&#8220;][vc_custom_heading text=&#8220;Weiterf\u00fchrender Artikel zu sango nutri-NP complete&#8220; font_container=&#8220;tag:h2|font_size:35|text_align:center|color:%236e6e6e&#8220; google_fonts=&#8220;font_family:PT%20Sans%3Aregular%2Citalic%2C700%2C700italic|font_style:400%20regular%3A400%3Anormal&#8220;][\/vc_column][\/vc_row][vc_row full_width=&#8220;full_width_content&#8220; animation_type=&#8220;h&#8220; vertical_animation=&#8220;top-animation&#8220;][vc_column width=&#8220;1\/6&#8243;][\/vc_column][vc_column width=&#8220;2\/3&#8243;][vc_column_text] Wenn Du Dein Riffaquarium sehr n\u00e4hrstoffarm betreibst, dann ist sango nutri-NP complete f\u00fcr Dich als kurz- und langfristiger&hellip;  <\/p>\n<div class=\"read-more-button\"><a class=\"button\" href=\"http:\/\/sangokai.org\/?page_id=10800\" title=\"Read sango nutri-NP complete Artikel 4\">Mehr lesen<\/a><\/div>\n","protected":false},"author":1,"featured_media":0,"parent":4905,"menu_order":0,"comment_status":"closed","ping_status":"open","template":"page-templates\/no-stunning.php","meta":{"footnotes":""},"class_list":["post-10800","page","type-page","status-publish","hentry"," init "],"_links":{"self":[{"href":"http:\/\/sangokai.org\/index.php?rest_route=\/wp\/v2\/pages\/10800","targetHints":{"allow":["GET"]}}],"collection":[{"href":"http:\/\/sangokai.org\/index.php?rest_route=\/wp\/v2\/pages"}],"about":[{"href":"http:\/\/sangokai.org\/index.php?rest_route=\/wp\/v2\/types\/page"}],"author":[{"embeddable":true,"href":"http:\/\/sangokai.org\/index.php?rest_route=\/wp\/v2\/users\/1"}],"replies":[{"embeddable":true,"href":"http:\/\/sangokai.org\/index.php?rest_route=%2Fwp%2Fv2%2Fcomments&post=10800"}],"version-history":[{"count":2,"href":"http:\/\/sangokai.org\/index.php?rest_route=\/wp\/v2\/pages\/10800\/revisions"}],"predecessor-version":[{"id":10803,"href":"http:\/\/sangokai.org\/index.php?rest_route=\/wp\/v2\/pages\/10800\/revisions\/10803"}],"up":[{"embeddable":true,"href":"http:\/\/sangokai.org\/index.php?rest_route=\/wp\/v2\/pages\/4905"}],"wp:attachment":[{"href":"http:\/\/sangokai.org\/index.php?rest_route=%2Fwp%2Fv2%2Fmedia&parent=10800"}],"curies":[{"name":"wp","href":"https:\/\/api.w.org\/{rel}","templated":true}]}}