{"id":10805,"date":"2017-06-19T16:27:51","date_gmt":"2017-06-19T16:27:51","guid":{"rendered":"http:\/\/sangokai.org\/?page_id=10805"},"modified":"2017-06-19T16:28:36","modified_gmt":"2017-06-19T16:28:36","slug":"sango-nutri-np-complete-artikel-5","status":"publish","type":"page","link":"http:\/\/sangokai.org\/?page_id=10805","title":{"rendered":"sango nutri-NP complete Artikel 5"},"content":{"rendered":"<p>[vc_row full_width=&#8220;full_width_content&#8220; animation_type=&#8220;h&#8220; vertical_animation=&#8220;top-animation&#8220;][vc_column][vc_empty_space height=&#8220;150px&#8220;][vc_custom_heading text=&#8220;Bedeutung einer optimalen N\u00e4hrstoffversorgung f\u00fcr den Erfolg in der Startphase Deines Riffaquariums&#8220; font_container=&#8220;tag:h2|font_size:40|text_align:center|color:%236e6e6e&#8220; google_fonts=&#8220;font_family:PT%20Sans%3Aregular%2Citalic%2C700%2C700italic|font_style:400%20regular%3A400%3Anormal&#8220;][vc_empty_space height=&#8220;40px&#8220;][vc_custom_heading text=&#8220;Weiterf\u00fchrender Artikel zu sango nutri-NP complete&#8220; font_container=&#8220;tag:h2|font_size:35|text_align:center|color:%236e6e6e&#8220; google_fonts=&#8220;font_family:PT%20Sans%3Aregular%2Citalic%2C700%2C700italic|font_style:400%20regular%3A400%3Anormal&#8220;][\/vc_column][\/vc_row][vc_row full_width=&#8220;full_width_content&#8220; animation_type=&#8220;h&#8220; vertical_animation=&#8220;top-animation&#8220;][vc_column width=&#8220;1\/6&#8243;][\/vc_column][vc_column width=&#8220;2\/3&#8243;][vc_column_text]<\/p>\n<p style=\"text-align: center;\"><span style=\"font-family: tahoma, arial, helvetica, sans-serif; font-size: 14pt;\">Im START-System \u00fcbernimmt sango nutri-NP complete als Komponente #1 eine wichtige\u00a0Funktion bei der Initialisierung eines gesunden und optimalen N\u00e4hrstoffhaushalts im Bereich NP (Stickstoff\/Phosphor), der\u00a0f\u00fcr die Entwicklung des neu gestarteten Riffaquariums eine entscheidende Rolle spielt. Hierf\u00fcr steht Dir der START-Dosierplan zur Verf\u00fcgung, der Dich durch die zweiw\u00f6chige Startphase Deines SANGOKAI Riffaquariums f\u00fchrt.<\/span><\/p>\n<p>[\/vc_column_text][vc_column_text]<\/p>\n<div class=\"wpb_text_column wpb_content_element \">\n<div class=\"wpb_wrapper\">\n<p style=\"text-align: justify;\"><span style=\"font-family: tahoma, arial, helvetica, sans-serif; font-size: 12pt; color: #000000;\">Insbesondere bei der Frage nach dem idealen Zeitpunkt, um mit der Dosierung von Wasseradditiven im Allgemeinen und N\u00e4hrstoffen im Speziellen in einem neu gestarteten\u00a0Riffaquarium zu beginnen, sind die Anwender oftmals \u00fcberrascht, wenn wir im Rahmen des\u00a0SANGOKAI Konzepts\u00a0sagen: \u201eNat\u00fcrlich von Anfang an!\u201c.\u00a0Es herrscht vor allem in der riffaquaristischen Literatur die Meinung mancher Autoren, dass offenbar alles von alleine \u201evom Himmel\u201c f\u00e4llt, was ein komplexes \u00d6kosystem wie ein Riffaquarium zum Heranwachsen ben\u00f6tigt. Und hier scheinen sich nach wie vor die Wenigsten dar\u00fcber im Klaren zu sein, dass eine N\u00e4hrstoffversorgung jeglicher Art nicht nur den Korallen zu Gute kommen soll, sondern vor allem damit zu tun hat, dass damit eine gesunde Mikrobiologie und ein komplexes Nahrungsnetz geschaffen und entwickelt werden soll, das\u00a0letztlich die\u00a0sog. \u201eBeckenbiologie\u201c oder das \u201ebiologische Gleichgewicht\u201c herstellt. Die Begrifflichkeiten sind deshalb in Anf\u00fchrungszeichen geschrieben, weil sie schwer zu definieren sind, und letztlich kann kaum ein Aquarianer konkret darstellen, welche aquarienbiologische Prozesse \u00fcberhaupt damit gemeint sind.<\/span><\/p>\n<p style=\"text-align: justify;\"><span style=\"font-family: tahoma, arial, helvetica, sans-serif; font-size: 12pt; color: #000000;\">Zu einem gesunden Aquariensystem geh\u00f6ren Bakterien, Mikroalgen und die gesamte Mikrofauna ebenso dazu wie die Korallen und die Fische, die sicherlich das Hauptaugenmerk in der Riffaquaristik sind. Dennoch, was die Funktionsweise und die Stabilit\u00e4t eines Aquariums angeht, sind alle lebenden Organismen Bestandteile des Ganzen. \u201e<em>Ich habe aber doch noch gar keine Verbraucher<\/em>\u201c ist typischerweise\u00a0das Argument, das\u00a0die Ern\u00e4hrungsfrage und die Praxis der N\u00e4hrstoffversorgung eines Riffaquariums ganz weit nach hinten auf den Plan stellt. Das diese Argumentation falsch ist, und sogar eine Makron\u00e4hrstoffversorgung \u00fcber das\u00a0sango nutri-NP complete<strong><em>\u00a0<\/em><\/strong>unter Umst\u00e4nden absolut notwendig ist, um ein Riffaquarium optimal zu starten, soll im Weiteren er\u00f6rtert werden.<\/span><\/p>\n<p style=\"text-align: justify;\"><span style=\"font-family: tahoma, arial, helvetica, sans-serif; font-size: 12pt; color: #000000;\">Leider stellen alle g\u00e4ngigen Meinungen und Argumentationen das individuelle Aquarium erst einmal gar nicht in den Vordergrund. Es wird nicht differenziert, wie das Aquarium eingerichtet wird, welche Dekorationsmaterialien zur Anwendung kommen, ob das Becken g\u00e4nzlich neu aufgesetzt wird, oder ob es ein Aquarienumzug ist.\u00a0Allerdings macht es durchaus einen gro\u00dfen Unterschied, ob man f\u00fcr eine Neueinrichtung ausschliesslich k\u00fcnstliche keramische Dekorationsmaterialien benutzt, oder ob mit belastetem toten Riffgestein oder\u00a0mit alten gebrauchten Lebenden Steinen (vermeintlich kostensparend\u2026) gestaltet wird. Relevant ist hierbei der Ausgangsn\u00e4hrstoffgehalt, der in den genannten zwei Extremen beim k\u00fcnstlichen Material so gut wie nicht\u00a0existent ist, und der wiederum bei dem alten \u201egut eingefahrenen\u201c Lebendgestein oder totem Riffgestein \u00fcberm\u00e4\u00dfig stark vorhanden sein kann. Den Fall angenommen, die\u00a0Planung\u00a0zweier\u00a0parallel erfolgender Neueinrichtungen w\u00e4re, was Beckengr\u00f6\u00dfe, technische Ausstattung sowie Besatzstruktur (Korallen und Fische) angeht, komplett identisch, dann w\u00e4re aufgrund der genannten Unterschiede in der N\u00e4hrstoffausgangsbelastung\u00a0der Dekorationsmaterialien die Art und Weise, wie diese Aquarien jeweils gestartet werden m\u00fcssten, absolut gegens\u00e4tzlich.<\/span><\/p>\n<p style=\"text-align: justify;\"><span style=\"font-family: tahoma, arial, helvetica, sans-serif; font-size: 12pt; color: #000000;\">Im Falle des sehr stark ausgangsbelasteten Aquariensystems mit alten lebenden Steinen und totem Riffgestein (auch hier gibt es Unterschiede zwischen importiertem \u201efrischem\u201c toten Riffgestein und solchen toten Riffsteinen, die schon in mehreren Aquarien vorher ihr Dasein fristeten), f\u00fchlt man sich zur\u00fcckgesetzt in die alten Zeiten der 70er und 80er Jahre, als es tats\u00e4chlich nicht viel anderes Material im Handel gab. Nitrat und Phosphat reicherten sich durch die R\u00fcckl\u00f6sung aus partikul\u00e4ren Ablagerungen in den Steinen sofort im Wasser an, und die Aufgabenstellung war ganz klar definiert: erst einmal m\u00fcssen die\u00a0hohen Werten im Wasser gesenkt werden, bevor ein Korallenbesatz \u00fcberhaupt m\u00f6glich war. In der Tat ist diese Argumentation nachvollziehbar, aber nichts desto trotz gilt das \u00f6kologische Prinzip, dass es sich bei bestehendem freien Siedlungsraum nur um eine Frage der Zeit handelt, welche Organismen zuerst den Pioniererfolg feiern und sich ansiedeln. Das waren in den damaligen Zeiten (und auch heute noch, wenn man Riffaquarien so einrichtet wie hier in diesem Beispiel) die typischen gr\u00fcnen <em>Derbesia<\/em> Fadenalgen, die sich nicht nur schnell aufgrund des nicht erfolgten Korallenbesatzes festsetzen konnten, sondern sich sogar noch unabh\u00e4ngig von dem hohen N\u00e4hrstoffgehalt im Freiwasser mit einem reichlichen Vorrat an partikul\u00e4ren N\u00e4hrstoffen in den Steinen versorgen konnten.<\/span><\/p>\n<p style=\"text-align: justify;\"><span style=\"font-family: tahoma, arial, helvetica, sans-serif; font-size: 12pt; color: #000000;\">Wer die Kosten f\u00fcr gute lebende Steine und f\u00fcr entsprechend sauberes und n\u00e4hrstoffarmes k\u00fcnstliches Dekorationsmaterial nicht scheut (und hier kann man nur raten, nicht am falschen Ende zu sparen), der schliesst Probleme mit unkontrollierbaren N\u00e4hrstoffeintr\u00e4gen \u00fcber die Dekoration aus und macht sich den aquaristischen Alltag leicht. Solche Riffaquarien k\u00f6nnen auch entsprechend schnell mit Korallen besetzt werden, was in Anlehnung an das \u00f6kologische Prinzip der Raum- und N\u00e4hrstoffkonkurrenz eine sinnvolle Vorgehensweise darstellt. Es ist jedoch im gegebenen Einzelfall sehr unterschiedlich, wie sich der Ausgangsn\u00e4hrstoffgehalt darstellt und v.a., wie er sich im Laufe der ersten Wochen nach der Beckengestaltung ver\u00e4ndert. Werden tats\u00e4chlich nur k\u00fcnstliche Materialien ohne lebende Steine verwendet, ist der Gehalt an Makron\u00e4hrstoffen meistens nicht messbar, es sei denn, man verwendet mit etwas Nitrat (bis zu 10 mg\/L) und Phosphat (bis zu max. ca. 0,1 mg\/L) belastetes Leitungswasser (was tats\u00e4chlich sehr g\u00fcnstig und sinnvoll ist, so lange nicht Unmengen an N\u00e4hrstoffen und\/oder eine hohe Silikatbelastung (&gt; 0,25-0,5 mg\/L) eine Wasseraufbereitung notwendig macht). Eine ausgewogene Kombination aus lebenden Steinen und k\u00fcnstlichen Materialien schafft eine g\u00fcnstigere Ausgangsposition durch die Freisetzung von organischen N\u00e4hrstoffen z.B. aus abgestorbenen Schw\u00e4mmen und anderer Mikrofauna- und flora.\u00a0<\/span><\/p>\n<p style=\"text-align: justify;\"><span style=\"font-family: tahoma, arial, helvetica, sans-serif; font-size: 12pt; color: #000000;\">Ohne anorganische Makro- und Mikron\u00e4hrelemente k\u00f6nnen keine autotrophen Algen (wie z.B. auch die Zooxanthellen) und Bakerien wie die Nitrifizierer (Nitrifikationsbakterien), wachsen. Genau solche autotrophe und assimilierende (aufbauende) Prozesse wie die Nitrifikation (die bakterielle Oxidation von Ammonium zu Nitrit und weiter zu Nitrat), sollen sich laut Lehrbuch innerhalb der ersten Wochen im Rahmen der \u201eEinfahrphase\u201c entwickeln und etablieren. Die Frage ist jedoch, wie dieser Prozess reifen soll, wenn gar kein Ammonium im Becken vorhanden ist, weil es an einer organischen Ausgangsbelastung (z.B. Fischfutter) fehlt?<\/span><\/p>\n<p style=\"text-align: justify;\"><span style=\"font-family: tahoma, arial, helvetica, sans-serif; font-size: 12pt; color: #000000;\">Die meisten 100% k\u00fcnstlich dekorierten Aquarien werden aufgrund ihrer Instabilit\u00e4t und Labilit\u00e4t in biologischen und biochemischen Parametern extrem vorsichtig und \u00fcber eine sehr lange Zeit \u201eeingefahren\u201c. Ein Fischbesatz, der N\u00e4hrstoffe ins Aquariensystem einf\u00fchren w\u00fcrde, ist aufgrund der nicht vorhandenen Nitrifikation undenkbar. Ohne Fischbesatz werden aber wiederum auch keine N\u00e4hrstoffe ins Wasser gelangen, die die Nitrifikation \u00fcberhaupt in Gang setzen w\u00fcrde.\u00a0Auch die Dosierung von lebenden Nitrifikationsbakterien macht wenig Sinn, weil keine Ern\u00e4hrungsgrundlage f\u00fcr diese Bakterien besteht.\u00a0Offenbar finden sich aber doch viele praktizierende Aquarianer damit ab und betrachten bis zu einem halben Jahr oder gar noch l\u00e4nger ein mehr oder weniger nacktes Aquarium.<\/span><\/p>\n<p style=\"text-align: justify;\"><span style=\"font-family: tahoma, arial, helvetica, sans-serif; font-size: 12pt; color: #000000;\">Die Dosierung des\u00a0sango nutri-NP complete\u00a0l\u00f6st das Problem, weil verschiedene organische und anorganische Makron\u00e4hrstoffe ins System eingebracht werden, die tats\u00e4chlich die prim\u00e4ren und wichtigen \u00d6kosystemprozesse wie z.B. eine Nitrifizierung in Gang setzen, ohne dabei eine sofortige \u00dcberdosierung zu erzeugen. Wichtig ist hier ganz generell eine z\u00fcgige Vorgehensweise bei dem Korallenbesatz, damit der bereitstehende Siedlungsraum von denjenigen Organismen besetzt werden, die auch im pflegerischen Sinne gew\u00fcnscht sind. Das\u00a0SANGOKAI System\u00a0setzt auch hier direkt nach der Beckeneinrichtung ein und liefert f\u00fcr die frisch eingebrachten Korallen sowohl wichtige anorganische und organische Mikron\u00e4hrstoffe, als auch organische gel\u00f6ste Nahrung, die im Korallenstoffwechsel energiebringend verstoffwechselt werden kann. Auch die Bakterienpopulationen k\u00f6nnen sich auf Grundlage eines zwar niedrigen, aber konstant verf\u00fcgbaren N\u00e4hrstoffgehalts entwickeln und innerhalb weniger Wochen f\u00fcr eine Stabilit\u00e4t sorgen, die auch einen Fischbesatz m\u00f6glich macht, der den zu dieser Zeit hohen N\u00e4hrstoffexport durch das Bakterien- und Mikroalgenwachstum ausbalanciert.<\/span><\/p>\n<p style=\"text-align: justify;\"><span style=\"font-family: tahoma, arial, helvetica, sans-serif; font-size: 12pt; color: #000000;\">Auch wenn der N\u00e4hrstoffgehalt anf\u00e4nglich nach der Beckeneinrichtung mit guten lebenden Steinen etwas h\u00f6her ist als im Falle rein k\u00fcnstlich dekorierter Becken, werden die einsetzenden biologischen Wachstumsprozesse diesen Vorrat in der Regel schnell aufbrauchen. Auch hier ist das\u00a0sango nutri-NP complete\u00a0eine gro\u00dfe Hilfe und St\u00fctze, um eine schon fr\u00fchzeitig einsetzende N\u00e4hrstofflimitierung zu verhindern. Es ist auch hier darauf zu achten, dass die N\u00e4hrstoffexportprozesse, v.a. die Eiwei\u00dfabsch\u00e4umung, in ihrer Leistungsf\u00e4higkeit so eingeschr\u00e4nkt werden, dass eine N\u00e4hrstoffzudosierung auch Sinn ergibt und Wirkung zeigt.<\/span><\/p>\n<p style=\"text-align: justify;\"><span style=\"font-family: tahoma, arial, helvetica, sans-serif; font-size: 12pt; color: #000000;\">Es kann im Einzelfall bis zum einsetzenden Fischbesatz notwendig sein, das\u00a0sango nutri-NP complete\u00a0in regelm\u00e4\u00dfigen Abst\u00e4nden in der geringsten Dosierung von 0,5 mL pro 100 L 1-2x die Woche zu dosieren. Es gilt immer darauf zu achten, dass die Dosierung nicht zu einer Anreicherung von Nitrat und Phosphat f\u00fchrt, weil dies eine \u00dcberlastung der N\u00e4hrstoffumsatzprozesse anzeigt und ggf. unerw\u00fcnschtes Algenwachstum zur Folge hat.<\/span><\/p>\n<p style=\"text-align: justify;\"><span style=\"font-family: tahoma, arial, helvetica, sans-serif; font-size: 12pt; color: #000000;\">Der\u00a0folgende Foto-Slider zeigt die Entwicklung des am 18.12.2012 gestarteten Riffbeckens von Dennis Wendt, das von Beginn an mit dem SANGOKAI BASIS-System\u00a0und mit\u00a0sango nutri-NP complete\u00a0betrieben wird. Die Fotos\u00a0zeigen das gerade\u00a0gestartete Riffbecken (Gesamtansicht 1), den initialen Korallenbesatz am dritten Tag (Ansicht Plateau), das Becken nach 5 Tagen (Gesamtansicht 2), nach\u00a0ca. 14\u00a0Tagen (rechte und linke Beckenansicht, den Zustand nach zwei\u00a0Monaten (Gesamtansicht 3), drei\u00a0Monaten (Gesamtansicht 4) und vier Monaten (Gesamtansicht 5 und Durchsicht durch den Raumteiler).<\/span><\/p>\n<p style=\"text-align: justify;\"><span style=\"font-family: tahoma, arial, helvetica, sans-serif; font-size: 12pt; color: #000000;\">Das gesamte Wasservolumen wurde mit Royal Nature Salz\u00a0(Fa. AMA)\u00a0aufgesalzen.\u00a0Die Gestaltung besteht aus einer Kombination aus frisch importiertem, flachen indonesischen Lebendgestein, das\u00a0auf\u00a0einem k\u00fcnstlichen keramischen Dekorationsmaterial von Riffsystem platziert wurde.\u00a0Der erste Korallenbesatz wurde am 2. und 3. Tag nach dem Beckenstart\u00a0eingebracht und sukzessive erh\u00f6ht (Umsiedlung aus dem bisherigen kleineren Riffbecken). Ganz offensichtlich ist durch diesen z\u00fcgigen Beckenstart das neue Riffbecken nach 14 Tagen schon sehr gut besetzt und in seiner Besatzstruktur klar definiert. Die\u00a0Entwicklung des Riffbeckens wird also keinem\u00a0Zufall \u00fcberlassen, sondern wird von Anfang an kontrolliert und durch die aktive N\u00e4hrstoffzufuhr \u00fcber das SANGOKAI 3+2 BASIS-System (Version 1) gesteuert. Dadurch entwickelt sich\u00a0das junge\u00a0Riffaquarium\u00a0sehr schnell und weist eine hohe aquarienbiologische Stabilit\u00e4t auf.\u00a0Diese Vorgehensweise entspricht der modernen\u00a0SANGOKAI\u00a0Riffaquaristik-Philosophie und unterstreicht die Wichtigkeit einer optimal geplanten Riffgestaltung und einem z\u00fcgigen Korallenbesatz als Ausgangspunkt f\u00fcr ein langfristig erfolgreiches Hobby.<\/span><\/p>\n<\/div>\n<\/div>\n<p>[\/vc_column_text][vc_empty_space height=&#8220;30px&#8220;]<div class=\"avt_masterslider_el \" >\n\t\t<!-- MasterSlider -->\n\t\t<div id=\"P_MS55606ee6e2769\" class=\"master-slider-parent ms-partialview-template ms-parent-id-15\" style=\"max-width:100%;\"  >\n\t\t\t\t\n\t\t\t\n\t\t\t<!-- MasterSlider Main -->\n\t\t\t<div id=\"MS55606ee6e2769\" class=\"master-slider ms-skin-light-3\" >\n\t\t\t\t \t\t\t\t \n\t\t\t\t<div  class=\"ms-slide\" data-delay=\"3\" data-fill-mode=\"fit\"  >\n\t\t\t\t\t<img decoding=\"async\" src=\"http:\/\/sangokai.org\/wp-content\/plugins\/masterslider\/public\/assets\/css\/blank.gif\" alt=\"\" title=\"\" data-src=\"http:\/\/sangokai.org\/wp-content\/uploads\/2015\/03\/DSCN9170.jpg\" \/>\n\n\t\t\t\t\t<div class=\"ms-info\">&nbsp;<\/div>\n\n\n\t\t\t\t<\/div>\n\t\t\t\t<div  class=\"ms-slide\" data-delay=\"3\" data-fill-mode=\"fill\"  >\n\t\t\t\t\t<img decoding=\"async\" src=\"http:\/\/sangokai.org\/wp-content\/plugins\/masterslider\/public\/assets\/css\/blank.gif\" alt=\"\" title=\"\" data-src=\"http:\/\/sangokai.org\/wp-content\/uploads\/2015\/03\/DSCN9249.jpg\" \/>\n\n\t\t\t\t\t<div class=\"ms-info\">&nbsp;<\/div>\n\n\n\t\t\t\t<\/div>\n\t\t\t\t<div  class=\"ms-slide\" data-delay=\"3\" data-fill-mode=\"center\"  >\n\t\t\t\t\t<img decoding=\"async\" src=\"http:\/\/sangokai.org\/wp-content\/plugins\/masterslider\/public\/assets\/css\/blank.gif\" alt=\"\" title=\"\" data-src=\"http:\/\/sangokai.org\/wp-content\/uploads\/2015\/03\/DW_nutri-complete_1_slider.jpg\" \/>\n\n\t\t\t\t\t<div class=\"ms-info\">&nbsp;<\/div>\n\n\n\t\t\t\t<\/div>\n\t\t\t\t<div  class=\"ms-slide\" data-delay=\"3\" data-fill-mode=\"fit\"  >\n\t\t\t\t\t<img decoding=\"async\" src=\"http:\/\/sangokai.org\/wp-content\/plugins\/masterslider\/public\/assets\/css\/blank.gif\" alt=\"\" title=\"\" data-src=\"http:\/\/sangokai.org\/wp-content\/uploads\/2015\/03\/DSCN9846-e1426113804316.jpg\" \/>\n\n\t\t\t\t\t<div class=\"ms-info\">&nbsp;<\/div>\n\n\n\t\t\t\t<\/div>\n\t\t\t\t<div  class=\"ms-slide\" data-delay=\"3\" data-fill-mode=\"fit\"  >\n\t\t\t\t\t<img decoding=\"async\" src=\"http:\/\/sangokai.org\/wp-content\/plugins\/masterslider\/public\/assets\/css\/blank.gif\" alt=\"\" title=\"\" data-src=\"http:\/\/sangokai.org\/wp-content\/uploads\/2015\/03\/DSCN9847-e1426113767745.jpg\" \/>\n\n\t\t\t\t\t<div class=\"ms-info\">&nbsp;<\/div>\n\n\n\t\t\t\t<\/div>\n\t\t\t\t<div  class=\"ms-slide\" data-delay=\"3\" data-fill-mode=\"fit\"  >\n\t\t\t\t\t<img decoding=\"async\" src=\"http:\/\/sangokai.org\/wp-content\/plugins\/masterslider\/public\/assets\/css\/blank.gif\" alt=\"\" title=\"\" data-src=\"http:\/\/sangokai.org\/wp-content\/uploads\/2015\/03\/02_Gesamtansicht_22.02.2013.jpg\" \/>\n\n\t\t\t\t\t<div class=\"ms-info\">&nbsp;<\/div>\n\n\n\t\t\t\t<\/div>\n\t\t\t\t<div  class=\"ms-slide\" data-delay=\"3\" data-fill-mode=\"fit\"  >\n\t\t\t\t\t<img decoding=\"async\" src=\"http:\/\/sangokai.org\/wp-content\/plugins\/masterslider\/public\/assets\/css\/blank.gif\" alt=\"\" title=\"\" data-src=\"http:\/\/sangokai.org\/wp-content\/uploads\/2015\/03\/03_Gesamtansicht_16.03.2013.jpg\" \/>\n\n\t\t\t\t\t<div class=\"ms-info\">&nbsp;<\/div>\n\n\n\t\t\t\t<\/div>\n\t\t\t\t<div  class=\"ms-slide\" data-delay=\"3\" data-fill-mode=\"fit\"  >\n\t\t\t\t\t<img decoding=\"async\" src=\"http:\/\/sangokai.org\/wp-content\/plugins\/masterslider\/public\/assets\/css\/blank.gif\" alt=\"\" title=\"\" data-src=\"http:\/\/sangokai.org\/wp-content\/uploads\/2015\/03\/04_Gesamtansicht_24.04.2013.jpg\" \/>\n\n\t\t\t\t\t<div class=\"ms-info\">&nbsp;<\/div>\n\n\n\t\t\t\t<\/div>\n\t\t\t\t<div  class=\"ms-slide\" data-delay=\"3\" data-fill-mode=\"fit\"  >\n\t\t\t\t\t<img decoding=\"async\" src=\"http:\/\/sangokai.org\/wp-content\/plugins\/masterslider\/public\/assets\/css\/blank.gif\" alt=\"\" title=\"\" data-src=\"http:\/\/sangokai.org\/wp-content\/uploads\/2015\/03\/04_Seitenansicht_24.04.2013.jpg\" \/>\n\n\t\t\t\t\t<div class=\"ms-info\">&nbsp;<\/div>\n\n\n\t\t\t\t<\/div>\n\n\t\t\t<\/div>\n\t\t\t<!-- END MasterSlider Main -->\n\n\t\t\t \n\t\t<\/div>\n\t\t<!-- END MasterSlider --> \n\t\t\n\t\t<script>\n\t\t(function ( $ ) {\n\t\t\t\"use strict\";\n\n\t\t\t$(function () {\n\t\t\t\tvar masterslider_2769 = new MasterSlider();\n\n\t\t\t\t\/\/ slider controls\n\t\t\t\tmasterslider_2769.control('arrows'     ,{ autohide:true, overVideo:true  });                    \n\t\t\t\tmasterslider_2769.control('circletimer',{ autohide:false, overVideo:true, color:'#FFFFFF', radius:4, stroke:9   });\n\t\t\t\tmasterslider_2769.control('slideinfo'  ,{ autohide:false, overVideo:true, dir:'h', align:'bottom',inset:false , margin:10   });\n\t\t\t\t\/\/ slider setup\n\t\t\t\tmasterslider_2769.setup(\"MS55606ee6e2769\", {\n\t\t\t\t\t\twidth           : 800,\n\t\t\t\t\t\theight          : 600,\n\t\t\t\t\t\tminHeight       : 0,\n\t\t\t\t\t\tspace           : 10,\n\t\t\t\t\t\tstart           : 1,\n\t\t\t\t\t\tgrabCursor      : true,\n\t\t\t\t\t\tswipe           : true,\n\t\t\t\t\t\tmouse           : true,\n\t\t\t\t\t\tkeyboard        : false,\n\t\t\t\t\t\tlayout          : \"partialview\", \n\t\t\t\t\t\twheel           : false,\n\t\t\t\t\t\tautoplay        : true,\n\t\t\t\t\t\tinstantStartLayers:true,\n\t\t\t\t\t\tloop            : true,\n\t\t\t\t\t\tshuffle         : false,\n\t\t\t\t\t\tpreload         : 0,\n\t\t\t\t\t\theightLimit     : true,\n\t\t\t\t\t\tautoHeight      : false,\n\t\t\t\t\t\tsmoothHeight    : true,\n\t\t\t\t\t\tendPause        : false,\n\t\t\t\t\t\toverPause       : false,\n\t\t\t\t\t\tfillMode        : \"fill\", \n\t\t\t\t\t\tcenterControls  : true,\n\t\t\t\t\t\tstartOnAppear   : false,\n\t\t\t\t\t\tlayersMode      : \"center\", \n\t\t\t\t\t\tautofillTarget  : \"\", \n\t\t\t\t\t\thideLayers      : true, \n\t\t\t\t\t\tfullscreenMargin: 0,\n\t\t\t\t\t\tspeed           : 20, \n\t\t\t\t\t\tdir             : \"h\", \n\t\t\t\t\t\tparallaxMode    : 'swipe',\n\t\t\t\t\t\tview            : \"fadeWave\"\n\t\t\t\t});\n\t\t\t\t\n\n\t\t\t\t\n\t\t\t\twindow.masterslider_instances = window.masterslider_instances || [];\n\t\t\t\twindow.masterslider_instances.push( masterslider_2769 );\n\t\t\t });\n\t\t\t\n\t\t})(jQuery);\n\t\t<\/script> \n\t\t\n<\/div>[\/vc_column][vc_column width=&#8220;1\/6&#8243;][\/vc_column][\/vc_row][vc_row full_width=&#8220;full_width_content&#8220; animation_type=&#8220;h&#8220; vertical_animation=&#8220;top-animation&#8220;][vc_column width=&#8220;1\/6&#8243;][\/vc_column][vc_column width=&#8220;2\/3&#8243;]\n<a href = \"http:\/\/sangokai.org\/?page_id=4905\" target=''\" title=\"\"><span class=\"aio-icon  advanced \" data-animation=\"\" data-animation-delay=\"0\" style=\"color:#dd3333;border-style:solid;border-color:#dd3333;border-width:1px;width:80px;height:80px;line-height:80px;border-radius:500px;font-size:32px;\" >\n\t<i class=\"embrace-back\"><\/i>\n<\/span><\/a>[vc_empty_space height=&#8220;80px&#8220;][\/vc_column][vc_column width=&#8220;1\/6&#8243;][\/vc_column][\/vc_row]<\/p>\n","protected":false},"excerpt":{"rendered":"<p>[vc_row full_width=&#8220;full_width_content&#8220; animation_type=&#8220;h&#8220; vertical_animation=&#8220;top-animation&#8220;][vc_column][vc_empty_space height=&#8220;150px&#8220;][vc_custom_heading text=&#8220;Bedeutung einer optimalen N\u00e4hrstoffversorgung f\u00fcr den Erfolg in der Startphase Deines Riffaquariums&#8220; font_container=&#8220;tag:h2|font_size:40|text_align:center|color:%236e6e6e&#8220; google_fonts=&#8220;font_family:PT%20Sans%3Aregular%2Citalic%2C700%2C700italic|font_style:400%20regular%3A400%3Anormal&#8220;][vc_empty_space height=&#8220;40px&#8220;][vc_custom_heading text=&#8220;Weiterf\u00fchrender Artikel zu sango nutri-NP complete&#8220; font_container=&#8220;tag:h2|font_size:35|text_align:center|color:%236e6e6e&#8220; google_fonts=&#8220;font_family:PT%20Sans%3Aregular%2Citalic%2C700%2C700italic|font_style:400%20regular%3A400%3Anormal&#8220;][\/vc_column][\/vc_row][vc_row full_width=&#8220;full_width_content&#8220; animation_type=&#8220;h&#8220; vertical_animation=&#8220;top-animation&#8220;][vc_column width=&#8220;1\/6&#8243;][\/vc_column][vc_column width=&#8220;2\/3&#8243;][vc_column_text] Im START-System \u00fcbernimmt sango nutri-NP complete als Komponente #1 eine wichtige\u00a0Funktion bei&hellip;  <\/p>\n<div class=\"read-more-button\"><a class=\"button\" href=\"http:\/\/sangokai.org\/?page_id=10805\" title=\"Read sango nutri-NP complete Artikel 5\">Mehr lesen<\/a><\/div>\n","protected":false},"author":1,"featured_media":0,"parent":4905,"menu_order":0,"comment_status":"closed","ping_status":"open","template":"page-templates\/no-stunning.php","meta":{"footnotes":""},"class_list":["post-10805","page","type-page","status-publish","hentry"," init "],"_links":{"self":[{"href":"http:\/\/sangokai.org\/index.php?rest_route=\/wp\/v2\/pages\/10805","targetHints":{"allow":["GET"]}}],"collection":[{"href":"http:\/\/sangokai.org\/index.php?rest_route=\/wp\/v2\/pages"}],"about":[{"href":"http:\/\/sangokai.org\/index.php?rest_route=\/wp\/v2\/types\/page"}],"author":[{"embeddable":true,"href":"http:\/\/sangokai.org\/index.php?rest_route=\/wp\/v2\/users\/1"}],"replies":[{"embeddable":true,"href":"http:\/\/sangokai.org\/index.php?rest_route=%2Fwp%2Fv2%2Fcomments&post=10805"}],"version-history":[{"count":2,"href":"http:\/\/sangokai.org\/index.php?rest_route=\/wp\/v2\/pages\/10805\/revisions"}],"predecessor-version":[{"id":10807,"href":"http:\/\/sangokai.org\/index.php?rest_route=\/wp\/v2\/pages\/10805\/revisions\/10807"}],"up":[{"embeddable":true,"href":"http:\/\/sangokai.org\/index.php?rest_route=\/wp\/v2\/pages\/4905"}],"wp:attachment":[{"href":"http:\/\/sangokai.org\/index.php?rest_route=%2Fwp%2Fv2%2Fmedia&parent=10805"}],"curies":[{"name":"wp","href":"https:\/\/api.w.org\/{rel}","templated":true}]}}