{"id":12074,"date":"2020-10-12T12:55:27","date_gmt":"2020-10-12T12:55:27","guid":{"rendered":"http:\/\/sangokai.org\/?page_id=12074"},"modified":"2025-07-22T22:42:44","modified_gmt":"2025-07-22T22:42:44","slug":"kombi-dosierung-basis-system-2","status":"publish","type":"page","link":"http:\/\/sangokai.org\/?page_id=12074","title":{"rendered":"AUTO-Dosierung"},"content":{"rendered":"<p>[vc_row full_width=&#8220;full_width_content&#8220; animation_type=&#8220;h&#8220; vertical_animation=&#8220;top-animation&#8220;][vc_column][vc_empty_space height=&#8220;100px&#8220;][vc_custom_heading text=&#8220;Anleitung f\u00fcr die AUTO-Dosierung (BASIS-System)&#8220; font_container=&#8220;tag:h2|font_size:40|text_align:center|color:%236e6e6e&#8220; google_fonts=&#8220;font_family:PT%20Sans%3Aregular%2Citalic%2C700%2C700italic|font_style:400%20regular%3A400%3Anormal&#8220;][\/vc_column][\/vc_row][vc_row full_width=&#8220;full_width_content&#8220; animation_type=&#8220;h&#8220; vertical_animation=&#8220;top-animation&#8220;][vc_column width=&#8220;1\/6&#8243;][\/vc_column][vc_column width=&#8220;2\/3&#8243;][vc_custom_heading text=&#8220;Mit einer geeigneten Dosierpumpenanlage kannst Du Deinem Riffaquarium die #1 und #2 Einzell\u00f6sungen, oder auch die KOMBI-L\u00f6sung automatisiert zuf\u00fchren.&#8220; font_container=&#8220;tag:h2|font_size:35|text_align:center|color:%236e6e6e&#8220; google_fonts=&#8220;font_family:PT%20Sans%3Aregular%2Citalic%2C700%2C700italic|font_style:400%20regular%3A400%3Anormal&#8220;][vc_empty_space height=&#8220;32&#8243;][vc_custom_heading text=&#8220;Hier erl\u00e4utern wir Dir alle Vor- und Nachteile dabei.&#8220; font_container=&#8220;tag:h2|font_size:35|text_align:center|color:%236e6e6e&#8220; google_fonts=&#8220;font_family:PT%20Sans%3Aregular%2Citalic%2C700%2C700italic|font_style:400%20regular%3A400%3Anormal&#8220;][\/vc_column][vc_column width=&#8220;1\/6&#8243;][\/vc_column][\/vc_row][vc_row full_width=&#8220;full_width_content&#8220; animation_type=&#8220;h&#8220; vertical_animation=&#8220;top-animation&#8220;][vc_column][vc_text_separator title=&#8220;AUTO &#8211; automatisierte Dosierung per Dosierpumpe&#8220;][\/vc_column][\/vc_row][vc_row animation_type=&#8220;h&#8220; vertical_animation=&#8220;top-animation&#8220;][vc_column][vc_custom_heading text=&#8220;Was gibt es bei der AUTO-Dosierung des BASIS-Systems zu beachten?&#8220; font_container=&#8220;tag:h2|text_align:left|color:%239e9447&#8243; google_fonts=&#8220;font_family:PT%20Sans%3Aregular%2Citalic%2C700%2C700italic|font_style:400%20regular%3A400%3Anormal&#8220;][vc_empty_space height=&#8220;40px&#8220;][vc_column_text]<span style=\"font-family: tahoma, arial, helvetica, sans-serif; font-size: 12pt;\">Grunds\u00e4tzlich ist es m\u00f6glich, Deinem Riffaquarium die BASIS Komponenten #1 und #2 \u00fcber geeignete Dosieranlagen\/-pumpen automatisiert zuzuf\u00fchren. BASIS #3 ist f\u00fcr die AUTO-Dosierung nicht geeignet, wobei diese Komponente ohnehin nur zwei Mal w\u00f6chentlich zugef\u00fchrt wird, was nach dem kr\u00e4ftigen Aufsch\u00fctteln stets h\u00e4ndisch erfolgt.<\/span><\/p>\n<p><span style=\"font-family: tahoma, arial, helvetica, sans-serif; font-size: 12pt;\">Allerdings stellen sich bestimmte qualitative Anforderungen an Deine Dosieranlage und den Dosierbetrieb:<\/span><\/p>\n<ol style=\"text-align: justify;\">\n<li><span style=\"font-family: tahoma, arial, helvetica, sans-serif; font-size: 12pt;\">Deine Dosieranlage sollte qualitativ hochwertig sein, um eine m\u00f6glichst hohe Zuverl\u00e4ssigkeit bei den Dosierungen zu garantieren. Einige Dosieranlagen sind gerade im niedrigen Dosierbereich ungenau und f\u00f6rdern nicht immer die exakt gleiche Menge, oder neigen schneller zu elektronischen Fehlfunktionen oder sogar zu mechanischen Ausf\u00e4llen. Von daher empfehlen wir Dir dringend, bei der AUTO-Dosierung auf absolut hochwertige Dosieranlagen zur\u00fcck zu greifen, um f\u00fcr eine m\u00f6glichst gro\u00dfe Sicherheit zu sorgen, damit die Dosiermengen auch jederzeit zu 100% stimmen.<\/span><\/li>\n<li><span style=\"font-family: tahoma, arial, helvetica, sans-serif; font-size: 12pt;\">BASIS #1 und #2 sind Konzentrate, so dass die regul\u00e4re Dosiermenge mit 0,5 mL pro 100 L t\u00e4glich, respektive 0,25 mL pro 100 L t\u00e4glich in der Phosphat-abh\u00e4ngigen geringeren Anwendung, je nach Aquariumvolumen sehr klein ausfallen kann. Deine Dosierpumpe muss also dazu in der Lage sein, geringe Dosiervolumina zuverl\u00e4ssig zu verarbeiten. F\u00fcr kleinere Riffaquarien sind Dosierpumpen erforderlich, die zuverl\u00e4ssig auch kleinste Mengen unter 1 mL dosieren k\u00f6nnen. Hierzu kannst Du Dich im qualifizierten Fachhandel beraten lassen.<\/span><\/li>\n<li><span style=\"font-family: tahoma, arial, helvetica, sans-serif; font-size: 12pt;\">Dosiere <strong>immer<\/strong> die volle Tagesdosis f\u00fcr BASIS #1 und BASIS #2 auf einmal und teile die Dosis <span style=\"text-decoration: underline;\"><strong>nicht<\/strong><\/span> auf mehrere Einzeldosierungen \u00fcber den Tag auf. Ansonsten erreichst Du nicht die optimale Wirkstoffkonzentration. Wir empfehlen einen idealen Dosierzeitpunkt ca. 2-3 h nach dem Einschalten der Beleuchtung.\u00a0<\/span><\/li>\n<li><span style=\"font-family: tahoma, arial, helvetica, sans-serif; font-size: 12pt;\">Verd\u00fcnnen kannst Du #1 und #2 nicht! Die BASIS Produkte sind konzentrierte N\u00e4hrstoffl\u00f6sungen, die schwach wasserkonserviert sind, damit sie keimfrei bleiben. Durch eine Verd\u00fcnnung w\u00fcrde die schwache Wasserkonservierung verloren gehen und die L\u00f6sungen k\u00f6nnen aufgrund des optimalen N\u00e4hrstoffgehalts sehr schnell verkeimen, verpilzen und\/oder veralgen. Daher kannst Du die Produkte nicht verd\u00fcnnen bzw. strecken. Du kannst allerdings mit der KOMBI L\u00f6sung arbeiten, um das Dosiervolumen zu verdoppeln. Dabei hast Du auch den Vorteil, dass Du nur einen Dosierkanal ben\u00f6tigst. Bitte beachte aber hierbei die Informationen zur KOMBI Dosierung in dieser Anleitung, v.a. den wichtigen Hinweis, dass Du eine KOMBI L\u00f6sung nur f\u00fcr max. 8-10 Wochen ansetzt und danach wieder frisch neu herstellst. <\/span><\/li>\n<li><span style=\"font-family: tahoma, arial, helvetica, sans-serif; font-size: 12pt;\">Achte darauf, dass die Dosierpumpe immer h\u00f6her platziert ist, als die Beh\u00e4lter, aus denen sie pumpen. Andernfalls kann es passieren, dass nach einem Dosierintervall auch bei gestopptem Pumpenkopf passiv Fl\u00fcssigkeit aus den Dosierbeh\u00e4ltern in Dein Riffaquarium nachl\u00e4uft, was kritische Folgen nach sich ziehen kann. Es gilt also darauf zu achten, die Dosieranlage der jeweiligen Herstellerangaben konform zu betreiben und ein unfreiwilliges und unkontrolliertes passives Nachlaufen von Dosierfl\u00fcssigkeit ins Aquarium zu verhindern. <\/span><\/li>\n<li><span style=\"font-family: tahoma, arial, helvetica, sans-serif; font-size: 12pt;\">\u00dcberpr\u00fcfe regelm\u00e4ssig die Dosierschl\u00e4uche auf Verkrustungen und Versalzungen, v.a. am Auslaufende. Hier k\u00f6nnen erfahrungsgem\u00e4ss schnell Verstopfungen auftreten, z.B. durch salzhaltiges Spritzwasser und Aerosole. Ein exaktes Dosieren ist f\u00fcr alle Dosieranlagen nur m\u00f6glich, wenn alle Schl\u00e4uche und Schlauchverbindungen 100% sauber und vollst\u00e4ndig durchl\u00e4ssig sind. Die Auslaufenden sollten immer oberhalb der Wasseroberfl\u00e4che platziert sein.<\/span><\/li>\n<\/ol>\n<p><span style=\"font-family: tahoma, arial, helvetica, sans-serif; font-size: 12pt;\">Unabh\u00e4ngig davon, dass die AUTO-Dosierung von BASIS #1 und #2 grunds\u00e4tzlich m\u00f6glich ist, empfehlen wir bevorzugt die h\u00e4ndische Dosierung, weil Du hier maximale Kontrolle dar\u00fcber hast, was in Dein Aquarium gelangt. <\/span><\/p>\n<p><span style=\"font-family: tahoma, arial, helvetica, sans-serif; font-size: 12pt;\">Erfahrungsgem\u00e4ss k\u00f6nnen Dosieranlagen aus welchen Gr\u00fcnden auch immer versagen, und dies in beide Richtungen: sie k\u00f6nnen elektronisch ausfallen oder verstopfen und gar nichts oder zu wenig dosieren, was Dir oft erst Tage oder gar Wochen sp\u00e4ter auff\u00e4llt, oder sie k\u00f6nnen durch elektronische Fehlschaltungen sowie durch mechanische Probleme zu viel dosieren, bis hin sogar zum kompletten Entleeren des Dosierbeh\u00e4lters. <\/span><\/p>\n<p><span style=\"font-family: tahoma, arial, helvetica, sans-serif; font-size: 12pt;\">Insbesondere bei der automatisierten Dosierung von N\u00e4hrstoffen, v.a. organischen N\u00e4hrstoffen, auf die das BASIS System spezialisiert ist, und von physiologisch relevanten Spurenmetallen, die in h\u00f6herer Konzentration als Schwermetalle wirken, ist eine unkontrollierte \u00dcberdosierung f\u00fcr das Aquarium oftmals weitaus kritischer, als bei der \u00dcberdosierung von Calcium oder Carbonat aus einer Kalkhaushalt-Dosierung. Daher gelten h\u00f6chste Anforderungen an ein automatisches Dosiersystem f\u00fcr das BASIS System.<\/span><\/p>\n<p><span style=\"font-family: tahoma, arial, helvetica, sans-serif; font-size: 12pt;\">Der Nachteil jeder Automatisierung im praktischen Betrieb eines Riffaquariums ist die Blindheit gegen\u00fcber Fehlern und Funktionsst\u00f6rungen, weil routinem\u00e4ssige Kontrollen und \u00dcberpf\u00fcfungen im aquaristischen Alltag nicht immer so eingehalten werden, wie es idealerweise notwendig ist.<\/span><\/p>\n<p><span style=\"font-family: tahoma, arial, helvetica, sans-serif; font-size: 12pt;\">Mit der h\u00e4ndischen Dosierung hast Du immer die beste Kontrolle, kannst gleichzeitig in Dein Aquarium schauen und nach dem Rechten sehen, und investierst letzendlich nur 10-20 Sekunden Deiner Zeit, um die Dosierung von BASIS #1 und #2 h\u00e4ndisch durchzuf\u00fchren. Nat\u00fcrlich ist eine automatische Versorgung Deines SANGOKAI Aquariums w\u00e4hrend des Urlaubs oder bei Gesch\u00e4ftsreisen sinnvoll und kann die Urlaubsvertretung davon entlasten. Allerdings sind genau dann Dosierpumpen Fehlfunktionen umso kritischer, wenn Du nicht vor Ort bist und eingreifen kannst und der Nachbar mit der Situation v\u00f6llig \u00fcberfordert ist. In einem solchen Szenario ist es dann sicherer, die Dosierung des BASIS Systems f\u00fcr den kurzen Zeitraum der Abwesenheit einzustellen, als m\u00f6glicherweise eine kritische Situation durch eine kapitale Fehlfunktion Deiner Dosierautomatik zu riskieren.<\/span><\/p>\n<p><span style=\"font-family: tahoma, arial, helvetica, sans-serif; font-size: 12pt;\">Aus unserer Beratungserfahrung heraus und aus der statistischen H\u00e4ufigkeit f\u00fcr Dosierpumpenfehler selbst mit sehr modernen Dosieranlagen ist unsere Empfehlung immer die SINGLE Dosierung per Hand f\u00fcr maximale Kontrolle und Sicherheit.<\/span>[\/vc_column_text][\/vc_column][\/vc_row][vc_row parallax=&#8220;&#8220; parallax_image=&#8220;&#8220; animation_type=&#8220;h&#8220; vertical_animation=&#8220;top-animation&#8220;][vc_column]\n<a href = \"http:\/\/sangokai.org\/?page_id=5443\" target=''\" title=\"\"><span class=\"aio-icon  advanced \" data-animation=\"\" data-animation-delay=\"0\" style=\"color:#dd3333;background:#f4f4f4;border-style:solid;border-color:#dd3333;border-width:1px;width:80px;height:80px;line-height:80px;border-radius:500px;font-size:32px;\" >\n\t<i class=\"embrace-back\"><\/i>\n<\/span><\/a>[vc_empty_space height=&#8220;80px&#8220;][\/vc_column][\/vc_row]<\/p>","protected":false},"excerpt":{"rendered":"<p>[vc_row full_width=&#8220;full_width_content&#8220; animation_type=&#8220;h&#8220; vertical_animation=&#8220;top-animation&#8220;][vc_column][vc_empty_space height=&#8220;100px&#8220;][vc_custom_heading text=&#8220;Anleitung f\u00fcr die AUTO-Dosierung (BASIS-System)&#8220; font_container=&#8220;tag:h2|font_size:40|text_align:center|color:%236e6e6e&#8220; google_fonts=&#8220;font_family:PT%20Sans%3Aregular%2Citalic%2C700%2C700italic|font_style:400%20regular%3A400%3Anormal&#8220;][\/vc_column][\/vc_row][vc_row full_width=&#8220;full_width_content&#8220; animation_type=&#8220;h&#8220; vertical_animation=&#8220;top-animation&#8220;][vc_column width=&#8220;1\/6&#8243;][\/vc_column][vc_column width=&#8220;2\/3&#8243;][vc_custom_heading text=&#8220;Mit einer geeigneten Dosierpumpenanlage kannst Du Deinem Riffaquarium die #1 und #2 Einzell\u00f6sungen, oder auch die KOMBI-L\u00f6sung automatisiert zuf\u00fchren.&#8220; font_container=&#8220;tag:h2|font_size:35|text_align:center|color:%236e6e6e&#8220; google_fonts=&#8220;font_family:PT%20Sans%3Aregular%2Citalic%2C700%2C700italic|font_style:400%20regular%3A400%3Anormal&#8220;][vc_empty_space height=&#8220;32&#8243;][vc_custom_heading text=&#8220;Hier erl\u00e4utern wir Dir alle Vor-&hellip;  <\/p>\n<div class=\"read-more-button\"><a class=\"button\" href=\"http:\/\/sangokai.org\/?page_id=12074\" title=\"Read AUTO-Dosierung\">Mehr lesen<\/a><\/div>\n","protected":false},"author":1,"featured_media":0,"parent":5443,"menu_order":0,"comment_status":"open","ping_status":"open","template":"page-templates\/no-stunning.php","meta":{"footnotes":""},"class_list":["post-12074","page","type-page","status-publish","hentry"," init "],"_links":{"self":[{"href":"http:\/\/sangokai.org\/index.php?rest_route=\/wp\/v2\/pages\/12074","targetHints":{"allow":["GET"]}}],"collection":[{"href":"http:\/\/sangokai.org\/index.php?rest_route=\/wp\/v2\/pages"}],"about":[{"href":"http:\/\/sangokai.org\/index.php?rest_route=\/wp\/v2\/types\/page"}],"author":[{"embeddable":true,"href":"http:\/\/sangokai.org\/index.php?rest_route=\/wp\/v2\/users\/1"}],"replies":[{"embeddable":true,"href":"http:\/\/sangokai.org\/index.php?rest_route=%2Fwp%2Fv2%2Fcomments&post=12074"}],"version-history":[{"count":17,"href":"http:\/\/sangokai.org\/index.php?rest_route=\/wp\/v2\/pages\/12074\/revisions"}],"predecessor-version":[{"id":13248,"href":"http:\/\/sangokai.org\/index.php?rest_route=\/wp\/v2\/pages\/12074\/revisions\/13248"}],"up":[{"embeddable":true,"href":"http:\/\/sangokai.org\/index.php?rest_route=\/wp\/v2\/pages\/5443"}],"wp:attachment":[{"href":"http:\/\/sangokai.org\/index.php?rest_route=%2Fwp%2Fv2%2Fmedia&parent=12074"}],"curies":[{"name":"wp","href":"https:\/\/api.w.org\/{rel}","templated":true}]}}