{"id":4492,"date":"2015-03-08T12:34:13","date_gmt":"2015-03-08T12:34:13","guid":{"rendered":"http:\/\/sangokai.org\/?page_id=4492"},"modified":"2025-09-04T18:13:09","modified_gmt":"2025-09-04T18:13:09","slug":"balance-system","status":"publish","type":"page","link":"http:\/\/sangokai.org\/?page_id=4492","title":{"rendered":"BALANCE System"},"content":{"rendered":"<p>[vc_row full_width=&#8220;full_width_content&#8220;][vc_column width=&#8220;1\/6&#8243;][\/vc_column][vc_column width=&#8220;2\/3&#8243;][vc_empty_space height=&#8220;100px&#8220;][vc_custom_heading text=&#8220;SANGOKAI BALANCE Kalkhaushalt System&#8220; font_container=&#8220;tag:h2|font_size:40|text_align:center|color:%236e6e6e&#8220; google_fonts=&#8220;font_family:PT%20Sans%3Aregular%2Citalic%2C700%2C700italic|font_style:400%20regular%3A400%3Anormal&#8220;][vc_empty_space height=&#8220;40px&#8220;][vc_custom_heading text=&#8220;Effektive Produkte f\u00fcr die Kalkhaushalt-Stabilisierung&#8220; font_container=&#8220;tag:h2|font_size:30|text_align:center|color:%236e6e6e&#8220; google_fonts=&#8220;font_family:PT%20Sans%3Aregular%2Citalic%2C700%2C700italic|font_style:400%20regular%3A400%3Anormal&#8220;][vc_empty_space height=&#8220;40px&#8220;][\/vc_column][vc_column width=&#8220;1\/6&#8243;][\/vc_column][\/vc_row][vc_row][vc_column width=&#8220;1\/2&#8243;][vc_empty_space height=&#8220;50px&#8220;][vc_single_image image=&#8220;9722&#8243; img_size=&#8220;medium&#8220; alignment=&#8220;center&#8220;][\/vc_column][vc_column width=&#8220;1\/2&#8243;][vc_empty_space height=&#8220;100px&#8220;][vc_custom_heading text=&#8220;Mit der SANGOKAI Kalkhaushalt-Stabilisierung hast Du in Deinem Riffaquarium perfekte Kontrolle \u00fcber den Calcium- und Carbonatgehalt.&#8220; font_container=&#8220;tag:h2|font_size:30|text_align:left|color:%236e6e6e&#8220; google_fonts=&#8220;font_family:PT%20Sans%3Aregular%2Citalic%2C700%2C700italic|font_style:400%20regular%3A400%3Anormal&#8220;][vc_empty_space height=&#8220;20px&#8220;][vc_custom_heading text=&#8220;Und nicht nur dass.<br \/>\nDie BALANCE Produkte automatisieren auch die Zugabe von Strontium, Magnesium und aller anderen Hauptkomponenten im Meerwasser.&#8220; font_container=&#8220;tag:h2|font_size:30|text_align:left|color:%236e6e6e&#8220; google_fonts=&#8220;font_family:PT%20Sans%3Aregular%2Citalic%2C700%2C700italic|font_style:400%20regular%3A400%3Anormal&#8220;][\/vc_column][\/vc_row][vc_row][vc_column][vc_custom_heading text=&#8220;Ein stabiler Kalkhaushalt und eine optimale Meerwasser-Zusammensetzung sind grundlegend f\u00fcr den Erfolg in der Riffaquaristik.&#8220; font_container=&#8220;tag:h2|font_size:35|text_align:center|color:%236e6e6e&#8220; google_fonts=&#8220;font_family:PT%20Sans%3Aregular%2Citalic%2C700%2C700italic|font_style:400%20regular%3A400%3Anormal&#8220;][vc_empty_space height=&#8220;40px&#8220;][\/vc_column][\/vc_row][vc_row full_width=&#8220;full_width_content&#8220; parallax_content=&#8220;parallax_content_value&#8220; parallax_content_sense=&#8220;20&#8243; animation_type=&#8220;h&#8220; vertical_animation=&#8220;top-animation&#8220;][vc_column width=&#8220;1\/2&#8243;][vc_single_image image=&#8220;9722&#8243; img_size=&#8220;medium&#8220; alignment=&#8220;center&#8220;][\/vc_column][vc_column width=&#8220;1\/2&#8243;][vc_custom_heading text=&#8220;Kalkhaushalt-Stabilisierung mit den BALANCE Produkten&#8220; font_container=&#8220;tag:h2|text_align:left|color:%239e9447&#8243; google_fonts=&#8220;font_family:PT%20Sans%3Aregular%2Citalic%2C700%2C700italic|font_style:400%20regular%3A400%3Anormal&#8220;][vc_empty_space height=&#8220;20px&#8220;][vc_column_text]<\/p>\n<ul style=\"list-style-type: square;\">\n<li style=\"text-align: left;\"><span style=\"font-family: tahoma, arial, helvetica, sans-serif; font-size: 12pt; color: #000000;\"><span style=\"font-family: tahoma, arial, helvetica, sans-serif; color: #000000;\">SANGOKAI hat mit dem BALANCE Kalkhaushalt System ein absolut hochwertiges und umfangreiches Programm entwickelt, das nicht nur die Stabilisierung von Calcium sowie der Karbonath\u00e4rte (Alkalinit\u00e4t) erm\u00f6glicht, sondern dar\u00fcber hinaus auch die Meerwasserqualit\u00e4t nachhaltig verbessert, stabilisiert und im Notfall auch restauriert.<\/span><\/span><br \/>\n<hr \/>\n<\/li>\n<\/ul>\n<ul>\n<li style=\"text-align: left;\"><span style=\"font-size: 12pt;\"><span style=\"color: #000000; font-family: tahoma, arial, helvetica, sans-serif;\">Es erfolgt <\/span><span style=\"color: #000000; font-family: tahoma, arial, helvetica, sans-serif;\"><span style=\"caret-color: #000000;\">automatisch<\/span><\/span><span style=\"color: #000000; font-family: tahoma, arial, helvetica, sans-serif;\"> eine proportionierte Zugabe aller relevanter Inhaltsstoffe des Meerwassers: Schwefel, Magnesium, Kalium, Brom, Strontium, Bor, Rubidium, Fluor und Iod. Dadurch wird die Meerwasser-Zusammensetzung optimiert und langfristig auf einem optimalen Niveau stabilisiert.<\/span><\/span><\/li>\n<\/ul>\n<hr \/>\n<ul>\n<li style=\"text-align: left;\"><span style=\"font-family: tahoma, arial, helvetica, sans-serif; font-size: 12pt; color: #000000;\"><span style=\"font-family: tahoma, arial, helvetica, sans-serif; color: #000000;\">Die Besonderheit des BALANCE<i>\u00a0<\/i>Kalhaushalt System ist, dass die f\u00fcr den Kalkhaushalt so wichtigen Inhaltsstoffe wie Rubidium, Bor oder Strontium in vollem Umfang genauso ausbalanziert werden wie Magnesium, Kalium, Brom, Fluor und Iod.<\/span><\/span><br \/>\n<hr \/>\n<\/li>\n<li style=\"text-align: left;\"><span style=\"font-family: tahoma, arial, helvetica, sans-serif; font-size: 12pt; color: #000000;\"><span style=\"font-family: tahoma, arial, helvetica, sans-serif; color: #000000;\">Viele dieser zum Teil teuren Inhaltsstoffe sind in Meersalzmischungen nicht oder nur in verringerter Konzentration enthalten. Du n\u00e4herst Dich also mit dem BALANCE System den nat\u00fcrlichen Umgebungsbedingungen an und schaffst damit beste Voraussetzungen f\u00fcr eine gesunde Entwicklung Deines SANGOKAI Riffaquariums.<\/span><\/span><br \/>\n<hr \/>\n<\/li>\n<li style=\"text-align: left;\"><span style=\"font-size: 12pt;\"><span style=\"font-family: tahoma, arial, helvetica, sans-serif; color: #000000;\">Der Ausgleich der Ionenbalance wird \u00fcber die BALANCE Produkte automatisiert. <\/span><span style=\"font-family: tahoma, arial, helvetica, sans-serif; color: #000000;\"><span style=\"font-family: tahoma, arial, helvetica, sans-serif; color: #000000;\">Regelm\u00e4\u00dfige Wasserwechsel sind als Ma\u00dfnahme zur Aufrechterhaltung der optimalen Meerwasserzusammensetzung im\u00a0BALANCE<em>&#8211;<\/em>System also nicht grunds\u00e4tzlich notwendig.<\/span><\/span><\/span><br \/>\n<hr \/>\n<\/li>\n<li style=\"text-align: left;\"><span style=\"font-family: tahoma, arial, helvetica, sans-serif; font-size: 12pt; color: #000000;\">Die verbesserte Stabilit\u00e4t in der Zusammensetzung Deines Meerwassers bietet Dir ein Plus an Kontrolle und Kontinuit\u00e4t im langfristigen Aquarienbetrieb.<\/span><\/li>\n<\/ul>\n<p>[\/vc_column_text][\/vc_column][\/vc_row][vc_row full_width=&#8220;full_width_content&#8220; animation_type=&#8220;h&#8220; vertical_animation=&#8220;top-animation&#8220;][vc_column][vc_text_separator title=&#8220;Das BALANCE System zur Kalkhaushalt-Stabilisierung&#8220;][\/vc_column][\/vc_row][vc_row][vc_column][vc_custom_heading text=&#8220;Die Kalkhaushalt-Stabilisierung besteht aus den drei BALANCE Produkten&#8220; font_container=&#8220;tag:h2|font_size:35|text_align:center|color:%236e6e6e&#8220; google_fonts=&#8220;font_family:PT%20Sans%3Aregular%2Citalic%2C700%2C700italic|font_style:400%20regular%3A400%3Anormal&#8220;][vc_custom_heading text=&#8220;BALANCE Ca-1, Ca-2 und KH.&#8220; font_container=&#8220;tag:h2|font_size:35|text_align:center|color:%236e6e6e&#8220; google_fonts=&#8220;font_family:PT%20Sans%3Aregular%2Citalic%2C700%2C700italic|font_style:400%20regular%3A400%3Anormal&#8220;][vc_empty_space height=&#8220;40px&#8220;][\/vc_column][\/vc_row][vc_row][vc_column width=&#8220;1\/2&#8243;][vc_empty_space height=&#8220;50px&#8220;][vc_single_image image=&#8220;9716&#8243; img_size=&#8220;medium&#8220; alignment=&#8220;center&#8220;][\/vc_column][vc_column width=&#8220;1\/2&#8243;][vc_empty_space height=&#8220;20px&#8220;][vc_custom_heading text=&#8220;BALANCE Ca-1&#8243; font_container=&#8220;tag:h2|text_align:left|color:%239e9447&#8243; google_fonts=&#8220;font_family:PT%20Sans%3Aregular%2Citalic%2C700%2C700italic|font_style:400%20regular%3A400%3Anormal&#8220;][vc_column_text]<\/p>\n<hr \/>\n<p style=\"text-align: left;\"><span style=\"font-family: tahoma, arial, helvetica, sans-serif; font-size: 12pt; color: #000000;\">Mit<em>\u00a0<\/em>BALANCE Ca-1 stellst Du Deinen Calciumgehalt exakt ein und dosierst langfristig die t\u00e4gliche Menge Calcium, die Dein Riffbecken verbraucht.<\/span><\/p>\n<p style=\"text-align: left;\"><span style=\"font-family: tahoma, arial, helvetica, sans-serif; font-size: 12pt; color: #000000;\">An die Calciumzugabe sind noch Strontium, Bor und Rubidium gekoppelt, d.h. weitere wichtige und in Meersalzmischungen oft fehlende\u00a0Elemente, die nun\u00a0automatisch angepasst und\u00a0langfristig stabil gehalten werden.<\/span><\/p>\n<p style=\"text-align: left;\"><span style=\"font-family: tahoma, arial, helvetica, sans-serif; font-size: 12pt; color: #000000;\">Alle relevanten Informationen zur Calciumversorgung mit BALANCE Ca-1 findest Du in der Produktbeschreibung und der ausf\u00fchrlichen Anleitung in der Webseiten-Kategorie &#8222;Anwendung&#8220;.<\/span><\/p>\n<p style=\"text-align: left;\"><span style=\"font-family: tahoma, arial, helvetica, sans-serif; font-size: 12pt; color: #000000;\">Dar\u00fcber hinaus stellen wir\u00a0Dir viele praktische Tipps und Fachwissen\u00a0rund um die\u00a0Themen Calciumgehalt und Kalkhaushalt-Stabilisierung in den kostenlosen SANGOKAI Empfehlungen A-Z (SEA-Z) zur Verf\u00fcgung, die Du\u00a0in der Webseiten-Kategorie &#8222;Wissen&#8220; herunterladen kannst.<\/span><\/p>\n<p>[\/vc_column_text][vc_empty_space height=&#8220;10px&#8220;][vc_column_text]<\/p>\n<p style=\"text-align: left;\"><span style=\"font-family: verdana, geneva; font-size: 14px; color: #000000;\"><strong>Achtung, wichtiger Hinweis f\u00fcr den Winter: wenn Du Deine Flasche BALANCE Ca-1 bei kalten Temperaturen im Versandhandel kaufst und das Produkt in Empfang nimmst, wird Calciumchlorid auskristallisiert sein. Die temperaturabh\u00e4ngige L\u00f6slichkeitsgrenze ist dann \u00fcberschritten. Der Vorgang ist komplett reversibel, wenn die Temperatur der L\u00f6sung wieder Raumtemperatur annimmt! Das Produkt kannst Du ganz normal verarbeiten .<\/strong><\/span><\/p>\n<p>[\/vc_column_text][vc_empty_space height=&#8220;20px&#8220;][vc_btn title=&#8220;Produktbeschreibung&#8220; style=&#8220;3d&#8220; color=&#8220;primary&#8220; link=&#8220;url:http%3A%2F%2Fsangokai.org%2F%3Fpage_id%3D5133||&#8220;][\/vc_column][\/vc_row][vc_row][vc_column width=&#8220;1\/2&#8243;][vc_empty_space height=&#8220;50px&#8220;][vc_single_image image=&#8220;9717&#8243; img_size=&#8220;medium&#8220; alignment=&#8220;center&#8220;][\/vc_column][vc_column width=&#8220;1\/2&#8243;][vc_empty_space height=&#8220;20px&#8220;][vc_custom_heading text=&#8220;BALANCE Ca-2&#8243; font_container=&#8220;tag:h2|text_align:left|color:%239e9447&#8243; google_fonts=&#8220;font_family:PT%20Sans%3Aregular%2Citalic%2C700%2C700italic|font_style:400%20regular%3A400%3Anormal&#8220;][vc_column_text]<\/p>\n<hr \/>\n<p style=\"text-align: left;\"><span style=\"font-family: tahoma, arial, helvetica, sans-serif; font-size: 12pt; color: #000000;\">BALANCE Ca-2 dosiert angepasst an die Ca-1 Dosierung die Meerwasser Hauptkomponenten Schwefel (als Sulfat), Magnesium, Kalium, Bromid, Fluorid und Iodid. Die Zugabe ist exakt an die Masse Ca, Sr, B und Rb aus Ca-1 angepasst.<\/span><\/p>\n<p style=\"text-align: left;\"><span style=\"font-family: tahoma, arial, helvetica, sans-serif; font-size: 12pt; color: #000000;\">Dadurch kommt es durch die Zugabe von Ca-1 zu keiner Ionenverschiebung und die Verf\u00fcgbarkeit von wichtigen Hauptelementen wie Kalium oder Bromid bleibt f\u00fcr die Organismen im Riffaquarium stets gleich.<\/span><\/p>\n<p style=\"text-align: left;\"><span style=\"font-family: tahoma, arial, helvetica, sans-serif; font-size: 12pt; color: #000000;\">Ca-2 ist der Erfolgsschl\u00fcssel daf\u00fcr, dass der Wasserwechsel als Ma\u00dfnahme zur Erhaltung der Ionenbalance im Meerwasser durch die Zugabe von Calcium- und KH Salzen \u00fcberfl\u00fcssig wird.<\/span><\/p>\n<p style=\"text-align: left;\"><span style=\"font-family: tahoma, arial, helvetica, sans-serif; font-size: 12pt; color: #000000;\">Die Anleitung zum BALANCE System findest Du in der Webseiten-Kategorie &#8222;Anwendung&#8220;. Zudem stellen wir Dir viele Informationen und Fachwissen rund um das Thema Ionenbalance im Kapitel &#8222;Wasserwechsel&#8220; in den kostenlosen SEA-Z zur Verf\u00fcgung.<\/span><\/p>\n<p>[\/vc_column_text][vc_empty_space height=&#8220;20px&#8220;][vc_btn title=&#8220;Produktbeschreibung&#8220; style=&#8220;3d&#8220; color=&#8220;primary&#8220; link=&#8220;url:http%3A%2F%2Fsangokai.org%2F%3Fpage_id%3D5144||&#8220;][\/vc_column][\/vc_row][vc_row][vc_column width=&#8220;1\/2&#8243;][vc_empty_space height=&#8220;60px&#8220;][vc_single_image image=&#8220;9718&#8243; img_size=&#8220;medium&#8220; alignment=&#8220;center&#8220;][\/vc_column][vc_column width=&#8220;1\/2&#8243;][vc_empty_space height=&#8220;20px&#8220;][vc_custom_heading text=&#8220;BALANCE KH&#8220; font_container=&#8220;tag:h2|text_align:left|color:%239e9447&#8243; google_fonts=&#8220;font_family:PT%20Sans%3Aregular%2Citalic%2C700%2C700italic|font_style:400%20regular%3A400%3Anormal&#8220;][vc_column_text]<\/p>\n<hr \/>\n<p style=\"text-align: left;\"><span style=\"color: #000000; font-family: tahoma, arial, helvetica, sans-serif; font-size: 12pt;\">Ergibt 10.000 mL (10 L) KH Gebrauchsl\u00f6sung mit mindestens 25000\u00b0KH Einheiten.<\/span><\/p>\n<p style=\"text-align: left;\"><span style=\"color: #000000; font-family: tahoma, arial, helvetica, sans-serif; font-size: 12pt;\">Auch f\u00fcr die BOLUS Anwendung (Firma Fauna Marin) geeignet.<\/span><\/p>\n<p style=\"text-align: left;\"><span style=\"color: #000000; font-family: tahoma, arial, helvetica, sans-serif; font-size: 12pt;\">BALANCE KH ist eine rein anorganische Mischung aus Carbonatsalzen zur Erh\u00f6hung der Karbonath\u00e4rte\/Alkalinit\u00e4t im Meerwasser. <\/span><\/p>\n<p style=\"text-align: left;\"><span style=\"color: #000000; font-family: tahoma, arial, helvetica, sans-serif; font-size: 12pt;\">Durch die Verwendung verschiedener Carbonat-Quellen ist BALANCE KH sehr ergiebig und hilft auch dabei, freies gel\u00f6stes Kohlendioxid (CO2) in Bicarbonat umzuwandeln. Dadurch kann die regul\u00e4re Dosierung in der Gebrauchsl\u00f6sung von 40 mL pro 100 L = 1\u00b0KH meistens sogar unterschritten werden.<\/span><\/p>\n<p style=\"text-align: left;\"><span style=\"color: #000000; font-family: tahoma, arial, helvetica, sans-serif; font-size: 12pt;\">Es liefert verschiedene Carbonatformen, die Du brauchst, um die Karbonath\u00e4rte auf einem optimalen Niveau von 7-7,5\u00b0dKH exakt einzustellen.\u00a0<\/span><\/p>\n<p style=\"text-align: left;\"><span style=\"font-family: tahoma, arial, helvetica, sans-serif; font-size: 12pt; color: #000000;\">Gleichzeitig stabilisierst Du den pH Wert in einem optimalen alkalischen Bereich. Die KH-Stabilisierung gew\u00e4hrleistet konstant gute Wachstumsraten bei Kalkrotalgen, Kalkschw\u00e4mmen, Steinkorallen und anderen kalkbildenden Wirbellosen wie z.B. <em>Tridacna<\/em>-Muscheln.<\/span><\/p>\n<p style=\"text-align: left;\"><span style=\"font-family: tahoma, arial, helvetica, sans-serif; font-size: 12pt; color: #000000;\">Die Anleitung zur Carbonat-Versorgung mit BALANCE KH findest Du in der Webseiten-Kategorie &#8222;Anwendung&#8220;. Zudem stellen wir Dir viele Informationen und Fachwissen rund um das Thema Karbonath\u00e4rte und Kalkhaushalt-Stabilisierung in den entsprechenden Kapiteln der kostenlosen SEA-Z zur Verf\u00fcgung.<\/span><\/p>\n<p>[\/vc_column_text][vc_empty_space height=&#8220;20px&#8220;][vc_btn title=&#8220;Produktbeschreibung&#8220; style=&#8220;3d&#8220; color=&#8220;primary&#8220; link=&#8220;url:http%3A%2F%2Fsangokai.org%2F%3Fpage_id%3D5163||&#8220;][\/vc_column][\/vc_row][vc_row full_width=&#8220;full_width_content&#8220; animation_type=&#8220;h&#8220; vertical_animation=&#8220;top-animation&#8220;][vc_column][vc_text_separator title=&#8220;Anwendung der SANGOKAI BALANCE-Produkte&#8220;][\/vc_column][\/vc_row][vc_row full_width=&#8220;full_width_content&#8220; bg_type=&#8220;bg_color&#8220; bg_color_value=&#8220;#f4f4f4&#8243; animation_type=&#8220;h&#8220; vertical_animation=&#8220;top-animation&#8220;][vc_column width=&#8220;1\/6&#8243;][\/vc_column][vc_column width=&#8220;2\/3&#8243;][vc_empty_space height=&#8220;60px&#8220;][vc_custom_heading text=&#8220;Alle relevanten Hinweise zum Gebrauch des BALANCE Systems zur Kalkhaushalt-Stabilisierung haben wir Dir in der Webseiten-Kategorie Anwendung hinterlegt.&#8220; font_container=&#8220;tag:h2|font_size:30|text_align:center|color:%236e6e6e&#8220; google_fonts=&#8220;font_family:PT%20Sans%3Aregular%2Citalic%2C700%2C700italic|font_style:400%20regular%3A400%3Anormal&#8220;][vc_empty_space height=&#8220;40px&#8220;][vc_btn title=&#8220;Anwendung BALANCE Kalkhaushalt System&#8220; style=&#8220;3d&#8220; color=&#8220;green&#8220; link=&#8220;url:http%3A%2F%2Fsangokai.org%2F%3Fpage_id%3D5802||&#8220;][vc_empty_space height=&#8220;60px&#8220;][\/vc_column][vc_column width=&#8220;1\/6&#8243;][\/vc_column][\/vc_row][vc_row full_width=&#8220;full_width_content&#8220; animation_type=&#8220;h&#8220; vertical_animation=&#8220;top-animation&#8220;][vc_column][vc_btn title=&#8220;Zur\u00fcck zur BALANCE \u00dcbersicht&#8220; style=&#8220;3d&#8220; color=&#8220;primary&#8220; size=&#8220;lg&#8220; align=&#8220;center&#8220; link=&#8220;url:http%3A%2F%2Fsangokai.org%2F%3Fpage_id%3D10548||&#8220;][vc_empty_space height=&#8220;60px&#8220;][\/vc_column][\/vc_row]<\/p>","protected":false},"excerpt":{"rendered":"<p>[vc_row full_width=&#8220;full_width_content&#8220;][vc_column width=&#8220;1\/6&#8243;][\/vc_column][vc_column width=&#8220;2\/3&#8243;][vc_empty_space height=&#8220;100px&#8220;][vc_custom_heading text=&#8220;SANGOKAI BALANCE Kalkhaushalt System&#8220; font_container=&#8220;tag:h2|font_size:40|text_align:center|color:%236e6e6e&#8220; google_fonts=&#8220;font_family:PT%20Sans%3Aregular%2Citalic%2C700%2C700italic|font_style:400%20regular%3A400%3Anormal&#8220;][vc_empty_space height=&#8220;40px&#8220;][vc_custom_heading text=&#8220;Effektive Produkte f\u00fcr die Kalkhaushalt-Stabilisierung&#8220; font_container=&#8220;tag:h2|font_size:30|text_align:center|color:%236e6e6e&#8220; google_fonts=&#8220;font_family:PT%20Sans%3Aregular%2Citalic%2C700%2C700italic|font_style:400%20regular%3A400%3Anormal&#8220;][vc_empty_space height=&#8220;40px&#8220;][\/vc_column][vc_column width=&#8220;1\/6&#8243;][\/vc_column][\/vc_row][vc_row][vc_column width=&#8220;1\/2&#8243;][vc_empty_space height=&#8220;50px&#8220;][vc_single_image image=&#8220;9722&#8243; img_size=&#8220;medium&#8220; alignment=&#8220;center&#8220;][\/vc_column][vc_column width=&#8220;1\/2&#8243;][vc_empty_space height=&#8220;100px&#8220;][vc_custom_heading text=&#8220;Mit der SANGOKAI Kalkhaushalt-Stabilisierung hast Du in Deinem Riffaquarium perfekte Kontrolle \u00fcber den Calcium- und Carbonatgehalt.&#8220; font_container=&#8220;tag:h2|font_size:30|text_align:left|color:%236e6e6e&#8220;&hellip;  <\/p>\n<div class=\"read-more-button\"><a class=\"button\" href=\"http:\/\/sangokai.org\/?page_id=4492\" title=\"Read BALANCE System\">Mehr lesen<\/a><\/div>\n","protected":false},"author":1,"featured_media":0,"parent":10548,"menu_order":2,"comment_status":"closed","ping_status":"open","template":"page-templates\/no-stunning.php","meta":{"footnotes":""},"class_list":["post-4492","page","type-page","status-publish","hentry"," init "],"_links":{"self":[{"href":"http:\/\/sangokai.org\/index.php?rest_route=\/wp\/v2\/pages\/4492","targetHints":{"allow":["GET"]}}],"collection":[{"href":"http:\/\/sangokai.org\/index.php?rest_route=\/wp\/v2\/pages"}],"about":[{"href":"http:\/\/sangokai.org\/index.php?rest_route=\/wp\/v2\/types\/page"}],"author":[{"embeddable":true,"href":"http:\/\/sangokai.org\/index.php?rest_route=\/wp\/v2\/users\/1"}],"replies":[{"embeddable":true,"href":"http:\/\/sangokai.org\/index.php?rest_route=%2Fwp%2Fv2%2Fcomments&post=4492"}],"version-history":[{"count":387,"href":"http:\/\/sangokai.org\/index.php?rest_route=\/wp\/v2\/pages\/4492\/revisions"}],"predecessor-version":[{"id":13279,"href":"http:\/\/sangokai.org\/index.php?rest_route=\/wp\/v2\/pages\/4492\/revisions\/13279"}],"up":[{"embeddable":true,"href":"http:\/\/sangokai.org\/index.php?rest_route=\/wp\/v2\/pages\/10548"}],"wp:attachment":[{"href":"http:\/\/sangokai.org\/index.php?rest_route=%2Fwp%2Fv2%2Fmedia&parent=4492"}],"curies":[{"name":"wp","href":"https:\/\/api.w.org\/{rel}","templated":true}]}}