{"id":4831,"date":"2015-03-11T16:51:59","date_gmt":"2015-03-11T16:51:59","guid":{"rendered":"http:\/\/sangokai.org\/?page_id=4831"},"modified":"2025-05-19T14:41:25","modified_gmt":"2025-05-19T14:41:25","slug":"basis-system-funktionsprinzip","status":"publish","type":"page","link":"http:\/\/sangokai.org\/?page_id=4831","title":{"rendered":"BASIS-System Funktionsprinzip"},"content":{"rendered":"<p>[vc_row full_width=&#8220;full_width_content&#8220; animation_type=&#8220;h&#8220; vertical_animation=&#8220;top-animation&#8220;][vc_column][vc_empty_space height=&#8220;150px&#8220;][vc_custom_heading text=&#8220;SANGOKAI BASIS-System&#8220; font_container=&#8220;tag:h2|font_size:40|text_align:center|color:%236e6e6e&#8220; google_fonts=&#8220;font_family:PT%20Sans%3Aregular%2Citalic%2C700%2C700italic|font_style:400%20regular%3A400%3Anormal&#8220;][vc_empty_space height=&#8220;40px&#8220;][vc_custom_heading text=&#8220;Allgemeines Funktionsprinzip und Wirkungsweise&#8220; font_container=&#8220;tag:h2|font_size:30|text_align:center|color:%236e6e6e&#8220; google_fonts=&#8220;font_family:PT%20Sans%3Aregular%2Citalic%2C700%2C700italic|font_style:400%20regular%3A400%3Anormal&#8220;][\/vc_column][\/vc_row][vc_row full_width=&#8220;full_width_content&#8220; animation_type=&#8220;h&#8220; vertical_animation=&#8220;top-animation&#8220;][vc_column][vc_text_separator title=&#8220;Konzept, Wirkung und Funktion&#8220;][\/vc_column][\/vc_row][vc_row full_width=&#8220;full_width_content&#8220; animation_type=&#8220;h&#8220; vertical_animation=&#8220;top-animation&#8220;][vc_column width=&#8220;1\/6&#8243;][\/vc_column][vc_column width=&#8220;2\/3&#8243;][vc_custom_heading text=&#8220;Allgemeine Wirkungsweise und biologisches Konzept.&#8220; font_container=&#8220;tag:h2|text_align:center|color:%239e9447&#8243; google_fonts=&#8220;font_family:PT%20Sans%3Aregular%2Citalic%2C700%2C700italic|font_style:400%20regular%3A400%3Anormal&#8220;][vc_empty_space height=&#8220;60px&#8220;][vc_column_text]<\/p>\n<p style=\"text-align: center;\"><span style=\"font-size: 14pt;\"><span style=\"font-family: tahoma, arial, helvetica, sans-serif; color: #000000;\">Auch wenn Dein\u00a0Hauptaugenmerk in der Riffaquaristik auf den Korallen und den Fischen liegt, musst\u00a0Du\u00a0Dein\u00a0Riffaquariensystem immer als ein Ganzes betrachten und verstehen.\u00a0<\/span><span style=\"font-family: tahoma, arial, helvetica, sans-serif; color: #000000;\">Die von Dir dosierten\u00a0Wirk- und Additivsubstanzen stehen prinzipiell\u00a0<strong>allen<\/strong>\u00a0Organismen im Aquarium zur Verf\u00fcgung: den Bakterien, Mikro- und Makroalgen, Mikroben und Kleinsttieren\u00a0und nat\u00fcrlich auch allen Filtrierern und schliesslich auch den\u00a0Korallen.<\/span><\/span><\/p>\n<p>[\/vc_column_text][vc_column_text]<\/p>\n<hr \/>\n<p style=\"text-align: justify;\"><span style=\"font-family: tahoma, arial, helvetica, sans-serif; font-size: 12pt; color: #000000;\">Die Ziele und Wirkungsweisen des\u00a0SANGOKAI BASIS-Systems\u00a0sind sehr einfach nachvollziehbar und entsprechen dem \u00f6kologischen Funktionsprinzip des nat\u00fcrlichen tropischen Korallenriffs. Durch eine breite und konstante Mikron\u00e4hrstoffversorgung erh\u00e4lt Dein\u00a0Riffaquarium einen deutlichen Zuwachs an selbst\u00e4ndiger Leistungsf\u00e4higkeit, das hei\u00dft:<\/span><\/p>\n<p style=\"text-align: justify;\"><span style=\"font-family: tahoma, arial, helvetica, sans-serif; font-size: 12pt; color: #000000;\">1) H\u00f6here Eigenleistung beim Um- und Abbau von eingebrachten N\u00e4hrstoffen (Fischfutter, Korallenfutter, etc.). Es entwickelt sich eine gesunde Mikroflora und viele Kleinstlebewesen, die beim Abbau von organischen Schadstoffen helfen. Dadurch kann Dein\u00a0SANGOKAI\u00a0Riffaquarium im Vergleich zu anderen Aquariensystemen st\u00e4rker belastet werden, ohne dabei verst\u00e4rkt Nitrat oder Phosphat im Wasser anzureichern.<\/span><\/p>\n<p style=\"text-align: justify;\"><span style=\"font-family: tahoma, arial, helvetica, sans-serif; font-size: 12pt; color: #000000;\">2) Gesteigerte Artenvielfalt: wie im nat\u00fcrlichen Korallenriff\u00a0k\u00f6nnen\u00a0auf der Basis vieler verschiedener N\u00e4hrstoffe in ausreichender, aber nicht \u00fcbertrieben hoher Konzentration auch viele verschiedene Organismen im Aquarium coexistieren\u00a0und ihre jeweiligen Populationen entwickeln. Dadurch wird auch das Potential geschaffen, aquarieneigene planktonische Lebensformen (Bakterioplankton, Phytoplankton, planktonische Larvalstadien, etc.) hervorzubringen, die wiederum anderen Tieren (z.B. Filtrierern, azooxanthellaten Korallen, Nahrungsspezialisten im Fischbesatz) als Nahrungsgrundlage und Futterquelle dienen. Der Entstehung von partikul\u00e4rem organischen Material (Detritus) wird dadurch vorgebeugt, dass sich mehr destruierende und mineralisierende Organismen etablieren, die solches Material auf nat\u00fcrliche Weise abbauen.<\/span><\/p>\n<p style=\"text-align: justify;\"><span style=\"font-family: tahoma, arial, helvetica, sans-serif; font-size: 12pt; color: #000000;\">3) Stabileres und st\u00e4rkeres Wachstum der Korallen: je kr\u00e4ftiger und ges\u00fcnder Korallen wachsen, desto stabiler ist auch das gesamte Riffaquariensystem. Private und kommerzielle Korallenz\u00fcchter profitieren von dieser Wachstumssteigerung. Insbesondere kleinpolypige Steinkorallen bilden schneller Basalscheiben und wachsen besser an k\u00fcnstliche Substrate an. Mutterst\u00f6cke verkraften st\u00e4ndige Fragmentationssch\u00e4den deutlich besser und regenerieren das Gewebe z\u00fcgiger. Auch wird die Sterblichkeitsrate bei frischen und v.a. sehr kleinen Ablegern gesenkt.<\/span><\/p>\n<p style=\"text-align: justify;\"><span style=\"font-family: tahoma, arial, helvetica, sans-serif; font-size: 12pt; color: #000000;\">Insgesamt weist Dein\u00a0SANGOKAI\u00a0Riffaquarium dadurch eine wesentlich gr\u00f6\u00dfere biologische Stabilit\u00e4t auf, als ein anderes Riffaquariensystem. Es neigt weniger zur Bildung unerw\u00fcnschter Algen, regeneriert akute Sch\u00e4den (z.B. durch Temperaturschwankungen im Sommer) besser, und ist einfacher zu kontrollieren. Alles in Allem werden die Probleme mit Deinem\u00a0Aquarium im allt\u00e4glichen Betrieb weniger, das Hobby bereitet Dir mehr Freude und Entspannung.<\/span><\/p>\n<p>[\/vc_column_text][\/vc_column][vc_column width=&#8220;1\/6&#8243;][\/vc_column][\/vc_row][vc_row full_width=&#8220;full_width_content&#8220; animation_type=&#8220;h&#8220; vertical_animation=&#8220;top-animation&#8220;][vc_column width=&#8220;1\/6&#8243;][\/vc_column][vc_column width=&#8220;2\/3&#8243;][vc_custom_heading text=&#8220;Worin unterscheidet sich das SANGOKAI BASIS-System von anderen Systemen?&#8220; font_container=&#8220;tag:h2|text_align:center|color:%239e9447&#8243; google_fonts=&#8220;font_family:PT%20Sans%3Aregular%2Citalic%2C700%2C700italic|font_style:400%20regular%3A400%3Anormal&#8220;][vc_column_text]<\/p>\n<hr \/>\n<p style=\"text-align: justify;\"><span style=\"font-family: tahoma, arial, helvetica, sans-serif; font-size: 12pt; color: #000000;\">Der Unterschied zu vielen\u00a0anderen Additiv-Systemen liegt darin, das diese meist einen bestimmten Effekt in den Vordergrund stellen, z.B. den Abbau von Nitrat und Phosphat oder die gezielte und teils k\u00fcnstliche F\u00f6rderung oder Erzwingung von Korallenfarben.<\/span><\/p>\n<p style=\"text-align: justify;\"><span style=\"font-family: tahoma, arial, helvetica, sans-serif; font-size: 12pt; color: #000000;\">Das SANGOKAI Konzept setzt auf ein ganz anderes und weitaus komplexeres Funktionsprinzip. Das BASIS-System zielt darauf ab, das Riffaquarium als ein Ganzes zu erfassen und es durch eine stabile und dauerhafte N\u00e4hrstoffversorgung umfassend zu st\u00e4rken. Daraus ergeben sich \u00e4u\u00dferst vielseitige positive Effekte. Dies betrifft nicht nur z.B. den Abbau von angereichertem Nitrat oder Phosphat, sondern auch die verminderte Entstehung von neuen Schadstoffen, sowie die verbesserte Nutzung von N\u00e4hrstoffen aus dem Futtereintrag und die Steigerung von Wachstum und Farbausbildung von Korallen als direkte Folge einer optimierten und konstant verf\u00fcgbaren Mikron\u00e4hrstoffversorgung. Im SANGOKAI-System liegt der Fokus immer auf dem Gesamt\u00f6kosystem.<\/span><\/p>\n<p style=\"text-align: justify;\"><span style=\"font-family: tahoma, arial, helvetica, sans-serif; font-size: 12pt; color: #000000;\">Wenn Du in der Riffaquaristik \u00fcber die derzeitigen Pflegem\u00f6glichkeiten hinaus neue Zielsetzungen definieren willst, brauchst Du ein solches stabiles und breites N\u00e4hrstoffgef\u00fcge in Deinem Riffaquarium. Genau wie im nat\u00fcrlichen Korallenriff. Die Pflege z.B. von azooxanthellaten Korallen (engl. NPS, non-photosynthetic species) und Filtrierern wird nur dann m\u00f6glich sein, wenn das Riffaquarium \u00fcber ein hohes Ma\u00df an Eigenleistung verf\u00fcgt, N\u00e4hrstoffe in einem komplexen funktionierenden Nahrungsnetz umzusetzen, ohne dass sich Mulm und Detritus stark anreichern. Nur dadurch ensteht ein Pool aus aquarieneigenen Futterorganismen im Riffaquarium, die anteilig auch die Ern\u00e4hrung nicht-photosynthetischer Korallen erm\u00f6glicht.<\/span><\/p>\n<p style=\"text-align: justify;\"><span style=\"font-family: tahoma, arial, helvetica, sans-serif; font-size: 12pt; color: #000000;\">Nat\u00fcrlich hat jedes Riffaquarium seinen ganz eigenen, individuellen Besatz, v..a mit verschiedenen Korallengruppen. Daraus ergeben sich v.a. hinsichtlich des Kalkhaushalts (Calcium- und Carbonatgehalt) unterschiedliche Ca\/KH Verbr\u00e4uche, d.h. ein Weichkorallenbecken wird weniger Ca\/KH verbrauchen als ein stark besetztes SPS-Becken. <\/span><span style=\"font-family: tahoma, arial, helvetica, sans-serif; font-size: 12pt; color: #000000;\">N\u00e4hrstoffversorgung und Kalkhaushalt sind im SANGOKAI System daher nicht aneinander gekoppelt. Der Kalkhaushalt wird im SANGOKAI System durch die BALANCE-Produkte abgedeckt und stabilisiert. Hier geht es v.a. um die Erhaltung einer optimalen und natur\u00e4hnlichen Meerwasserumgebung, d.h. unabh\u00e4ngig von N\u00e4hrstoffen und damit auch unabh\u00e4ngig vom BASIS-System. <\/span><\/p>\n<p style=\"text-align: justify;\"><span style=\"font-family: tahoma, arial, helvetica, sans-serif; font-size: 12pt; color: #000000;\">Du kannst also auch in einem Weichkorallenbecken die N\u00e4hrstoffe einbringen, die das Becken ben\u00f6tigt, auch wenn Dein KH- und Calciumverbrauch nur gering ist. Die Mikron\u00e4hrstoffversorgung ist im SANGOKAI-System eine Konstante. Vor allem organische N\u00e4hrstoffe werden hier in zwar ausgeglichener und stabiler Art und Weise, jedoch gleicherma\u00dfen auch in einer geringen und exakt berechneten Konzentration angeboten, die das Riffaquarium mit seinen Organismen (vom Bakterium bis hin zur Koralle) jeden Tag vollst\u00e4ndig verbraucht. Auf dieser Grundlage entwickelt jedes Riffaquarium seine eigene Besatzstruktur und Organismenvielfalt. Genau wie auch in der Natur nur dann ein Organismus wachsen kann, wenn er alle dazu notwendigen Voraussetzungen vorfindet. Ohne N\u00e4hrstoffe kann auch nichts wachsen!<\/span><\/p>\n<p style=\"text-align: justify;\"><span style=\"font-family: tahoma, arial, helvetica, sans-serif; font-size: 12pt; color: #000000;\">Als Folge einer optimalen Aquarienplanung, Riffgestaltung und einer sinnvollen technischen Konzeption, deckt\u00a0der Einsatz des SANGOKAI BASIS-Systems\u00a0den Gro\u00dfteil der pflegerischen Ma\u00dfnahmen von alleine ab.<\/span><\/p>\n<p>[\/vc_column_text][vc_empty_space height=&#8220;40px&#8220;]\n<a href = \"http:\/\/sangokai.org\/?page_id=8593\" target=''\" title=\"\"><span class=\"aio-icon  advanced \" data-animation=\"\" data-animation-delay=\"0\" style=\"color:#dd3333;border-style:solid;border-color:#dd3333;border-width:1px;width:80px;height:80px;line-height:80px;border-radius:500px;font-size:32px;\" >\n\t<i class=\"embrace-back\"><\/i>\n<\/span><\/a>[vc_empty_space height=&#8220;80px&#8220;][\/vc_column][vc_column width=&#8220;1\/6&#8243;][\/vc_column][\/vc_row]<\/p>","protected":false},"excerpt":{"rendered":"<p>[vc_row full_width=&#8220;full_width_content&#8220; animation_type=&#8220;h&#8220; vertical_animation=&#8220;top-animation&#8220;][vc_column][vc_empty_space height=&#8220;150px&#8220;][vc_custom_heading text=&#8220;SANGOKAI BASIS-System&#8220; font_container=&#8220;tag:h2|font_size:40|text_align:center|color:%236e6e6e&#8220; google_fonts=&#8220;font_family:PT%20Sans%3Aregular%2Citalic%2C700%2C700italic|font_style:400%20regular%3A400%3Anormal&#8220;][vc_empty_space height=&#8220;40px&#8220;][vc_custom_heading text=&#8220;Allgemeines Funktionsprinzip und Wirkungsweise&#8220; font_container=&#8220;tag:h2|font_size:30|text_align:center|color:%236e6e6e&#8220; google_fonts=&#8220;font_family:PT%20Sans%3Aregular%2Citalic%2C700%2C700italic|font_style:400%20regular%3A400%3Anormal&#8220;][\/vc_column][\/vc_row][vc_row full_width=&#8220;full_width_content&#8220; animation_type=&#8220;h&#8220; vertical_animation=&#8220;top-animation&#8220;][vc_column][vc_text_separator title=&#8220;Konzept, Wirkung und Funktion&#8220;][\/vc_column][\/vc_row][vc_row full_width=&#8220;full_width_content&#8220; animation_type=&#8220;h&#8220; vertical_animation=&#8220;top-animation&#8220;][vc_column width=&#8220;1\/6&#8243;][\/vc_column][vc_column width=&#8220;2\/3&#8243;][vc_custom_heading text=&#8220;Allgemeine Wirkungsweise und biologisches Konzept.&#8220; font_container=&#8220;tag:h2|text_align:center|color:%239e9447&#8243; google_fonts=&#8220;font_family:PT%20Sans%3Aregular%2Citalic%2C700%2C700italic|font_style:400%20regular%3A400%3Anormal&#8220;][vc_empty_space height=&#8220;60px&#8220;][vc_column_text] Auch wenn Dein\u00a0Hauptaugenmerk in der Riffaquaristik auf den Korallen&hellip;  <\/p>\n<div class=\"read-more-button\"><a class=\"button\" href=\"http:\/\/sangokai.org\/?page_id=4831\" title=\"Read BASIS-System Funktionsprinzip\">Mehr lesen<\/a><\/div>\n","protected":false},"author":1,"featured_media":0,"parent":4173,"menu_order":0,"comment_status":"closed","ping_status":"open","template":"page-templates\/no-stunning.php","meta":{"footnotes":""},"class_list":["post-4831","page","type-page","status-publish","hentry"," init "],"_links":{"self":[{"href":"http:\/\/sangokai.org\/index.php?rest_route=\/wp\/v2\/pages\/4831","targetHints":{"allow":["GET"]}}],"collection":[{"href":"http:\/\/sangokai.org\/index.php?rest_route=\/wp\/v2\/pages"}],"about":[{"href":"http:\/\/sangokai.org\/index.php?rest_route=\/wp\/v2\/types\/page"}],"author":[{"embeddable":true,"href":"http:\/\/sangokai.org\/index.php?rest_route=\/wp\/v2\/users\/1"}],"replies":[{"embeddable":true,"href":"http:\/\/sangokai.org\/index.php?rest_route=%2Fwp%2Fv2%2Fcomments&post=4831"}],"version-history":[{"count":47,"href":"http:\/\/sangokai.org\/index.php?rest_route=\/wp\/v2\/pages\/4831\/revisions"}],"predecessor-version":[{"id":13186,"href":"http:\/\/sangokai.org\/index.php?rest_route=\/wp\/v2\/pages\/4831\/revisions\/13186"}],"up":[{"embeddable":true,"href":"http:\/\/sangokai.org\/index.php?rest_route=\/wp\/v2\/pages\/4173"}],"wp:attachment":[{"href":"http:\/\/sangokai.org\/index.php?rest_route=%2Fwp%2Fv2%2Fmedia&parent=4831"}],"curies":[{"name":"wp","href":"https:\/\/api.w.org\/{rel}","templated":true}]}}