{"id":5595,"date":"2015-05-25T19:02:38","date_gmt":"2015-05-25T19:02:38","guid":{"rendered":"http:\/\/sangokai.org\/?page_id=5595"},"modified":"2025-07-22T22:44:12","modified_gmt":"2025-07-22T22:44:12","slug":"single-dosierung-basis-system","status":"publish","type":"page","link":"http:\/\/sangokai.org\/?page_id=5595","title":{"rendered":"SINGLE Dosierung"},"content":{"rendered":"<p>[vc_row full_width=&#8220;full_width_content&#8220; animation_type=&#8220;h&#8220; vertical_animation=&#8220;top-animation&#8220;][vc_column][vc_empty_space height=&#8220;100px&#8220;][vc_custom_heading text=&#8220;Anleitung f\u00fcr die SINGLE-Dosierung (BASIS-System)&#8220; font_container=&#8220;tag:h2|font_size:40|text_align:center|color:%236e6e6e&#8220; google_fonts=&#8220;font_family:PT%20Sans%3Aregular%2Citalic%2C700%2C700italic|font_style:400%20regular%3A400%3Anormal&#8220;][\/vc_column][\/vc_row][vc_row full_width=&#8220;full_width_content&#8220; animation_type=&#8220;h&#8220; vertical_animation=&#8220;top-animation&#8220;][vc_column width=&#8220;1\/6&#8243;][\/vc_column][vc_column width=&#8220;2\/3&#8243;][vc_custom_heading text=&#8220;Mit der SINGLE-Dosierung kannst Du das BASIS-System t\u00e4glich per Hand einfach und sehr kontrolliert dosieren.&#8220; font_container=&#8220;tag:h2|font_size:35|text_align:center|color:%236e6e6e&#8220; google_fonts=&#8220;font_family:PT%20Sans%3Aregular%2Citalic%2C700%2C700italic|font_style:400%20regular%3A400%3Anormal&#8220;][\/vc_column][vc_column width=&#8220;1\/6&#8243;][\/vc_column][\/vc_row][vc_row full_width=&#8220;full_width_content&#8220; animation_type=&#8220;h&#8220; vertical_animation=&#8220;top-animation&#8220;][vc_column][vc_text_separator title=&#8220;SINGLE &#8211; Dosiermethode per Hand&#8220;][\/vc_column][\/vc_row][vc_row animation_type=&#8220;h&#8220; vertical_animation=&#8220;top-animation&#8220;][vc_column width=&#8220;1\/4&#8243;][vc_empty_space height=&#8220;93&#8243;][vc_column_text]<img loading=\"lazy\" decoding=\"async\" class=\"aligncenter wp-image-5712\" src=\"http:\/\/sangokai.org\/wp-content\/uploads\/2015\/05\/SANGOKAI_Dosierwerkzeuge-e1432913281231.jpg\" alt=\"SANGOKAI_Dosierwerkzeuge\" width=\"374\" height=\"500\" \/>[\/vc_column_text][vc_column_text]<\/p>\n<p style=\"text-align: left;\"><span style=\"font-family: verdana, geneva, sans-serif; font-size: 8pt;\">Verschiedene Dosierm\u00f6glichkeiten f\u00fcr das SINGLE- und KOMBI-Dosiersystem:<\/span><\/p>\n<p style=\"text-align: left;\"><span style=\"font-family: verdana, geneva, sans-serif; font-size: 8pt;\">Links: 1 mL\u00a0Einmalspritze (Insulinspritze)<\/span><\/p>\n<p style=\"text-align: left;\"><span style=\"font-family: verdana, geneva, sans-serif; font-size: 8pt;\">Mitte: 5 mL Sirup-Dosierspritze<\/span><\/p>\n<p style=\"text-align: left;\"><span style=\"font-family: verdana, geneva, sans-serif; font-size: 8pt;\">Rechts: 30 mL Dosierbecher<\/span><\/p>\n<p>[\/vc_column_text][vc_empty_space height=&#8220;40px&#8220;][\/vc_column][vc_column width=&#8220;3\/4&#8243;][vc_custom_heading text=&#8220;Wie funktioniert die SINGLE-Dosierung des BASIS-Systems?&#8220; font_container=&#8220;tag:h2|text_align:left|color:%239e9447&#8243; google_fonts=&#8220;font_family:PT%20Sans%3Aregular%2Citalic%2C700%2C700italic|font_style:400%20regular%3A400%3Anormal&#8220;][vc_empty_space height=&#8220;60px&#8220;][vc_column_text]<\/p>\n<p style=\"text-align: justify;\"><span style=\"font-family: tahoma, arial, helvetica, sans-serif; font-size: 12pt; color: #000000;\">Bei der SINGLE-Dosierung per Hand dosierst Du die BASIS Produkte direkt mit einer Spritze oder einem Dosierbecher in Dein Riffaquarium. Du musst vor der Dosierung die L\u00f6sungen weder verd\u00fcnnen, noch mit anderen Produkten mischen. Jedes BASIS Produkt wird einzeln dosiert.<\/span><\/p>\n<p style=\"text-align: justify;\"><span style=\"color: #000000;\"><span style=\"font-family: tahoma, arial, helvetica, sans-serif; font-size: 12pt;\">Idealerweise werden BASIS #1 und #2 w\u00e4hrend der Beleuchtungsphase zugegeben. <\/span><span style=\"font-family: tahoma, arial, helvetica, sans-serif; font-size: 12pt;\">Bei einer Dosierung von Hand sollte man sich aber vom Aquarium nicht \u201eversklaven\u201c lassen. Wenn man als Berufst\u00e4tiger morgens in der Fr\u00fch noch bei Dunkelheit dosiert, dann ist dadurch die Wirksamkeit der Produkte nicht reduziert. Eine Dosierung in der Dunkelphase oder sp\u00e4t am Abend kann jedoch die Wirkung des BASIS-Systems ver\u00e4ndern, weil Photosynthese-gekoppelte Aufnahmeprozesse dann nicht anspringen. Die Wirkstoffe aus #1 und #2 k\u00f6nnen aber ohne Probleme bis zwei Stunden vor der Dunkelphase auch am Abend dosiert werden.<\/span><\/span><\/p>\n<p style=\"text-align: justify;\" align=\"LEFT\"><span style=\"font-family: tahoma, arial, helvetica, sans-serif; font-size: 12pt; color: #000000;\">BASIS #3 erzeugt durch die Feinsedimente eine Tr\u00fcbung im Wasser, die zwar innerhalb von 1-2 Stunden in der Regel aufgehoben ist, die aber das Betrachten des Riffaquariums w\u00e4hrend der Beleuchtungsphase st\u00f6rt. Daher kann #3 entweder ganz fr\u00fch am Morgen vor der Beleuchtungsphase, oder Abends zu Beginn der Dunkelphase dosiert werden.<\/span><\/p>\n<p style=\"text-align: justify;\" align=\"LEFT\"><span style=\"color: #000000; font-family: tahoma, arial, helvetica, sans-serif; font-size: medium;\">Es ist wichtig, dass Du stets einmal am Tag die volle Dosis zugibst, damit die vorgesehene Wirkstoffkonzentration im Aquarium erreicht wird, die f\u00fcr eine optimale Aufnahme und Verarbeitung wichtig ist. Eine Aufteilung in mehrere Einzeldosierungen pro Tag ist kontraproduktiv <\/span><span style=\"color: #000000; font-family: tahoma, arial, helvetica, sans-serif; font-size: medium;\">und kann\u00a0die Wirkung\u00a0des BASIS Systems vermindern.<\/span><\/p>\n<p style=\"text-align: justify;\"><span style=\"font-family: tahoma, arial, helvetica, sans-serif; font-size: 12pt; color: #000000;\">Zur Dosierung ben\u00f6tigst Du lediglich eine Spritze, eine Pasteurpipette aus Kunststoff oder einen Dosierbecher, je nachdem, wie gro\u00df Dein Becken ist. Dazu bieten wir Dir hier einige Tipps:<\/span><\/p>\n<p style=\"text-align: justify;\"><span style=\"font-family: tahoma, arial, helvetica, sans-serif; font-size: 12pt; color: #000000;\">Um die BASIS N\u00e4hrstoffe aus den Komponenten #1 und #2 zu dosieren, kannst Du eine einzige Spritze\/Pasteurpipette, bzw. einen einzigen Dosierbecher verwenden.\u00a0Es kommt dabei weder zur Kontamination mit Keimen, noch werden die Original-L\u00f6sungen durch anhaftende Fl\u00fcssigkeit\u00a0aus den anderen Flaschen qualitativ beeinflusst. Du arbeitest ausreichend sauber,\u00a0wenn\u00a0Du nach jeder Dosierung die Spritze mit einem Blatt K\u00fcchenrolle abwischst (das kannst Du auch mehrfach benutzen). Sp\u00fcle die Spritze\/Pasteurpipette nach jeder Dosierung regelm\u00e4\u00dfig mit Osmosewasser aus, um sie langfristig sauber zu halten. Auch den Dosierbecher solltest Du regelm\u00e4\u00dfig mit S\u00fc\u00dfwasser reinigen.<\/span><\/p>\n<p style=\"text-align: justify;\"><span style=\"font-family: tahoma, arial, helvetica, sans-serif; font-size: 12pt; color: #000000;\">BASIS #3 ist eine Suspension, die Du vor Gebrauch gut aufsch\u00fctteln musst. #3 wird nur 2x die Woche dosiert (z.B. in einem Dosier-Rhythmus alle 4 Tage, d.h. nach Dosierung 3 Tage Pause, dann am vierten Tag eine neue Dosierung, erneut 3 Tage Pause, etc.). Es ist nicht m\u00f6glich, #3 automatisiert zuzugeben, d.h. die Suspension wird im vorgeschlagenen Dosier-Rhythmus immer h\u00e4ndisch dosiert.<\/span><\/p>\n<p style=\"text-align: justify;\"><span style=\"font-family: tahoma, arial, helvetica, sans-serif; font-size: 12pt; color: #000000;\">F\u00fcr ein kleines Becken zwischen 100 L und 200 L empfehlen wir Dir, mit einer 1 mL Einmal-Spritze aus der Apotheke zu arbeiten (z.B. Insulin-Spritze). Auch manche Wassertests (KH, Calcium\/Magnesium) liefern solche Spritzen im Test-Set f\u00fcr die Reagenzienzugabe mit (v.a. Calcium- und Magnesiumtests). Wenn Du den Wassertest aufgebraucht hast, kannst Du diese Reagenzien-Spritzen nach dem Aussp\u00fclen mit Osmosewasser lange Zeit f\u00fcr Deine BASIS Produkte benutzen. Diese 1 mL Spritzen haben eine 0,1 mL (100 \u00b5L) Skalierung. Du kannst also die kleinen Dosiervolumina sehr einfach abmessen und ins Becken geben. Ideal sind auch die 150 mm langen (7,1&#8243;) Pasteurpipetten aus Kunststoff geeignet, die mit einer 0,5 mL Skalierung ausreichend genau und durch ihre l\u00e4ngliche Form sehr handlich sind. Insbesondere f\u00fcr das Suspensionsmedium BASIS #3 sind diese Pasteurpipetten optimal geeignet.<\/span><\/p>\n<p style=\"text-align: justify;\"><span style=\"font-family: tahoma, arial, helvetica, sans-serif; font-size: 12pt; color: #000000;\">F\u00fcr Riffbecken\u00a0bis 1000 L kannst Du mit einer 5 mL Spritze oder einer \u00a0Kunstoff-Pasteuerpipette mit 3 mL Volumen arbeiten, z.B. mit einer Sirup-Spritze aus der Apotheke bzw. aus verschiedenen Fiebers\u00e4ften. Auch eine normale 5 mL Spritze aus einem alten Wassertest-Set ist prinzipiell geeignet, allerdings sind diese Spritzen recht kurz. Je l\u00e4nger und schmaler die 5 mL Spritze ist, desto besser.<\/span><\/p>\n<p style=\"text-align: justify;\"><span style=\"font-family: tahoma, arial, helvetica, sans-serif; font-size: 12pt; color: #000000;\">F\u00fcr Riffaquarien, die gr\u00f6\u00dfer sind als 1000 L, eignen sich gr\u00f6\u00dfere Spritzen oder kleine Dosierbecher mit einer 2,5 oder 5 mL Skalierung, die man z.B. von Sirupflaschen aus der Apotheke (Hustensaft) kennt.<\/span><\/p>\n<p style=\"text-align: justify;\"><span style=\"font-family: tahoma, arial, helvetica, sans-serif; font-size: 12pt; color: #000000;\">Mit der SINGLE-Dosiermethode arbeitest\u00a0Du einfach und unkompliziert ohne weitere Hilfsmittel. Du kannst sofort anfangen und musst nichts weiter beachten.<\/span><\/p>\n<p>[\/vc_column_text][\/vc_column][\/vc_row][vc_row parallax=&#8220;&#8220; parallax_image=&#8220;&#8220; animation_type=&#8220;h&#8220; vertical_animation=&#8220;top-animation&#8220;][vc_column]\n<a href = \"http:\/\/sangokai.org\/?page_id=5443\" target=''\" title=\"\"><span class=\"aio-icon  advanced \" data-animation=\"\" data-animation-delay=\"0\" style=\"color:#dd3333;background:#f4f4f4;border-style:solid;border-color:#dd3333;border-width:1px;width:80px;height:80px;line-height:80px;border-radius:500px;font-size:32px;\" >\n\t<i class=\"embrace-back\"><\/i>\n<\/span><\/a>[vc_empty_space height=&#8220;80px&#8220;][\/vc_column][\/vc_row]<\/p>","protected":false},"excerpt":{"rendered":"<p>[vc_row full_width=&#8220;full_width_content&#8220; animation_type=&#8220;h&#8220; vertical_animation=&#8220;top-animation&#8220;][vc_column][vc_empty_space height=&#8220;100px&#8220;][vc_custom_heading text=&#8220;Anleitung f\u00fcr die SINGLE-Dosierung (BASIS-System)&#8220; font_container=&#8220;tag:h2|font_size:40|text_align:center|color:%236e6e6e&#8220; google_fonts=&#8220;font_family:PT%20Sans%3Aregular%2Citalic%2C700%2C700italic|font_style:400%20regular%3A400%3Anormal&#8220;][\/vc_column][\/vc_row][vc_row full_width=&#8220;full_width_content&#8220; animation_type=&#8220;h&#8220; vertical_animation=&#8220;top-animation&#8220;][vc_column width=&#8220;1\/6&#8243;][\/vc_column][vc_column width=&#8220;2\/3&#8243;][vc_custom_heading text=&#8220;Mit der SINGLE-Dosierung kannst Du das BASIS-System t\u00e4glich per Hand einfach und sehr kontrolliert dosieren.&#8220; font_container=&#8220;tag:h2|font_size:35|text_align:center|color:%236e6e6e&#8220; google_fonts=&#8220;font_family:PT%20Sans%3Aregular%2Citalic%2C700%2C700italic|font_style:400%20regular%3A400%3Anormal&#8220;][\/vc_column][vc_column width=&#8220;1\/6&#8243;][\/vc_column][\/vc_row][vc_row full_width=&#8220;full_width_content&#8220; animation_type=&#8220;h&#8220; vertical_animation=&#8220;top-animation&#8220;][vc_column][vc_text_separator title=&#8220;SINGLE &#8211; Dosiermethode per Hand&#8220;][\/vc_column][\/vc_row][vc_row animation_type=&#8220;h&#8220; vertical_animation=&#8220;top-animation&#8220;][vc_column&hellip;  <\/p>\n<div class=\"read-more-button\"><a class=\"button\" href=\"http:\/\/sangokai.org\/?page_id=5595\" title=\"Read SINGLE Dosierung\">Mehr lesen<\/a><\/div>\n","protected":false},"author":1,"featured_media":0,"parent":5443,"menu_order":0,"comment_status":"open","ping_status":"open","template":"page-templates\/no-stunning.php","meta":{"footnotes":""},"class_list":["post-5595","page","type-page","status-publish","hentry"," init "],"_links":{"self":[{"href":"http:\/\/sangokai.org\/index.php?rest_route=\/wp\/v2\/pages\/5595","targetHints":{"allow":["GET"]}}],"collection":[{"href":"http:\/\/sangokai.org\/index.php?rest_route=\/wp\/v2\/pages"}],"about":[{"href":"http:\/\/sangokai.org\/index.php?rest_route=\/wp\/v2\/types\/page"}],"author":[{"embeddable":true,"href":"http:\/\/sangokai.org\/index.php?rest_route=\/wp\/v2\/users\/1"}],"replies":[{"embeddable":true,"href":"http:\/\/sangokai.org\/index.php?rest_route=%2Fwp%2Fv2%2Fcomments&post=5595"}],"version-history":[{"count":77,"href":"http:\/\/sangokai.org\/index.php?rest_route=\/wp\/v2\/pages\/5595\/revisions"}],"predecessor-version":[{"id":13249,"href":"http:\/\/sangokai.org\/index.php?rest_route=\/wp\/v2\/pages\/5595\/revisions\/13249"}],"up":[{"embeddable":true,"href":"http:\/\/sangokai.org\/index.php?rest_route=\/wp\/v2\/pages\/5443"}],"wp:attachment":[{"href":"http:\/\/sangokai.org\/index.php?rest_route=%2Fwp%2Fv2%2Fmedia&parent=5595"}],"curies":[{"name":"wp","href":"https:\/\/api.w.org\/{rel}","templated":true}]}}