{"id":5739,"date":"2015-05-29T16:57:40","date_gmt":"2015-05-29T16:57:40","guid":{"rendered":"http:\/\/sangokai.org\/?page_id=5739"},"modified":"2025-07-22T22:40:43","modified_gmt":"2025-07-22T22:40:43","slug":"kombi-dosierung-basis-system","status":"publish","type":"page","link":"http:\/\/sangokai.org\/?page_id=5739","title":{"rendered":"KOMBI-Dosierung"},"content":{"rendered":"<p>[vc_row full_width=&#8220;full_width_content&#8220; animation_type=&#8220;h&#8220; vertical_animation=&#8220;top-animation&#8220;][vc_column][vc_empty_space height=&#8220;100px&#8220;][vc_custom_heading text=&#8220;Anleitung f\u00fcr die KOMBI-Dosierung (f\u00fcr BASIS #1 und BASIS #2)&#8220; font_container=&#8220;tag:h2|font_size:40|text_align:center|color:%236e6e6e&#8220; google_fonts=&#8220;font_family:PT%20Sans%3Aregular%2Citalic%2C700%2C700italic|font_style:400%20regular%3A400%3Anormal&#8220;][\/vc_column][\/vc_row][vc_row full_width=&#8220;full_width_content&#8220; animation_type=&#8220;h&#8220; vertical_animation=&#8220;top-animation&#8220;][vc_column width=&#8220;1\/6&#8243;][\/vc_column][vc_column width=&#8220;2\/3&#8243;][vc_custom_heading text=&#8220;Stelle Dir eine Mischung aus BASIS #1 und BASIS #2 her und dosiere diese als KOMBI-L\u00f6sung.<br \/>\nJeden Tag schnell und pr\u00e4zise.&#8220; font_container=&#8220;tag:h2|font_size:35|text_align:center|color:%236e6e6e&#8220; google_fonts=&#8220;font_family:PT%20Sans%3Aregular%2Citalic%2C700%2C700italic|font_style:400%20regular%3A400%3Anormal&#8220;][\/vc_column][vc_column width=&#8220;1\/6&#8243;][\/vc_column][\/vc_row][vc_row full_width=&#8220;full_width_content&#8220; animation_type=&#8220;h&#8220; vertical_animation=&#8220;top-animation&#8220;][vc_column][vc_text_separator title=&#8220;KOMBI &#8211; Dosiermethode per Hand oder auch per Dosierpumpe&#8220;][\/vc_column][\/vc_row][vc_row animation_type=&#8220;h&#8220; vertical_animation=&#8220;top-animation&#8220;][vc_column width=&#8220;1\/4&#8243;][vc_empty_space height=&#8220;93&#8243;][vc_column_text]<img loading=\"lazy\" decoding=\"async\" class=\"aligncenter wp-image-5712\" src=\"http:\/\/sangokai.org\/wp-content\/uploads\/2015\/05\/SANGOKAI_Dosierwerkzeuge-e1432913281231.jpg\" alt=\"SANGOKAI_Dosierwerkzeuge\" width=\"374\" height=\"500\" \/>[\/vc_column_text][vc_column_text]<\/p>\n<p style=\"text-align: left;\"><span style=\"font-family: verdana, geneva, sans-serif; font-size: 8pt;\">Verschiedene Dosierm\u00f6glichkeiten f\u00fcr das SINGLE- und KOMBI-Dosiersystem:<\/span><\/p>\n<p style=\"text-align: left;\"><span style=\"font-family: verdana, geneva, sans-serif; font-size: 8pt;\">Links: 1 mL\u00a0Einmalspritze (Insulinspritze)<\/span><\/p>\n<p style=\"text-align: left;\"><span style=\"font-family: verdana, geneva, sans-serif; font-size: 8pt;\">Mitte: 5 mL Sirup-Dosierspritze<\/span><\/p>\n<p style=\"text-align: left;\"><span style=\"font-family: verdana, geneva, sans-serif; font-size: 8pt;\">Rechts: 30 mL Dosierbecher<\/span><\/p>\n<p>[\/vc_column_text][vc_empty_space height=&#8220;20px&#8220;][\/vc_column][vc_column width=&#8220;3\/4&#8243;][vc_custom_heading text=&#8220;Wie funktioniert die KOMBI-Dosierung des BASIS-Systems?&#8220; font_container=&#8220;tag:h2|text_align:left|color:%239e9447&#8243; google_fonts=&#8220;font_family:PT%20Sans%3Aregular%2Citalic%2C700%2C700italic|font_style:400%20regular%3A400%3Anormal&#8220;][vc_column_text]<\/p>\n<hr \/>\n<p style=\"text-align: justify;\"><span style=\"font-family: tahoma, arial, helvetica, sans-serif; font-size: 12pt; color: #000000;\">Um das BASIS-System in der KOMBI-Dosierung per Hand anzuwenden, musst Du zun\u00e4chst eine Gebrauchsl\u00f6sung aus BASIS #1 und BASIS #2 herstellen. Wie das geht, erl\u00e4utern und zeigen wir Dir hier.<\/span><\/p>\n<p style=\"text-align: justify;\"><span style=\"font-family: tahoma, arial, helvetica, sans-serif; font-size: 12pt; color: #000000;\">Die KOMBI-Dosierung bezieht sich nur auf die Komponenten BASIS #1 und BASIS #2. BASIS #3 ist ein mineralisches Suspensionsmedium, das immer vor der Dosierung stark aufgesch\u00fcttelt und daher immer per Hand und auch nur zweimal w\u00f6chentlich dosiert werden muss. F\u00fcr BASIS #3 gilt diese KOMBI Anleitung also nicht!<\/span><\/p>\n<p style=\"text-align: justify;\"><span style=\"font-family: tahoma, arial, helvetica, sans-serif; font-size: 12pt; color: #000000;\">BASIS #1 und #2 kannst Du f\u00fcr einen gewissen Zeitraum zu einer KOMBI-Gebrauchsl\u00f6sung zu gleichen Anteilen mischen. Die Inhaltsstoffe beeinflussen sich zumindest f\u00fcr eine gewisse Zeit nicht gegenseitig. Es kommt nicht zu chemischen Ausf\u00e4llungen oder zu unerw\u00fcnschten Reaktionen. Allerdings k\u00f6nnen sich mit der Zeit z.B. Redox-Zust\u00e4nde einiger Wirkstoffe ver\u00e4ndern, so dass Du die KOMBI-Gebrauchsl\u00f6sung nur f\u00fcr maximal 8 Wochen herstellst und Dir einen Vorrat an Original-L\u00f6sungen zur\u00fcck h\u00e4ltst. <strong>Wir raten Dir davon ab, das gesamte Produktvolumen als KOMBI-L\u00f6sung herzustellen. So bleibst Du auch flexibel und kannst bei Bedarf (z.B. niedriges Spurenmetallniveau in ICP Analysen) BASIS #2 immer auch als Extradosis anwenden, sofern es n\u00f6tig ist, die Spurenmetallverf\u00fcgbarkeit zu verbessern.<\/strong><\/span><\/p>\n<p style=\"text-align: justify;\"><span style=\"font-family: tahoma, arial, helvetica, sans-serif; font-size: 12pt; color: #000000;\">Deine KOMBI-Gebrauchsl\u00f6sung kannst Du dann per Hand oder auch per Dosierpumpe (siehe AUTO-Anwendung) t\u00e4glich mit einer geeigneten Dosierhilfe zugeben. Mit der KOMBI-L\u00f6sung sparst Du Dir in der AUTO Anwendung einen Dosierpumpenkanal.<\/span><\/p>\n<p style=\"text-align: justify;\"><span style=\"font-family: tahoma, arial, helvetica, sans-serif; font-size: 12pt; color: #000000;\">Die KOMBI-Gebrauchsl\u00f6sung enth\u00e4lt jeweils die gleiche Menge der gemischten Komponenten.\u00a0<\/span><span style=\"font-family: tahoma, arial, helvetica, sans-serif; font-size: 12pt; color: #000000;\">F\u00fcr die KOMBI L\u00f6sung hast Du entsprechend eine Verdoppelung der Dosierung im Vergleich zu der normalen SINGLE Dosierung der Einzelprodukte, weil beide L\u00f6sungen zu gleichen Anteilen gemischt werden. Bei einer regul\u00e4ren SINGLE Dosierung von #1 und #2 von beispielsweise je 0,25 mL pro 100 L, musst Du von dieser KOMBI-Gebrauchsl\u00f6sung 2x 0,25 mL = 0,5 mL pro 100 L zugeben.<\/span><\/p>\n<p style=\"text-align: justify;\"><span style=\"font-family: tahoma, arial, helvetica, sans-serif; font-size: 12pt; color: #000000;\"><strong>Der BASIS-Dosierplan enth\u00e4lt ein Umrechnungstool, mit dem Du Deine SINGLE-Dosierung auf die KOMBI-L\u00f6sung in Bezug auf Dein Aquariumnettovolumen umrechnen kannst.<\/strong><\/span><\/p>\n<p style=\"text-align: justify;\"><span style=\"font-family: tahoma, arial, helvetica, sans-serif; font-size: 12pt; color: #000000;\">Die Dosiermethode entspricht im Weiteren der SINGLE-Dosierung (beachte auch die Angaben zum optimalen Dosierzeitpunkt in der SINGLE Anleitung). Mit einer geeigneten Spritze kannst Du die t\u00e4gliche Menge der KOMBI-Gebrauchsl\u00f6sung direkt in Dein Riffaquarium dosieren, oder eine Dosierpumpe als AUTO Dosis benutzen.<\/span><\/p>\n<p style=\"text-align: justify;\"><span style=\"font-family: tahoma, arial, helvetica, sans-serif; font-size: 12pt; color: #000000;\">BASIS #3 wird wie bereits erl\u00e4utert stets per Hand dosiert und vor der Dosierung kr\u00e4ftig aufgesch\u00fcttelt, damit alle Partikel gleichm\u00e4\u00dfig in der Suspension verteilt sind.<\/span><\/p>\n<p>[\/vc_column_text][\/vc_column][\/vc_row][vc_row parallax=&#8220;&#8220; parallax_image=&#8220;&#8220; animation_type=&#8220;h&#8220; vertical_animation=&#8220;top-animation&#8220;][vc_column]\n<a href = \"http:\/\/sangokai.org\/?page_id=5443\" target=''\" title=\"\"><span class=\"aio-icon  advanced \" data-animation=\"\" data-animation-delay=\"0\" style=\"color:#dd3333;background:#f4f4f4;border-style:solid;border-color:#dd3333;border-width:1px;width:80px;height:80px;line-height:80px;border-radius:500px;font-size:32px;\" >\n\t<i class=\"embrace-back\"><\/i>\n<\/span><\/a>[vc_empty_space height=&#8220;80px&#8220;][\/vc_column][\/vc_row]<\/p>","protected":false},"excerpt":{"rendered":"<p>[vc_row full_width=&#8220;full_width_content&#8220; animation_type=&#8220;h&#8220; vertical_animation=&#8220;top-animation&#8220;][vc_column][vc_empty_space height=&#8220;100px&#8220;][vc_custom_heading text=&#8220;Anleitung f\u00fcr die KOMBI-Dosierung (f\u00fcr BASIS #1 und BASIS #2)&#8220; font_container=&#8220;tag:h2|font_size:40|text_align:center|color:%236e6e6e&#8220; google_fonts=&#8220;font_family:PT%20Sans%3Aregular%2Citalic%2C700%2C700italic|font_style:400%20regular%3A400%3Anormal&#8220;][\/vc_column][\/vc_row][vc_row full_width=&#8220;full_width_content&#8220; animation_type=&#8220;h&#8220; vertical_animation=&#8220;top-animation&#8220;][vc_column width=&#8220;1\/6&#8243;][\/vc_column][vc_column width=&#8220;2\/3&#8243;][vc_custom_heading text=&#8220;Stelle Dir eine Mischung aus BASIS #1 und BASIS #2 her und dosiere diese als KOMBI-L\u00f6sung. Jeden Tag schnell und pr\u00e4zise.&#8220; font_container=&#8220;tag:h2|font_size:35|text_align:center|color:%236e6e6e&#8220; google_fonts=&#8220;font_family:PT%20Sans%3Aregular%2Citalic%2C700%2C700italic|font_style:400%20regular%3A400%3Anormal&#8220;][\/vc_column][vc_column&hellip;  <\/p>\n<div class=\"read-more-button\"><a class=\"button\" href=\"http:\/\/sangokai.org\/?page_id=5739\" title=\"Read KOMBI-Dosierung\">Mehr lesen<\/a><\/div>\n","protected":false},"author":1,"featured_media":0,"parent":5443,"menu_order":0,"comment_status":"open","ping_status":"open","template":"page-templates\/no-stunning.php","meta":{"footnotes":""},"class_list":["post-5739","page","type-page","status-publish","hentry"," init "],"_links":{"self":[{"href":"http:\/\/sangokai.org\/index.php?rest_route=\/wp\/v2\/pages\/5739","targetHints":{"allow":["GET"]}}],"collection":[{"href":"http:\/\/sangokai.org\/index.php?rest_route=\/wp\/v2\/pages"}],"about":[{"href":"http:\/\/sangokai.org\/index.php?rest_route=\/wp\/v2\/types\/page"}],"author":[{"embeddable":true,"href":"http:\/\/sangokai.org\/index.php?rest_route=\/wp\/v2\/users\/1"}],"replies":[{"embeddable":true,"href":"http:\/\/sangokai.org\/index.php?rest_route=%2Fwp%2Fv2%2Fcomments&post=5739"}],"version-history":[{"count":43,"href":"http:\/\/sangokai.org\/index.php?rest_route=\/wp\/v2\/pages\/5739\/revisions"}],"predecessor-version":[{"id":13247,"href":"http:\/\/sangokai.org\/index.php?rest_route=\/wp\/v2\/pages\/5739\/revisions\/13247"}],"up":[{"embeddable":true,"href":"http:\/\/sangokai.org\/index.php?rest_route=\/wp\/v2\/pages\/5443"}],"wp:attachment":[{"href":"http:\/\/sangokai.org\/index.php?rest_route=%2Fwp%2Fv2%2Fmedia&parent=5739"}],"curies":[{"name":"wp","href":"https:\/\/api.w.org\/{rel}","templated":true}]}}