{"id":5993,"date":"2015-06-13T17:06:55","date_gmt":"2015-06-13T17:06:55","guid":{"rendered":"http:\/\/sangokai.org\/?page_id=5993"},"modified":"2026-02-22T18:39:15","modified_gmt":"2026-02-22T18:39:15","slug":"balance-daueranwendung","status":"publish","type":"page","link":"http:\/\/sangokai.org\/?page_id=5993","title":{"rendered":"BALANCE Dauerdosierung"},"content":{"rendered":"<p>[vc_row full_width=&#8220;full_width_content&#8220;][vc_column][vc_empty_space height=&#8220;100px&#8220;][vc_custom_heading text=&#8220;Anleitung f\u00fcr die Dauerdosierung der BALANCE-Produkte mit Dosierpumpen&#8220; font_container=&#8220;tag:h2|font_size:40|text_align:center|color:%236e6e6e&#8220; google_fonts=&#8220;font_family:PT%20Sans%3Aregular%2Citalic%2C700%2C700italic|font_style:400%20regular%3A400%3Anormal&#8220;][\/vc_column][\/vc_row][vc_row full_width=&#8220;full_width_content&#8220;][vc_column width=&#8220;1\/6&#8243;][vc_column_text]<br \/>\n[\/vc_column_text][\/vc_column][vc_column width=&#8220;2\/3&#8243;][vc_custom_heading text=&#8220;Die BALANCE-Dauerdosierung mit Dosierpumpen bietet Dir einen kontrollierten und optimalen Langzeitausgleich des Calcium- und KH-Verbrauchs.&#8220; font_container=&#8220;tag:h2|font_size:35|text_align:center|color:%236e6e6e&#8220; google_fonts=&#8220;font_family:PT%20Sans%3Aregular%2Citalic%2C700%2C700italic|font_style:400%20regular%3A400%3Anormal&#8220;][\/vc_column][vc_column width=&#8220;1\/6&#8243;][vc_column_text]<br \/>\n[\/vc_column_text][\/vc_column][\/vc_row][vc_row full_width=&#8220;full_width_content&#8220;][vc_column][vc_text_separator title=&#8220;Allgemeine Hinweise&#8220;][\/vc_column][\/vc_row][vc_row full_width=&#8220;full_width_content&#8220;][vc_column width=&#8220;1\/6&#8243;][vc_column_text]<br \/>\n[\/vc_column_text][\/vc_column][vc_column width=&#8220;2\/3&#8243;][vc_custom_heading text=&#8220;Wann ist eine BALANCE-Dauerdosierung sinnvoll?&#8220; font_container=&#8220;tag:h2|text_align:center|color:%239e9447&#8243; google_fonts=&#8220;font_family:PT%20Sans%3Aregular%2Citalic%2C700%2C700italic|font_style:400%20regular%3A400%3Anormal&#8220;][vc_empty_space height=&#8220;60px&#8220;][vc_column_text]<\/p>\n<p style=\"text-align: justify;\"><span style=\"font-family: tahoma, arial, helvetica, sans-serif; font-size: 12pt; color: #000000;\">Insbesondere\u00a0junge\u00a0Riffaquarien und\u00a0Weichkorallenbecken haben einen geringen Calcium- und KH-Verbrauch, der\u00a0z.B. nur ein- oder zweimal in der Woche eine spezifische Anpassung erfordert. Wenn Dein\u00a0Calciumgehalt innerhalb von einer Woche beispielsweise von\u00a0420 mg\/L auf 410 mg\/L f\u00e4llt, ist es ausreichend, wenn Du dieses Defizit einmal w\u00f6chentlich ausgleichst. Wie das geht, haben wir Dir in der Anleitung f\u00fcr die\u00a0BALANCE-Einzeldosierung vorgestellt.<\/span><\/p>\n<p style=\"text-align: justify;\"><span style=\"font-family: tahoma, arial, helvetica, sans-serif; font-size: 12pt; color: #000000;\">Mit zunehmend st\u00e4rker werdendem Wachstum von Kalkrotalgen\u00a0und v.a.\u00a0Steinkorallen,\u00a0steigt der Kalkverbrauch in Deinem Riffaquarium kontinuierlich an.\u00a0Der Calciumgehalt kann dann schon nach wenigen Tagen von einem optimalen Gehalt auf unter 400 mg\/L\u00a0gefallen sein.<\/span><\/p>\n<p style=\"text-align: justify;\"><span style=\"font-family: tahoma, arial, helvetica, sans-serif; font-size: 12pt; color: #000000;\">Sp\u00e4testens dann, wenn sich ein t\u00e4glicher Verbrauch von 10 mg\/L Ca und 1\u00b0dKH ergibt, musst Du im Sinne einer konstanten Kalkverf\u00fcgbarkeit f\u00fcr eine gleichm\u00e4\u00dfige Nachdosierung sorgen,\u00a0die Du am besten \u00fcber eine zuverl\u00e4ssige Dosieranlage automatisieren\u00a0kannst.\u00a0<\/span><span style=\"font-family: tahoma, arial, helvetica, sans-serif; font-size: 12pt; color: #000000;\">Daf\u00fcr musst Du Deinen t\u00e4glichen\u00a0Calcium- und KH-Verbrauch\u00a0kennen, damit es nicht zu unkontrollierten \u00dcber- oder Unterdosierungen kommt. Wie Du Deinen Tagesverbrauch f\u00fcr Calcium und die KH ermittelst, zeigen wir Dir\u00a0in diesem Kapitel.<\/span><\/p>\n<p>[\/vc_column_text][vc_empty_space height=&#8220;40px&#8220;][vc_custom_heading text=&#8220;Dosieranlagen sind technische Komponenten, die fehleranf\u00e4llig sind. Kontrolliere Deine Dosierautomatik regelm\u00e4\u00dfig!&#8220; font_container=&#8220;tag:h2|font_size:35|text_align:center|color:%236e6e6e&#8220; google_fonts=&#8220;font_family:PT%20Sans%3Aregular%2Citalic%2C700%2C700italic|font_style:400%20regular%3A400%3Anormal&#8220;][vc_empty_space height=&#8220;60px&#8220;][vc_column_text]<\/p>\n<p style=\"text-align: justify;\"><span style=\"font-family: tahoma, arial, helvetica, sans-serif; font-size: 12pt; color: #000000;\">Jede technische Komponente kann durch einen Defekt ausfallen oder durch elektronische St\u00f6rungen oder Verunreinigungen falsche Dosiervolumina erzeugen. Achte immer darauf, dass die von Dir verwendeten Dosierschl\u00e4uche sowohl an der Ansaugseite frei von Blockaden sind, als auch v.a. an der Austrittseite. Carbonat-Krusten sind beim BALANCE KH sehr h\u00e4ufig und Kalk- oder Salzkrusten aus aufspritzendem Meerwasser k\u00f6nnen die Pumpenausl\u00e4sse verstopfen. Kontrolliere und reinige diese daher mindestens einmal w\u00f6chentlich mit etwas S\u00fc\u00dfwasser.<\/span><\/p>\n<p style=\"text-align: justify;\"><span style=\"font-family: tahoma, arial, helvetica, sans-serif; font-size: 12pt; color: #000000;\">Manche Dosierschl\u00e4uche laufen bei ausgeschaltetem Betrieb leer, so dass die Dosierpumpe zun\u00e4chst erst wieder den kompletten Schlauch bef\u00fcllen muss, bevor tats\u00e4chlich etwas ins Aquarium dosiert wird. Dies solltest Du kontrollieren, damit auch wirklich die gew\u00fcnschte Menge Gebrauchsl\u00f6sung dosiert wird.<\/span><\/p>\n<p style=\"text-align: justify;\"><span style=\"font-family: tahoma, arial, helvetica, sans-serif; font-size: 12pt; color: #000000;\">Auch solltest Du in regelm\u00e4\u00dfigen Abst\u00e4nden das Dosiervolumen \u00fcber eine Volumenmessung kontrollieren. Manche Dosieranlagen k\u00f6nnen auf das entsprechende Dosiermedium kalibriert werden. Die BALANCE Ca-1 Gebrauchsl\u00f6sung ist durch den hohen Salzgehalt viskoser als die Ca-2 Gebrauchsl\u00f6sung, was sich auf das Dosiervolumen auswirken kann. Daher ist es wichtig, dass Du kontrollierst, wie viel Deine Dosieranlage tats\u00e4chlich f\u00f6rdert. Nur dadurch kannst Du fehlerhafte AUTO-Dosierungen verhindern und einen stabilen Kalkhaushalt etablieren.<\/span><\/p>\n<p>[\/vc_column_text][\/vc_column][vc_column width=&#8220;1\/6&#8243;][vc_column_text]<br \/>\n[\/vc_column_text][\/vc_column][\/vc_row][vc_row full_width=&#8220;full_width_content&#8220; parallax=&#8220;&#8220; parallax_image=&#8220;&#8220;][vc_column width=&#8220;1\/6&#8243;][vc_column_text]<br \/>\n[\/vc_column_text][\/vc_column][vc_column width=&#8220;2\/3&#8243;][vc_custom_heading text=&#8220;Wie kann ich den Calcium- und KH-Verbrauch ermitteln?&#8220; font_container=&#8220;tag:h2|text_align:center|color:%239e9447&#8243; google_fonts=&#8220;font_family:PT%20Sans%3Aregular%2Citalic%2C700%2C700italic|font_style:400%20regular%3A400%3Anormal&#8220;][vc_empty_space height=&#8220;60px&#8220;][vc_column_text]<\/p>\n<p style=\"text-align: justify;\"><span style=\"font-family: tahoma, arial, helvetica, sans-serif; font-size: 12pt; color: #000000;\">Zun\u00e4chst einmal ben\u00f6tigst Du einen f\u00fcr Dich handlichen Calcium- und KH\/Alkalinit\u00e4t-Test. Beide Tests musst\u00a0Du praktisch sicher beherrschen\u00a0und auch gegen eine korrekte Referenz pr\u00fcfen, um sicherzustellen, dass Deine Testanwendung stimmt und die\u00a0Testreagenzien\u00a0korrekt funktionieren.<\/span><\/p>\n<p style=\"text-align: justify;\"><span style=\"font-family: tahoma, arial, helvetica, sans-serif; font-size: 12pt; color: #000000;\">Die Ermittlung\u00a0des aktuellen Calcium- und KH-Verbrauchs Deines Riffbeckens ist einfach, setzt aber\u00a0voraus, dass eine optimal eingestellte Karbonath\u00e4rte und ein optimaler Calciumgehalt vorliegt. Die KH muss zwischen 7-7,5\u00b0dKH liegen, der\u00a0Calciumgehalt\u00a0zwischen\u00a0415-425 mg\/L. Sollten\u00a0Deine Werte\u00a0von den genannten Richtwerten\u00a0abweichen, musst Du die Werte mit BALANCE-Einzeldosierungen zuerst\u00a0korrigieren (nutze dazu bitte die Berechnungstools f\u00fcr die Einzeldosierungen und lese\u00a0die FAQs und Tipps zum\u00a0Thema Einzeldosierung).<\/span><\/p>\n<p style=\"text-align: justify;\"><span style=\"font-family: tahoma, arial, helvetica, sans-serif; font-size: 12pt; color: #000000;\">Bei einer erh\u00f6hten KH &gt;8\u00b0dKH ist jeweils immer ein Anteil an chemischer Calciumf\u00e4llung enthalten, der die Verbrauchsermittlung st\u00f6rt. Gleicherma\u00dfen ist ein hoher Calciumgehalt &gt;430 mg\/L geneigt, Carbonate auszuf\u00e4llen. Da es bei der Nachdosierung von Calcium und Carbonaten aber darum geht, den sog. biogenen Verbrauch auszugleichen, also denjenigen Calcium- und Carbonat-Verbrauch, der durch das Wachstum kalkbildender Organismen verursachten wird, muss der Anteil an chemischer Ausf\u00e4llung m\u00f6glichst minimiert werden. <\/span><\/p>\n<p style=\"text-align: justify;\"><span style=\"font-family: tahoma, arial, helvetica, sans-serif; font-size: 12pt; color: #000000;\"><strong>So lange Deine\u00a0Karbonath\u00e4rte \u00fcber 8\u00b0dKH und Dein\u00a0Calciumgehalt \u00fcber 430 mg\/L liegen, solltest Du mit einer\u00a0Verbrauchsermittlung nicht starten. Ist\u00a0nur einer der beiden Werte erh\u00f6ht, nutze das\u00a0Berechnungstool f\u00fcr die\u00a0BALANCE-Einzeldosierungen, um den anderen Wert auf einem stabilen Wert zu halten und warte so lange ab, bis sich beide Werte auf dem genannten optimalen Niveau eingependelt haben.<\/strong><\/span><\/p>\n<p style=\"text-align: justify;\"><span style=\"color: #000000; font-family: tahoma, arial, helvetica, sans-serif; font-size: 12pt;\"><span style=\"line-height: 20px;\">Auch zu niedrige Werte, z.B. ein Calciumgehalt von nur 400 mg\/L oder eine KH von nur 6,5\u00b0dKH sind als Startwerte f\u00fcr eine Verbrauchsermittlung ung\u00fcnstig. In diesen Bereichen bleiben\u00a0die\u00a0Wachstumsraten der Korallen oder Kalkrotalgen m\u00f6glicherweise\u00a0unter dem Niveau, das bei optimalen Werten m\u00f6glich\u00a0w\u00e4re. Daher\u00a0w\u00fcrde sich ebenfalls ein nicht realistischer Kalkverbrauch ergeben.\u00a0<\/span><\/span><\/p>\n<p style=\"text-align: justify;\"><span style=\"font-family: tahoma, arial, helvetica, sans-serif; font-size: 12pt; color: #000000;\">Sind\u00a0die\u00a0genannten Voraussetzunge erf\u00fcllt, kannst Du die Verbrauchsermittlung starten. An diesem Tag muss der Calciumgehalt sowie die KH in einem normalen Bereich von 415-425 mg\/L, respektive 7 &#8211; 7,5\u00b0dKH liegen. Auch die Salinit\u00e4t sollte bei 35 psu (promille) liegen.<\/span><\/p>\n<p style=\"text-align: justify;\"><span style=\"font-family: tahoma, arial, helvetica, sans-serif; font-size: 12pt; color: #000000;\">Bitte notiere Dir an dem\u00a0Tag, den dem Du die Verbrauchsermittlung startest, die Messwerte f\u00fcr Calcium und KH zusammen mit der Uhrzeit f\u00fcr die Messung. Alle Messungen solltest Du immer zur gleichen Urzeit (+\/- 2\u00a0Stunden) durchf\u00fchren. Vermeide es, einmal morgens, beim anderen mal abends zu messen.<\/span><\/p>\n<p style=\"text-align: justify;\"><span style=\"font-family: tahoma, arial, helvetica, sans-serif; font-size: 12pt; color: #000000;\">Als Ausgangswerte empfehlen wir Dir einen Calciumgehalt von 420 mg\/L und eine KH von 7,5\u00b0dKH.<\/span><\/p>\n<p style=\"text-align: justify;\"><span style=\"font-family: tahoma, arial, helvetica, sans-serif; font-size: 12pt; color: #000000;\">Deine\u00a0Verbrauchsermittlung sollte dann 9\u00a0Tage lang erfolgen. W\u00e4hrend dieser Zeit wirst Du den Calciumgehalt\u00a0und\u00a0die KH mindestens jeden zweiten\u00a0Tag \u00fcberpr\u00fcfen und die Messwerte mit Uhrzeit notieren. Besser ist\u00a0es, v.a. bei einem hohen Steinkorallenbesatz, wenn Du die Werte t\u00e4glich pr\u00fcfst, damit Du kritische Defizite rechtzeitig bemerkst. Je langsamer Dein Verbrauch erfolgt, desto l\u00e4nger kannst Du die Zeit zwischen zwei Messungen w\u00e4hlen. Wir raten Dir aber dazu, sp\u00e4testens jeden dritten Tag zu messen.<\/span><\/p>\n<p style=\"text-align: justify;\"><span style=\"font-family: tahoma, arial, helvetica, sans-serif; font-size: 12pt; color: #000000;\">Sind die Werte zum Zeitpunkt der n\u00e4chsten Messung im Vergleich zum Ausgangswert gesunken, nutzt Du die BALANCE-Einzeldosierungen, um die Werte wieder genau auf den Ausgangswert einzustellen.\u00a0<span style=\"line-height: 1.5;\">Alle Einzeldosierungen (genaue Dosiermenge berechnen!) der sango chem-balance Ca-1\/Ca-2 sowie\u00a0der chem-balance KH Gebrauchsl\u00f6sungen musst Du\u00a0Dir notieren.<\/span><\/span><\/p>\n<p style=\"text-align: justify;\"><span style=\"color: #000000; font-family: tahoma, arial, helvetica, sans-serif; font-size: 12pt; line-height: 1.5;\">Abgeschlossen ist Deine\u00a0Verbrauchsermittlung, wenn nach\u00a09 Tagen gezielter Calcium und KH Stabilisierung der Calciumgehalt und die KH auf dem gleichen Niveau vorliegen wie am Starttag. Zur Bestimmung der Verbrauchswerte werden alle in diesem Zeitraum erfolgten Einzeldosierungen jeweils f\u00fcr chem-balance Ca-1\/Ca-2 und chem-balance KH aufsummiert (addiert) und durch die Anzahl der\u00a0Tage (9) geteilt. Daraus ergibt sich der t\u00e4gliche Calcium- und Carbonatverbrauch\u00a0Deines Riffaquariums.<\/span><\/p>\n<p style=\"text-align: justify;\"><span style=\"color: #000000; font-family: tahoma, arial, helvetica, sans-serif; font-size: 12pt; line-height: 1.5;\">Weil wir\u00a0den Zeitraum mit 9 Tagen relativ lange vorgeben, erh\u00f6ht sich die statistische Wahrscheinlichkeit, dass sich einzelne Mess-\u00a0und\/oder Dosierfehler weniger stark im Gesamtergebnis bemerkbar machen. Je k\u00fcrzer Deine Verbrauchsermittlung ist, desto fehleranf\u00e4lliger ist die Verbrauchsbestimmung.<\/span><\/p>\n<p>[\/vc_column_text][\/vc_column][vc_column width=&#8220;1\/6&#8243;][vc_column_text]<br \/>\n[\/vc_column_text][\/vc_column][\/vc_row][vc_row full_width=&#8220;full_width_content&#8220; parallax=&#8220;&#8220; parallax_image=&#8220;&#8220;][vc_column][vc_text_separator title=&#8220;Weitere Hinweise und Informationen&#8220;][\/vc_column][\/vc_row][vc_row full_width=&#8220;full_width_content&#8220;][vc_column width=&#8220;1\/6&#8243;][vc_column_text]<br \/>\n[\/vc_column_text][\/vc_column][vc_column width=&#8220;2\/3&#8243;][vc_custom_heading text=&#8220;Was muss ich bei der BALANCE-Daueranwendung beachten?&#8220; font_container=&#8220;tag:h2|text_align:center|color:%239e9447&#8243; google_fonts=&#8220;font_family:PT%20Sans%3Aregular%2Citalic%2C700%2C700italic|font_style:400%20regular%3A400%3Anormal&#8220;][vc_empty_space height=&#8220;60px&#8220;][vc_column_text]<\/p>\n<p style=\"text-align: justify;\"><span style=\"font-family: tahoma, arial, helvetica, sans-serif; font-size: 12pt; color: #000000;\">Die wichtigste Anforderung an eine langfristig richtige und f\u00fcr das Riffaquarium gesunde Daueranwendung des BALANCE-System ist die regelm\u00e4\u00dfige Kontrolle der Wasserparameter, v.a. hinsichtlich Calcium und der KH<span style=\"line-height: 1.5;\">. Nur dadurch kannst Du erkennen, ob Dein Kalkhaushalt optimal ausbalanciert ist. Wenn Deine Korallen mit der Zeit durch ihr Wachstum immer gr\u00f6\u00dfer werden,\u00a0ben\u00f6tigen sie auch mehr Kalk. Demnach wird der Verbrauch\u00a0von Calcium und von Carbonaten in der Regel recht schnell steigen, so dass Du Deine Dosierautomatik regelm\u00e4\u00dfig anpassen musst.<\/span><\/span><\/p>\n<p style=\"text-align: justify;\"><span style=\"color: #000000; font-family: tahoma, arial, helvetica, sans-serif; font-size: 12pt; line-height: 1.5;\">Infolge von Wachstumsst\u00f6rungen, z.B. durch zu hei\u00dfe Temperaturen im Sommer, durch N\u00e4hrstoffmangelsituationen oder aus sonstigen Gr\u00fcnden, kann Dein Kalkverbrauch aber auch mehr oder weniger pl\u00f6tzlich sinken. Auch hier gilt, dass Du die Dosierautomatik so einstellen\u00a0musst, dass der jeweils bestehende Kalkbedarf gedeckt wird und es nicht zur Anreicherung von Calcium und zu einem Anstieg in der Karbonath\u00e4rte kommt, die wiederum den Kalkhaushalt destabilisieren.<\/span><\/p>\n<p style=\"text-align: justify;\"><span style=\"color: #000000; font-family: tahoma, arial, helvetica, sans-serif; font-size: 12pt; line-height: 1.5;\">Die beste Kontrolle hast Du durch regelm\u00e4\u00dfige Wasserbeprobungen zuhause und kannst z.B. auch durch eine Referenzpr\u00fcfung schauen, ob Deine Wassertests genau und Deine Vorgehensweise bei dem Testverfahren richtig sind. Wir empfehlen Dir dar\u00fcber hinaus mindestens zweimal im Jahr eine Laborpr\u00fcfung zur Bestimmung der Hauptmeerwasserinhaltsstoffe, wie Sulfat, Magnesium, Bor, Strontium, etc. Das BALANCE-System gleicht den Chlorid-Eintrag \u00fcber das BALANCE Ca-1 aus und daraus ergibt sich keine Notwendigkeit mehr f\u00fcr einen Wasserwechsel hinsichtlich der Innenbalance (vgl. dazu auch die SANGOKAI Empfehlungen A-Z zum Stichwort Wasserwechsel). Nichtsdestotrotz kann sich in Deinem Becken ein biogener Verbrauch z.B. an Kalium oder Magnesium ergeben. Daher ist es wichtig, dass Du Dein Meerwasser mindestens zweimal im Jahr im Labor pr\u00fcfen l\u00e4sst, damit Du Informationen \u00fcber den Verbrauch von bestimmten Meerwasserinhaltsstoffen in Deinem Riffaquarium erh\u00e4ltst. Idealerweise w\u00fcrde eine quartalsweise Laboranalyse eine noch gr\u00f6\u00dfere Sicherheit, Kontrolle und Informationsbereitstellung liefern.<\/span><\/p>\n<p style=\"text-align: justify;\"><span style=\"color: #000000; font-family: tahoma, arial, helvetica, sans-serif; font-size: 12pt; line-height: 1.5;\">Das BALANCE-System kann nur in Anlehnung an die Chlorid-Anreicherung durch Ca-1 eine Anpassung der Meerwasserzusammensetzung schaffen. Das hat nichts mit einem Ausgleich eines biogenen Verbrauchs oder einer chemischen F\u00e4llung zu tun. Hier ist das BALANCE-System in seiner Leistungsf\u00e4higkeit limitiert, auch wenn viele verschiedene wichtige Elemente erg\u00e4nzt werden.<\/span><\/p>\n<p>[\/vc_column_text][\/vc_column][vc_column width=&#8220;1\/6&#8243;][vc_column_text]<br \/>\n[\/vc_column_text][\/vc_column][\/vc_row][vc_row parallax=&#8220;&#8220; parallax_image=&#8220;&#8220;][vc_column]\n<a href = \"http:\/\/sangokai.org\/?page_id=5802\" target=''\" title=\"\"><span class=\"aio-icon  advanced \" data-animation=\"\" data-animation-delay=\"0\" style=\"color:#dd3333;background:#f4f4f4;border-style:solid;border-color:#dd3333;border-width:1px;width:80px;height:80px;line-height:80px;border-radius:500px;font-size:32px;\" >\n\t<i class=\"embrace-back\"><\/i>\n<\/span><\/a>[vc_empty_space height=&#8220;80px&#8220;][\/vc_column][\/vc_row]<\/p>","protected":false},"excerpt":{"rendered":"<p>[vc_row full_width=&#8220;full_width_content&#8220;][vc_column][vc_empty_space height=&#8220;100px&#8220;][vc_custom_heading text=&#8220;Anleitung f\u00fcr die Dauerdosierung der BALANCE-Produkte mit Dosierpumpen&#8220; font_container=&#8220;tag:h2|font_size:40|text_align:center|color:%236e6e6e&#8220; google_fonts=&#8220;font_family:PT%20Sans%3Aregular%2Citalic%2C700%2C700italic|font_style:400%20regular%3A400%3Anormal&#8220;][\/vc_column][\/vc_row][vc_row full_width=&#8220;full_width_content&#8220;][vc_column width=&#8220;1\/6&#8243;][vc_column_text] [\/vc_column_text][\/vc_column][vc_column width=&#8220;2\/3&#8243;][vc_custom_heading text=&#8220;Die BALANCE-Dauerdosierung mit Dosierpumpen bietet Dir einen kontrollierten und optimalen Langzeitausgleich des Calcium- und KH-Verbrauchs.&#8220; font_container=&#8220;tag:h2|font_size:35|text_align:center|color:%236e6e6e&#8220; google_fonts=&#8220;font_family:PT%20Sans%3Aregular%2Citalic%2C700%2C700italic|font_style:400%20regular%3A400%3Anormal&#8220;][\/vc_column][vc_column width=&#8220;1\/6&#8243;][vc_column_text] [\/vc_column_text][\/vc_column][\/vc_row][vc_row full_width=&#8220;full_width_content&#8220;][vc_column][vc_text_separator title=&#8220;Allgemeine Hinweise&#8220;][\/vc_column][\/vc_row][vc_row full_width=&#8220;full_width_content&#8220;][vc_column width=&#8220;1\/6&#8243;][vc_column_text] [\/vc_column_text][\/vc_column][vc_column width=&#8220;2\/3&#8243;][vc_custom_heading text=&#8220;Wann ist&hellip;  <\/p>\n<div class=\"read-more-button\"><a class=\"button\" href=\"http:\/\/sangokai.org\/?page_id=5993\" title=\"Read BALANCE Dauerdosierung\">Mehr lesen<\/a><\/div>\n","protected":false},"author":1,"featured_media":0,"parent":5802,"menu_order":0,"comment_status":"open","ping_status":"open","template":"page-templates\/no-stunning.php","meta":{"footnotes":""},"class_list":["post-5993","page","type-page","status-publish","hentry"," init "],"_links":{"self":[{"href":"http:\/\/sangokai.org\/index.php?rest_route=\/wp\/v2\/pages\/5993","targetHints":{"allow":["GET"]}}],"collection":[{"href":"http:\/\/sangokai.org\/index.php?rest_route=\/wp\/v2\/pages"}],"about":[{"href":"http:\/\/sangokai.org\/index.php?rest_route=\/wp\/v2\/types\/page"}],"author":[{"embeddable":true,"href":"http:\/\/sangokai.org\/index.php?rest_route=\/wp\/v2\/users\/1"}],"replies":[{"embeddable":true,"href":"http:\/\/sangokai.org\/index.php?rest_route=%2Fwp%2Fv2%2Fcomments&post=5993"}],"version-history":[{"count":57,"href":"http:\/\/sangokai.org\/index.php?rest_route=\/wp\/v2\/pages\/5993\/revisions"}],"predecessor-version":[{"id":13413,"href":"http:\/\/sangokai.org\/index.php?rest_route=\/wp\/v2\/pages\/5993\/revisions\/13413"}],"up":[{"embeddable":true,"href":"http:\/\/sangokai.org\/index.php?rest_route=\/wp\/v2\/pages\/5802"}],"wp:attachment":[{"href":"http:\/\/sangokai.org\/index.php?rest_route=%2Fwp%2Fv2%2Fmedia&parent=5993"}],"curies":[{"name":"wp","href":"https:\/\/api.w.org\/{rel}","templated":true}]}}