{"id":8,"date":"2015-03-01T18:07:56","date_gmt":"2015-03-01T18:07:56","guid":{"rendered":"http:\/\/sangokai.org\/?page_id=8"},"modified":"2024-08-15T15:28:53","modified_gmt":"2024-08-15T15:28:53","slug":"anwendung","status":"publish","type":"page","link":"http:\/\/sangokai.org\/?page_id=8","title":{"rendered":"Anleitungen"},"content":{"rendered":"<p>[vc_row full_width=&#8220;full_width_content&#8220;][vc_column][vc_empty_space height=&#8220;100&#8243;][vc_custom_heading text=&#8220;SANGOKAI Produkte richtig anwenden&#8220; font_container=&#8220;tag:h2|font_size:40|text_align:center|color:%236e6e6e&#8220; google_fonts=&#8220;font_family:PT%20Sans%3Aregular%2Citalic%2C700%2C700italic|font_style:400%20regular%3A400%3Anormal&#8220;][vc_empty_space height=&#8220;40&#8243;][vc_custom_heading text=&#8220;F\u00fcr eine optimale Wirkung und maximalen Erfolg.&#8220; font_container=&#8220;tag:h2|font_size:30|text_align:center|color:%236e6e6e&#8220; google_fonts=&#8220;font_family:PT%20Sans%3Aregular%2Citalic%2C700%2C700italic|font_style:400%20regular%3A400%3Anormal&#8220;][\/vc_column][\/vc_row][vc_row full_width=&#8220;full_width_content&#8220; bg_type=&#8220;image&#8220; parallax_style=&#8220;vcpb-vz-jquery&#8220; bg_image_new=&#8220;11402&#8243; bg_override=&#8220;full&#8220;][vc_column][vc_empty_space height=&#8220;800&#8243;][\/vc_column][\/vc_row][vc_row full_width=&#8220;full_width_content&#8220;][vc_column][vc_text_separator title=&#8220;SANGOKAI Dosierpl\u00e4ne&#8220;][\/vc_column][\/vc_row][vc_row full_width=&#8220;full_width_content&#8220;][vc_column width=&#8220;1\/6&#8243;][\/vc_column][vc_column width=&#8220;2\/3&#8243;][vc_custom_heading text=&#8220;Nat\u00fcrlich m\u00f6chtest Du Deine SANGOKAI Produkte mit optimalem Erfolg anwenden.&#8220; font_container=&#8220;tag:h2|font_size:35|text_align:center|color:%236e6e6e&#8220; google_fonts=&#8220;font_family:PT%20Sans%3Aregular%2Citalic%2C700%2C700italic|font_style:400%20regular%3A400%3Anormal&#8220;][\/vc_column][vc_column width=&#8220;1\/6&#8243;][\/vc_column][\/vc_row][vc_row full_width=&#8220;full_width_content&#8220;][vc_column width=&#8220;1\/6&#8243;][vc_empty_space height=&#8220;40px&#8220;][\/vc_column][vc_column width=&#8220;2\/3&#8243;][vc_custom_heading text=&#8220;SANGOKAI Dosierpl\u00e4ne f\u00fcr den optimalen Start&#8220; font_container=&#8220;tag:h2|text_align:center|color:%239e9447&#8243; google_fonts=&#8220;font_family:PT%20Sans%3Aregular%2Citalic%2C700%2C700italic|font_style:400%20regular%3A400%3Anormal&#8220;][vc_column_text]<\/p>\n<hr \/>\n<p style=\"text-align: center;\"><span style=\"font-family: tahoma, arial, helvetica, sans-serif; font-size: 12pt; color: #000000;\">SANGOKAI bietet Dir f\u00fcr den Beginn mit dem START-System, dem BASIS-System und dem NANO BASIS-System spezielle Dosierpl\u00e4ne an. Diese Dosierpl\u00e4ne beschreiben f\u00fcr einen Zeitraum von mehreren Wochen (je nach System) den Einsatz der SANGOKAI Produkte. Du kannst Dein Nettovolumen in das jeweilige excel-sheet eingeben und bekommst dann alle Dosierungen automatisch ausgerechnet. F\u00fcr die beiden Folgesysteme SPS und NRG gibt es keinen eigenen Dosierplan, weil beide Folgesysteme erst nach Anwendung der BASIS-Produkte f\u00fcr mindestens sechs Monate eingesetzt werden und dann eine sofortige Umstellung von BASIS auf SPS\/NRG ohne weitere Etablierungsphase erfolgt.<\/span><\/p>\n<p style=\"text-align: center;\"><span style=\"font-family: tahoma, arial, helvetica, sans-serif; font-size: 12pt; color: #000000;\">Die SANGOKAI\u00a0N\u00e4hrstoffversorgung im START- und BASIS-System solltest Du langsam steigern, so wie in den Dosierpl\u00e4nen vorgegeben,\u00a0damit sich Dein Riffaquarium an die neuen organischen Wirkstoffe gew\u00f6hnen kann. Auch Du hast in dieser Etablierungsphase Zeit und Gelegenheit, die Ver\u00e4nderungen in Deinem Becken zu beobachten.<\/span><\/p>\n<p style=\"text-align: center;\"><span style=\"font-family: tahoma, arial, helvetica, sans-serif; font-size: 12pt; color: #000000;\">Egal ob Du gerade ein neues Riffbecken startest\u00a0und mit dem START-System arbeitest, oder\u00a0Du in Deinem laufenden\u00a0Riffbecken\u00a0das\u00a0BASIS-System oder im Nanoriffaquarium das\u00a0NANO BASIS-System\u00a0etablierst, die\u00a0Dosierpl\u00e4ne sind f\u00fcr jedes Riffbecken gleich verbindlich.<\/span><\/p>\n<p>[\/vc_column_text][\/vc_column][vc_column width=&#8220;1\/6&#8243;][vc_column_text]<br \/>\n[\/vc_column_text][\/vc_column][\/vc_row][vc_row][vc_column][vc_btn title=&#8220;Download START-Dosierplan&#8220; style=&#8220;3d&#8220; color=&#8220;warning&#8220; align=&#8220;center&#8220; link=&#8220;url:http%3A%2F%2Fwww.sangokai.org%2Ffileupload%2FSTART_Dosierplan.xls||target:%20_blank&#8220;][vc_empty_space height=&#8220;10px&#8220;][vc_btn title=&#8220;Download BASIS-Dosierplan&#8220; style=&#8220;3d&#8220; color=&#8220;warning&#8220; link=&#8220;url:http%3A%2F%2Fwww.sangokai.org%2Ffileupload%2FBASIS_Dosierplan_2.xls||target:%20_blank&#8220;][vc_empty_space height=&#8220;10px&#8220;][vc_btn title=&#8220;Download NANO BASIS-Dosierplan&#8220; style=&#8220;3d&#8220; color=&#8220;warning&#8220; align=&#8220;center&#8220; link=&#8220;url:http%3A%2F%2Fwww.sangokai.org%2Ffileupload%2FNANO_BASIS_Dosierplan_2.xls||target:%20_blank&#8220;][vc_empty_space height=&#8220;10&#8243;][\/vc_column][\/vc_row][vc_row full_width=&#8220;full_width_content&#8220;][vc_column][vc_text_separator title=&#8220;Anleitungen f\u00fcr die einzelnen SANGOKAI Systeme&#8220;][\/vc_column][\/vc_row][vc_row full_width=&#8220;full_width_content&#8220;][vc_column width=&#8220;1\/6&#8243;][vc_column_text]<br \/>\n[\/vc_column_text][\/vc_column][vc_column width=&#8220;2\/3&#8243;][vc_empty_space height=&#8220;20px&#8220;][vc_custom_heading text=&#8220;Hier haben wir Anleitungen und jede Menge Praxis-Tipps f\u00fcr Dich.&#8220; font_container=&#8220;tag:h2|font_size:35|text_align:center|color:%236e6e6e&#8220; google_fonts=&#8220;font_family:PT%20Sans%3Aregular%2Citalic%2C700%2C700italic|font_style:400%20regular%3A400%3Anormal&#8220;][vc_empty_space height=&#8220;20px&#8220;][\/vc_column][vc_column width=&#8220;1\/6&#8243;][vc_column_text]<br \/>\n[\/vc_column_text][\/vc_column][\/vc_row][vc_row content_placement=&#8220;top&#8220; bg_type=&#8220;bg_color&#8220; bg_color_value=&#8220;#f4f4f4&#8243;][vc_column width=&#8220;1\/3&#8243; css=&#8220;.vc_custom_1477648045890{border-left-width: 2px !important;border-left-color: #ffffff !important;border-left-style: solid !important;}&#8220;][vc_empty_space height=&#8220;30px&#8220;][vc_custom_heading text=&#8220;Anleitung<br \/>\nSTART-System&#8220; font_container=&#8220;tag:h2|text_align:center|color:%239e9447&#8243; google_fonts=&#8220;font_family:PT%20Sans%3Aregular%2Citalic%2C700%2C700italic|font_style:400%20regular%3A400%3Anormal&#8220;][vc_empty_space height=&#8220;20px&#8220;][vc_btn title=&#8220;How-to START System&#8220; style=&#8220;3d&#8220; color=&#8220;green&#8220; link=&#8220;url:http%3A%2F%2Fsangokai.org%2F%3Fpage_id%3D8235||&#8220;][vc_empty_space height=&#8220;30px&#8220;][vc_row_inner css=&#8220;.vc_custom_1436380377875{border-top-width: 2px !important;border-top-color: #ffffff !important;border-top-style: solid !important;}&#8220;][vc_column_inner][vc_empty_space height=&#8220;30px&#8220;][vc_custom_heading text=&#8220;Anleitung<br \/>\nBALANCE-System&#8220; font_container=&#8220;tag:h2|text_align:center|color:%239e9447&#8243; google_fonts=&#8220;font_family:PT%20Sans%3Aregular%2Citalic%2C700%2C700italic|font_style:400%20regular%3A400%3Anormal&#8220;][vc_empty_space height=&#8220;20px&#8220;][vc_btn title=&#8220;How-to BALANCE-System&#8220; style=&#8220;3d&#8220; color=&#8220;green&#8220; link=&#8220;url:http%3A%2F%2Fsangokai.org%2F%3Fpage_id%3D5802||&#8220;][vc_empty_space height=&#8220;30px&#8220;][\/vc_column_inner][\/vc_row_inner][\/vc_column][vc_column width=&#8220;1\/3&#8243; css=&#8220;.vc_custom_1426544400795{border-right-width: 2px !important;border-left-width: 2px !important;border-left-color: #ffffff !important;border-left-style: solid !important;border-right-color: #ffffff !important;border-right-style: solid !important;}&#8220;][vc_empty_space height=&#8220;30px&#8220;][vc_custom_heading text=&#8220;Anleitung<br \/>\nBASIS-System&#8220; font_container=&#8220;tag:h2|text_align:center|color:%239e9447&#8243; google_fonts=&#8220;font_family:PT%20Sans%3Aregular%2Citalic%2C700%2C700italic|font_style:400%20regular%3A400%3Anormal&#8220;][vc_empty_space height=&#8220;20px&#8220;][vc_btn title=&#8220;How-to BASIS-System&#8220; style=&#8220;3d&#8220; color=&#8220;green&#8220; link=&#8220;url:http%3A%2F%2Fsangokai.org%2F%3Fpage_id%3D5443||&#8220;][vc_empty_space height=&#8220;30px&#8220;][vc_row_inner css=&#8220;.vc_custom_1436380284498{border-top-width: 2px !important;border-top-color: #ffffff !important;border-top-style: solid !important;}&#8220;][vc_column_inner][vc_empty_space height=&#8220;30px&#8220;][vc_custom_heading text=&#8220;Anleitung<br \/>\nSPS-\/NRG-System&#8220; font_container=&#8220;tag:h2|text_align:center|color:%239e9447&#8243; google_fonts=&#8220;font_family:PT%20Sans%3Aregular%2Citalic%2C700%2C700italic|font_style:400%20regular%3A400%3Anormal&#8220;][vc_empty_space height=&#8220;20px&#8220;][vc_btn title=&#8220;How-to SPS\/NRG-System&#8220; style=&#8220;3d&#8220; color=&#8220;green&#8220; link=&#8220;url:http%3A%2F%2Fsangokai.org%2F%3Fpage_id%3D11177||&#8220;][vc_empty_space height=&#8220;30px&#8220;][\/vc_column_inner][\/vc_row_inner][\/vc_column][vc_column width=&#8220;1\/3&#8243; css=&#8220;.vc_custom_1477648054831{border-right-width: 2px !important;border-right-color: #ffffff !important;border-right-style: solid !important;}&#8220;][vc_empty_space height=&#8220;30px&#8220;][vc_custom_heading text=&#8220;Anleitung<br \/>\nNANO BASIS-System&#8220; font_container=&#8220;tag:h2|text_align:center|color:%239e9447&#8243; google_fonts=&#8220;font_family:PT%20Sans%3Aregular%2Citalic%2C700%2C700italic|font_style:400%20regular%3A400%3Anormal&#8220;][vc_empty_space height=&#8220;20px&#8220;][vc_btn title=&#8220;How-to NANO BASIS-System&#8220; style=&#8220;3d&#8220; color=&#8220;green&#8220; link=&#8220;url:http%3A%2F%2Fsangokai.org%2F%3Fpage_id%3D9462||&#8220;][vc_empty_space height=&#8220;30px&#8220;][vc_row_inner css=&#8220;.vc_custom_1477647700451{border-top-width: 2px !important;border-top-color: #ffffff !important;border-top-style: solid !important;}&#8220;][vc_column_inner][vc_empty_space height=&#8220;30px&#8220;][\/vc_column_inner][\/vc_row_inner][vc_custom_heading text=&#8220;Anleitungen<br \/>\nCLEAN-System&#8220; font_container=&#8220;tag:h2|text_align:center|color:%239e9447&#8243; google_fonts=&#8220;font_family:PT%20Sans%3Aregular%2Citalic%2C700%2C700italic|font_style:400%20regular%3A400%3Anormal&#8220;][vc_empty_space height=&#8220;20px&#8220;][vc_btn title=&#8220;In Bearbeitung&#8220; style=&#8220;outline&#8220; shape=&#8220;round&#8220; link=&#8220;||&#8220;][vc_empty_space height=&#8220;30px&#8220;][\/vc_column][\/vc_row][vc_row full_width=&#8220;full_width_content&#8220;][vc_column][vc_empty_space height=&#8220;100px&#8220;][\/vc_column][\/vc_row]<\/p>","protected":false},"excerpt":{"rendered":"<p>[vc_row full_width=&#8220;full_width_content&#8220;][vc_column][vc_empty_space height=&#8220;100&#8243;][vc_custom_heading text=&#8220;SANGOKAI Produkte richtig anwenden&#8220; font_container=&#8220;tag:h2|font_size:40|text_align:center|color:%236e6e6e&#8220; google_fonts=&#8220;font_family:PT%20Sans%3Aregular%2Citalic%2C700%2C700italic|font_style:400%20regular%3A400%3Anormal&#8220;][vc_empty_space height=&#8220;40&#8243;][vc_custom_heading text=&#8220;F\u00fcr eine optimale Wirkung und maximalen Erfolg.&#8220; font_container=&#8220;tag:h2|font_size:30|text_align:center|color:%236e6e6e&#8220; google_fonts=&#8220;font_family:PT%20Sans%3Aregular%2Citalic%2C700%2C700italic|font_style:400%20regular%3A400%3Anormal&#8220;][\/vc_column][\/vc_row][vc_row full_width=&#8220;full_width_content&#8220; bg_type=&#8220;image&#8220; parallax_style=&#8220;vcpb-vz-jquery&#8220; bg_image_new=&#8220;11402&#8243; bg_override=&#8220;full&#8220;][vc_column][vc_empty_space height=&#8220;800&#8243;][\/vc_column][\/vc_row][vc_row full_width=&#8220;full_width_content&#8220;][vc_column][vc_text_separator title=&#8220;SANGOKAI Dosierpl\u00e4ne&#8220;][\/vc_column][\/vc_row][vc_row full_width=&#8220;full_width_content&#8220;][vc_column width=&#8220;1\/6&#8243;][\/vc_column][vc_column width=&#8220;2\/3&#8243;][vc_custom_heading text=&#8220;Nat\u00fcrlich m\u00f6chtest Du Deine SANGOKAI Produkte mit optimalem Erfolg anwenden.&#8220; font_container=&#8220;tag:h2|font_size:35|text_align:center|color:%236e6e6e&#8220; google_fonts=&#8220;font_family:PT%20Sans%3Aregular%2Citalic%2C700%2C700italic|font_style:400%20regular%3A400%3Anormal&#8220;][\/vc_column][vc_column width=&#8220;1\/6&#8243;][\/vc_column][\/vc_row][vc_row full_width=&#8220;full_width_content&#8220;][vc_column&hellip;  <\/p>\n<div class=\"read-more-button\"><a class=\"button\" href=\"http:\/\/sangokai.org\/?page_id=8\" title=\"Read Anleitungen\">Mehr lesen<\/a><\/div>\n","protected":false},"author":1,"featured_media":0,"parent":0,"menu_order":0,"comment_status":"open","ping_status":"open","template":"page-templates\/no-stunning.php","meta":{"footnotes":""},"class_list":["post-8","page","type-page","status-publish","hentry"," init "],"_links":{"self":[{"href":"http:\/\/sangokai.org\/index.php?rest_route=\/wp\/v2\/pages\/8","targetHints":{"allow":["GET"]}}],"collection":[{"href":"http:\/\/sangokai.org\/index.php?rest_route=\/wp\/v2\/pages"}],"about":[{"href":"http:\/\/sangokai.org\/index.php?rest_route=\/wp\/v2\/types\/page"}],"author":[{"embeddable":true,"href":"http:\/\/sangokai.org\/index.php?rest_route=\/wp\/v2\/users\/1"}],"replies":[{"embeddable":true,"href":"http:\/\/sangokai.org\/index.php?rest_route=%2Fwp%2Fv2%2Fcomments&post=8"}],"version-history":[{"count":184,"href":"http:\/\/sangokai.org\/index.php?rest_route=\/wp\/v2\/pages\/8\/revisions"}],"predecessor-version":[{"id":12985,"href":"http:\/\/sangokai.org\/index.php?rest_route=\/wp\/v2\/pages\/8\/revisions\/12985"}],"wp:attachment":[{"href":"http:\/\/sangokai.org\/index.php?rest_route=%2Fwp%2Fv2%2Fmedia&parent=8"}],"curies":[{"name":"wp","href":"https:\/\/api.w.org\/{rel}","templated":true}]}}