{"id":20,"date":"2015-03-01T18:45:22","date_gmt":"2015-03-01T18:45:22","guid":{"rendered":"http:\/\/sangokai.org\/?page_id=20"},"modified":"2026-02-24T17:05:07","modified_gmt":"2026-02-24T17:05:07","slug":"startseite","status":"publish","type":"page","link":"https:\/\/sangokai.org\/","title":{"rendered":"SANGOKAI"},"content":{"rendered":"<p>[vc_row full_width=&#8220;full_width_content&#8220;][vc_column][vc_empty_space height=&#8220;120px&#8220;]<div class=\"avt_masterslider_el \" >\n\t\t<!-- MasterSlider -->\n\t\t<div id=\"P_MS5d827d907b7aa\" class=\"master-slider-parent ms-parent-id-8\" style=\"max-width:300px;\"  >\n\n\t\t\t\n\t\t\t<!-- MasterSlider Main -->\n\t\t\t<div id=\"MS5d827d907b7aa\" class=\"master-slider ms-skin-light-3\" >\n\t\t\t\t \t\t\t\t \n\t\t\t\t<div  class=\"ms-slide\" data-delay=\"13.5\" data-fill-mode=\"fit\"  >\n\t\t\t\t\t<img decoding=\"async\" src=\"http:\/\/sangokai.org\/wp-content\/plugins\/masterslider\/public\/assets\/css\/blank.gif\" alt=\"\" title=\"\" data-src=\"http:\/\/sangokai.org\/wp-content\/uploads\/2015\/03\/Logo_NEU-e1425433639651.jpg\" \/>\n\n\t\t\t\t\t<div  class=\"ms-layer\" style=\"\"   data-duration=\"3000\" data-delay=\"8200\" data-ease=\"easeOutQuint\" data-hide-effect=\"fade\" data-hide-duration=\"600\"  data-hide-ease=\"easeOutQuint\" data-hide-time=\"12200\"           data-offset-x=\"5\" data-offset-y=\"24\" data-origin=\"bc\" data-position=\"normal\" >\n<span style=\"font-family: verdana, geneva, sans-serif; font-size: 18pt; color: #6e6e6e;\">Optimale\u00a0Beratung<\/span><\/div>\n\n\t\t\t\t\t<div  class=\"ms-layer\" style=\"\"   data-duration=\"3000\" data-delay=\"4400\" data-ease=\"easeOutQuint\" data-hide-effect=\"fade\" data-hide-duration=\"200\"  data-hide-ease=\"easeOutQuint\" data-hide-time=\"8400\"           data-offset-x=\"5\" data-offset-y=\"24\" data-origin=\"bc\" data-position=\"normal\" >\n<span style=\"font-family: verdana, geneva, sans-serif; font-size: 18pt; color: #6e6e6e;\">Effektive\u00a0Produkte<\/span><\/div>\n\n\t\t\t\t\t<div  class=\"ms-layer\" style=\"\"   data-duration=\"3000\" data-delay=\"200\" data-ease=\"easeOutQuint\" data-hide-effect=\"fade\" data-hide-duration=\"200\"  data-hide-ease=\"easeOutQuint\" data-hide-time=\"4200\"           data-offset-x=\"7\" data-offset-y=\"24\" data-origin=\"bc\" data-position=\"normal\" >\n<span style=\"font-family: verdana, geneva, sans-serif; font-size: 18pt; color: #6e6e6e;\">Riffaquaristik<\/span><\/div>\n\n\n\t\t\t\t<\/div>\n\n\t\t\t<\/div>\n\t\t\t<!-- END MasterSlider Main -->\n\n\t\t\t \n\t\t<\/div>\n\t\t<!-- END MasterSlider -->\n\n\t\t<script>\n\t\t(function ( $ ) {\n\t\t\t\"use strict\";\n\n\t\t\t$(function () {\n\t\t\t\tvar masterslider_b7aa = new MasterSlider();\n\n\t\t\t\t\/\/ slider controls\n\t\t\t\tmasterslider_b7aa.control('bullets'    ,{ autohide:true, overVideo:true, dir:'h', align:'bottom', space:6 , margin:10  });\n\t\t\t\t\/\/ slider setup\n\t\t\t\tmasterslider_b7aa.setup(\"MS5d827d907b7aa\", {\n\t\t\t\t\t\twidth           : 300,\n\t\t\t\t\t\theight          : 300,\n\t\t\t\t\t\tminHeight       : 0,\n\t\t\t\t\t\tspace           : 0,\n\t\t\t\t\t\tstart           : 1,\n\t\t\t\t\t\tgrabCursor      : true,\n\t\t\t\t\t\tswipe           : true,\n\t\t\t\t\t\tmouse           : true,\n\t\t\t\t\t\tkeyboard        : false,\n\t\t\t\t\t\tlayout          : \"boxed\",\n\t\t\t\t\t\twheel           : false,\n\t\t\t\t\t\tautoplay        : true,\n\t\t\t\t\t\tinstantStartLayers:false,\n\t\t\t\t\t\tloop            : true,\n\t\t\t\t\t\tshuffle         : false,\n\t\t\t\t\t\tpreload         : 0,\n\t\t\t\t\t\theightLimit     : true,\n\t\t\t\t\t\tautoHeight      : false,\n\t\t\t\t\t\tsmoothHeight    : true,\n\t\t\t\t\t\tendPause        : false,\n\t\t\t\t\t\toverPause       : false,\n\t\t\t\t\t\tfillMode        : \"fill\",\n\t\t\t\t\t\tcenterControls  : false,\n\t\t\t\t\t\tstartOnAppear   : false,\n\t\t\t\t\t\tlayersMode      : \"center\",\n\t\t\t\t\t\tautofillTarget  : \"\",\n\t\t\t\t\t\thideLayers      : true,\n\t\t\t\t\t\tfullscreenMargin: 0,\n\t\t\t\t\t\tspeed           : 10,\n\t\t\t\t\t\tdir             : \"h\",\n\t\t\t\t\t\tparallaxMode    : 'mouse:x-only',\n\t\t\t\t\t\tview            : \"basic\"\n\t\t\t\t});\n\n\n\t\t\t\t\n\t\t\t\twindow.masterslider_instances = window.masterslider_instances || [];\n\t\t\t\twindow.masterslider_instances.push( masterslider_b7aa );\n\t\t\t });\n\n\t\t})(jQuery);\n\t\t<\/script>\n\n<\/div>[vc_empty_space height=&#8220;60px&#8220;][vc_text_separator title=&#8220;Produktentwicklung und Manufaktur&#8220;][vc_empty_space height=&#8220;20px&#8220;][\/vc_column][\/vc_row][vc_row full_width=&#8220;full_width_content&#8220;][vc_column][vc_column_text]\n\t\t\t\t<p class=\"rs-p-wp-fix\"><\/p>\n\t\t\t\t<sr7-module data-alias=\"slider-1\" data-id=\"8\" id=\"SR7_8_1\" class=\"rs-ov-hidden\" data-version=\"6.7.51\">\n\t\t\t\t\t<sr7-adjuster><\/sr7-adjuster>\n\t\t\t\t\t<sr7-content>\n\t\t\t\t\t\t<sr7-slide id=\"SR7_8_1-24\" data-key=\"24\">\n\t\t\t\t\t\t\t<sr7-txt id=\"SR7_8_1-24-6\" class=\"sr7-layer\">Der Reefer's Podcast<\/sr7-txt>\n\t\t\t\t\t\t\t<sr7-txt id=\"SR7_8_1-24-7\" class=\"sr7-layer\">by SANGOKAI<\/sr7-txt>\n\t\t\t\t\t\t\t<sr7-txt id=\"SR7_8_1-24-8\" class=\"sr7-layer\">mit J\u00f6rg Kokott und Dominik Ringen<\/sr7-txt>\n\t\t\t\t\t\t\t<sr7-txt id=\"SR7_8_1-24-13\" class=\"sr7-layer\">Link zum Podcast:\nQR Code scannen oder QR code anklicken<\/sr7-txt>\n\t\t\t\t\t\t\t<sr7-txt id=\"SR7_8_1-24-18\" class=\"sr7-layer\">100(!) Folgen geballtes Wissen mit sachlichen Meerwasserthemen und regelm\u00e4ssigen G\u00e4sten!<\/sr7-txt>\n\t\t\t\t\t\t<\/sr7-slide>\n\t\t\t\t\t\t<sr7-slide id=\"SR7_8_1-30\" data-key=\"30\">\n\t\t\t\t\t\t<\/sr7-slide>\n\t\t\t\t\t<\/sr7-content>\n\t\t\t\t\t<image_lists style=\"display:none\">\n\t\t\t\t\t\t<img data-src=\"\/\/sangokai.org\/wp-content\/uploads\/2021\/08\/1-qr-code.png\" data-libid=\"12159\" title=\"qr-code\" width=\"0\" height=\"0\" data-dbsrc=\"Ly9zYW5nb2thaS5vcmcvd3AtY29udGVudC91cGxvYWRzLzIwMjEvMDgvMS1xci1jb2RlLnBuZw==\"\/>\n\t\t\t\t\t\t<img data-src=\"\/\/sangokai.org\/wp-content\/uploads\/2021\/08\/1-ZenGarten.jpg\" data-libid=\"12160\" title=\"ZenGarten\" width=\"0\" height=\"0\" data-dbsrc=\"Ly9zYW5nb2thaS5vcmcvd3AtY29udGVudC91cGxvYWRzLzIwMjEvMDgvMS1aZW5HYXJ0ZW4uanBn\"\/>\n\t\t\t\t\t<\/image_lists>\n\t\t\t\t<\/sr7-module>\n\t\t\t\t<script>\n\t\t\t\t\twindow.SR7 ??={};SR7.PMH ??={}; SR7.PMH[\"SR7_8_1\"] = {cn:100,state:false,fn: function() { if (window._tpt!==undefined && window._tpt.prepareModuleHeight !== undefined) {  _tpt.prepareModuleHeight({id:\"SR7_8_1\",el:[500,500,768,960,720],type:'standard',shdw:'0',gh:[500,500,413,314,194],gw:[1240,1240,1024,778,480],vpt:['-200px'],size:{fullWidth:true, fullHeight:false},mh:'0',onh:0,onw:0,bg:{color:'{\"orig\":\"transparent\",\"type\":\"solid\",\"string\":\"transparent\"}'}});   SR7.PMH[\"SR7_8_1\"].state=true;} else if(SR7.PMH[\"SR7_8_1\"].cn-->0)\tsetTimeout( SR7.PMH[\"SR7_8_1\"].fn,19);}};SR7.PMH[\"SR7_8_1\" ].fn();\n\t\t\t\t<\/script>\n[\/vc_column_text][\/vc_column][\/vc_row][vc_row full_width=&#8220;full_width_content&#8220;][vc_column width=&#8220;1\/6&#8243;][\/vc_column][vc_column width=&#8220;2\/3&#8243;][vc_custom_heading text=&#8220;SANGOKAI Wasseradditive und Meerwasser-Supplemente.&#8220; font_container=&#8220;tag:h2|font_size:45|text_align:center|color:%236e6e6e&#8220; google_fonts=&#8220;font_family:PT%20Sans%3Aregular%2Citalic%2C700%2C700italic|font_style:400%20regular%3A400%3Anormal&#8220;][vc_empty_space height=&#8220;20px&#8220;][vc_custom_heading text=&#8220;Erfolg f\u00fcr Dein Meer zuhause.&#8220; font_container=&#8220;tag:h2|text_align:center|color:%236e6e6e&#8220; google_fonts=&#8220;font_family:PT%20Sans%3Aregular%2Citalic%2C700%2C700italic|font_style:400%20regular%3A400%3Anormal&#8220;][vc_empty_space height=&#8220;60px&#8220;][\/vc_column][vc_column width=&#8220;1\/6&#8243;][\/vc_column][\/vc_row][vc_row full_width=&#8220;full_width_content&#8220; bg_type=&#8220;image&#8220; parallax_style=&#8220;vcpb-vz-jquery&#8220; bg_image_new=&#8220;5372&#8243; bg_override=&#8220;full&#8220;][vc_column][vc_empty_space height=&#8220;500&#8243;][\/vc_column][\/vc_row][vc_row full_width=&#8220;full_width_content&#8220;][vc_column][vc_text_separator title=&#8220;SANGOKAI Philosophie&#8220;][\/vc_column][\/vc_row][vc_row][vc_column width=&#8220;1\/3&#8243;][vc_custom_heading text=&#8220;SANGOKAI ist&#8220; font_container=&#8220;tag:h2|text_align:center|color:%239e9447&#8243; google_fonts=&#8220;font_family:PT%20Sans%3Aregular%2Citalic%2C700%2C700italic|font_style:400%20regular%3A400%3Anormal&#8220;][vc_empty_space height=&#8220;20px&#8220;]\n<span class=\"aio-icon  cr-animate-gen advanced \" data-animation=\"\" data-animation-delay=\"0\" style=\"color:#137a18;border-style:solid;border-color:#137a18;border-width:1px;width:80px;height:80px;line-height:80px;border-radius:500px;font-size:50px;\" data-animate-type = \"transition.expandIn\" >\n\t<i class=\"embrace-flask2\"><\/i>\n<\/span>[vc_empty_space height=&#8220;20px&#8220;][vc_column_text]<\/p>\n<p class=\"title-center bb-top-title\" style=\"text-align: center;\"><span style=\"font-family: tahoma, arial, helvetica, sans-serif; font-size: 14pt; color: #333333;\">Begr\u00fcnder und Entwickler eines einzigartigen Konzepts zur umfangreichen und effektiven N\u00e4hrstoffversorgung f\u00fcr Dein Riffaquarium.<\/span><\/p>\n<p>[\/vc_column_text][vc_empty_space height=&#8220;20px&#8220;][vc_btn title=&#8220;Hier gehts zu unseren Produkten&#8220; style=&#8220;3d&#8220; color=&#8220;green&#8220; size=&#8220;lg&#8220; link=&#8220;url:http%3A%2F%2Fsangokai.org%2F%3Fpage_id%3D6||&#8220;][vc_empty_space height=&#8220;20px&#8220;][\/vc_column][vc_column width=&#8220;1\/3&#8243;][vc_custom_heading text=&#8220;SANGOKAI steht f\u00fcr&#8220; font_container=&#8220;tag:h2|text_align:center|color:%239e9447&#8243; google_fonts=&#8220;font_family:PT%20Sans%3Aregular%2Citalic%2C700%2C700italic|font_style:400%20regular%3A400%3Anormal&#8220;][vc_empty_space height=&#8220;20px&#8220;]\n<span class=\"aio-icon  cr-animate-gen advanced \" data-animation=\"\" data-animation-delay=\"0\" style=\"color:#1e73be;border-style:solid;border-color:#1e73be;border-width:1px;width:80px;height:80px;line-height:80px;border-radius:500px;font-size:50px;\" data-animate-type = \"transition.expandIn\" >\n\t<i class=\"picons-chat3\"><\/i>\n<\/span>[vc_empty_space height=&#8220;20px&#8220;][vc_column_text]<\/p>\n<p style=\"text-align: center;\"><span style=\"font-family: tahoma, arial, helvetica, sans-serif; font-size: 14pt; color: #333333;\">modernste Riffaquaristik, optimale Informationsbereitstellung und intensive Beratung und Betreuung, gemeinsam mit Dir.<\/span><\/p>\n<p>[\/vc_column_text][vc_empty_space height=&#8220;20px&#8220;][vc_btn title=&#8220;Brauchst Du Hilfe?&#8220; style=&#8220;3d&#8220; color=&#8220;primary&#8220; size=&#8220;lg&#8220; link=&#8220;url:http%3A%2F%2Fsangokai.org%2F%3Fpage_id%3D10||&#8220;][vc_empty_space height=&#8220;20px&#8220;][\/vc_column][vc_column width=&#8220;1\/3&#8243;][vc_custom_heading text=&#8220;SANGOKAI m\u00f6chte&#8220; font_container=&#8220;tag:h2|text_align:center|color:%239e9447&#8243; google_fonts=&#8220;font_family:PT%20Sans%3Aregular%2Citalic%2C700%2C700italic|font_style:400%20regular%3A400%3Anormal&#8220;][vc_empty_space height=&#8220;20px&#8220;]\n<span class=\"aio-icon  cr-animate-gen advanced \" data-animation=\"\" data-animation-delay=\"0\" style=\"color:#f77722;border-style:solid;border-color:#f77722;border-width:1px;width:80px;height:80px;line-height:80px;border-radius:500px;font-size:50px;\" data-animate-type = \"transition.expandIn\" >\n\t<i class=\"picons-book2\"><\/i>\n<\/span>[vc_empty_space height=&#8220;20px&#8220;][vc_column_text]<\/p>\n<p style=\"text-align: center;\"><span style=\"font-family: tahoma, arial, helvetica, sans-serif; color: #333333; font-size: 14pt;\">dass Du\u00a0mehr\u00a0Wissen bekommst, um\u00a0Dein Riffaquarium besser verstehen, besser kontrollieren und damit auch besser pflegen zu k\u00f6nnen.<\/span><\/p>\n<p>[\/vc_column_text][vc_empty_space height=&#8220;20px&#8220;][vc_btn title=&#8220;Dein Wissen&#8220; style=&#8220;3d&#8220; color=&#8220;warning&#8220; size=&#8220;lg&#8220; link=&#8220;url:http%3A%2F%2Fsangokai.org%2F%3Fpage_id%3D12||&#8220;][vc_empty_space height=&#8220;20px&#8220;][\/vc_column][\/vc_row][vc_row full_width=&#8220;full_width_content&#8220;][vc_column][vc_custom_heading text=&#8220;Wir haben ein gemeinsames Ziel:<br \/>\noptimalen und langfristigen Erfolg in der Riffaquaristik.&#8220; font_container=&#8220;tag:h2|font_size:40|text_align:center|color:%236e6e6e&#8220; google_fonts=&#8220;font_family:PT%20Sans%3Aregular%2Citalic%2C700%2C700italic|font_style:400%20regular%3A400%3Anormal&#8220;][vc_empty_space height=&#8220;10px&#8220;][vc_custom_heading text=&#8220;Die Natur zeigt uns, wie es geht!&#8220; font_container=&#8220;tag:h2|font_size:40|text_align:center|color:%236e6e6e&#8220; google_fonts=&#8220;font_family:PT%20Sans%3Aregular%2Citalic%2C700%2C700italic|font_style:400%20regular%3A400%3Anormal&#8220;][\/vc_column][\/vc_row][vc_row full_width=&#8220;full_width_content&#8220;][vc_column][vc_text_separator title=&#8220;&#8220;][\/vc_column][\/vc_row][vc_row][vc_column width=&#8220;1\/2&#8243;][vc_column_text]<\/p>\n<hr \/>\n<p style=\"text-align: left;\"><span style=\"font-size: 12pt; color: #000000; font-family: tahoma, arial, helvetica, sans-serif;\">SANGOKAI ist auf die Versorgung Deines Meerwasseraquariums mit N\u00e4hrstoffen und Elementen spezialisiert. Wir verf\u00fcgen \u00fcber mehr als 20 Jahre lange Erfahrung in der Entwicklung einzigartiger N\u00e4hrstoffkombinationen und Meerwasser-Supplemente. Alle unsere Produkte basieren auf akademischem Wissen \u00fcber die Biologie und Chemie von tropischen Korallen und einem extrem gro\u00dfen Erfahrungsschatz in der professionellen Meerwasseraquaristik. Die langfristigen positiven Ergebnisse, vor allem unserer kontinuierlichen organischen N\u00e4hrstoffversorgung, die in vielen anderen System unber\u00fccksichtigt bleibt, zeigen und reproduzieren wir in den vielen Kundenaquarien seit unserer Gr\u00fcndung im Jahre 2012.<\/span><\/p>\n<p style=\"text-align: left;\"><span style=\"font-size: 12pt; color: #000000; font-family: tahoma, arial, helvetica, sans-serif;\">Die SANGOKAI Produkte sind auf dem Markt einzigartig und werden ausschliesslich von uns im eigenen Haus in Norddeutschland entwickelt, produziert und kontrolliert. Ihre Anwendung hat \u00f6kologische Funktionsprinzipien zum Vorbild, die sich von studiertem Wissen \u00fcber tropische Meeresbiologie, von Taucherfahrung und Live-Beobachtungen in Korallenriffen, sowie von Forschung und Experimenten im Meerwasseraquarium selbst ableiten.<\/span><\/p>\n<p style=\"text-align: left;\"><span style=\"font-size: 12pt; color: #000000; font-family: tahoma, arial, helvetica, sans-serif;\">Du pflegst mit SANGOKAI nicht nur Deine Korallen optimal und nat\u00fcrlich, sondern f\u00f6rderst die Produktivit\u00e4t Deines gesamten Riffaquariums und erzeugst dadurch eine langfristig hohe aquarienbiologische Stabilit\u00e4t sowie eine konstante und gesunde Meerwasserumgebung.<\/span><\/p>\n<p>[\/vc_column_text][vc_empty_space height=&#8220;20px&#8220;][\/vc_column][vc_column width=&#8220;1\/2&#8243;][vc_single_image image=&#8220;10354&#8243; img_size=&#8220;medium&#8220; alignment=&#8220;center&#8220;][\/vc_column][\/vc_row][vc_row full_width=&#8220;full_width_content&#8220;][vc_column][vc_text_separator title=&#8220;&#8220;][\/vc_column][\/vc_row][vc_row][vc_column width=&#8220;1\/2&#8243;][vc_empty_space height=&#8220;20px&#8220;][vc_single_image image=&#8220;12517&#8243; img_size=&#8220;&#8220; alignment=&#8220;center&#8220;][vc_empty_space height=&#8220;20px&#8220;][\/vc_column][vc_column width=&#8220;1\/2&#8243;][vc_column_text]<\/p>\n<hr \/>\n<p style=\"text-align: left;\"><span style=\"font-family: tahoma, arial, helvetica, sans-serif; font-size: 12pt;\">Seit meiner Kindheit und fr\u00fchen Jugend fasziniert mich Wasser. Genauer gesagt, was unter Wasser lebt und passiert. Vor dem Gartenteich liegend, Taucherbrille auf und der Kopf unter Wasser. Kein seltenes Bild von mir als kleiner Junge zuhause im Sommer, auf der Suche nach Molchen, Kr\u00f6ten und Libellenlarven.<\/span><\/p>\n<p style=\"text-align: left;\"><span style=\"font-family: tahoma, arial, helvetica, sans-serif; font-size: 12pt;\">Die Faszination f\u00fcr das Korallenriff war erweckt, als ich etwa acht Jahre alt war. 1984. Durch einen spontanen Besuch bei einem Nachbarn. Der pflegte neben unz\u00e4hligen S\u00fc\u00dfwasserbecken auch zwei Meerwasseraquarien, mit Tieren, die ich nie zuvor gesehen hatte. Es war die Seewalze, <em>Pseudocolochirus violaceus<\/em>, die ich bis heute noch bildlich vor Augen habe. Sie sah aus wie ein kleiner Ball, regungslos auf einem Stein, an einer Seite mit seltsamen Tentakeln, die sich in der Str\u00f6mung bewegten. Gelb, Rot, Blau und Lila. Und an meine Frage an den Nachbarn erinnere ich mich: &#8222;Was ist das?&#8220;. <\/span><\/p>\n<p style=\"text-align: left;\"><span style=\"font-family: tahoma, arial, helvetica, sans-serif; font-size: 12pt;\">Aus der Leidenschaft f\u00fcr die Aquaristik entstand auch die f\u00fcr das Tauchen. In jungen Jahren mit 16 trat ich dem \u00f6rtlichen Tauchverein bei und lernte den Umgang mit Tauchger\u00e4t. Und es war das Rote Meer, das erste tropische Korallenriff, dass ich mit eigenen Sinnen erleben und f\u00fchlen durfte. <\/span><\/p>\n<p style=\"text-align: left;\"><span style=\"font-family: tahoma, arial, helvetica, sans-serif; font-size: 12pt;\">In seltenen und sehr kurzen Momenten sp\u00fcre ich heute noch dieses aufwallende, intensive Gef\u00fchl der Aufregung und Vorfreude, das wie eine G\u00e4nsehaut, aber von Innen an einem emporsteigt, wenn man nach so viel Warten und Geduld auf einmal ganz nah dran ist, dass in Wirklichkeit zu erleben, wovon man so viel tr\u00e4umte.<\/span><\/p>\n<p style=\"text-align: left;\"><span style=\"font-family: tahoma, arial, helvetica, sans-serif; font-size: 12pt;\">F\u00fcr mich sind Korallenriffe surreale Orte. Als seien sie erfunden. Farben, Formen, Muster und Bewegungen, auf die man wohl nur mit der ausuferndsten Fantasie kommen w\u00fcrde. Aber die Natur hat sie geschaffen. Und sie sind echt.<\/span><\/p>\n<p style=\"text-align: left;\"><span style=\"font-family: tahoma, arial, helvetica, sans-serif; font-size: 10pt;\">J\u00f6rg Kokott, SANGOKAI Gr\u00fcnder, Meeresbiologe und Aquarianer.<\/span><\/p>\n<p>[\/vc_column_text][\/vc_column][\/vc_row]<\/p>","protected":false},"excerpt":{"rendered":"<p>[vc_row full_width=&#8220;full_width_content&#8220;][vc_column][vc_empty_space height=&#8220;120px&#8220;][vc_empty_space height=&#8220;60px&#8220;][vc_text_separator title=&#8220;Produktentwicklung und Manufaktur&#8220;][vc_empty_space height=&#8220;20px&#8220;][\/vc_column][\/vc_row][vc_row full_width=&#8220;full_width_content&#8220;][vc_column][vc_column_text][\/vc_column_text][\/vc_column][\/vc_row][vc_row full_width=&#8220;full_width_content&#8220;][vc_column width=&#8220;1\/6&#8243;][\/vc_column][vc_column width=&#8220;2\/3&#8243;][vc_custom_heading text=&#8220;SANGOKAI Wasseradditive und Meerwasser-Supplemente.&#8220; font_container=&#8220;tag:h2|font_size:45|text_align:center|color:%236e6e6e&#8220; google_fonts=&#8220;font_family:PT%20Sans%3Aregular%2Citalic%2C700%2C700italic|font_style:400%20regular%3A400%3Anormal&#8220;][vc_empty_space height=&#8220;20px&#8220;][vc_custom_heading text=&#8220;Erfolg f\u00fcr Dein Meer zuhause.&#8220; font_container=&#8220;tag:h2|text_align:center|color:%236e6e6e&#8220; google_fonts=&#8220;font_family:PT%20Sans%3Aregular%2Citalic%2C700%2C700italic|font_style:400%20regular%3A400%3Anormal&#8220;][vc_empty_space height=&#8220;60px&#8220;][\/vc_column][vc_column width=&#8220;1\/6&#8243;][\/vc_column][\/vc_row][vc_row full_width=&#8220;full_width_content&#8220; bg_type=&#8220;image&#8220; parallax_style=&#8220;vcpb-vz-jquery&#8220; bg_image_new=&#8220;5372&#8243; bg_override=&#8220;full&#8220;][vc_column][vc_empty_space height=&#8220;500&#8243;][\/vc_column][\/vc_row][vc_row full_width=&#8220;full_width_content&#8220;][vc_column][vc_text_separator title=&#8220;SANGOKAI Philosophie&#8220;][\/vc_column][\/vc_row][vc_row][vc_column width=&#8220;1\/3&#8243;][vc_custom_heading text=&#8220;SANGOKAI ist&#8220; font_container=&#8220;tag:h2|text_align:center|color:%239e9447&#8243; google_fonts=&#8220;font_family:PT%20Sans%3Aregular%2Citalic%2C700%2C700italic|font_style:400%20regular%3A400%3Anormal&#8220;][vc_empty_space height=&#8220;20px&#8220;][vc_empty_space height=&#8220;20px&#8220;][vc_column_text] Begr\u00fcnder&hellip;  <\/p>\n<div class=\"read-more-button\"><a class=\"button\" href=\"https:\/\/sangokai.org\/\" title=\"Read SANGOKAI\">Mehr lesen<\/a><\/div>\n","protected":false},"author":1,"featured_media":0,"parent":0,"menu_order":0,"comment_status":"open","ping_status":"open","template":"page-templates\/no-stunning.php","meta":{"footnotes":""},"class_list":["post-20","page","type-page","status-publish","hentry"," init "],"_links":{"self":[{"href":"https:\/\/sangokai.org\/index.php?rest_route=\/wp\/v2\/pages\/20","targetHints":{"allow":["GET"]}}],"collection":[{"href":"https:\/\/sangokai.org\/index.php?rest_route=\/wp\/v2\/pages"}],"about":[{"href":"https:\/\/sangokai.org\/index.php?rest_route=\/wp\/v2\/types\/page"}],"author":[{"embeddable":true,"href":"https:\/\/sangokai.org\/index.php?rest_route=\/wp\/v2\/users\/1"}],"replies":[{"embeddable":true,"href":"https:\/\/sangokai.org\/index.php?rest_route=%2Fwp%2Fv2%2Fcomments&post=20"}],"version-history":[{"count":722,"href":"https:\/\/sangokai.org\/index.php?rest_route=\/wp\/v2\/pages\/20\/revisions"}],"predecessor-version":[{"id":13478,"href":"https:\/\/sangokai.org\/index.php?rest_route=\/wp\/v2\/pages\/20\/revisions\/13478"}],"wp:attachment":[{"href":"https:\/\/sangokai.org\/index.php?rest_route=%2Fwp%2Fv2%2Fmedia&parent=20"}],"curies":[{"name":"wp","href":"https:\/\/api.w.org\/{rel}","templated":true}]}}