{"id":6036,"date":"2015-06-23T08:08:39","date_gmt":"2015-06-23T08:08:39","guid":{"rendered":"http:\/\/sangokai.org\/?page_id=6036"},"modified":"2023-03-22T09:03:19","modified_gmt":"2023-03-22T09:03:19","slug":"clean-system","status":"publish","type":"page","link":"https:\/\/sangokai.org\/?page_id=6036","title":{"rendered":"CLEAN-System"},"content":{"rendered":"<p>[vc_row full_width=&#8220;full_width_content&#8220; animation_type=&#8220;h&#8220; vertical_animation=&#8220;top-animation&#8220;][vc_column width=&#8220;1\/6&#8243;][\/vc_column][vc_column width=&#8220;2\/3&#8243;][vc_empty_space height=&#8220;100px&#8220;][vc_custom_heading text=&#8220;SANGOKAI CLEAN-System&#8220; font_container=&#8220;tag:h2|font_size:40|text_align:center|color:%236e6e6e&#8220; google_fonts=&#8220;font_family:PT%20Sans%3Aregular%2Citalic%2C700%2C700italic|font_style:400%20regular%3A400%3Anormal&#8220;][vc_empty_space height=&#8220;40px&#8220;][vc_custom_heading text=&#8220;Klares und sauberes Wasser f\u00fcr Dein Riffaquarium.&#8220; font_container=&#8220;tag:h2|font_size:30|text_align:center|color:%236e6e6e&#8220; google_fonts=&#8220;font_family:PT%20Sans%3Aregular%2Citalic%2C700%2C700italic|font_style:400%20regular%3A400%3Anormal&#8220;][vc_empty_space height=&#8220;40px&#8220;][\/vc_column][vc_column width=&#8220;1\/6&#8243;][\/vc_column][\/vc_row][vc_row animation_type=&#8220;h&#8220; vertical_animation=&#8220;top-animation&#8220;][vc_column width=&#8220;1\/2&#8243;][vc_empty_space height=&#8220;60px&#8220;][vc_single_image image=&#8220;9744&#8243; img_size=&#8220;medium&#8220; alignment=&#8220;center&#8220;][\/vc_column][vc_column width=&#8220;1\/2&#8243;][vc_empty_space height=&#8220;100px&#8220;][vc_custom_heading text=&#8220;Das CLEAN-System bietet Dir ausgew\u00e4hlte Filtermedien speziell zur Filterung und Verbesserung Deines Meerwassers.&#8220; font_container=&#8220;tag:h2|font_size:30|text_align:left|color:%236e6e6e&#8220; google_fonts=&#8220;font_family:PT%20Sans%3Aregular%2Citalic%2C700%2C700italic|font_style:400%20regular%3A400%3Anormal&#8220;][vc_empty_space height=&#8220;20px&#8220;][vc_custom_heading text=&#8220;Nur ein sauberes und von Schadstoffen befreites Wasser kann auch eine optimale N\u00e4hrstoff- und Mineralstoffversorgung gew\u00e4hrleisten.&#8220; font_container=&#8220;tag:h2|font_size:30|text_align:left|color:%236e6e6e&#8220; google_fonts=&#8220;font_family:PT%20Sans%3Aregular%2Citalic%2C700%2C700italic|font_style:400%20regular%3A400%3Anormal&#8220;][\/vc_column][\/vc_row][vc_row full_width=&#8220;full_width_content&#8220; animation_type=&#8220;h&#8220; vertical_animation=&#8220;top-animation&#8220;][vc_column][vc_text_separator title=&#8220;Allgemeines Funktionsprinzip der CLEAN-Produkte&#8220;][vc_empty_space height=&#8220;20px&#8220;][\/vc_column][\/vc_row][vc_row full_width=&#8220;full_width_content&#8220; animation_type=&#8220;h&#8220; vertical_animation=&#8220;top-animation&#8220;][vc_column width=&#8220;1\/2&#8243;][vc_empty_space height=&#8220;30px&#8220;][vc_single_image image=&#8220;11826&#8243;][\/vc_column][vc_column width=&#8220;1\/2&#8243;][vc_custom_heading text=&#8220;Aufgabe und Funktion&#8220; font_container=&#8220;tag:h2|text_align:left|color:%239e9447&#8243; google_fonts=&#8220;font_family:PT%20Sans%3Aregular%2Citalic%2C700%2C700italic|font_style:400%20regular%3A400%3Anormal&#8220;][vc_column_text]<\/p>\n<hr \/>\n<p style=\"text-align: left;\"><span style=\"font-family: tahoma, arial, helvetica, sans-serif; font-size: 12pt; color: #000000;\">Das CLEAN-System umfasst verschiedene\u00a0Filtermedien f\u00fcr Dein Riffaquarium, mit denen Du die Wasserqualit\u00e4t kontrollieren\u00a0und die Pflegebedingungen f\u00fcr Deine Tiere verbessern\u00a0kannst.<\/span><\/p>\n<p style=\"text-align: left;\"><span style=\"font-family: tahoma, arial, helvetica, sans-serif; font-size: 12pt; color: #000000;\">Die Entfernung akkumulierter N\u00e4hrstoffe wie Nitrat oder Phosphat spielt im\u00a0SANGOKAI System zwar keine vordergr\u00fcndige Rolle, weil v.a. das\u00a0BASIS-System in diesem Bereich eine hohe Leistungsf\u00e4higkeit aufweist.\u00a0Allerdings stellt\u00a0sich im individuellen Einzelfall und je nach Tierbesatz die Notwendigkeit, gezielt oder auch prophylaktisch filtertechnische Ma\u00dfnahmen zur erweiterten Wasserreinigung zu etablieren. <\/span><\/p>\n<p style=\"text-align: left;\"><span style=\"font-family: tahoma, arial, helvetica, sans-serif; font-size: 12pt; color: #000000;\">Nat\u00fcrlich schaffen wir Dir in den Produktbeschreibungen sowie\u00a0in der Anwendungskategorie die Wissensgrundlage daf\u00fcr, wann und wie Du die CLEAN-Produkte\u00a0optimal und sinnvoll einsetzen kannst.<\/span><\/p>\n<p style=\"text-align: left;\"><span style=\"font-family: tahoma, arial, helvetica, sans-serif; font-size: 12pt; color: #000000;\">Die CLEAN\u00a0Filtermedien haben wir\u00a0speziell f\u00fcr die Riffaquaristik aus hochwertigen industriellen Produkten ausgew\u00e4hlt. Dadurch k\u00f6nnen wir Dir eine hervorragende Leistungsf\u00e4higkeit garantieren und sorgen\u00a0mit der\u00a0Qualit\u00e4tskontrolle\u00a0gemeinsam mit unseren Lieferanten und unserem Partner-Labor (Fauna Marin) f\u00fcr Deinen langfristigen Erfolg.<\/span><\/p>\n<p>[\/vc_column_text][\/vc_column][\/vc_row][vc_row full_width=&#8220;full_width_content&#8220; animation_type=&#8220;h&#8220; vertical_animation=&#8220;top-animation&#8220;][vc_column width=&#8220;1\/6&#8243;][\/vc_column][vc_column width=&#8220;2\/3&#8243;][vc_custom_heading text=&#8220;Mit den CLEAN Produkten arbeitest Du effektiv und hast die Kontrolle \u00fcber Deine Wasserqualit\u00e4t.&#8220; font_container=&#8220;tag:h2|font_size:35|text_align:center|color:%236e6e6e&#8220; google_fonts=&#8220;font_family:PT%20Sans%3Aregular%2Citalic%2C700%2C700italic|font_style:400%20regular%3A400%3Anormal&#8220;][vc_empty_space height=&#8220;40px&#8220;][\/vc_column][vc_column width=&#8220;1\/6&#8243;][\/vc_column][\/vc_row][vc_row][vc_column][vc_text_separator title=&#8220;SANGOKAI CLEAN-System&#8220;][\/vc_column][\/vc_row][vc_row full_width=&#8220;full_width_content&#8220;][vc_column width=&#8220;1\/6&#8243;][\/vc_column][vc_column width=&#8220;2\/3&#8243;][vc_custom_heading text=&#8220;Welche Produkte geh\u00f6ren zum CLEAN-System?&#8220; font_container=&#8220;tag:h2|font_size:35|text_align:center|color:%236e6e6e&#8220; google_fonts=&#8220;font_family:Open%20Sans%3A300%2C300italic%2Cregular%2Citalic%2C600%2C600italic%2C700%2C700italic%2C800%2C800italic|font_style:400%20regular%3A400%3Anormal&#8220;][vc_empty_space height=&#8220;30px&#8220;][vc_custom_heading text=&#8220;Die CLEAN Produkte anio und carb.&#8220; font_container=&#8220;tag:h2|font_size:35|text_align:center|color:%236e6e6e&#8220; google_fonts=&#8220;font_family:Open%20Sans%3A300%2C300italic%2Cregular%2Citalic%2C600%2C600italic%2C700%2C700italic%2C800%2C800italic|font_style:400%20regular%3A400%3Anormal&#8220;][vc_empty_space height=&#8220;40px&#8220;][\/vc_column][vc_column width=&#8220;1\/6&#8243;][\/vc_column][\/vc_row][vc_row bg_type=&#8220;bg_color&#8220; animation_type=&#8220;h&#8220; vertical_animation=&#8220;top-animation&#8220;][vc_column width=&#8220;1\/2&#8243;][vc_empty_space height=&#8220;40px&#8220;][vc_single_image image=&#8220;9764&#8243; img_size=&#8220;medium&#8220; alignment=&#8220;center&#8220; module_animation=&#8220;transition.expandIn&#8220;][\/vc_column][vc_column width=&#8220;1\/2&#8243;][vc_empty_space height=&#8220;20px&#8220;][vc_custom_heading text=&#8220;CLEAN anio (Phosphat-\/Anionenadsorber)&#8220; font_container=&#8220;tag:h2|text_align:left|color:%239e9447&#8243; google_fonts=&#8220;font_family:PT%20Sans%3Aregular%2Citalic%2C700%2C700italic|font_style:400%20regular%3A400%3Anormal&#8220;][vc_column_text]<\/p>\n<hr \/>\n<p style=\"text-align: left;\"><span style=\"font-size: 12pt; font-family: tahoma, arial, helvetica, sans-serif; color: #000000;\">CLEAN\u00a0anio ist ein wirkungsvolles Anionen-Adsorptionsmedium aus granuliertem Eisen in einer Mischk\u00f6rnung aus feinen\u00a0(500 \u00b5m) bis groben\u00a0(4 mm) Anteilen.<\/span><\/p>\n<p style=\"text-align: left;\"><span style=\"font-size: 12pt; font-family: tahoma, arial, helvetica, sans-serif; color: #000000;\">Das Material bindet vorrangig Phosphat-\u00a0und\u00a0Silikat-Ionen und kann erh\u00f6hte Konzentrationen im Riffaquarium effektiv auf ein sicheres Niveau senken. Auch organische Wasserbelastungen\u00a0(Gelbstoffe) werden\u00a0vermindert, so dass CLEAN\u00a0anio\u00a0auch\u00a0die Wirkung der CLEAN carb Aktivkohle unterst\u00fctzt. Dar\u00fcber hinaus k\u00f6nnen auch stark erh\u00f6hte Konzentrationen verschiedener Spurenstoffe entfernt werden.\u00a0Die\u00a0Einsatzgebiete f\u00fcr CLEAN\u00a0anio sind sehr vielseitig.<\/span><\/p>\n<p style=\"text-align: left;\"><span style=\"font-size: 12pt; font-family: tahoma, arial, helvetica, sans-serif; color: #000000;\">Durch die ausgepr\u00e4gte Mischk\u00f6rnung ist\u00a0das Material sowohl f\u00fcr den Kurzzeiteinsatz, wie auch f\u00fcr die Daueranwendung vorzugsweise im Fliessbettfilter (Wirbelbettfilter) sehr gut geeignet.<\/span><\/p>\n<p>[\/vc_column_text][vc_empty_space height=&#8220;30&#8243;][vc_btn title=&#8220;Produktbeschreibung und Anwendung&#8220; style=&#8220;3d&#8220; color=&#8220;primary&#8220; link=&#8220;url:http%3A%2F%2Fsangokai.org%2F%3Fpage_id%3D6094||&#8220;][\/vc_column][\/vc_row][vc_row][vc_column width=&#8220;1\/2&#8243;][vc_empty_space height=&#8220;40px&#8220;][vc_single_image image=&#8220;9765&#8243; img_size=&#8220;medium&#8220; alignment=&#8220;center&#8220; module_animation=&#8220;transition.slideLeftIn&#8220;][\/vc_column][vc_column width=&#8220;1\/2&#8243;][vc_empty_space height=&#8220;20px&#8220;][vc_custom_heading text=&#8220;CLEAN carb (Langzeit-Aktivkohle)&#8220; font_container=&#8220;tag:h2|text_align:left|color:%239e9447&#8243; google_fonts=&#8220;font_family:PT%20Sans%3Aregular%2Citalic%2C700%2C700italic|font_style:400%20regular%3A400%3Anormal&#8220;][vc_column_text]<\/p>\n<hr \/>\n<p style=\"text-align: left;\"><span style=\"font-family: tahoma, arial, helvetica, sans-serif; font-size: 12pt; color: #000000;\">CLEAN\u00a0carb ist eine Formaktivkohle mit exzellenten physiko-chemischen Eigenschaften, die alle Anforderungen der high-end Riffaquaristik erf\u00fcllt\u00a0und auch bei empfindlichen Organismen keine Sch\u00e4den erzeugt.<\/span><\/p>\n<p style=\"text-align: left;\"><span style=\"font-family: tahoma, arial, helvetica, sans-serif; font-size: 12pt; color: #000000;\">Sie\u00a0besteht aus einer Pelletierungen mit ca. 2-3 mm Korngr\u00f6\u00dfe\u00a0und weist eine gro\u00dfe Zahl an Meso- u. Makroporen auf.\u00a0Dadurch ist diese spezielle Mischung v.a. f\u00fcr den schonenden\u00a0und kontinuierlichen Dauereinsatz pr\u00e4destiniert, bevorzugt\u00a0im Fliessbettfilter (Wirbelbettfilter). <\/span><\/p>\n<p style=\"text-align: left;\"><span style=\"font-family: tahoma, arial, helvetica, sans-serif; font-size: 12pt; color: #000000;\">Mit einer moderaten Iodzahl &gt; 900 mg\/g\u00a0und einer\u00a0BET-Oberfl\u00e4che &gt; 950 m\u00b2\/g\u00a0werden langsam aber kontinuierlich\u00a0organische S\u00e4uren, Huminstoffe und andere langkettige organische Schadstoffe effektiv aus dem Wasser entfernt. Auch die Neutralisation von reaktiven Schadstoffen wie Restozon oder\u00a0Bromat hinter dem ozonisierten Absch\u00e4umer oder einer UV-Anlage ist \u00fcber die Langzeitwirkung der CLEAN carb Mischung einfach m\u00f6glich.<\/span><\/p>\n<p>[\/vc_column_text][vc_empty_space height=&#8220;30px&#8220;][vc_btn title=&#8220;Produktbeschreibung und Anwendung&#8220; style=&#8220;3d&#8220; color=&#8220;primary&#8220; link=&#8220;url:http%3A%2F%2Fsangokai.org%2F%3Fpage_id%3D6164||&#8220;][\/vc_column][\/vc_row][vc_row][vc_column width=&#8220;1\/2&#8243;][vc_empty_space height=&#8220;75px&#8220;][vc_single_image image=&#8220;6058&#8243; alignment=&#8220;center&#8220; module_animation=&#8220;transition.slideLeftIn&#8220;][\/vc_column][vc_column width=&#8220;1\/2&#8243;][vc_empty_space height=&#8220;20px&#8220;][vc_custom_heading text=&#8220;kinko zeoklin (Zeolith\/Clinoptilolith)&#8220; font_container=&#8220;tag:h2|text_align:left|color:%239e9447&#8243; google_fonts=&#8220;font_family:PT%20Sans%3Aregular%2Citalic%2C700%2C700italic|font_style:400%20regular%3A400%3Anormal&#8220;][vc_custom_heading text=&#8220;Produkt nicht mehr lieferbar!&#8220; font_container=&#8220;tag:h2|text_align:left|color:%239e9447&#8243; google_fonts=&#8220;font_family:PT%20Sans%3Aregular%2Citalic%2C700%2C700italic|font_style:400%20regular%3A400%3Anormal&#8220;][vc_column_text]<\/p>\n<hr \/>\n<p style=\"text-align: left;\"><span style=\"font-family: tahoma, arial, helvetica, sans-serif; font-size: 12pt; color: #000000;\">Die Zeolithfilterung ist eine inhaltlich sehr komplexe Methodik, die zun\u00e4chst von\u00a0der Auswahl eines\u00a0geeigneten Zeolithmaterials abh\u00e4ngig ist. kinko zeoklin ist ein naturbelassener Clinoptilolith in einer Mischung verschiedener Gr\u00f6\u00dfen zwischen 8 &#8211;\u00a032 mm.<\/span><\/p>\n<p style=\"text-align: left;\"><span style=\"font-family: tahoma, arial, helvetica, sans-serif; font-size: 12pt; color: #000000;\">Mit kinko zeoklin stellt Dir\u00a0das CLEAN-System ein sehr gut geeignetes\u00a0Filtermaterial zur Verf\u00fcgung, das unter bestimmten Voraussetzungen Dein\u00a0Riffaquarium weiter optimieren kann.\u00a0Dazu\u00a0vermitteln wir Dir alles notwendige Wissen da\u00fcber, wie die Zeolithfilterung funktioniert und stellen\u00a0Dir\u00a0zwei verschiedene Anwendungsm\u00f6glichkeiten\u00a0vor, die beide f\u00fcr Dein Riffaquarium von Vorteil sein k\u00f6nnen.<\/span><\/p>\n<p>[\/vc_column_text][vc_empty_space height=&#8220;30px&#8220;][vc_btn title=&#8220;Produktbeschreibung&#8220; style=&#8220;3d&#8220; color=&#8220;primary&#8220; link=&#8220;url:http%3A%2F%2Fsangokai.org%2F%3Fpage_id%3D6199||&#8220;][\/vc_column][\/vc_row][vc_row full_width=&#8220;full_width_content&#8220; animation_type=&#8220;h&#8220; vertical_animation=&#8220;top-animation&#8220;][vc_column][vc_text_separator title=&#8220;Anwendung der CLEAN-Produkte&#8220;][\/vc_column][\/vc_row][vc_row full_width=&#8220;full_width_content&#8220; bg_type=&#8220;bg_color&#8220; bg_color_value=&#8220;#f4f4f4&#8243; animation_type=&#8220;h&#8220; vertical_animation=&#8220;top-animation&#8220;][vc_column width=&#8220;1\/6&#8243;][\/vc_column][vc_column width=&#8220;2\/3&#8243;][vc_empty_space]\n<span class=\"aio-icon  none \" data-animation=\"\" data-animation-delay=\"0\" style=\"color:#1e73be;font-size:50px;\" >\n\t<i class=\"picons-color\"><\/i>\n<\/span>[vc_empty_space][vc_custom_heading text=&#8220;Den korrekten Einsatz Deiner CLEAN Produkte haben wir Dir derzeit direkt in den Produktbeschreibungen hinterlegt.&#8220; font_container=&#8220;tag:h2|font_size:30|text_align:center|color:%236e6e6e&#8220; google_fonts=&#8220;font_family:PT%20Sans%3Aregular%2Citalic%2C700%2C700italic|font_style:400%20regular%3A400%3Anormal&#8220;][vc_empty_space height=&#8220;40px&#8220;][vc_empty_space height=&#8220;60px&#8220;][\/vc_column][vc_column width=&#8220;1\/6&#8243;][\/vc_column][\/vc_row]<\/p>","protected":false},"excerpt":{"rendered":"<p>[vc_row full_width=&#8220;full_width_content&#8220; animation_type=&#8220;h&#8220; vertical_animation=&#8220;top-animation&#8220;][vc_column width=&#8220;1\/6&#8243;][\/vc_column][vc_column width=&#8220;2\/3&#8243;][vc_empty_space height=&#8220;100px&#8220;][vc_custom_heading text=&#8220;SANGOKAI CLEAN-System&#8220; font_container=&#8220;tag:h2|font_size:40|text_align:center|color:%236e6e6e&#8220; google_fonts=&#8220;font_family:PT%20Sans%3Aregular%2Citalic%2C700%2C700italic|font_style:400%20regular%3A400%3Anormal&#8220;][vc_empty_space height=&#8220;40px&#8220;][vc_custom_heading text=&#8220;Klares und sauberes Wasser f\u00fcr Dein Riffaquarium.&#8220; font_container=&#8220;tag:h2|font_size:30|text_align:center|color:%236e6e6e&#8220; google_fonts=&#8220;font_family:PT%20Sans%3Aregular%2Citalic%2C700%2C700italic|font_style:400%20regular%3A400%3Anormal&#8220;][vc_empty_space height=&#8220;40px&#8220;][\/vc_column][vc_column width=&#8220;1\/6&#8243;][\/vc_column][\/vc_row][vc_row animation_type=&#8220;h&#8220; vertical_animation=&#8220;top-animation&#8220;][vc_column width=&#8220;1\/2&#8243;][vc_empty_space height=&#8220;60px&#8220;][vc_single_image image=&#8220;9744&#8243; img_size=&#8220;medium&#8220; alignment=&#8220;center&#8220;][\/vc_column][vc_column width=&#8220;1\/2&#8243;][vc_empty_space height=&#8220;100px&#8220;][vc_custom_heading text=&#8220;Das CLEAN-System bietet Dir ausgew\u00e4hlte Filtermedien speziell zur Filterung und Verbesserung Deines Meerwassers.&#8220;&hellip;  <\/p>\n<div class=\"read-more-button\"><a class=\"button\" href=\"https:\/\/sangokai.org\/?page_id=6036\" title=\"Read CLEAN-System\">Mehr lesen<\/a><\/div>\n","protected":false},"author":1,"featured_media":0,"parent":6,"menu_order":0,"comment_status":"closed","ping_status":"open","template":"page-templates\/no-stunning.php","meta":{"footnotes":""},"class_list":["post-6036","page","type-page","status-publish","hentry"," init "],"_links":{"self":[{"href":"https:\/\/sangokai.org\/index.php?rest_route=\/wp\/v2\/pages\/6036","targetHints":{"allow":["GET"]}}],"collection":[{"href":"https:\/\/sangokai.org\/index.php?rest_route=\/wp\/v2\/pages"}],"about":[{"href":"https:\/\/sangokai.org\/index.php?rest_route=\/wp\/v2\/types\/page"}],"author":[{"embeddable":true,"href":"https:\/\/sangokai.org\/index.php?rest_route=\/wp\/v2\/users\/1"}],"replies":[{"embeddable":true,"href":"https:\/\/sangokai.org\/index.php?rest_route=%2Fwp%2Fv2%2Fcomments&post=6036"}],"version-history":[{"count":110,"href":"https:\/\/sangokai.org\/index.php?rest_route=\/wp\/v2\/pages\/6036\/revisions"}],"predecessor-version":[{"id":12223,"href":"https:\/\/sangokai.org\/index.php?rest_route=\/wp\/v2\/pages\/6036\/revisions\/12223"}],"up":[{"embeddable":true,"href":"https:\/\/sangokai.org\/index.php?rest_route=\/wp\/v2\/pages\/6"}],"wp:attachment":[{"href":"https:\/\/sangokai.org\/index.php?rest_route=%2Fwp%2Fv2%2Fmedia&parent=6036"}],"curies":[{"name":"wp","href":"https:\/\/api.w.org\/{rel}","templated":true}]}}