{"id":112,"date":"2017-06-28T17:51:23","date_gmt":"2017-06-28T15:51:23","guid":{"rendered":"http:\/\/sangokai.org\/sangokai-shop\/?post_type=product&#038;p=112"},"modified":"2025-08-13T23:43:16","modified_gmt":"2025-08-13T21:43:16","slug":"sango-chem-balance-ca-1-1000-ml","status":"publish","type":"product","link":"https:\/\/sangokai.org\/sangokai-shop\/produkt\/sango-chem-balance-ca-1-1000-ml\/","title":{"rendered":"BALANCE Ca-1 1000 mL"},"content":{"rendered":"<p><span style=\"font-family: tahoma, arial, helvetica, sans-serif; color: #000000; font-size: 12pt;\"><strong>Einfache und meerwasserkonforme Calcium-Stabilisierung<\/strong><\/span><\/p>\n<p><span style=\"font-family: tahoma, arial, helvetica, sans-serif; color: #000000; font-size: 12pt;\">\u2013 Komponente #1 im\u00a0BALANCE-System.<\/span><\/p>\n<p><span style=\"font-family: tahoma, arial, helvetica, sans-serif; color: #000000; font-size: 12pt;\">\u2013 erh\u00f6ht \u00fcber reinstes Calciumchlorid Dihydrat in pharmazeutischer Qualit\u00e4t gem\u00e4\u00df Ph. Eur.\/USP gezielt den Calciumgehalt.<\/span><\/p>\n<p><span style=\"font-family: tahoma, arial, helvetica, sans-serif; color: #000000; font-size: 12pt;\">\u2013 erg\u00e4nzt angepasst an die Calciumzufuhr auch Strontium, Bor und Rubidium und gleicht damit anteilige Verf\u00fcgbarkeitsdefizite aus.<\/span><\/p>\n<p><span style=\"font-family: tahoma, arial, helvetica, sans-serif; color: #000000; font-size: 12pt;\">\u2013 der Chloridanteil wird durch die Wirkstoffe im BALANCE Ca-2 ausgeglichen.<\/span><\/p>\n<p><span style=\"font-family: tahoma, arial, helvetica, sans-serif; color: #000000; font-size: 12pt;\">\u2013\u00a0das Produkt ist ein 5-fach Konzentrat und wird\u00a0vor Gebrauch zu einer Gebrauchsl\u00f6sung mit Osmosewasser oder Aquadest aufgef\u00fcllt.<\/span><\/p>\n<p><span style=\"font-family: tahoma, arial, helvetica, sans-serif; color: #000000; font-size: 12pt;\">\u2013\u00a0erh\u00f6ht den Salzgehalt \u2013 regelm\u00e4\u00dfige Meerwasserentnahmen und Ausgleich gegen frisches Osmosewasser tr\u00e4gt zum Wasserwechsel bei.<\/span><\/p>\n<p><span style=\"font-family: tahoma, arial, helvetica, sans-serif; color: #000000; font-size: 12pt;\">\u2013 Dosierung: 2,5 mL\/100 L Gebrauchsl\u00f6sung erh\u00f6hen den Calciumgehalt um 1 mg Ca\/L.<\/span><\/p>\n<p><span style=\"font-family: tahoma, arial, helvetica, sans-serif; color: #000000; font-size: 12pt;\">\u2013 Umfangreiche Anleitung und Wissen\u00a0zur Kalkhaushalt-Stabilisierung in der Produktbeschreibung\u00a0und\u00a0den SANGOKAI-Empfehlungen\u00a0A-Z (SEA-Z).<\/span><\/p>\n<p><span style=\"font-family: tahoma, arial, helvetica, sans-serif; color: #000000; font-size: 12pt;\">Erh\u00e4ltlich in 1000 mL (Art.-Nr. 10039). <\/span><\/p>\n<p><strong><span style=\"font-family: tahoma, arial, helvetica, sans-serif; color: #000000; font-size: 12pt;\">Achtung:<\/span><\/strong><\/p>\n<p><strong><span style=\"font-family: tahoma, arial, helvetica, sans-serif; color: #000000; font-size: 12pt;\"><img loading=\"lazy\" decoding=\"async\" class=\" wp-image-6942 alignleft\" src=\"https:\/\/sangokai.org\/sangokai-shop\/wp-content\/uploads\/2017\/06\/145px-GHS-pictogram-exclam.svg.png\" alt=\"\" width=\"78\" height=\"78\" srcset=\"https:\/\/sangokai.org\/sangokai-shop\/wp-content\/uploads\/2017\/06\/145px-GHS-pictogram-exclam.svg.png 145w, https:\/\/sangokai.org\/sangokai-shop\/wp-content\/uploads\/2017\/06\/145px-GHS-pictogram-exclam.svg-120x120.png 120w, https:\/\/sangokai.org\/sangokai-shop\/wp-content\/uploads\/2017\/06\/145px-GHS-pictogram-exclam.svg-100x100.png 100w\" sizes=\"auto, (max-width: 78px) 100vw, 78px\" \/><\/span><\/strong><\/p>\n<p>&nbsp;<\/p>\n<p>&nbsp;<\/p>\n<p>&nbsp;<\/p>\n<p><strong><span style=\"font-family: tahoma, arial, helvetica, sans-serif; color: #000000; font-size: 12pt;\">Gefahrenhinweis: H319: Verursacht schwere Augenreizung.<\/span><\/strong><\/p>\n<p><strong><span style=\"font-family: tahoma, arial, helvetica, sans-serif; color: #000000; font-size: 12pt;\">Sicherheitshinweise: <\/span><\/strong><\/p>\n<p><span style=\"font-family: tahoma, arial, helvetica, sans-serif; font-size: 12pt;\"><strong>P102,P264,P280: Darf nicht in die H\u00e4nde von Kindern gelangen, nach Gebrauch H\u00e4nde gr\u00fcndlich waschen, Schutzhandschuhe\/Augenschutz tragen.<\/strong><\/span><\/p>\n<p><strong><span style=\"font-family: tahoma, arial, helvetica, sans-serif; color: #000000; font-size: 12pt;\">P305 + P351 + P338: Bei Kontakt mit den Augen: einige Minuten lang behutsam mit Wasser sp\u00fclen. Eventuell vorhandene Kontaktlinsen nach M\u00f6glichkeit entfernen. Weiter sp\u00fclen.<\/span><\/strong><\/p>\n<p><span style=\"font-size: 12pt;\"><strong><span style=\"font-family: tahoma, arial, helvetica, sans-serif; color: #000000;\">Ausf\u00fchrliche Produktinformationen zu BALANCE Ca-1 findest Du auf der SANGOKAI Webseite <a href=\"http:\/\/sangokai.org\/?page_id=5133\" target=\"_blank\" rel=\"noopener noreferrer\">hier<\/a>.<\/span><\/strong><\/span><\/p>\n<p>&nbsp;<\/p>\n<p>&nbsp;<\/p>\n<p>&nbsp;<\/p>\n<p>&nbsp;<\/p>\n","protected":false},"excerpt":{"rendered":"<p><strong><span style=\"font-family: helvetica, arial, sans-serif; font-size: 10pt;\">Angaben nach GPSR: SANGOKAI, Bremer Landstr. 26, D-27412 Tarmstedt. www.sangoaki.org, info@sangokai.org<\/span><\/strong><\/p>\n<p><span style=\"font-family: tahoma, arial, helvetica, sans-serif; font-size: 12pt; color: #000000;\">Mit<em>\u00a0<\/em>BALANCE Ca-1 stellst Du Deinen Calciumgehalt exakt ein und dosierst langfristig die t\u00e4gliche Menge Calcium, die Dein Riffbecken verbraucht.<\/span><\/p>\n<p><span style=\"font-family: tahoma, arial, helvetica, sans-serif; font-size: 12pt; color: #000000;\">An die Calciumzugabe sind noch Strontium, Bor und Rubidium gekoppelt, d.h. weitere wichtige und in Meersalzmischungen oft fehlende\u00a0Elemente, die nun\u00a0automatisch angepasst und\u00a0langfristig stabil gehalten werden.<\/span><\/p>\n<p><span style=\"font-family: tahoma, arial, helvetica, sans-serif; font-size: 12pt; color: #000000;\"><strong>Ausf\u00fchrliche Produktinformationen zu BALANCE Ca-1 findest Du auf der SANGOKAI Webseite <a href=\"http:\/\/sangokai.org\/?page_id=5133\" target=\"_blank\" rel=\"noopener noreferrer\">hier<\/a>.<\/strong><\/span><\/p>\n<p><span style=\"font-family: tahoma, arial, helvetica, sans-serif; font-size: 12pt; color: #000000;\"><strong>Achtung, wichtiger Hinweis f\u00fcr den Winter: wenn Du Deine Flasche BALANCE Ca-1 bei kalten Temperaturen im Versandhandel kaufst und das Produkt in Empfang nimmst, wird Calciumchlorid auskristallisiert sein. Die temperaturabh\u00e4ngige L\u00f6slichkeitsgrenze ist dann \u00fcberschritten. Der Vorgang ist komplett reversibel, wenn die Temperatur der L\u00f6sung wieder Raumtemperatur annimmt. Das Produkt kannst Du ganz <\/strong><strong>normal verarbeiten.<\/strong><\/span><\/p>\n","protected":false},"featured_media":154,"template":"","meta":[],"product_brand":[],"product_cat":[34],"product_tag":[40,41,42,43,44],"class_list":{"0":"post-112","1":"product","2":"type-product","3":"status-publish","4":"has-post-thumbnail","6":"product_cat-balance-kalkhaushalt","7":"product_tag-kalkhaushalt","8":"product_tag-calcium","9":"product_tag-karbonathaerte","10":"product_tag-kh","11":"product_tag-magnesium","13":"first","14":"instock","15":"taxable","16":"shipping-taxable","17":"purchasable","18":"product-type-simple"},"_links":{"self":[{"href":"https:\/\/sangokai.org\/sangokai-shop\/wp-json\/wp\/v2\/product\/112","targetHints":{"allow":["GET"]}}],"collection":[{"href":"https:\/\/sangokai.org\/sangokai-shop\/wp-json\/wp\/v2\/product"}],"about":[{"href":"https:\/\/sangokai.org\/sangokai-shop\/wp-json\/wp\/v2\/types\/product"}],"wp:featuredmedia":[{"embeddable":true,"href":"https:\/\/sangokai.org\/sangokai-shop\/wp-json\/wp\/v2\/media\/154"}],"wp:attachment":[{"href":"https:\/\/sangokai.org\/sangokai-shop\/wp-json\/wp\/v2\/media?parent=112"}],"wp:term":[{"taxonomy":"product_brand","embeddable":true,"href":"https:\/\/sangokai.org\/sangokai-shop\/wp-json\/wp\/v2\/product_brand?post=112"},{"taxonomy":"product_cat","embeddable":true,"href":"https:\/\/sangokai.org\/sangokai-shop\/wp-json\/wp\/v2\/product_cat?post=112"},{"taxonomy":"product_tag","embeddable":true,"href":"https:\/\/sangokai.org\/sangokai-shop\/wp-json\/wp\/v2\/product_tag?post=112"}],"curies":[{"name":"wp","href":"https:\/\/api.w.org\/{rel}","templated":true}]}}