{"id":123,"date":"2017-06-28T18:13:10","date_gmt":"2017-06-28T16:13:10","guid":{"rendered":"http:\/\/sangokai.org\/sangokai-shop\/?post_type=product&#038;p=123"},"modified":"2025-08-13T23:51:17","modified_gmt":"2025-08-13T21:51:17","slug":"sango-chem-balance-ca-2-1000-ml","status":"publish","type":"product","link":"https:\/\/sangokai.org\/sangokai-shop\/produkt\/sango-chem-balance-ca-2-1000-ml\/","title":{"rendered":"BALANCE Ca-2 1000 mL"},"content":{"rendered":"<p><span style=\"color: #000000; font-family: tahoma, arial, helvetica, sans-serif; font-size: 12pt;\"><strong>Chlorid-Ausgleich: Schwefel (als Sulfat), Magnesium, Kalium, Brom, Fluor und Iod<\/strong><\/span><\/p>\n<p><span style=\"color: #000000; font-family: tahoma, arial, helvetica, sans-serif; font-size: 12pt;\">\u2013 Komponente #2 im\u00a0BALANCE-System.<\/span><\/p>\n<p><span style=\"color: #000000; font-family: tahoma, arial, helvetica, sans-serif; font-size: 12pt;\">\u2013 wird parallel zu BALANCE Ca-1 in identischer Dosierung zugegeben.<\/span><\/p>\n<p><span style=\"color: #000000; font-family: tahoma, arial, helvetica, sans-serif; font-size: 12pt;\">\u2013 Verhindert eine Ionendisbalance durch den Ausgleich des Chloridgehalts mit Magnesium, Schwefel (als Sulfat), Kalium und Bromid.<\/span><\/p>\n<p><span style=\"color: #000000; font-family: tahoma, arial, helvetica, sans-serif; font-size: 12pt;\">\u2013 Bietet neben dem Ionenausgleich eine zus\u00e4tzliche Iod- und Fluorid Grundversorgung.<\/span><\/p>\n<p><span style=\"color: #000000; font-family: tahoma, arial, helvetica, sans-serif; font-size: 12pt;\">\u2013\u00a0das Produkt ist ein 5-fach Konzentrat und wird\u00a0vor Gebrauch zu einer Gebrauchsl\u00f6sung mit Osmosewasser oder Aquadest aufgef\u00fcllt.<\/span><\/p>\n<p><span style=\"color: #000000; font-family: tahoma, arial, helvetica, sans-serif; font-size: 12pt;\">\u2013\u00a0erh\u00f6ht den Salzgehalt! Regelm\u00e4\u00dfige Meerwasserentnahmen und Ausgleich gegen frisches Osmosewasser wirkt wie ein kontinuierlicher Wasserwechsel.<\/span><\/p>\n<p><span style=\"color: #000000; font-family: tahoma, arial, helvetica, sans-serif; font-size: 12pt;\">\u2013 Dosierung: dieses Produkt ist an die Dosierung von BALANCE Ca-1 gekoppelt und entspricht exakt dessen Dosiermenge, um den Ionenausgleich herzustellen.<\/span><\/p>\n<p><span style=\"color: #000000; font-family: tahoma, arial, helvetica, sans-serif; font-size: 12pt;\">\u2013 Umfangreiche Anleitung und Wissen\u00a0zur Kalkhaushalt-Stabilisierung in der Produktbeschreibung\u00a0und\u00a0den SANGOKAI-Empfehlungen\u00a0A-Z (SEA-Z).<\/span><\/p>\n<p><span style=\"color: #000000; font-family: tahoma, arial, helvetica, sans-serif; font-size: 12pt;\">Erh\u00e4ltlich in 1000 mL (Art.-Nr. 10042).<\/span><\/p>\n<p><span style=\"font-size: 12pt;\"><strong><span style=\"font-family: tahoma, arial, helvetica, sans-serif; color: #000000;\">Ausf\u00fchrliche Produktinformationen zu BALANCE Ca-2 findest Du <a href=\"http:\/\/sangokai.org\/?page_id=5144\" target=\"_blank\" rel=\"noopener noreferrer\">hier<\/a>.<\/span><\/strong><\/span><\/p>\n","protected":false},"excerpt":{"rendered":"<p><strong><span style=\"font-family: helvetica, arial, sans-serif; font-size: 10pt;\">Angaben nach GPSR: SANGOKAI, Bremer Landstr. 26, D-27412 Tarmstedt. www.sangoaki.org, info@sangokai.org<\/span><\/strong><\/p>\n<p><span style=\"font-family: tahoma, arial, helvetica, sans-serif; color: #000000; font-size: 12pt;\">BALANCE Ca-2 dosiert angepasst an die Ca-1 Dosierung die Meerwasser Hauptkomponenten Schwefel (als Sulfat), Magnesium, Kalium, Bromid, Fluorid und Iodid. Die Zugabe ist exakt an die Masse Ca, Sr, B und Rb aus Ca-1 angepasst.<\/span><\/p>\n<p><span style=\"font-family: tahoma, arial, helvetica, sans-serif; color: #000000; font-size: 12pt;\">Dar\u00fcber hinaus wird der Chlorid-Eintrag aus\u00a0Ca-1\u00a0neutralisiert und die Meerwasser Zusammensetzung optimiert. Die Verf\u00fcgbarkeit von Kalium oder Bromid f\u00fcr die Organismen im Riffaquarium bleibt stets gleich.<\/span><\/p>\n<p><span style=\"font-family: tahoma, arial, helvetica, sans-serif; color: #000000; font-size: 12pt;\">Ca-2\u00a0ist der Erfolgsschl\u00fcssel daf\u00fcr, dass der Wasserwechsel als eine Routinema\u00dfnahme zur Verbesserung der Meerwasserzusammensetzung \u00fcberfl\u00fcssig wird.<\/span><\/p>\n<p><span style=\"font-family: tahoma, arial, helvetica, sans-serif; color: #000000; font-size: 12pt;\"><strong>Ausf\u00fchrliche Produktinformationen zu BALANCE Ca-2 findest Du <a href=\"http:\/\/sangokai.org\/?page_id=5144\" target=\"_blank\" rel=\"noopener noreferrer\">hier<\/a>.<\/strong><\/span><\/p>\n","protected":false},"featured_media":153,"template":"","meta":[],"product_brand":[],"product_cat":[34],"product_tag":[40,41,42,43,44],"class_list":{"0":"post-123","1":"product","2":"type-product","3":"status-publish","4":"has-post-thumbnail","6":"product_cat-balance-kalkhaushalt","7":"product_tag-kalkhaushalt","8":"product_tag-calcium","9":"product_tag-karbonathaerte","10":"product_tag-kh","11":"product_tag-magnesium","13":"first","14":"instock","15":"taxable","16":"shipping-taxable","17":"purchasable","18":"product-type-simple"},"_links":{"self":[{"href":"https:\/\/sangokai.org\/sangokai-shop\/wp-json\/wp\/v2\/product\/123","targetHints":{"allow":["GET"]}}],"collection":[{"href":"https:\/\/sangokai.org\/sangokai-shop\/wp-json\/wp\/v2\/product"}],"about":[{"href":"https:\/\/sangokai.org\/sangokai-shop\/wp-json\/wp\/v2\/types\/product"}],"wp:featuredmedia":[{"embeddable":true,"href":"https:\/\/sangokai.org\/sangokai-shop\/wp-json\/wp\/v2\/media\/153"}],"wp:attachment":[{"href":"https:\/\/sangokai.org\/sangokai-shop\/wp-json\/wp\/v2\/media?parent=123"}],"wp:term":[{"taxonomy":"product_brand","embeddable":true,"href":"https:\/\/sangokai.org\/sangokai-shop\/wp-json\/wp\/v2\/product_brand?post=123"},{"taxonomy":"product_cat","embeddable":true,"href":"https:\/\/sangokai.org\/sangokai-shop\/wp-json\/wp\/v2\/product_cat?post=123"},{"taxonomy":"product_tag","embeddable":true,"href":"https:\/\/sangokai.org\/sangokai-shop\/wp-json\/wp\/v2\/product_tag?post=123"}],"curies":[{"name":"wp","href":"https:\/\/api.w.org\/{rel}","templated":true}]}}