{"id":124,"date":"2017-06-28T18:25:41","date_gmt":"2017-06-28T16:25:41","guid":{"rendered":"http:\/\/sangokai.org\/sangokai-shop\/?post_type=product&#038;p=124"},"modified":"2025-04-28T20:14:20","modified_gmt":"2025-04-28T18:14:20","slug":"sango-chem-balance-kh","status":"publish","type":"product","link":"https:\/\/sangokai.org\/sangokai-shop\/produkt\/sango-chem-balance-kh\/","title":{"rendered":"BALANCE KH 1000 mL"},"content":{"rendered":"<p><span style=\"color: #000000; font-size: 12pt; font-family: tahoma, arial, helvetica, sans-serif;\"><strong>Carbonat\/KH Stabilisierung und Natrium-Ausgleich<\/strong><\/span><\/p>\n<p><span style=\"color: #000000; font-size: 12pt; font-family: tahoma, arial, helvetica, sans-serif;\">\u2013 Komponente #3 im\u00a0BALANCE Kalkhaushalt System.<\/span><\/p>\n<p><span style=\"color: #000000; font-size: 12pt; font-family: tahoma, arial, helvetica, sans-serif;\">\u2013\u00a0Mischung aus verschiedenen anorganischen Carbonatsalzen.<\/span><\/p>\n<p><span style=\"color: #000000; font-size: 12pt; font-family: tahoma, arial, helvetica, sans-serif;\">\u2013 Insgesamt 25.000\u00b0dKH Einheiten erh\u00f6hen effektiv und zielgenau\u00a0die Karbonath\u00e4rte\/Alkalinit\u00e4t.<\/span><\/p>\n<p><span style=\"color: #000000; font-size: 12pt; font-family: tahoma, arial, helvetica, sans-serif;\">&#8211; Auch f\u00fcr die BOLUS Anwendung (Firma Fauna Marin) geeignet.<\/span><\/p>\n<p><span style=\"color: #000000; font-size: 12pt; font-family: tahoma, arial, helvetica, sans-serif;\">\u2013 stabilisiert den pH-Wert des Meerwassers in einem g\u00fcnstigen alkalischen Bereich.<\/span><\/p>\n<p><span style=\"color: #000000; font-size: 12pt; font-family: tahoma, arial, helvetica, sans-serif;\">\u2013\u00a0die Pulvermischung ist ein 10-fach\u00a0Konzentrat und wird vor Gebrauch mit Reinstwasser zu einer Gebrauchsl\u00f6sung aufgestockt.<\/span><\/p>\n<p><span style=\"color: #000000; font-size: 12pt; font-family: tahoma, arial, helvetica, sans-serif;\">\u2013 Dosierung der 10-fach verd\u00fcnnten Gebrauchsl\u00f6sung: 40 mL pro 100 L Meerwasser erh\u00f6hen die KH um 1\u00b0dKH.<\/span><\/p>\n<p><span style=\"color: #000000; font-size: 12pt; font-family: tahoma, arial, helvetica, sans-serif;\">\u2013 Umfangreiche Anleitung und Wissen\u00a0zur Kalkhaushalt-Stabilisierung in der Produktbeschreibung und\u00a0den SANGOKAI-Empfehlungen\u00a0A-Z (SEA-Z).<\/span><\/p>\n<p><span style=\"color: #000000; font-size: 12pt; font-family: tahoma, arial, helvetica, sans-serif;\">Erh\u00e4ltlich in 1000 mL (Art.-Nr. 10045)<\/span><\/p>\n<p><span style=\"font-family: tahoma, arial, helvetica, sans-serif; font-size: 12pt;\"><strong>Achtung:<\/strong><\/span><\/p>\n<p><span style=\"font-family: tahoma, arial, helvetica, sans-serif; font-size: 12pt;\"><strong><img loading=\"lazy\" decoding=\"async\" class=\"wp-image-5013 alignleft\" src=\"https:\/\/sangokai.org\/sangokai-shop\/wp-content\/uploads\/2017\/06\/GHS07_exclam-1.png\" alt=\"\" width=\"91\" height=\"91\" srcset=\"https:\/\/sangokai.org\/sangokai-shop\/wp-content\/uploads\/2017\/06\/GHS07_exclam-1.png 3000w, https:\/\/sangokai.org\/sangokai-shop\/wp-content\/uploads\/2017\/06\/GHS07_exclam-1-300x300.png 300w, https:\/\/sangokai.org\/sangokai-shop\/wp-content\/uploads\/2017\/06\/GHS07_exclam-1-1024x1024.png 1024w, https:\/\/sangokai.org\/sangokai-shop\/wp-content\/uploads\/2017\/06\/GHS07_exclam-1-120x120.png 120w, https:\/\/sangokai.org\/sangokai-shop\/wp-content\/uploads\/2017\/06\/GHS07_exclam-1-768x768.png 768w, https:\/\/sangokai.org\/sangokai-shop\/wp-content\/uploads\/2017\/06\/GHS07_exclam-1-1536x1536.png 1536w, https:\/\/sangokai.org\/sangokai-shop\/wp-content\/uploads\/2017\/06\/GHS07_exclam-1-2048x2048.png 2048w, https:\/\/sangokai.org\/sangokai-shop\/wp-content\/uploads\/2017\/06\/GHS07_exclam-1-600x600.png 600w, https:\/\/sangokai.org\/sangokai-shop\/wp-content\/uploads\/2017\/06\/GHS07_exclam-1-100x100.png 100w\" sizes=\"auto, (max-width: 91px) 100vw, 91px\" \/><\/strong><\/span><\/p>\n<p>&nbsp;<\/p>\n<p>&nbsp;<\/p>\n<p>&nbsp;<\/p>\n<p><span style=\"font-family: tahoma, arial, helvetica, sans-serif; font-size: 12pt;\"><strong>Gefahrenhinweis: H319: Verursacht schwere Augenreizung.<\/strong><\/span><\/p>\n<p><span style=\"font-family: tahoma, arial, helvetica, sans-serif; font-size: 12pt;\"><strong>Sicherheitshinweise: <\/strong><\/span><\/p>\n<p><span style=\"font-family: tahoma, arial, helvetica, sans-serif; font-size: 12pt;\"><strong>P102,P264,P280: Darf nicht in die H\u00e4nde von Kindern gelangen, nach Gebrauch H\u00e4nde gr\u00fcndlich waschen, Schutzhandschuhe\/Augenschutz tragen.<\/strong><\/span><\/p>\n<p><span style=\"font-family: tahoma, arial, helvetica, sans-serif; font-size: 12pt;\"><strong>P305 + P351 + P338: Bei Kontakt mit den Augen: einige Minuten lang behutsam mit Wasser sp\u00fclen. Eventuell vorhandene Kontaktlinsen nach M\u00f6glichkeit entfernen. Weiter sp\u00fclen.<\/strong><\/span><\/p>\n<p><span style=\"font-family: tahoma, arial, helvetica, sans-serif; font-size: 12pt;\"><strong>P337+P313: Bei anhaltender Augenreizung: \u00e4rztlichen Rat einholen\/\u00e4rztliche Hilfe hinzuziehen.<\/strong><\/span><\/p>\n<p><strong style=\"font-size: 12pt;\"><span style=\"color: #000000; font-family: tahoma, arial, helvetica, sans-serif;\">Ausf\u00fchrliche Produktinformationen zu BALANCE KH findest Du <a href=\"http:\/\/sangokai.org\/?page_id=5163\" target=\"_blank\" rel=\"noopener noreferrer\">hier<\/a>.<\/span><\/strong><\/p>\n<p>&nbsp;<\/p>\n<p>&nbsp;<\/p>\n<p>&nbsp;<\/p>\n<p>&nbsp;<\/p>\n","protected":false},"excerpt":{"rendered":"<p><strong><span style=\"font-family: helvetica, arial, sans-serif; font-size: 10pt;\">Angaben nach GPSR: SANGOKAI, Bremer Landstr. 26, D-27412 Tarmstedt. www.sangoaki.org, info@sangokai.org<\/span><\/strong><\/p>\n<p><span style=\"font-family: tahoma, arial, helvetica, sans-serif; color: #000000; font-size: 12pt;\">Ergibt 10.000 mL (10 L) Gebrauchsl\u00f6sung mit insgesamt 25.000 KH Einheiten zur Erh\u00f6hung und Stabilisierung der Karbonath\u00e4rte\/Alkalinit\u00e4t.<\/span><\/p>\n<p><span style=\"font-family: tahoma, arial, helvetica, sans-serif; color: #000000; font-size: 12pt;\">Auch f\u00fcr die BOLUS Anwendung (Firma Fauna Marin) geeignet.<\/span><\/p>\n<p><span style=\"font-family: tahoma, arial, helvetica, sans-serif; color: #000000; font-size: 12pt;\">BALANCE KH ist eine Mischung aus rein anorganischen Carbonatsalzen zur Erh\u00f6hung der Karbonath\u00e4rte\/Alkalinit\u00e4t im Meerwasser. Durch die Verwendung verschiedener Carbonat-Quellen ist BALANCE KH sehr ergiebig. Bei einem calcifikations-typischem Kalkverbrauch wird die Natrium-Chlorid-Balance optimal erhalten.<\/span><\/p>\n<p><span style=\"font-family: tahoma, arial, helvetica, sans-serif; color: #000000; font-size: 12pt;\">Es liefert Carbonatformen, die Du brauchst, um die Karbonath\u00e4rte auf\u00a0einem optimalen Niveau\u00a0von 7-7,5\u00b0dKH exakt einzustellen.\u00a0<\/span><\/p>\n<p><span style=\"font-family: tahoma, arial, helvetica, sans-serif; color: #000000; font-size: 12pt;\">Gleichzeitig stabilisierst Du den pH Wert in einem optimalen alkalischen Bereich. Die KH- und pH-Stabilisierung gew\u00e4hrleistet konstant gute Wachstumsraten bei Kalkrotalgen, Kalkschw\u00e4mmen, Steinkorallen und anderen kalkbildenden Wirbellosen wie z.B. <em>Tridacna<\/em>-Muscheln.<\/span><\/p>\n<p><span style=\"font-family: tahoma, arial, helvetica, sans-serif; color: #000000; font-size: 12pt;\"><strong>Ausf\u00fchrliche Produktinformationen zu BALANCE KH findest Du <a href=\"http:\/\/sangokai.org\/?page_id=5163\" target=\"_blank\" rel=\"noopener noreferrer\">hier<\/a>.<\/strong><\/span><\/p>\n","protected":false},"featured_media":155,"template":"","meta":[],"product_brand":[],"product_cat":[34],"product_tag":[40,41,42,43,44],"class_list":{"0":"post-124","1":"product","2":"type-product","3":"status-publish","4":"has-post-thumbnail","6":"product_cat-balance-kalkhaushalt","7":"product_tag-kalkhaushalt","8":"product_tag-calcium","9":"product_tag-karbonathaerte","10":"product_tag-kh","11":"product_tag-magnesium","13":"first","14":"instock","15":"taxable","16":"shipping-taxable","17":"purchasable","18":"product-type-simple"},"_links":{"self":[{"href":"https:\/\/sangokai.org\/sangokai-shop\/wp-json\/wp\/v2\/product\/124","targetHints":{"allow":["GET"]}}],"collection":[{"href":"https:\/\/sangokai.org\/sangokai-shop\/wp-json\/wp\/v2\/product"}],"about":[{"href":"https:\/\/sangokai.org\/sangokai-shop\/wp-json\/wp\/v2\/types\/product"}],"wp:featuredmedia":[{"embeddable":true,"href":"https:\/\/sangokai.org\/sangokai-shop\/wp-json\/wp\/v2\/media\/155"}],"wp:attachment":[{"href":"https:\/\/sangokai.org\/sangokai-shop\/wp-json\/wp\/v2\/media?parent=124"}],"wp:term":[{"taxonomy":"product_brand","embeddable":true,"href":"https:\/\/sangokai.org\/sangokai-shop\/wp-json\/wp\/v2\/product_brand?post=124"},{"taxonomy":"product_cat","embeddable":true,"href":"https:\/\/sangokai.org\/sangokai-shop\/wp-json\/wp\/v2\/product_cat?post=124"},{"taxonomy":"product_tag","embeddable":true,"href":"https:\/\/sangokai.org\/sangokai-shop\/wp-json\/wp\/v2\/product_tag?post=124"}],"curies":[{"name":"wp","href":"https:\/\/api.w.org\/{rel}","templated":true}]}}