{"id":1580,"date":"2019-11-18T21:30:08","date_gmt":"2019-11-18T20:30:08","guid":{"rendered":"http:\/\/sangokai.org\/sangokai-shop\/?post_type=product&#038;p=1580"},"modified":"2025-08-13T23:31:56","modified_gmt":"2025-08-13T21:31:56","slug":"sango-nutri-nrg-2-250-5000-ml","status":"publish","type":"product","link":"https:\/\/sangokai.org\/sangokai-shop\/produkt\/sango-nutri-nrg-2-250-5000-ml\/","title":{"rendered":"NRG #2 250 &#8211; 5000 mL"},"content":{"rendered":"<p><span style=\"font-family: tahoma, arial, helvetica, sans-serif; font-size: 12pt;\">Neben dem SPS-System bietet Dir das SANGOKAI Produktsortiment jetzt auch das zweite Folgesystem f\u00fcr Dein gut entwickeltes SANGOKAI Riffaquarium an: das NRG-(\u201eEnergy\u201c) System. Es ist spezialisiert f\u00fcr Fluoreszenz-Riffaquarien mit reinen SPS, f\u00fcr SPS\/LPS-Mischbecken, f\u00fcr reine LPS-Riffaquarien oder f\u00fcr Anemonenbecken mit <em>Zoanthus<\/em>, <em>Ricordea<\/em> oder <em>Rhodactis<\/em>.<\/span><\/p>\n<p><span style=\"font-family: tahoma, arial, helvetica, sans-serif; font-size: 12pt;\">Im Rahmen der Entwicklung des NRG-Systems stand die Versorgung von \u201efleischigem\u201c Korallengewebe, wie es f\u00fcr fluoreszierende SPS und vor allem gro\u00dfpolypige (LPS) Steinkorallen typisch ist, im Vordergrund. Damit verbunden auch die Entwicklung und Ausarbeitung kr\u00e4ftiger und satter Korallenfarben durch eine hohen Bildungsrate von farbigen Chromoproteinen, die zum gr\u00f6\u00dften Teil auch Fluoreszenzeigenschaften zeigen. Kr\u00e4ftige und multiple Fluoreszenzen bei gleichzeitig hervorragendem Polypenbild sind Hauptaugenmerke f\u00fcr das SANGOKAI NRG-System.<\/span><\/p>\n<p><span style=\"font-family: tahoma, arial, helvetica, sans-serif; font-size: 12pt;\">Auch kleinpolypige (SPS) Steinkorallen reagieren sehr positiv auf die NRG-Wirkstoffe und bilden statte Farben, im Gegensatz zum SPS System jedoch nicht hell und metallisch, sondern vielmehr auch kr\u00e4ftig und fluoreszierend. Das NRG-System ist pr\u00e4destiniert f\u00fcr alle Typen von Riffaquarium.<\/span><\/p>\n","protected":false},"excerpt":{"rendered":"<p><span style=\"font-size: 12pt; font-family: tahoma, arial, helvetica, sans-serif;\"><strong>NRG #2 ist erh\u00e4ltlich von 250 mL bis 5000 mL (bitte Ausf\u00fchrung w\u00e4hlen).<\/strong><\/span><\/p>\n<p><span style=\"font-family: tahoma, arial, helvetica, sans-serif;\"><strong><span style=\"font-size: 10pt;\">Angaben nach GPSR: SANGOKAI, Bremer Landstr. 26, D-27412 Tarmstedt. www.sangoaki.org, info@sangokai.org<\/span><\/strong><\/span><\/p>\n<p><span style=\"font-family: tahoma, arial, helvetica, sans-serif; font-size: 12pt;\">Im NRG #2 sind die anorganischen Spurenstoffe auf die Ausbildung und F\u00f6rderung der Korallenausf\u00e4rbung, sowie auf die Maximierung der Photosyntheseleistung in den Zooxanthellen abgestimmt. Dar\u00fcber hinaus stehen auch der Mikrobiologie physiologisch relevante Spurenmetalle zur Verf\u00fcgung, um alle wichtigen aquarienbiologischen Prozesse zu unterst\u00fctzen.<\/span><\/p>\n<p><span style=\"font-family: tahoma, arial, helvetica, sans-serif; font-size: 12pt;\">Starkes Korallenwachstum erzeugt einen hohen Spurenelementbedarf, den NRG #2 durch seine st\u00e4rkere und spezifischere Wirkstoffkonzentration sehr gut abdecken kann. Dabei wird insbesondere auch eine aggressivere, experimentelle Lichtumgebung ber\u00fccksichtigt, die verst\u00e4rkt kurzwellige UV-nahe, violette Strahlungsbestandteile emittiert. Die unter diesen Bedinungen entstehenden Strahlungsstress-Situationen k\u00f6nnen durch die Bildung farbiger, fluoreszierender Chromoproteine von den Korallen anteilig kompensiert werden. Daher steht im NRG #2 die F\u00f6rderung der Korallenausf\u00e4rbung sowie die Verbesserung der Photosyntheseleistung im Fokus.<\/span><\/p>\n<p><span style=\"font-family: tahoma, arial, helvetica, sans-serif; font-size: 12pt;\">Mit NRG #2 dosierst Du in einer exakt berechneten Rezeptur und in einem definierten Verh\u00e4ltnis zueinander die Spurenmetalle Eisen, Mangan, Molybd\u00e4n, Zink, Vanadium, Kupfer, Nickel, Chrom und Cobalt sowie zus\u00e4tzlich Selen.<\/span><\/p>\n","protected":false},"featured_media":1652,"template":"","meta":[],"product_brand":[],"product_cat":[94],"product_tag":[102,104,57,97,101],"class_list":{"0":"post-1580","1":"product","2":"type-product","3":"status-publish","4":"has-post-thumbnail","6":"product_cat-sps","7":"product_tag-energy","8":"product_tag-fluoreszenz","9":"product_tag-organisch","10":"product_tag-spurenmetalle","11":"product_tag-nrg","13":"first","14":"instock","15":"taxable","16":"shipping-taxable","17":"purchasable","18":"product-type-variable"},"_links":{"self":[{"href":"https:\/\/sangokai.org\/sangokai-shop\/wp-json\/wp\/v2\/product\/1580","targetHints":{"allow":["GET"]}}],"collection":[{"href":"https:\/\/sangokai.org\/sangokai-shop\/wp-json\/wp\/v2\/product"}],"about":[{"href":"https:\/\/sangokai.org\/sangokai-shop\/wp-json\/wp\/v2\/types\/product"}],"wp:featuredmedia":[{"embeddable":true,"href":"https:\/\/sangokai.org\/sangokai-shop\/wp-json\/wp\/v2\/media\/1652"}],"wp:attachment":[{"href":"https:\/\/sangokai.org\/sangokai-shop\/wp-json\/wp\/v2\/media?parent=1580"}],"wp:term":[{"taxonomy":"product_brand","embeddable":true,"href":"https:\/\/sangokai.org\/sangokai-shop\/wp-json\/wp\/v2\/product_brand?post=1580"},{"taxonomy":"product_cat","embeddable":true,"href":"https:\/\/sangokai.org\/sangokai-shop\/wp-json\/wp\/v2\/product_cat?post=1580"},{"taxonomy":"product_tag","embeddable":true,"href":"https:\/\/sangokai.org\/sangokai-shop\/wp-json\/wp\/v2\/product_tag?post=1580"}],"curies":[{"name":"wp","href":"https:\/\/api.w.org\/{rel}","templated":true}]}}