{"id":173,"date":"2017-06-29T00:02:01","date_gmt":"2017-06-28T22:02:01","guid":{"rendered":"http:\/\/sangokai.org\/sangokai-shop\/?post_type=product&#038;p=173"},"modified":"2024-08-02T10:45:02","modified_gmt":"2024-08-02T08:45:02","slug":"sango-chem-individual-if-iodfluor-250-ml","status":"publish","type":"product","link":"https:\/\/sangokai.org\/sangokai-shop\/produkt\/sango-chem-individual-if-iodfluor-250-ml\/","title":{"rendered":"INDIVIDUAL IF (Iod.Supplement) 250 mL"},"content":{"rendered":"<p><span style=\"font-family: tahoma, arial, helvetica, sans-serif; font-size: 12pt; color: #000000;\"><strong>Individuelle Iodl\u00f6sung f\u00fcr Meerwasseraquarien<\/strong><\/span><\/p>\n<p><span style=\"font-family: tahoma, arial, helvetica, sans-serif; font-size: 12pt; color: #000000;\">\u2013 gleicht Iod-Defizite im Meerwasser aus und erg\u00e4nzt in \u00e4quivalenten Anteilen auch Fluorid.<\/span><\/p>\n<p><span style=\"font-family: tahoma, arial, helvetica, sans-serif; font-size: 12pt; color: #000000;\">\u2013 1 mL pro 100 L erh\u00f6ht den Iodgehalt um 50 \u00b5g\/L (0,05 mg\/L).<\/span><\/p>\n<p><span style=\"font-family: tahoma, arial, helvetica, sans-serif; font-size: 12pt; color: #000000;\">\u2013\u00a0kann in jedem Meerwasseraquarium eingesetzt werden.<\/span><\/p>\n<p><span style=\"font-family: tahoma, arial, helvetica, sans-serif; font-size: 12pt; color: #000000;\">\u2013 pharmazeutisch reiner Iod- und Fluorid-Wirkstoff.<\/span><\/p>\n<p><span style=\"font-family: tahoma, arial, helvetica, sans-serif; font-size: 12pt; color: #000000;\">\u2013 optimaler Iodgehalt: 65 \u00b5g\/L.<\/span><\/p>\n<p><span style=\"font-family: tahoma, arial, helvetica, sans-serif; font-size: 12pt; color: #000000;\">\u2013 ausf\u00fchrliche Produktinformationen zum Thema Iod.<\/span><\/p>\n<p><span style=\"font-family: tahoma, arial, helvetica, sans-serif; font-size: 12pt; color: #000000;\">Erh\u00e4ltlich in 250 mL\u00a0(Artikel-Nr. 10051).<\/span><\/p>\n<p><span style=\"font-size: 12pt;\"><strong><span style=\"color: #000000; font-family: tahoma, arial, helvetica, sans-serif;\">Ausf\u00fchrliche Produktinformationen zu INDIVIDUAL IF findest Du auf der SANGOKAI Webseite <a href=\"http:\/\/sangokai.org\/?page_id=9031\" target=\"_blank\" rel=\"noopener noreferrer\">hier<\/a>.<\/span><\/strong><\/span><\/p>\n","protected":false},"excerpt":{"rendered":"<p><strong><span style=\"font-family: helvetica, arial, sans-serif; font-size: 10pt;\">Angaben nach GPSR: SANGOKAI, Bremer Landstr. 26, D-27412 Tarmstedt. www.sangoaki.org, info@sangokai.org<\/span><\/strong><\/p>\n<p><span style=\"font-family: tahoma, arial, helvetica, sans-serif; font-size: 12pt; color: #000000;\">INDIVIDUAL IF ist eine konzentrierte Iod-L\u00f6sung mit komplement\u00e4rem Fluorid-Anteil und passt Iod z\u00fcgig an einen optimalen Gehalt von 60-70 \u00b5g\/L an.<\/span><\/p>\n<p class=\"vc_custom_heading\"><span style=\"font-family: tahoma, arial, helvetica, sans-serif; font-size: 12pt; color: #000000;\">Iod ist ein wichtiges Spurenelement im Meerwasser und hat physiologische Bedeutung. Kontrolliere regelm\u00e4\u00dfig mit ICP-OES\/MS Analysen, dass Iod nicht unter 40 \u00b5g\/L sinkt.<\/span><\/p>\n<p class=\"vc_custom_heading\"><span style=\"font-family: tahoma, arial, helvetica, sans-serif; font-size: 12pt; color: #000000;\">Verwendet wird ein pharmazeutisch reiner Iod- und Fluorwirkstoff.<\/span><\/p>\n<p class=\"vc_custom_heading\"><span style=\"font-family: tahoma, arial, helvetica, sans-serif; font-size: 12pt; color: #000000;\">Dosierung: 1 mL pro 100 L erh\u00f6ht den Iodgehalt um 50 \u00b5g\/L (0,05 mg\/L).<\/span><\/p>\n<p class=\"vc_custom_heading\"><span style=\"font-family: tahoma, arial, helvetica, sans-serif; font-size: 12pt; color: #000000;\">Inhalt: 250 mL.<\/span><\/p>\n<p class=\"vc_custom_heading\"><span style=\"font-family: tahoma, arial, helvetica, sans-serif; font-size: 12pt; color: #000000;\"><strong>Ausf\u00fchrliche Produktinformationen zu INDIVIDUAL IF findest Du auf der SANGOKAI Webseite <a href=\"http:\/\/sangokai.org\/?page_id=9031\" target=\"_blank\" rel=\"noopener noreferrer\">hier<\/a>.<\/strong><\/span><\/p>\n","protected":false},"featured_media":172,"template":"","meta":[],"product_brand":[],"product_cat":[35],"product_tag":[49,50,51],"class_list":{"0":"post-173","1":"product","2":"type-product","3":"status-publish","4":"has-post-thumbnail","6":"product_cat-individual","7":"product_tag-iod","8":"product_tag-fluor","9":"product_tag-iodid","11":"first","12":"instock","13":"taxable","14":"shipping-taxable","15":"purchasable","16":"product-type-simple"},"_links":{"self":[{"href":"https:\/\/sangokai.org\/sangokai-shop\/wp-json\/wp\/v2\/product\/173","targetHints":{"allow":["GET"]}}],"collection":[{"href":"https:\/\/sangokai.org\/sangokai-shop\/wp-json\/wp\/v2\/product"}],"about":[{"href":"https:\/\/sangokai.org\/sangokai-shop\/wp-json\/wp\/v2\/types\/product"}],"wp:featuredmedia":[{"embeddable":true,"href":"https:\/\/sangokai.org\/sangokai-shop\/wp-json\/wp\/v2\/media\/172"}],"wp:attachment":[{"href":"https:\/\/sangokai.org\/sangokai-shop\/wp-json\/wp\/v2\/media?parent=173"}],"wp:term":[{"taxonomy":"product_brand","embeddable":true,"href":"https:\/\/sangokai.org\/sangokai-shop\/wp-json\/wp\/v2\/product_brand?post=173"},{"taxonomy":"product_cat","embeddable":true,"href":"https:\/\/sangokai.org\/sangokai-shop\/wp-json\/wp\/v2\/product_cat?post=173"},{"taxonomy":"product_tag","embeddable":true,"href":"https:\/\/sangokai.org\/sangokai-shop\/wp-json\/wp\/v2\/product_tag?post=173"}],"curies":[{"name":"wp","href":"https:\/\/api.w.org\/{rel}","templated":true}]}}