{"id":192,"date":"2017-06-29T15:25:34","date_gmt":"2017-06-29T13:25:34","guid":{"rendered":"http:\/\/sangokai.org\/sangokai-shop\/?post_type=product&#038;p=192"},"modified":"2025-05-16T11:22:52","modified_gmt":"2025-05-16T09:22:52","slug":"sango-nutri-basiched-3-250-5000-ml","status":"publish","type":"product","link":"https:\/\/sangokai.org\/sangokai-shop\/produkt\/sango-nutri-basiched-3-250-5000-ml\/","title":{"rendered":"BASIS #3 250 &#8211; 5000 mL"},"content":{"rendered":"<p style=\"text-align: left;\"><span style=\"font-family: tahoma, arial, helvetica, sans-serif; font-size: 12pt;\">Das SANGOKAI BASIS System bietet Deinen Korallen und dem gesamten Riffaquarium eine umfangreiche Mikron\u00e4hrstoff- und Spurenelementversorgung, die zu einer sichtbaren Leistungssteigerung im gesamten Aquariensystem f\u00fchrt.<\/span><\/p>\n<p style=\"text-align: left;\"><span style=\"font-family: tahoma, arial, helvetica, sans-serif; font-size: 12pt;\">N\u00e4hrstoffe wie Nitrat und Phosphat werden durch die gesteigerte Produktivit\u00e4t schneller und effizienter verarbeitet und dem gesamten Nahrungsnetz zur Verf\u00fcgung gestellt. Insbesondere auch Deine Korallen profitieren von der komplexen organischen Wirkstoffkombination und zeigen gesundes Wachstum, besseres Polypenbild und eine st\u00e4rkere Farbausbildung.<\/span><\/p>\n<p style=\"text-align: left;\"><span style=\"font-family: tahoma, arial, helvetica, sans-serif; font-size: 12pt;\">Genau wie im nat\u00fcrlichen Korallenriff ern\u00e4hren viele verschiedene im Wasser gel\u00f6ste Mikron\u00e4hrstoffe in einer geringen, daf\u00fcr aber konstanten Menge auch viele verschiedene Lebewesen. Die Folge davon ist eine langfristig hohe Arten- und Organismenvielfalt, die sich im Aquarium entwickeln und vermehren kann und als aquarieneigenes Futter zur Verf\u00fcgung steht.<\/span><\/p>\n<p style=\"text-align: left;\"><span style=\"font-family: tahoma, arial, helvetica, sans-serif; font-size: 12pt;\">Dein SANGOKAI Riffaquarium erlangt mit dem BASIS System ein gesundes Ma\u00df an mikrobiologischer Aktivit\u00e4t, bildet Kleinstlebewesen, Mikroben und Plankton, und erzeugt eine bessere Nahrungsgrundlage f\u00fcr Deine Korallen, Fische und Filtrierer. Damit ist es ein echtes biologisches Aquariensystem. Du ben\u00f6tigst keine weiteren Fremdprodukte mehr, wie zus\u00e4tzliche Aminos\u00e4uren, Phytoplankton, Bakterienpr\u00e4parate oder andere Korallenfuttermittel.<\/span><\/p>\n<p><span style=\"font-family: tahoma, arial, helvetica, sans-serif; font-size: 12pt;\"><strong><span style=\"font-family: tahoma, arial, helvetica, sans-serif; font-size: medium;\">Dosierung: 2x pro Woche 2 mL pro 100 L (Dosierabstand 3-4 Tage)<\/span><\/strong><strong style=\"font-family: tahoma, arial, helvetica, sans-serif; font-size: 12pt;\">.<\/strong><\/span><\/p>\n","protected":false},"excerpt":{"rendered":"<p><span style=\"font-size: 12pt; font-family: tahoma, arial, helvetica, sans-serif;\"><strong>BASIS #3 ist erh\u00e4ltlich von 250 mL bis 5000 mL (bitte Ausf\u00fchrung w\u00e4hlen).<\/strong><\/span><\/p>\n<p><strong><span style=\"font-family: helvetica, arial, sans-serif; font-size: 10pt;\">Angaben nach GPSR: SANGOKAI, Bremer Landstr. 26, D-27412 Tarmstedt. www.sangoaki.org, info@sangokai.org<\/span><\/strong><\/p>\n<div class=\"wpb_text_column wpb_content_element \">\n<div class=\"wpb_wrapper\">\n<hr \/>\n<p style=\"text-align: left;\"><span style=\"font-family: tahoma, arial, helvetica, sans-serif; font-size: 12pt;\">BASIS #3 ist eine marine Kalkpartikelversorgung, die die Wirkung der gel\u00f6sten Mikro- und Spurenstoffe aus BASIS #1 und #2 positiv verst\u00e4rkt.<\/span><\/p>\n<p style=\"text-align: left;\"><span style=\"font-family: tahoma, arial, helvetica, sans-serif; font-size: 12pt;\">Die partikul\u00e4re Mineralstoffmischung besteht aus verschiedenen marinen Sedimenten, die nicht nur im BASIS System, sondern auch in den beiden Folgesystemen SPS und NRG zum Einsatz kommt. Du kannst BASIS #3 auch in jedem anderen Versorgungssystem f\u00fcr Dein Riffaquarium einsetzen.<\/span><\/p>\n<p style=\"text-align: left;\"><span style=\"font-family: tahoma, arial, helvetica, sans-serif; font-size: 12pt;\">Partikul\u00e4re Mineralstoffe und marine Feinsedimente spielen im nat\u00fcrlichen Korallenriff eine wichtige Rolle in der Regulation mikrobieller Biofilme. Die Feinstpartikel beladen sich im Wasser mit Mikroben und Bakterien und werden auf die Riffoberfl\u00e4chen transportiert. Gleichzeitig werden alte Biofilme durch diesen Partikelsturm entfernt, was die Biofilmentwicklung stets auf einem stabilen und gesunden Niveau h\u00e4lt. <\/span><\/p>\n<p style=\"text-align: left;\"><span style=\"font-family: tahoma, arial, helvetica, sans-serif; font-size: 12pt;\">Auf dieser Bio-Aktivierung der Gestaltungsmaterialien liegt ein Fokus von BASIS #3 mit seinen mineralischen Wirkstoffen. Damit ist BASIS #3 auch in vielen F\u00e4llen wirkungsvoll bei Problemen mit Cyanobakterien.<\/span><\/p>\n<p style=\"text-align: left;\"><span style=\"font-family: tahoma, arial, helvetica, sans-serif; font-size: 12pt;\">Eine weitere Funktion dieser Kalk- und Mineralstoffsuspension ist die Versorgung mit partikul\u00e4rem Kalk f\u00fcr alle Korallen und filtrierenden Organismen, die marine Kalke zum Skelettaufbau nutzen und zum Nahrungserwerb ben\u00f6tigen. Damit ist BASIS #3 nicht nur eine Kalkversorgung, sondern wirkt auch als N\u00e4hrstofftransporter und f\u00f6rdert damit das Wachstum filtrierender Organismengemeinschaft (z.B. Schw\u00e4mme oder Muscheln) sowie aller Korallen und Anemonen.<\/span><\/p>\n<p style=\"text-align: left;\"><span style=\"font-family: tahoma, arial, helvetica, sans-serif; font-size: 12pt;\">\u00dcber diese Hauptfunktionen hinaus sorgen ionenaustauschaktive Sedimente f\u00fcr eine Tr\u00fcbstoffbindung im Wasser, die nach Ihrer Wirkung sehr gut abgesch\u00e4umt wird und f\u00fcr kristallklares Meerwasser sorgt, das f\u00fcr Korallenriffe typisch ist. Die Tr\u00fcbung durch die BASIS #3 Wirkstoffe ist normal und gewollt. Das Wasser kl\u00e4rt innerhalb weniger Stunden schneller wieder auf und wirkt danach klarer und sauberer.<\/span><\/p>\n<p style=\"text-align: left;\"><strong><span style=\"font-family: tahoma, arial, helvetica, sans-serif; font-size: 12pt;\">Dosierung: 2x die Woche 2 mL pro 100 L (Dosierabstand 3-4 Tage).<\/span><\/strong><\/p>\n<\/div>\n<\/div>\n","protected":false},"featured_media":198,"template":"","meta":[],"product_brand":[],"product_cat":[31],"product_tag":[32,63,64,65],"class_list":{"0":"post-192","1":"product","2":"type-product","3":"status-publish","4":"has-post-thumbnail","6":"product_cat-basis","7":"product_tag-basis","8":"product_tag-mineralstoffe","9":"product_tag-sedimente","10":"product_tag-filtrierer","12":"first","13":"instock","14":"taxable","15":"shipping-taxable","16":"purchasable","17":"product-type-variable"},"_links":{"self":[{"href":"https:\/\/sangokai.org\/sangokai-shop\/wp-json\/wp\/v2\/product\/192","targetHints":{"allow":["GET"]}}],"collection":[{"href":"https:\/\/sangokai.org\/sangokai-shop\/wp-json\/wp\/v2\/product"}],"about":[{"href":"https:\/\/sangokai.org\/sangokai-shop\/wp-json\/wp\/v2\/types\/product"}],"wp:featuredmedia":[{"embeddable":true,"href":"https:\/\/sangokai.org\/sangokai-shop\/wp-json\/wp\/v2\/media\/198"}],"wp:attachment":[{"href":"https:\/\/sangokai.org\/sangokai-shop\/wp-json\/wp\/v2\/media?parent=192"}],"wp:term":[{"taxonomy":"product_brand","embeddable":true,"href":"https:\/\/sangokai.org\/sangokai-shop\/wp-json\/wp\/v2\/product_brand?post=192"},{"taxonomy":"product_cat","embeddable":true,"href":"https:\/\/sangokai.org\/sangokai-shop\/wp-json\/wp\/v2\/product_cat?post=192"},{"taxonomy":"product_tag","embeddable":true,"href":"https:\/\/sangokai.org\/sangokai-shop\/wp-json\/wp\/v2\/product_tag?post=192"}],"curies":[{"name":"wp","href":"https:\/\/api.w.org\/{rel}","templated":true}]}}