{"id":207,"date":"2017-06-29T16:32:06","date_gmt":"2017-06-29T14:32:06","guid":{"rendered":"http:\/\/sangokai.org\/sangokai-shop\/?post_type=product&#038;p=207"},"modified":"2024-08-02T10:37:34","modified_gmt":"2024-08-02T08:37:34","slug":"sango-nutri-basic-nano-1-250-ml","status":"publish","type":"product","link":"https:\/\/sangokai.org\/sangokai-shop\/produkt\/sango-nutri-basic-nano-1-250-ml\/","title":{"rendered":"NANO BASIS #1 &#8222;All-in-One&#8220; 250 mL"},"content":{"rendered":"<hr \/>\n<p><span style=\"font-family: tahoma, arial, helvetica, sans-serif; font-size: 12pt;\">Speziell f\u00fcr Dein Nanoriffaquarium unter 100 L hat SANGOKAI das BASIS-System abgewandelt und bietet Dir das komplette System leicht zu dosieren als NANO BASIS-System in 250 mL Flaschen an.<\/span><\/p>\n<p><span style=\"font-family: tahoma, arial, helvetica, sans-serif; font-size: 12pt;\">Das NANO BASIS-System besteht aus der Produktomponente NANO BASIS #1 als kombinierte N\u00e4hrstoffl\u00f6sung, in der alle organischen Mikron\u00e4hrstoffe und anorganischen Spurenmetalle des regul\u00e4ren BASIS-Systems in einer vereinfachten All-in-One Kombination zusammengefasst sind. Dazu erh\u00e4ltst Du die regul\u00e4re BASIS #3 Mineralstoffversorgung als separates Produkt NANO BASIS #2. Durch die Kombination aus BASIS #1 und #2 als All-in-One L\u00f6sung, besteht das NANO BASIS-System nur aus 2 Flaschen.\u00a0<\/span><\/p>\n<p><span style=\"font-family: tahoma, arial, helvetica, sans-serif; font-size: 12pt;\">Mit dem\u00a0NANO BASIS-System\u00a0etablierst\u00a0Du die gleichen Wirk- und Funktionsprinzipien wie mit dem regul\u00e4ren\u00a0BASIS-System, aber mit\u00a0einer f\u00fcr Dein Nanoriffaquarium optimierten Konzentration und Dosierung, die eine sichere Anwendung gew\u00e4hrleistet.<\/span><\/p>\n<p><span style=\"font-family: tahoma, arial, helvetica, sans-serif; font-size: 12pt; color: #000000;\">Ausf\u00fchrliche Produktinformationen zu NANO BASIS #1 findest Du <a href=\"http:\/\/sangokai.org\/?page_id=9422\" target=\"_blank\" rel=\"noopener noreferrer\">hier<\/a>.<\/span><\/p>\n","protected":false},"excerpt":{"rendered":"<p><strong><span style=\"font-family: helvetica, arial, sans-serif; font-size: 10pt;\">Angaben nach GPSR: SANGOKAI, Bremer Landstr. 26, D-27412 Tarmstedt. www.sangoaki.org, info@sangokai.org<\/span><\/strong><\/p>\n<p><span style=\"font-family: tahoma, arial, helvetica, sans-serif; font-size: 12pt; color: #000000;\">Das NANO BASIS-System wurde auf Grundlage des regul\u00e4ren BASIS-Systems entwickelt und zielt auf eine identische Funktions- und Wirkungsweise bei gleichzeitiger Vereinfachung und Anpassung der Dosiermengen f\u00fcr Nanoriffaquarien bis 80 L Nettovolumen ab.<\/span><\/p>\n<p><span style=\"font-family: tahoma, arial, helvetica, sans-serif; font-size: 12pt; color: #000000;\">NANO BASIS #1 ist eine All-in-One N\u00e4hrstoffl\u00f6sung und beinhaltet sowohl die organischen Mikron\u00e4hrstoffe aus dem regul\u00e4ren BASIS #1, als auch die anorganischen Spurenmetalle aus BASIS #2. Diese Kombinationsl\u00f6sung ist leicht abgewandelt und spezialisiert auf die Anforderungen, die kleine Nanoriffaquarien an eine optimale N\u00e4hrstoffversorgung stellen.<\/span><\/p>\n<p><span style=\"font-family: tahoma, arial, helvetica, sans-serif; font-size: 12pt; color: #000000;\">Inhalt 250 mL.<\/span><\/p>\n","protected":false},"featured_media":208,"template":"","meta":[],"product_brand":[],"product_cat":[36],"product_tag":[32,57,66],"class_list":{"0":"post-207","1":"product","2":"type-product","3":"status-publish","4":"has-post-thumbnail","6":"product_cat-nano-basis","7":"product_tag-basis","8":"product_tag-organisch","9":"product_tag-nano","11":"first","12":"instock","13":"taxable","14":"shipping-taxable","15":"purchasable","16":"product-type-simple"},"_links":{"self":[{"href":"https:\/\/sangokai.org\/sangokai-shop\/wp-json\/wp\/v2\/product\/207","targetHints":{"allow":["GET"]}}],"collection":[{"href":"https:\/\/sangokai.org\/sangokai-shop\/wp-json\/wp\/v2\/product"}],"about":[{"href":"https:\/\/sangokai.org\/sangokai-shop\/wp-json\/wp\/v2\/types\/product"}],"wp:featuredmedia":[{"embeddable":true,"href":"https:\/\/sangokai.org\/sangokai-shop\/wp-json\/wp\/v2\/media\/208"}],"wp:attachment":[{"href":"https:\/\/sangokai.org\/sangokai-shop\/wp-json\/wp\/v2\/media?parent=207"}],"wp:term":[{"taxonomy":"product_brand","embeddable":true,"href":"https:\/\/sangokai.org\/sangokai-shop\/wp-json\/wp\/v2\/product_brand?post=207"},{"taxonomy":"product_cat","embeddable":true,"href":"https:\/\/sangokai.org\/sangokai-shop\/wp-json\/wp\/v2\/product_cat?post=207"},{"taxonomy":"product_tag","embeddable":true,"href":"https:\/\/sangokai.org\/sangokai-shop\/wp-json\/wp\/v2\/product_tag?post=207"}],"curies":[{"name":"wp","href":"https:\/\/api.w.org\/{rel}","templated":true}]}}