{"id":217,"date":"2017-06-29T16:50:44","date_gmt":"2017-06-29T14:50:44","guid":{"rendered":"http:\/\/sangokai.org\/sangokai-shop\/?post_type=product&#038;p=217"},"modified":"2024-08-02T10:38:19","modified_gmt":"2024-08-02T08:38:19","slug":"nano-basis-system-set-250-ml","status":"publish","type":"product","link":"https:\/\/sangokai.org\/sangokai-shop\/produkt\/nano-basis-system-set-250-ml\/","title":{"rendered":"NANO BASIS Set 250 mL"},"content":{"rendered":"<p style=\"text-align: left;\"><span style=\"font-family: tahoma, arial, helvetica, sans-serif; font-size: 12pt;\">Speziell f\u00fcr Dein Nanoriffaquarium unter 100 L hat SANGOKAI das BASIS-System abgewandelt und bietet Dir das komplette System leicht zu dosieren als NANO BASIS-System in 250 mL Flaschen an.<\/span><\/p>\n<p style=\"text-align: left;\"><span style=\"font-family: tahoma, arial, helvetica, sans-serif; font-size: 12pt;\">Das NANO BASIS-System besteht aus der Produktomponente NANO BASIS #1 als kombinierte N\u00e4hrstoffl\u00f6sung, in der alle organischen Mikron\u00e4hrstoffe und anorganischen Spurenmetalle des regul\u00e4ren BASIS-Systems in einer vereinfachten All-in-One Kombination zusammengefasst sind. Dazu erh\u00e4ltst Du die regul\u00e4re BASIS #3 Mineralstoffversorgung als separates Produkt NANO BASIS #2. Durch die Kombination aus BASIS #1 und #2 als All-in-One L\u00f6sung, besteht das NANO BASIS-System nur aus 2 Flaschen.\u00a0<\/span><\/p>\n<p style=\"text-align: left;\"><span style=\"font-family: tahoma, arial, helvetica, sans-serif; font-size: 12pt;\">Mit dem\u00a0NANO BASIS-System\u00a0etablierst\u00a0Du die gleichen Wirk- und Funktionsprinzipien wie mit dem regul\u00e4ren\u00a0BASIS-System, aber mit\u00a0einer f\u00fcr Dein Nanoriffaquarium optimierten Konzentration und Dosierung, die eine sichere Anwendung gew\u00e4hrleistet.<\/span><\/p>\n<p><span style=\"font-size: 12pt;\"><strong><span style=\"font-family: tahoma, arial, helvetica, sans-serif; color: #000000;\">Ausf\u00fchrliche Informationen zum NANO BASIS System findest Du auf der SANGOKAI Webseite <a href=\"http:\/\/sangokai.org\/?page_id=9422\" target=\"_blank\" rel=\"noopener noreferrer\">hier<\/a>.<\/span><\/strong><\/span><\/p>\n","protected":false},"excerpt":{"rendered":"<p><span style=\"font-family: tahoma, arial, helvetica, sans-serif; font-size: 12pt;\"><strong>Du erh\u00e4ltst mit dem NANO BASIS Set beide Produktkomponenten #1 und #2 in 250 mL.<\/strong><\/span><\/p>\n<p><strong><span style=\"font-family: helvetica, arial, sans-serif; font-size: 10pt;\">Angaben nach GPSR: SANGOKAI, Bremer Landstr. 26, D-27412 Tarmstedt. www.sangoaki.org, info@sangokai.org<\/span><\/strong><\/p>\n","protected":false},"featured_media":210,"template":"","meta":[],"product_brand":[],"product_cat":[36],"product_tag":[60,66,57,58],"class_list":{"0":"post-217","1":"product","2":"type-product","3":"status-publish","4":"has-post-thumbnail","6":"product_cat-nano-basis","7":"product_tag-naehrstoffe","8":"product_tag-nano","9":"product_tag-organisch","10":"product_tag-spurenelemente","12":"first","13":"instock","14":"taxable","15":"shipping-taxable","16":"purchasable","17":"product-type-simple"},"_links":{"self":[{"href":"https:\/\/sangokai.org\/sangokai-shop\/wp-json\/wp\/v2\/product\/217","targetHints":{"allow":["GET"]}}],"collection":[{"href":"https:\/\/sangokai.org\/sangokai-shop\/wp-json\/wp\/v2\/product"}],"about":[{"href":"https:\/\/sangokai.org\/sangokai-shop\/wp-json\/wp\/v2\/types\/product"}],"wp:featuredmedia":[{"embeddable":true,"href":"https:\/\/sangokai.org\/sangokai-shop\/wp-json\/wp\/v2\/media\/210"}],"wp:attachment":[{"href":"https:\/\/sangokai.org\/sangokai-shop\/wp-json\/wp\/v2\/media?parent=217"}],"wp:term":[{"taxonomy":"product_brand","embeddable":true,"href":"https:\/\/sangokai.org\/sangokai-shop\/wp-json\/wp\/v2\/product_brand?post=217"},{"taxonomy":"product_cat","embeddable":true,"href":"https:\/\/sangokai.org\/sangokai-shop\/wp-json\/wp\/v2\/product_cat?post=217"},{"taxonomy":"product_tag","embeddable":true,"href":"https:\/\/sangokai.org\/sangokai-shop\/wp-json\/wp\/v2\/product_tag?post=217"}],"curies":[{"name":"wp","href":"https:\/\/api.w.org\/{rel}","templated":true}]}}