{"id":222,"date":"2017-06-29T16:56:56","date_gmt":"2017-06-29T14:56:56","guid":{"rendered":"http:\/\/sangokai.org\/sangokai-shop\/?post_type=product&#038;p=222"},"modified":"2024-08-02T10:59:07","modified_gmt":"2024-08-02T08:59:07","slug":"clean-carb-500-g-2500-g","status":"publish","type":"product","link":"https:\/\/sangokai.org\/sangokai-shop\/produkt\/clean-carb-500-g-2500-g\/","title":{"rendered":"CLEAN carb 500 g &#8211; 2500 g"},"content":{"rendered":"<p><span style=\"font-family: tahoma, arial, helvetica, sans-serif; font-size: 12pt; color: #000000;\">Das CLEAN-System umfasst verschiedene\u00a0Filtermedien f\u00fcr Dein Riffaquarium, mit denen Du die Wasserqualit\u00e4t kontrollieren\u00a0und die Pflegebedingungen f\u00fcr Deine Tiere verbessern\u00a0kannst.<\/span><\/p>\n<p><span style=\"font-family: tahoma, arial, helvetica, sans-serif; font-size: 12pt; color: #000000;\">Die Entfernung akkumulierter N\u00e4hrstoffe wie Nitrat oder Phosphat spielt im\u00a0SANGOKAI System zwar keine vordergr\u00fcndige Rolle, weil das\u00a0BASIS-System in diesem Bereich eine hohe Leistungsf\u00e4higkeit aufweist.\u00a0Allerdings stellt\u00a0sich im individuellen Einzelfall und je nach Tierbesatz die Notwendigkeit, gezielt oder auch prophylaktisch filtertechnische Ma\u00dfnahmen zur erweiterten Wasserreinigung zu etablieren.<\/span><\/p>\n<p><span style=\"font-family: tahoma, arial, helvetica, sans-serif; font-size: 12pt; color: #000000;\">Nat\u00fcrlich schaffen wir Dir in den Produktbeschreibungen sowie\u00a0in der Anwendungskategorie die Wissensgrundlage daf\u00fcr, wann und wie Du die CLEAN-Produkte\u00a0optimal und sinnvoll einsetzen kannst.<\/span><\/p>\n<p><span style=\"font-family: tahoma, arial, helvetica, sans-serif; font-size: 12pt; color: #000000;\">Die CLEAN\u00a0Filtermedien haben wir\u00a0speziell f\u00fcr die Riffaquaristik aus hochwertigen industriellen Produkten ausgew\u00e4hlt. Dadurch k\u00f6nnen wir Dir eine hervorragende Leistungsf\u00e4higkeit garantieren und sorgen\u00a0mit der\u00a0Qualit\u00e4tskontrolle\u00a0gemeinsam mit unseren Lieferanten und Partner-Laboratorien f\u00fcr Deinen langfristigen Erfolg.<\/span><\/p>\n<p><span style=\"font-family: tahoma, arial, helvetica, sans-serif; font-size: 12pt; color: #000000;\"><strong>Ausf\u00fchrliche Produktinformationen zu CLEAN carb findest Du auf der SANGOKAI Webseite\u00a0<a href=\"http:\/\/sangokai.org\/?page_id=6164\" target=\"_blank\" rel=\"noopener noreferrer\">hier<\/a>.<\/strong><\/span><\/p>\n<p>&nbsp;<\/p>\n","protected":false},"excerpt":{"rendered":"<p><span style=\"font-size: 12pt; font-family: tahoma, arial, helvetica, sans-serif; color: #000000;\"><strong>CLEAN carb ist erh\u00e4ltlich in 500 g (ca. 1100 mL) und im 2500 g (ca. 5000 mL) Kanister (bitte Ausf\u00fchrung w\u00e4hlen).<\/strong><\/span><\/p>\n<p><strong><span style=\"font-family: helvetica, arial, sans-serif; font-size: 10pt;\">Angaben nach GPSR: SANGOKAI, Bremer Landstr. 26, D-27412 Tarmstedt. www.sangoaki.org, info@sangokai.org<\/span><\/strong><\/p>\n<div class=\"wpb_text_column wpb_content_element \">\n<div class=\"wpb_wrapper\">\n<p><span style=\"font-family: tahoma, arial, helvetica, sans-serif; font-size: 12pt; color: #000000;\">CLEAN\u00a0carb ist eine Formaktivkohle mit exzellenten physiko-chemischen Eigenschaften, die alle Anforderungen der high-end Riffaquaristik erf\u00fcllt\u00a0und auch bei empfindlichen Organismen keine Sch\u00e4den erzeugt.<\/span><\/p>\n<p><span style=\"font-family: tahoma, arial, helvetica, sans-serif; font-size: 12pt; color: #000000;\">Sie\u00a0besteht aus einer Pelletierungen mit ca. 3 mm Korngr\u00f6\u00dfe\u00a0und weist eine gro\u00dfe Zahl an Meso- u. Makroporen auf.\u00a0Dadurch ist diese spezielle Mischung v.a. f\u00fcr den schonenden\u00a0und kontinuierlichen Dauereinsatz pr\u00e4destiniert, bevorzugt\u00a0im Fliessbettfilter (Wirbelbettfilter), aber auch im passiven Einsatz im Filterbeutel oder Filterkorb.<\/span><\/p>\n<p><span style=\"font-family: tahoma, arial, helvetica, sans-serif; font-size: 12pt; color: #000000;\">Mit einer moderaten Iodzahl &gt; 900 mg\/g\u00a0und einer\u00a0BET-Oberfl\u00e4che &gt; 950 m\u00b2\/g\u00a0werden langsam aber kontinuierlich\u00a0organische S\u00e4uren, Huminstoffe und langkettige organische Schadstoffe effektiv aus dem Wasser entfernt. Auch die Neutralisation von reaktiven Schadstoffen wie Restozon oder\u00a0Bromat hinter dem ozonisierten Absch\u00e4umer oder einer starken UV-Anlage ist \u00fcber die Langzeitwirkung der CLEAN carb Mischung einfach m\u00f6glich.<\/span><\/p>\n<p><span style=\"font-family: tahoma, arial, helvetica, sans-serif; font-size: 12pt; color: #000000;\"><strong>Ausf\u00fchrliche Produktinformationen zu CLEAN carb findest Du auf der SANGOKAI Webseite\u00a0<a href=\"http:\/\/sangokai.org\/?page_id=6164\" target=\"_blank\" rel=\"noopener noreferrer\">hier<\/a>.<\/strong><\/span><\/p>\n<\/div>\n<\/div>\n","protected":false},"featured_media":227,"template":"","meta":[],"product_brand":[],"product_cat":[37],"product_tag":[67,68,69],"class_list":{"0":"post-222","1":"product","2":"type-product","3":"status-publish","4":"has-post-thumbnail","6":"product_cat-clean","7":"product_tag-aktivkohle","8":"product_tag-carb","9":"product_tag-filter","11":"first","12":"outofstock","13":"taxable","14":"shipping-taxable","15":"purchasable","16":"product-type-variable"},"_links":{"self":[{"href":"https:\/\/sangokai.org\/sangokai-shop\/wp-json\/wp\/v2\/product\/222","targetHints":{"allow":["GET"]}}],"collection":[{"href":"https:\/\/sangokai.org\/sangokai-shop\/wp-json\/wp\/v2\/product"}],"about":[{"href":"https:\/\/sangokai.org\/sangokai-shop\/wp-json\/wp\/v2\/types\/product"}],"wp:featuredmedia":[{"embeddable":true,"href":"https:\/\/sangokai.org\/sangokai-shop\/wp-json\/wp\/v2\/media\/227"}],"wp:attachment":[{"href":"https:\/\/sangokai.org\/sangokai-shop\/wp-json\/wp\/v2\/media?parent=222"}],"wp:term":[{"taxonomy":"product_brand","embeddable":true,"href":"https:\/\/sangokai.org\/sangokai-shop\/wp-json\/wp\/v2\/product_brand?post=222"},{"taxonomy":"product_cat","embeddable":true,"href":"https:\/\/sangokai.org\/sangokai-shop\/wp-json\/wp\/v2\/product_cat?post=222"},{"taxonomy":"product_tag","embeddable":true,"href":"https:\/\/sangokai.org\/sangokai-shop\/wp-json\/wp\/v2\/product_tag?post=222"}],"curies":[{"name":"wp","href":"https:\/\/api.w.org\/{rel}","templated":true}]}}