{"id":234,"date":"2017-06-29T18:39:08","date_gmt":"2017-06-29T16:39:08","guid":{"rendered":"http:\/\/sangokai.org\/sangokai-shop\/?post_type=product&#038;p=234"},"modified":"2024-08-02T10:58:42","modified_gmt":"2024-08-02T08:58:42","slug":"clean-anio-750-g-3500-g","status":"publish","type":"product","link":"https:\/\/sangokai.org\/sangokai-shop\/produkt\/clean-anio-750-g-3500-g\/","title":{"rendered":"CLEAN anio 750 g &#8211; 3500 g"},"content":{"rendered":"<p><span style=\"font-size: 12pt; color: #000000; font-family: tahoma, arial, helvetica, sans-serif;\">Das CLEAN-System umfasst verschiedene\u00a0Filtermedien f\u00fcr Dein Riffaquarium, mit denen Du die Wasserqualit\u00e4t kontrollieren\u00a0und die Pflegebedingungen f\u00fcr Deine Tiere verbessern\u00a0kannst.<\/span><\/p>\n<p><span style=\"font-size: 12pt; color: #000000; font-family: tahoma, arial, helvetica, sans-serif;\">Die Entfernung akkumulierter N\u00e4hrstoffe wie Nitrat oder Phosphat spielt im\u00a0SANGOKAI System zwar keine vordergr\u00fcndige Rolle, weil das\u00a0BASIS-System in diesem Bereich eine hohe Leistungsf\u00e4higkeit aufweist.\u00a0Allerdings stellt\u00a0sich im individuellen Einzelfall und je nach Tierbesatz die Notwendigkeit, gezielt oder auch prophylaktisch filtertechnische Ma\u00dfnahmen zur erweiterten Wasserreinigung zu etablieren.<\/span><\/p>\n<p><span style=\"font-size: 12pt; color: #000000; font-family: tahoma, arial, helvetica, sans-serif;\">Nat\u00fcrlich schaffen wir Dir in den Produktbeschreibungen sowie\u00a0in der Anwendungskategorie die Wissensgrundlage daf\u00fcr, wann und wie Du die CLEAN-Produkte\u00a0optimal und sinnvoll einsetzen kannst.<\/span><\/p>\n<p><span style=\"font-size: 12pt; color: #000000; font-family: tahoma, arial, helvetica, sans-serif;\">Die CLEAN\u00a0Filtermedien haben wir\u00a0speziell f\u00fcr die Riffaquaristik aus hochwertigen industriellen Produkten ausgew\u00e4hlt. Dadurch k\u00f6nnen wir Dir eine hervorragende Leistungsf\u00e4higkeit garantieren und sorgen\u00a0mit der\u00a0Qualit\u00e4tskontrolle\u00a0gemeinsam mit unseren Lieferanten und Partner-Laboratorien f\u00fcr Deinen langfristigen Erfolg.<\/span><\/p>\n<p><span style=\"font-size: 12pt;\"><strong><span style=\"font-family: tahoma, arial, helvetica, sans-serif;\">Ausf\u00fchrliche Produktinformationen zu CLEAN anio findest Du auf der SANGOKAI Webseite\u00a0<a href=\"http:\/\/sangokai.org\/?page_id=6094\" target=\"_blank\" rel=\"noopener noreferrer\">hier<\/a>.<\/span><\/strong><\/span><\/p>\n<p>&nbsp;<\/p>\n","protected":false},"excerpt":{"rendered":"<p><span style=\"font-size: 12pt; font-family: tahoma, arial, helvetica, sans-serif; color: #000000;\"><strong>CLEAN anio ist erh\u00e4ltlich in 750 g (ca. 1100 mL) und im 3500 g (ca. 5000 mL) Kanister (bitte Ausf\u00fchrung w\u00e4hlen).<\/strong><\/span><\/p>\n<p><strong><span style=\"font-family: helvetica, arial, sans-serif; font-size: 10pt;\">Angaben nach GPSR: SANGOKAI, Bremer Landstr. 26, D-27412 Tarmstedt. www.sangoaki.org, info@sangokai.org<\/span><\/strong><\/p>\n<div class=\"wpb_text_column wpb_content_element \">\n<div class=\"wpb_wrapper\">\n<p><span style=\"font-family: tahoma, arial, helvetica, sans-serif; font-size: 12pt;\">CLEAN\u00a0anio ist ein wirkungsvolles Anionen-Adsorptionsmedium aus granuliertem Eisen in einer Mischk\u00f6rnung aus feineren\u00a0(2 mm) bis groben\u00a0(4 mm) Anteilen.<\/span><\/p>\n<p><span style=\"font-family: tahoma, arial, helvetica, sans-serif; font-size: 12pt;\">Das Material bindet vorrangig Phosphat-\u00a0und\u00a0Silikat-Ionen und kann erh\u00f6hte Konzentrationen im Riffaquarium effektiv auf ein sicheres Niveau senken. Auch organische Wasserbelastungen\u00a0(Gelbstoffe) werden\u00a0vermindert, so dass CLEAN\u00a0anio\u00a0auch\u00a0die Wirkung der CLEAN carb Aktivkohle unterst\u00fctzt. Dar\u00fcber hinaus k\u00f6nnen auch stark erh\u00f6hte Konzentrationen verschiedener Spurenstoffe entfernt werden.\u00a0Die\u00a0Einsatzgebiete f\u00fcr CLEAN\u00a0anio sind sehr vielseitig.<\/span><\/p>\n<p><span style=\"font-family: tahoma, arial, helvetica, sans-serif; font-size: 12pt;\">Durch die Mischk\u00f6rnung ist\u00a0das Material sowohl f\u00fcr den Kurzzeiteinsatz, wie auch f\u00fcr die Daueranwendung vorzugsweise im Fliessbettfilter (Wirbelbettfilter) sehr gut geeignet.<\/span><\/p>\n<p><span style=\"font-family: tahoma, arial, helvetica, sans-serif; font-size: 12pt;\"><strong>Ausf\u00fchrliche Produktinformationen zu CLEAN anio findest Du auf der SANGOKAI Webseite\u00a0<a href=\"http:\/\/sangokai.org\/?page_id=6094\" target=\"_blank\" rel=\"noopener noreferrer\">hier<\/a>.<\/strong><\/span><\/p>\n<\/div>\n<\/div>\n","protected":false},"featured_media":228,"template":"","meta":[],"product_brand":[],"product_cat":[37],"product_tag":[69,70,71,72],"class_list":{"0":"post-234","1":"product","2":"type-product","3":"status-publish","4":"has-post-thumbnail","6":"product_cat-clean","7":"product_tag-filter","8":"product_tag-phosphat","9":"product_tag-adsorber","10":"product_tag-eisen","12":"first","13":"instock","14":"taxable","15":"shipping-taxable","16":"purchasable","17":"product-type-variable"},"_links":{"self":[{"href":"https:\/\/sangokai.org\/sangokai-shop\/wp-json\/wp\/v2\/product\/234","targetHints":{"allow":["GET"]}}],"collection":[{"href":"https:\/\/sangokai.org\/sangokai-shop\/wp-json\/wp\/v2\/product"}],"about":[{"href":"https:\/\/sangokai.org\/sangokai-shop\/wp-json\/wp\/v2\/types\/product"}],"wp:featuredmedia":[{"embeddable":true,"href":"https:\/\/sangokai.org\/sangokai-shop\/wp-json\/wp\/v2\/media\/228"}],"wp:attachment":[{"href":"https:\/\/sangokai.org\/sangokai-shop\/wp-json\/wp\/v2\/media?parent=234"}],"wp:term":[{"taxonomy":"product_brand","embeddable":true,"href":"https:\/\/sangokai.org\/sangokai-shop\/wp-json\/wp\/v2\/product_brand?post=234"},{"taxonomy":"product_cat","embeddable":true,"href":"https:\/\/sangokai.org\/sangokai-shop\/wp-json\/wp\/v2\/product_cat?post=234"},{"taxonomy":"product_tag","embeddable":true,"href":"https:\/\/sangokai.org\/sangokai-shop\/wp-json\/wp\/v2\/product_tag?post=234"}],"curies":[{"name":"wp","href":"https:\/\/api.w.org\/{rel}","templated":true}]}}