{"id":244,"date":"2017-06-29T19:33:36","date_gmt":"2017-06-29T17:33:36","guid":{"rendered":"http:\/\/sangokai.org\/sangokai-shop\/?post_type=product&#038;p=244"},"modified":"2025-08-13T23:35:29","modified_gmt":"2025-08-13T21:35:29","slug":"sango-nutri-np-complete-250-5000-ml","status":"publish","type":"product","link":"https:\/\/sangokai.org\/sangokai-shop\/produkt\/sango-nutri-np-complete-250-5000-ml\/","title":{"rendered":"nutri-N\/complete 250 &#8211; 5000 mL"},"content":{"rendered":"<p><span style=\"font-family: tahoma, arial, helvetica, sans-serif; font-size: 12pt; color: #000000;\"><strong>Komplette Stickstoffversorgung f\u00fcr neu gestartete Riffaquarien, sowie zur Langzeitversorgung n\u00e4hrstoffarmer Riffaquarien, H\u00e4ndler- und Korallenzuchtanlagen.<\/strong><\/span><\/p>\n<p><strong><span style=\"font-family: helvetica, arial, sans-serif; font-size: 10pt;\">Angaben nach GPSR: SANGOKAI, Bremer Landstr. 26, D-27412 Tarmstedt. www.sangoaki.org, info@sangokai.org<\/span><\/strong><\/p>\n<p><span style=\"font-family: tahoma, arial, helvetica, sans-serif; font-size: 12pt; color: #000000;\">\u2013 Komponente #1 im START-System. Sehr wichtiger N\u00e4hrstofflieferant in der Startphase Deines Riffaquariums. Hebt Stickstoff-Mangelsituationen auf und erm\u00f6glicht eine gesunde Beckenentwicklung.<\/span><\/p>\n<p><span style=\"font-family: tahoma, arial, helvetica, sans-serif; font-size: 12pt; color: #000000;\">\u2013 regelm\u00e4\u00dfige Dosierungen versorgen alle n\u00e4hrstoffarmen Riffaquarien. Ideal auch f\u00fcr kommerzielle H\u00e4ndlerverkaufs- und Korallenzuchtanlagen.<\/span><\/p>\n<p><span style=\"font-family: tahoma, arial, helvetica, sans-serif; font-size: 12pt; color: #000000;\">\u2013 Liefert eine komplette Stickstoffversorgung mit verschiedenen organischen und anorganischen Stickstoff-Formen.<\/span><\/p>\n<p><span style=\"font-family: tahoma, arial, helvetica, sans-serif; font-size: 12pt; color: #000000;\">\u2013 steigert das Wachstum und die Farbausbildung von Korallen, versorgt Kalkrotalgen und Makroalgen in Refugien, f\u00f6rdert Wirbellose wie z.B. <em>Tridacna<\/em>\u00a0Muscheln und steigert die gesamte Aquarienmikrobiologie durch organische Stickstoffverbindungen.<\/span><\/p>\n","protected":false},"excerpt":{"rendered":"<p><span style=\"font-family: tahoma, arial, helvetica, sans-serif; font-size: 12pt; color: #000000;\"><strong>nutri-N\/complete ist erh\u00e4ltlich von 250 mL bis 5000 mL (bitte Ausf\u00fchrung w\u00e4hlen).<\/strong><\/span><\/p>\n<p><span style=\"font-size: 12pt; font-family: tahoma, arial, helvetica, sans-serif; color: #000000;\">Komponente #1 im START System.<\/span><\/p>\n<p><span style=\"font-size: 12pt; font-family: tahoma, arial, helvetica, sans-serif; color: #000000;\">nutri-N\/complete ist eine komplette Stickstoffversorgung und liefert Deinem Korallenriff Aquarium verschiedenste organische und anorganische Stickstoffformen. Vor allem in der Startphase wird Stickstoff in geeigneter Menge und Verteilung bereitgestellt. Dar\u00fcber hinaus dient complete als Langzeit Stickstoffversorgung in allen n\u00e4hrstoffarmen Riffaquarien, z.B. aber auch f\u00fcr fischarme H\u00e4ndler- und Korallenzuchtanlagen.<\/span><\/p>\n<p><span style=\"font-size: 12pt; font-family: tahoma, arial, helvetica, sans-serif; color: #000000;\">Stickstoffmangelsituationen k\u00f6nnen ein Riffaquarium in der Entwicklung, im Wachstum und im allgemeinen Stoffumsatz kritisch blockieren. Daher ist in der Aquarienpraxis ein ausgeglichener N\u00e4hrstoffhaushalt von gro\u00dfer Bedeutung. nutri-N\/complete \u00fcbernimmt diese Aufgabe im Bereich Stickstoff und f\u00f6rdert dabei das Wachstum von Korallen, Polypenbild sowie Farbigkeit.<\/span><\/p>\n<p><span style=\"font-size: 12pt; font-family: tahoma, arial, helvetica, sans-serif; color: #000000;\">Ein ausreichend hoher initialer N\u00e4hrstoffeintrag spielt in der Startphase von Riffaquarien v.a. mit k\u00fcnstlichen Gestaltungsmaterialien f\u00fcr die Entwicklung des jungen Riffaquariums\u00a0eine essentiell\u00a0wichtige Rolle, damit sich die verschiedenen Bakterien, Mikroben und auch die Korallen rasch und gesund entwickeln k\u00f6nnen.<\/span><\/p>\n<p><span style=\"font-size: 12pt; font-family: tahoma, arial, helvetica, sans-serif; color: #000000;\"><strong>nutri-N\/complete ist ein eigenst\u00e4ndiges Produkt und kann bei Bedarf in jedem n\u00e4hrstoffarmen Riffaquarium angewendet werden. <\/strong><\/span><span style=\"font-size: 12pt; font-family: tahoma, arial, helvetica, sans-serif; color: #000000;\"><strong>Optimal auch f\u00fcr H\u00e4ndleraquarien und Korallenzuchtanlagen als flexible und effektive N\u00e4hrstoffversorgung geeignet.<\/strong><\/span><\/p>\n<p><span style=\"font-size: 12pt; font-family: tahoma, arial, helvetica, sans-serif; color: #000000;\"><strong>Ausf\u00fchrliche Produktinformationen und Dosierempfehlungen zu nutri-N\/complete findest Du auf der SANGOKAI Webseite <a href=\"http:\/\/sangokai.org\/?page_id=4905\" target=\"_blank\" rel=\"noopener noreferrer\">hier<\/a>.<\/strong><\/span><\/p>\n","protected":false},"featured_media":1647,"template":"","meta":[],"product_brand":[],"product_cat":[52],"product_tag":[73,74,75],"class_list":{"0":"post-244","1":"product","2":"type-product","3":"status-publish","4":"has-post-thumbnail","6":"product_cat-start-naehrstoffsystem","7":"product_tag-naehrstoffmangel","8":"product_tag-start","9":"product_tag-stickstoff","11":"first","12":"instock","13":"taxable","14":"shipping-taxable","15":"purchasable","16":"product-type-variable"},"_links":{"self":[{"href":"https:\/\/sangokai.org\/sangokai-shop\/wp-json\/wp\/v2\/product\/244","targetHints":{"allow":["GET"]}}],"collection":[{"href":"https:\/\/sangokai.org\/sangokai-shop\/wp-json\/wp\/v2\/product"}],"about":[{"href":"https:\/\/sangokai.org\/sangokai-shop\/wp-json\/wp\/v2\/types\/product"}],"wp:featuredmedia":[{"embeddable":true,"href":"https:\/\/sangokai.org\/sangokai-shop\/wp-json\/wp\/v2\/media\/1647"}],"wp:attachment":[{"href":"https:\/\/sangokai.org\/sangokai-shop\/wp-json\/wp\/v2\/media?parent=244"}],"wp:term":[{"taxonomy":"product_brand","embeddable":true,"href":"https:\/\/sangokai.org\/sangokai-shop\/wp-json\/wp\/v2\/product_brand?post=244"},{"taxonomy":"product_cat","embeddable":true,"href":"https:\/\/sangokai.org\/sangokai-shop\/wp-json\/wp\/v2\/product_cat?post=244"},{"taxonomy":"product_tag","embeddable":true,"href":"https:\/\/sangokai.org\/sangokai-shop\/wp-json\/wp\/v2\/product_tag?post=244"}],"curies":[{"name":"wp","href":"https:\/\/api.w.org\/{rel}","templated":true}]}}