{"id":252,"date":"2017-06-29T19:48:38","date_gmt":"2017-06-29T17:48:38","guid":{"rendered":"http:\/\/sangokai.org\/sangokai-shop\/?post_type=product&#038;p=252"},"modified":"2025-08-13T23:39:53","modified_gmt":"2025-08-13T21:39:53","slug":"sango-nutri-p-complex-250-5000-ml","status":"publish","type":"product","link":"https:\/\/sangokai.org\/sangokai-shop\/produkt\/sango-nutri-p-complex-250-5000-ml\/","title":{"rendered":"nutri-P\/comPlex 250 &#8211; 5000 mL"},"content":{"rendered":"<p><span style=\"font-family: tahoma, arial, helvetica, sans-serif; font-size: 12pt; color: #000000;\"><strong>Phosphatlieferant mit organischem Wirkstoff-Komplex zur optimalen Phosphor-Versorgung w\u00e4hrend der Startphase von Riffaquarien und zur Behebung akuter Phosphatmangelzust\u00e4nde in laufenden Riffaquarien.<\/strong><\/span><\/p>\n<p><span style=\"font-family: tahoma, arial, helvetica, sans-serif; font-size: 12pt; color: #000000;\">\u2013 Komponente #2 im START-System. Auch geeignet f\u00fcr jedes Riffaquarium mit akutem Phosphatmangel. Wirkt ausschliesslich auf die Phosphatverf\u00fcgbarkeit und dosiert gleichzeitig einen organischen Wirkstoff-Komplex, der f\u00fcr eine effizientere Phosphoraufnahme und Phosphorverwertung sorgt.<\/span><\/p>\n<p><span style=\"font-family: tahoma, arial, helvetica, sans-serif; font-size: 12pt; color: #000000;\">\u2013 liefert physiologisch sinnvolle und sofort verf\u00fcgbare Mengen Phosphat.<\/span><\/p>\n<p><span style=\"font-family: tahoma, arial, helvetica, sans-serif; font-size: 12pt; color: #000000;\">\u2013 organischer Wirkstoff-Komplex hilft bei der Umwandlung von organischem Phosphat in reaktives, bioverf\u00fcgbares Phosphat.<\/span><\/p>\n<p><span style=\"font-family: tahoma, arial, helvetica, sans-serif; font-size: 12pt; color: #000000;\">\u2013 sehr wichtiger N\u00e4hrstofflieferant in der Startphase Deines\u00a0Riffaquariums! Verhindert Phosphatmangel\u00a0und erm\u00f6glicht eine\u00a0gesunde Beckenentwicklung.<\/span><\/p>\n<p><span style=\"font-family: tahoma, arial, helvetica, sans-serif; font-size: 12pt; color: #000000;\">\u2013 steigert die Farbausbildung und das Wachstum Deiner Korallen.<\/span><\/p>\n<p><span style=\"font-family: tahoma, arial, helvetica, sans-serif; font-size: 12pt; color: #000000;\">\u2013 langfristige regelm\u00e4\u00dfige Dosierung im sinnvollem Ma\u00dfe verhindert nachhaltig einen neuen Phosphatmangel.<\/span><\/p>\n","protected":false},"excerpt":{"rendered":"<p><span style=\"font-family: tahoma, arial, helvetica, sans-serif; font-size: 12pt; color: #000000;\"><strong>nutri-P\/comPlex ist erh\u00e4ltlich von 250 mL bis 5000 mL (bitte Ausf\u00fchrung w\u00e4hlen).<\/strong><\/span><\/p>\n<p><strong><span style=\"font-family: helvetica, arial, sans-serif; font-size: 10pt;\">Angaben nach GPSR: SANGOKAI, Bremer Landstr. 26, D-27412 Tarmstedt. www.sangoaki.org, info@sangokai.org<\/span><\/strong><\/p>\n<p><span style=\"font-family: tahoma, arial, helvetica, sans-serif; font-size: 12pt;\">Komponente #2 im START System.<\/span><\/p>\n<p><span style=\"font-family: tahoma, arial, helvetica, sans-serif; font-size: 12pt;\">nutri-P\/comPlex liefert schnell verf\u00fcgbares anorganisches Phosphat in Kombination mit einem ausgew\u00e4hlten organischen Wirkstoff-Komplex, der f\u00fcr eine effizientere Aufnahme und Verarbeitung verschiedener Phosphor-Verbindungen sorgt. Die Phosphatverf\u00fcgbarkeit wird dadurch deutlich verbessert und der Korallenstoffwechsel angeregt, so dass Phosphat z\u00fcgig aufgenommen und verarbeitet werden kann. Der organische Wirkstoff-Komplex kann auch dabei helfen, im Aquarium vorhandenes organisches Phosphat aufzubrechen und als bioverf\u00fcgbares, reaktives Phosphat zur Verf\u00fcgung zu stellen.<\/span><\/p>\n<p><span style=\"font-family: tahoma, arial, helvetica, sans-serif; font-size: 12pt;\">In den heute \u00fcblichen k\u00fcnstlichen Gestaltungsmaterialien finden sich so gut wie keine nennenswerten Phosphatdepots, die sich im Zuge der Startphase ins Wasser zur\u00fcck l\u00f6sen k\u00f6nnten. Phosphat spielt, nat\u00fcrlich in einem gesunden und angemessenen Konzentrationsbereich, daher eine wichtige Rolle f\u00fcr die Beckenentwicklung und wird \u00fcber nutri-P\/comPlex dosiert.<\/span><\/p>\n<p><span style=\"font-family: tahoma, arial, helvetica, sans-serif; font-size: 12pt;\">Phosphatmangelsituationen werden durch die Anwendung von nutri-P\/comPlex vermieden, oder im akuten Fall effektiv behoben.<\/span><\/p>\n<p><span style=\"font-family: tahoma, arial, helvetica, sans-serif; font-size: 12pt;\"><strong>nutri-P\/comPlex ist ein eigenst\u00e4ndiges Produkt und kann bei Bedarf in jedem phosphatarmen Riffaquarium zur Anwendung kommen. <\/strong><strong>Optimal auch f\u00fcr H\u00e4ndleraquarien und Korallenzuchtanlagen als flexible und effektive N\u00e4hrstoffversorgung geeignet.<\/strong><\/span><\/p>\n<p><span style=\"font-size: 12pt; font-family: tahoma, arial, helvetica, sans-serif; color: #000000;\"><strong>Ausf\u00fchrliche Produktinformationen und Dosierempfehlungen zu sango nutri-P\/comPlex findest Du auf der SANGOKAI Webseite <a href=\"http:\/\/sangokai.org\/?page_id=7801\" target=\"_blank\" rel=\"noopener noreferrer\">hier<\/a>.<\/strong><\/span><\/p>\n","protected":false},"featured_media":1649,"template":"","meta":[],"product_brand":[],"product_cat":[52],"product_tag":[70,73,74,76],"class_list":{"0":"post-252","1":"product","2":"type-product","3":"status-publish","4":"has-post-thumbnail","6":"product_cat-start-naehrstoffsystem","7":"product_tag-phosphat","8":"product_tag-naehrstoffmangel","9":"product_tag-start","10":"product_tag-phosphatmangel","12":"first","13":"instock","14":"taxable","15":"shipping-taxable","16":"purchasable","17":"product-type-variable"},"_links":{"self":[{"href":"https:\/\/sangokai.org\/sangokai-shop\/wp-json\/wp\/v2\/product\/252","targetHints":{"allow":["GET"]}}],"collection":[{"href":"https:\/\/sangokai.org\/sangokai-shop\/wp-json\/wp\/v2\/product"}],"about":[{"href":"https:\/\/sangokai.org\/sangokai-shop\/wp-json\/wp\/v2\/types\/product"}],"wp:featuredmedia":[{"embeddable":true,"href":"https:\/\/sangokai.org\/sangokai-shop\/wp-json\/wp\/v2\/media\/1649"}],"wp:attachment":[{"href":"https:\/\/sangokai.org\/sangokai-shop\/wp-json\/wp\/v2\/media?parent=252"}],"wp:term":[{"taxonomy":"product_brand","embeddable":true,"href":"https:\/\/sangokai.org\/sangokai-shop\/wp-json\/wp\/v2\/product_brand?post=252"},{"taxonomy":"product_cat","embeddable":true,"href":"https:\/\/sangokai.org\/sangokai-shop\/wp-json\/wp\/v2\/product_cat?post=252"},{"taxonomy":"product_tag","embeddable":true,"href":"https:\/\/sangokai.org\/sangokai-shop\/wp-json\/wp\/v2\/product_tag?post=252"}],"curies":[{"name":"wp","href":"https:\/\/api.w.org\/{rel}","templated":true}]}}