{"id":265,"date":"2017-06-29T20:14:43","date_gmt":"2017-06-29T18:14:43","guid":{"rendered":"http:\/\/sangokai.org\/sangokai-shop\/?post_type=product&#038;p=265"},"modified":"2025-03-11T10:35:29","modified_gmt":"2025-03-11T09:35:29","slug":"start-system-set-250-5000-ml","status":"publish","type":"product","link":"https:\/\/sangokai.org\/sangokai-shop\/produkt\/start-system-set-250-5000-ml\/","title":{"rendered":"START Set 250 &#8211; 5000 mL"},"content":{"rendered":"<p><span style=\"font-family: tahoma, arial, helvetica, sans-serif; font-size: 12pt; color: #000000;\">Das SANGOKAI START-System arbeitet in zwei verschiedenen Bereichen: es entwickelt und f\u00f6rdert einen gesunden N\u00e4hrstoffhaushalt in neu gestarteten Riffaquarien, und dient langfristig bei Bedarf als Hauptn\u00e4hrstoffversorgung in n\u00e4hrstoffarmen Riffaquariensystemen sowie H\u00e4ndler- und Korallenzuchtanlagen.<\/span><\/p>\n<p><span style=\"font-family: tahoma, arial, helvetica, sans-serif; font-size: 12pt; color: #000000;\">Die beiden START Produkte nutri-N\/complete und nutri-P\/comPlex sind ein abgestimmtes Erfolgskonzept f\u00fcr den Start Deines Riffaquariums. Warum? Weil sie genau die N\u00e4hrstoffe und Elemente liefern, die Dein Riffaquarium zur Entwicklung eines stabilen \u00d6kosystems braucht. Und auch danach stehen die START-Produkte Deinem noch jungen Aquarium als wichtige N\u00e4hrstoffquellen f\u00fcr Wiederholungsdosierungen bei Bedarf zur Verf\u00fcgung.<\/span><\/p>\n<p><span style=\"font-family: tahoma, arial, helvetica, sans-serif; font-size: 12pt; color: #000000;\">Dein SANGOKAI Riffaquarium wird sich mit den START-Produkten in der Startphase optimal entwickeln. Sie liefern Dir perfekte Ausgangsbedingungen f\u00fcr den z\u00fcgigen Korallenbesatz. Wir haben dazu alle Aspekte der modernen Riffaquaristik ber\u00fccksichtigt, angefangen von den Besonderheiten bei der Verwendung k\u00fcnstlicher Gestaltungsmaterialien, bis hin zur optimalen Anpassung des N\u00e4hrstoffhaushalts an eine energiereiche Strahlungsumgebung durch starke LED-Beleuchtung.<\/span><\/p>\n<p><span style=\"font-family: tahoma, arial, helvetica, sans-serif; font-size: 12pt; color: #000000;\">Das Prinzip eines z\u00fcgigen Korallenbesatzes hat sich in den letzten zehn Jahren optimal\u00a0bew\u00e4hrt und liefert Dir innerhalb weniger Wochen sehr gute\u00a0Ergebnisse. Das START-System regelt dabei den N\u00e4hrstoffgehalt und dosiert wichtige organische Wachstumskomponenten, sowohl f\u00fcr den Korallen-, als auch f\u00fcr den Bakterien- und Mikrobenstoffwechsel.\u00a0<\/span><\/p>\n<p><span style=\"font-family: tahoma, arial, helvetica, sans-serif; font-size: 12pt; color: #000000;\">Deine Korallen werden sich schnell an ihre\u00a0neue Umgebung und an Dein Wasser akklimatisieren\u00a0und entwickeln rasch eine \u00f6kologische Kompetitivit\u00e4t,\u00a0d.h., sie tragen zur Stabilisierung des jungen Aquariensystems bei und k\u00f6nnen unerw\u00fcnschte Algen verdr\u00e4ngen.<\/span><\/p>\n<p><span style=\"font-family: tahoma, arial, helvetica, sans-serif; font-size: 12pt; color: #000000;\">Im Anschluss an die START-Phase kannst Du mit dem BASIS-System als umfangreiches Folgesystem weiter arbeiten und erlangst so nach wenigen Monaten ein stabiles und gut\u00a0wachsendes SANGOKAI Riffaquarium. Dabei stehen Dir die START-Produkte zur Bedarfsanwendung auch sp\u00e4ter zur Verf\u00fcgung.<\/span><\/p>\n<p><span style=\"font-family: tahoma, arial, helvetica, sans-serif; font-size: 12pt; color: #000000;\">Insbesondere auch in kommerziellen H\u00e4ndleraquarien und Korallenzuchtanlagen k\u00f6nnen die START-Produkte als wichtige Hauptn\u00e4hrstoffquellen je nach N\u00e4hrstoffverbrauch, Korallenbesatz und Wachstum flexibel angewendet werden.<\/span><\/p>\n<p><span style=\"font-size: 12pt;\"><strong><span style=\"font-family: tahoma, arial, helvetica, sans-serif; color: #000000;\">Ausf\u00fchrliche Informationen zum START-System findest Du auf der SANGOKAI Webseite <a href=\"http:\/\/sangokai.org\/?page_id=6975\" target=\"_blank\" rel=\"noopener noreferrer\">hier<\/a>.<\/span><\/strong><\/span><\/p>\n<p>&nbsp;<\/p>\n","protected":false},"excerpt":{"rendered":"<p><span style=\"font-family: tahoma, arial, helvetica, sans-serif; font-size: 12pt;\"><strong>Du erh\u00e4ltst mit dem START Set beide Produkte: nutri-N\/complete und nutri-P\/comPlex, wahlweise in den vier Gebindegr\u00f6\u00dfen von 250 mL bis 5000 mL (Ausf\u00fchrung w\u00e4hlen).<\/strong><\/span><\/p>\n<p><strong><span style=\"font-family: helvetica, arial, sans-serif; font-size: 10pt;\">Angaben nach GPSR: SANGOKAI, Bremer Landstr. 26, D-27412 Tarmstedt. www.sangoaki.org, info@sangokai.org<\/span><\/strong><\/p>\n","protected":false},"featured_media":1644,"template":"","meta":[],"product_brand":[],"product_cat":[52],"product_tag":[70,73,75,77,78],"class_list":{"0":"post-265","1":"product","2":"type-product","3":"status-publish","4":"has-post-thumbnail","6":"product_cat-start-naehrstoffsystem","7":"product_tag-phosphat","8":"product_tag-naehrstoffmangel","9":"product_tag-stickstoff","10":"product_tag-complete","11":"product_tag-complex","13":"first","14":"instock","15":"taxable","16":"shipping-taxable","17":"purchasable","18":"product-type-variable"},"_links":{"self":[{"href":"https:\/\/sangokai.org\/sangokai-shop\/wp-json\/wp\/v2\/product\/265","targetHints":{"allow":["GET"]}}],"collection":[{"href":"https:\/\/sangokai.org\/sangokai-shop\/wp-json\/wp\/v2\/product"}],"about":[{"href":"https:\/\/sangokai.org\/sangokai-shop\/wp-json\/wp\/v2\/types\/product"}],"wp:featuredmedia":[{"embeddable":true,"href":"https:\/\/sangokai.org\/sangokai-shop\/wp-json\/wp\/v2\/media\/1644"}],"wp:attachment":[{"href":"https:\/\/sangokai.org\/sangokai-shop\/wp-json\/wp\/v2\/media?parent=265"}],"wp:term":[{"taxonomy":"product_brand","embeddable":true,"href":"https:\/\/sangokai.org\/sangokai-shop\/wp-json\/wp\/v2\/product_brand?post=265"},{"taxonomy":"product_cat","embeddable":true,"href":"https:\/\/sangokai.org\/sangokai-shop\/wp-json\/wp\/v2\/product_cat?post=265"},{"taxonomy":"product_tag","embeddable":true,"href":"https:\/\/sangokai.org\/sangokai-shop\/wp-json\/wp\/v2\/product_tag?post=265"}],"curies":[{"name":"wp","href":"https:\/\/api.w.org\/{rel}","templated":true}]}}