{"id":270,"date":"2017-06-29T20:28:33","date_gmt":"2017-06-29T18:28:33","guid":{"rendered":"http:\/\/sangokai.org\/sangokai-shop\/?post_type=product&#038;p=270"},"modified":"2023-09-19T10:46:24","modified_gmt":"2023-09-19T08:46:24","slug":"fauna-marin-srl-economy-icp-oes-laboranalyse","status":"publish","type":"product","link":"https:\/\/sangokai.org\/sangokai-shop\/produkt\/fauna-marin-srl-economy-icp-oes-laboranalyse\/","title":{"rendered":"FAUNA MARIN Reef ICP Test"},"content":{"rendered":"<p><strong><span style=\"font-family: tahoma, arial, helvetica, sans-serif;\">Erh\u00e4ltlich als Einzeltest, 3er Set oder 6er Set<\/span><\/strong><\/p>\n<h2><span style=\"font-family: tahoma, arial, helvetica, sans-serif;\">Fauna Marin REEF ICP Labor Test<\/span><\/h2>\n<p><strong><span style=\"font-family: tahoma, arial, helvetica, sans-serif;\">EINFACH SCHNELL UND PR\u00c4ZISE<\/span><\/strong><\/p>\n<p><span style=\"font-family: tahoma, arial, helvetica, sans-serif;\">Der Fauna Marin Reef\u00a0ICP Test ist ein reiner ICP Labortest und gibt einen schnellen und einfachen \u00dcberblick \u00fcber 37 Wasserwerte im Meerwasser.<\/span><\/p>\n<p><span style=\"font-family: tahoma, arial, helvetica, sans-serif;\">Von Makroelementen, Spurenelementen, N\u00e4hrstoffen und Schadstoffen erhalten Sie einen kompletten \u00dcberblick mit entsprechenden Dosier- und Handlungsempfehlungen.<\/span><\/p>\n<p><span style=\"font-family: tahoma, arial, helvetica, sans-serif;\">Wir messen Ihre Probe mit professionellen Hochleistungs Atom Emissions Spektrometer.\u00a0 Diese Ger\u00e4te analysieren die Spurenelemente sicher und genau.\u00a0<\/span><\/p>\n<ul>\n<li><span style=\"font-family: tahoma, arial, helvetica, sans-serif;\">Reiner ICP-OES\u00a0Test (misst nur anorganische Elemente, keine KH, Nitrit oder Nitrat: hier den ICP Total Test ausw\u00e4hlen)<\/span><\/li>\n<li><span style=\"font-family: tahoma, arial, helvetica, sans-serif;\">Schnell, g\u00fcnstig und hochgenau<\/span><\/li>\n<li><span style=\"font-family: tahoma, arial, helvetica, sans-serif;\">Einfachste Probennahme und Versand<\/span><\/li>\n<li><span style=\"font-family: tahoma, arial, helvetica, sans-serif;\">Extrem schnelle Labor-Analyse mit echten Hochleistungs-Atom-Emissonspektrometern (ICP-OES)<\/span><\/li>\n<li><span style=\"font-family: tahoma, arial, helvetica, sans-serif;\">individuelle Dosier- und Handlungsempfehlungen<\/span><\/li>\n<li><span style=\"font-family: tahoma, arial, helvetica, sans-serif;\">f\u00fcr alle, die einen schnellen \u00dcberblick \u00fcber Ihre Wasserwerte ben\u00f6tigen<\/span><\/li>\n<li><span style=\"font-family: tahoma, arial, helvetica, sans-serif;\">Basis Test f\u00fcr 37 Parameter im Meerwasser<\/span><\/li>\n<\/ul>\n<p><span style=\"font-family: tahoma, arial, helvetica, sans-serif;\">Gemessen werden folgende <strong>Makro- und Spurenelemente: <\/strong><\/span><br \/>\n<span style=\"font-family: tahoma, arial, helvetica, sans-serif;\">Natrium, Magnesium, Calcium, Kalium, Strontium, Bor, Jod, Schwefel, Phosphat, Phosphor, Silicium, Mangan, Lithium, Molybd\u00e4n, Eisen, Brom, Chrom, Cobalt, Beryllium, Vanadium, Zink, Antimon, Kupfer, Barium, Selen, Cadmium, Zinn, Aluminium, Titan, Nickel, Blei, Zirkonium, Silber, Wolfram, Lanthan, Arsen, Quecksilber.<\/span><\/p>\n<p><span style=\"font-family: tahoma, arial, helvetica, sans-serif;\">Mit unseren ICP Analysensets f\u00fcr Wasseranalysen von Meerwasser lassen sich Ihre Proben sauber, schnell und einfach entnehmen und versenden.<\/span><\/p>\n<p><span style=\"font-family: tahoma, arial, helvetica, sans-serif;\">In Ihrem Labor-Test-Set finden Sie 2 Probenr\u00f6hrchen, sowie abziehbare Aufkleber mit einer Probennummer. Diese werden zur Identifikation auf die Probengef\u00e4\u00dfe geklebt. Die Proben-Nummer ist eine unverwechselbare Labornummer. Sie vereinfacht R\u00fcckfragen und dient zur sicheren Zuordnung Ihrer Proben.<\/span><\/p>\n<p><span style=\"font-family: tahoma, arial, helvetica, sans-serif;\">1-2 Arbeitstage\u00a0nach Probeneingang im Fauna Marin ICP Labor\u00a0erhalten Sie die Ergebnisse Ihrer Proben, sowie die Dosier- und Handlungsempfehlungen per Email zugesendet.<\/span><\/p>\n<p><span style=\"font-family: tahoma, arial, helvetica, sans-serif; font-size: 12pt; color: #000000;\"><strong>\u00a0<\/strong><\/span><\/p>\n","protected":false},"excerpt":{"rendered":"<p><span style=\"font-family: tahoma, arial, helvetica, sans-serif;\">Der neue Fauna Marin Reef ICP Test ist ist ein reiner ICP-OES Test und misst die wichtigsten Meerwasserinhaltsstoffe schnell und zuverl\u00e4ssig.<\/span><\/p>\n","protected":false},"featured_media":5168,"template":"","meta":[],"product_brand":[],"product_cat":[85],"product_tag":[79,80,81,82,83,84,154],"class_list":{"0":"post-270","1":"product","2":"type-product","3":"status-publish","4":"has-post-thumbnail","6":"product_cat-fauna-marin-srl-labor","7":"product_tag-icp","8":"product_tag-icp-oes","9":"product_tag-labor","10":"product_tag-fauna-marin","11":"product_tag-srl","12":"product_tag-analyse","13":"product_tag-reef-icp","15":"first","16":"instock","17":"taxable","18":"shipping-taxable","19":"purchasable","20":"product-type-variable"},"_links":{"self":[{"href":"https:\/\/sangokai.org\/sangokai-shop\/wp-json\/wp\/v2\/product\/270","targetHints":{"allow":["GET"]}}],"collection":[{"href":"https:\/\/sangokai.org\/sangokai-shop\/wp-json\/wp\/v2\/product"}],"about":[{"href":"https:\/\/sangokai.org\/sangokai-shop\/wp-json\/wp\/v2\/types\/product"}],"wp:featuredmedia":[{"embeddable":true,"href":"https:\/\/sangokai.org\/sangokai-shop\/wp-json\/wp\/v2\/media\/5168"}],"wp:attachment":[{"href":"https:\/\/sangokai.org\/sangokai-shop\/wp-json\/wp\/v2\/media?parent=270"}],"wp:term":[{"taxonomy":"product_brand","embeddable":true,"href":"https:\/\/sangokai.org\/sangokai-shop\/wp-json\/wp\/v2\/product_brand?post=270"},{"taxonomy":"product_cat","embeddable":true,"href":"https:\/\/sangokai.org\/sangokai-shop\/wp-json\/wp\/v2\/product_cat?post=270"},{"taxonomy":"product_tag","embeddable":true,"href":"https:\/\/sangokai.org\/sangokai-shop\/wp-json\/wp\/v2\/product_tag?post=270"}],"curies":[{"name":"wp","href":"https:\/\/api.w.org\/{rel}","templated":true}]}}