{"id":277,"date":"2017-06-29T21:09:02","date_gmt":"2017-06-29T19:09:02","guid":{"rendered":"http:\/\/sangokai.org\/sangokai-shop\/?post_type=product&#038;p=277"},"modified":"2023-09-19T10:48:32","modified_gmt":"2023-09-19T08:48:32","slug":"fauna-marin-srl-business-icp-oesic-laboranalyse","status":"publish","type":"product","link":"https:\/\/sangokai.org\/sangokai-shop\/produkt\/fauna-marin-srl-business-icp-oesic-laboranalyse\/","title":{"rendered":"FAUNA MARIN Reef ICP Test Total"},"content":{"rendered":"<p><strong><span style=\"font-family: tahoma, arial, helvetica, sans-serif;\">Erh\u00e4ltlich als Einzeltest, 3er Set oder 6er Set<\/span><\/strong><\/p>\n<h2><span style=\"font-family: tahoma, arial, helvetica, sans-serif;\">REEF ICP \u00a0TEST TOTAL<\/span><\/h2>\n<h5><span style=\"font-family: tahoma, arial, helvetica, sans-serif;\">GEMESSEN WERDEN FOLGENDE WERTE<\/span><\/h5>\n<h5><span style=\"font-family: tahoma, arial, helvetica, sans-serif;\">BASIS WERTE:<\/span><\/h5>\n<p><span style=\"font-family: tahoma, arial, helvetica, sans-serif;\">Elektr.Leitf\u00e4higkeit,\u00a0Dichte,\u00a0rel. Dichte,\u00a0Salinit\u00e4t,\u00a0pH-Wert,\u00a0Alkalinit\u00e4t,\u00a0CO2-Gehalt,\u00a0S\u00e4urebindungsverm\u00f6gen,\u00a0Geruch,\u00a0F\u00e4rbung<\/span><\/p>\n<h5><span style=\"font-family: tahoma, arial, helvetica, sans-serif;\">MAKROELEMENTE:<\/span><\/h5>\n<p><span style=\"font-family: tahoma, arial, helvetica, sans-serif;\">Chlorid, Natrium, Magnesium, Sulfat, Calcium, Kalium, Brom, Strontium, Bor, Fluorid<\/span><\/p>\n<h5><span style=\"font-family: tahoma, arial, helvetica, sans-serif;\">N\u00c4HRSTOFFE:<\/span><\/h5>\n<p><span style=\"font-family: tahoma, arial, helvetica, sans-serif;\">Nitrat, Nitrit, Gesamtphosphor, Gesamtphosphat, Ortho-Phosphat, Silikat<\/span><\/p>\n<h5><span style=\"font-family: tahoma, arial, helvetica, sans-serif;\">SPURENELEMENTE \/ SCHADSTOFFE:<\/span><\/h5>\n<p><span style=\"font-family: tahoma, arial, helvetica, sans-serif;\">Aluminium, Antimon, Arsen, Barium, Beryllium, Blei, Cadmium, Chrom,\u00a0Cobalt,\u00a0Eisen,\u00a0Iod,\u00a0Kupfer,\u00a0Lanthan,\u00a0Lithium,\u00a0Mangan,\u00a0Molybd\u00e4n,\u00a0Nickel,\u00a0Quecksilber,\u00a0Schwefel,\u00a0Selen<\/span><br \/>\n<span style=\"font-family: tahoma, arial, helvetica, sans-serif;\">Silber,\u00a0Titan,\u00a0Vanadium,\u00a0Wolfram,\u00a0Zink,\u00a0Zinn,\u00a0Zirkonium,<\/span><\/p>\n<h5><span style=\"font-family: tahoma, arial, helvetica, sans-serif;\">RELATIONSWERTE:<\/span><\/h5>\n<p><span style=\"font-family: tahoma, arial, helvetica, sans-serif;\">Salinit\u00e4tslinie, Dynamic Elements, Relevanzwerte<\/span><\/p>\n<h5><span style=\"font-family: tahoma, arial, helvetica, sans-serif;\">OSMOSEWASSER:<\/span><\/h5>\n<p><span style=\"font-family: tahoma, arial, helvetica, sans-serif;\">20 \u00a0verschiedene Schadstoffe, N\u00e4hrstoffe und Spurenstoffe.<\/span><\/p>\n<h5><span style=\"font-family: tahoma, arial, helvetica, sans-serif;\">IHRE VORTEILE<\/span><\/h5>\n<ul>\n<li><span style=\"font-family: tahoma, arial, helvetica, sans-serif;\">Umfangreichste Laboranalyse<\/span><\/li>\n<li><span style=\"font-family: tahoma, arial, helvetica, sans-serif;\">Schnell, g\u00fcnstig und hochpr\u00e4zise<\/span><\/li>\n<li><span style=\"font-family: tahoma, arial, helvetica, sans-serif;\">Einfachste Probennahme und Versand<\/span><\/li>\n<li><span style=\"font-family: tahoma, arial, helvetica, sans-serif;\">Extrem schnelle Labor-Analyse mit Hochleistungs-Laborger\u00e4te<\/span><\/li>\n<li><span style=\"font-family: tahoma, arial, helvetica, sans-serif;\">Test f\u00fcr \u00fcber 90 Parameter im Meerwasser und Osmosewasser<\/span><\/li>\n<li><span style=\"font-family: tahoma, arial, helvetica, sans-serif;\">Zugang zu ausf\u00fchrlichem Support und Beratung.<\/span><\/li>\n<\/ul>\n<p>&nbsp;<\/p>\n<p><span style=\"font-family: tahoma, arial, helvetica, sans-serif;\">In Ihrem Labor-Test-Set finden Sie 4 Probenr\u00f6hrchen, sowie abziehbare Aufkleber mit einer Probennummer. Diese werden zur Identifikation auf die Probengef\u00e4\u00dfe geklebt. Die Proben-Nummer ist eine unverwechselbare Labornummer. Sie vereinfacht R\u00fcckfragen und dient zur sicheren Zuordnung Ihrer Proben.<\/span><\/p>\n<p><span style=\"font-family: tahoma, arial, helvetica, sans-serif;\">1-2 Arbeitstage nach Probeneingang im Fauna Marin ICP Labor erhalten Sie die Ergebnisse Ihrer Proben, sowie die Dosier- und Handlungsempfehlungen in ihrem Kundenkonto.<\/span><\/p>\n<p><span style=\"font-family: tahoma, arial, helvetica, sans-serif;\">Im Analysenpaket-Preis sind die Kosten f\u00fcr die komplette Wasseranalyse, sowie das Probenset enthalten. Der Zugang zu unserer Laborsoftware, den Auswertungsdaten und der st\u00e4ndig wachsenden Wissensdatenbank ist kostenlos!<\/span><\/p>\n<h5><span style=\"font-family: tahoma, arial, helvetica, sans-serif;\">IHRE VORTEILE:<\/span><\/h5>\n<ul>\n<li><span style=\"font-family: tahoma, arial, helvetica, sans-serif;\">Qualit\u00e4tsanalytik speziell f\u00fcr Meerwasser und marine Aquakultur<\/span><\/li>\n<li><span style=\"font-family: tahoma, arial, helvetica, sans-serif;\">Ausarbeitung \u00a0der Proben durch erfahrene Aquarianer und Wissenschaftler<\/span><\/li>\n<li><span style=\"font-family: tahoma, arial, helvetica, sans-serif;\">St\u00e4ndige Qualit\u00e4tskontrolle der Laborergebnisse \u00fcber hauseigene Korallenzucht und Ringversuche mit Institutionen und Gro\u00dfaquarien<\/span><\/li>\n<li><span style=\"font-family: tahoma, arial, helvetica, sans-serif;\">Neuartige LIMS-Software mit einzigartiger Wissensdatenbank<\/span><\/li>\n<li><span style=\"font-family: tahoma, arial, helvetica, sans-serif;\">Ausf\u00fchrliche individuelle Handlungsempfehlungen auf Basis echter Meerwasseraquaristik-Erfahrung<\/span><\/li>\n<li><span style=\"font-family: tahoma, arial, helvetica, sans-serif;\">Systembasierte Dosier- und Handlungsempfehlungen, eigene und Fremdlabor-Messwerte werden hier mit ber\u00fccksichtigt<\/span><\/li>\n<li><span style=\"font-family: tahoma, arial, helvetica, sans-serif;\">ICP-LABOR-APP zur einfachen Dosierung der ben\u00f6tigten Elemente<\/span><\/li>\n<li><span style=\"font-family: tahoma, arial, helvetica, sans-serif;\">Extrem schnelle Analyse durch gro\u00dfen Maschinenpark und modernste Analyseverfahren<\/span><\/li>\n<li><span style=\"font-family: tahoma, arial, helvetica, sans-serif;\">Support durch Aquarienspezialisten mit jahrzehntelanger Erfahrung<\/span><\/li>\n<li><span style=\"font-family: tahoma, arial, helvetica, sans-serif;\">Kosteng\u00fcnstig und schnell<\/span><\/li>\n<\/ul>\n","protected":false},"excerpt":{"rendered":"<p><span style=\"font-family: tahoma, arial, helvetica, sans-serif;\">Der Fauna Marin Reef ICP TOTAL Test gibt einen schnellen und einfachen \u00dcberblick \u00fcber 90 verschiedene Messwerte im Meerwasser.<\/span><\/p>\n<p><span style=\"font-family: tahoma, arial, helvetica, sans-serif;\">Von Makroelementen, Spurenelementen, N\u00e4hrstoffen und Schadstoffen erhalten Sie einen kompletten \u00dcberblick mit entsprechenden Dosier- und Handlungsempfehlungen.<\/span><br \/>\n<span style=\"font-family: tahoma, arial, helvetica, sans-serif;\">Sie k\u00f6nnen mit dem REEF ICP TEST TOTAL auch Ihr Osmose oder Ausgangswasser auf Verunreinigungen testen. Dies gibt es zu jedem Test kostenlos mit dazu.<\/span><br \/>\n<span style=\"font-family: tahoma, arial, helvetica, sans-serif;\">Der Fauna Marin REEF ICP TOTAL Test ist der umfangreichste Labortest f\u00fcr Meerwasser und beinhaltet \u00fcber 90 verschiedene Mess- und Relationswerte.<\/span><\/p>\n","protected":false},"featured_media":4059,"template":"","meta":[],"product_brand":[],"product_cat":[85],"product_tag":[105,80,81,82,83,84,86,87],"class_list":{"0":"post-277","1":"product","2":"type-product","3":"status-publish","4":"has-post-thumbnail","6":"product_cat-fauna-marin-srl-labor","7":"product_tag-total","8":"product_tag-icp-oes","9":"product_tag-labor","10":"product_tag-fauna-marin","11":"product_tag-srl","12":"product_tag-analyse","13":"product_tag-ionenchromatographie","14":"product_tag-ic","16":"first","17":"instock","18":"taxable","19":"shipping-taxable","20":"purchasable","21":"product-type-variable"},"_links":{"self":[{"href":"https:\/\/sangokai.org\/sangokai-shop\/wp-json\/wp\/v2\/product\/277","targetHints":{"allow":["GET"]}}],"collection":[{"href":"https:\/\/sangokai.org\/sangokai-shop\/wp-json\/wp\/v2\/product"}],"about":[{"href":"https:\/\/sangokai.org\/sangokai-shop\/wp-json\/wp\/v2\/types\/product"}],"wp:featuredmedia":[{"embeddable":true,"href":"https:\/\/sangokai.org\/sangokai-shop\/wp-json\/wp\/v2\/media\/4059"}],"wp:attachment":[{"href":"https:\/\/sangokai.org\/sangokai-shop\/wp-json\/wp\/v2\/media?parent=277"}],"wp:term":[{"taxonomy":"product_brand","embeddable":true,"href":"https:\/\/sangokai.org\/sangokai-shop\/wp-json\/wp\/v2\/product_brand?post=277"},{"taxonomy":"product_cat","embeddable":true,"href":"https:\/\/sangokai.org\/sangokai-shop\/wp-json\/wp\/v2\/product_cat?post=277"},{"taxonomy":"product_tag","embeddable":true,"href":"https:\/\/sangokai.org\/sangokai-shop\/wp-json\/wp\/v2\/product_tag?post=277"}],"curies":[{"name":"wp","href":"https:\/\/api.w.org\/{rel}","templated":true}]}}