{"id":560,"date":"2018-01-08T13:32:46","date_gmt":"2018-01-08T12:32:46","guid":{"rendered":"http:\/\/sangokai.org\/sangokai-shop\/?post_type=product&#038;p=560"},"modified":"2025-04-28T20:48:43","modified_gmt":"2025-04-28T18:48:43","slug":"hed-sps-set-250-5000-ml","status":"publish","type":"product","link":"https:\/\/sangokai.org\/sangokai-shop\/produkt\/hed-sps-set-250-5000-ml\/","title":{"rendered":"SPS Set #1-3 250 &#8211; 5000 mL"},"content":{"rendered":"<p><span style=\"font-family: tahoma, arial, helvetica, sans-serif; font-size: 12pt;\">Nachdem das BASIS-System eine gesunde Mikrobiologie, eine hohe Organismenvielfalt und stabile aquarienbiologische Prozesse etabliert hat, um damit die wesentlichen Grundlagen f\u00fcr die erfolgreiche Korallenpflege zu schaffen, bietet Dir das SPS-System eine mehr zielgerichtete Versorgung Deines bereits gut gewachsenen Korallenbestandes insbesondere mit SPS Korallen (kleinpolypige Steinkorallen wie <em>Acropora<\/em>, <em>Montipora<\/em>, <em>Pocillopora<\/em> etc.).<\/span><\/p>\n<p><span style=\"font-family: tahoma, arial, helvetica, sans-serif; font-size: 12pt;\">Das SPS-System ist darauf spezialisiert, SPS farblich auf ein helles, pastellig bis metallisches Farbniveau zu bringen, ohne dabei das Grundgewebe stark einzudunkeln. Damit stehen eher plakative Farben im Vordergrund bei gleichzeitig hellem und kontrastierendem Gewebe.<\/span><\/p>\n<p><span style=\"font-family: tahoma, arial, helvetica, sans-serif; font-size: 12pt;\">Die Wirkstoffe im SPS-System konzentrieren sich st\u00e4rker auf den Korallenstoffwechsel und setzen spezielle Versorgungsakzente bei der Ausbildung und Entwicklung der Farbigkeit, ohne dabei die Gesunderhaltung der Korallen aus dem Auge zu verlieren. Insbesondere unter potentiell strahlungsstressigen Lichtbedingungen bietet das SPS-System eine wirkungsvolle N\u00e4hrstoffversorgung und h\u00e4lt einen gesunden Energie- und Baustoffwechsel in den Korallen aufrecht.<\/span><\/p>\n<p><span style=\"font-family: tahoma, arial, helvetica, sans-serif; font-size: 12pt;\">Nichtsdestotrotz ist das SPS-System ein echtes SANGOKAI System und versorgt neben den Korallen auch eine funktionierende Mikroorganismengemeinschaft. Die f\u00fcr nat\u00fcrliche Korallenriffe typische hohe Organismen-und Artenvielfalt bleibt auch im SPS-Riffaquarium erhalten und erm\u00f6glicht eine langfristig gute Kontrolle des allgemeinen Stickstoff- und Phosphathaushalts.<\/span><\/p>\n<p><span style=\"font-family: tahoma, arial, helvetica, sans-serif; font-size: 12pt;\">Grundvoraussetzung f\u00fcr die Anwendung des SPS-Systems ist immer das SANGOKAI BASIS-System, das f\u00fcr mindestens sechs Monate im jeweiligen Riffaquarium etabliert sein sollte. Dadurch wird das Riffaquarium an die umfangreiche organische SANGOKAI N\u00e4hrstoffversorgung gew\u00f6hnt und entwickelt in einem zeitlich angemessenen Rahmen eine vielf\u00e4ltige Organismengemeinschaft, die Grundlage f\u00fcr die aquarienbiologische Stabilit\u00e4t und ein langfristig gesundes und produktives Riff\u00f6kosystem ist. Gleichzeitig sollte der SPS Korallenbesatz gut vorangeschritten sein, so dass die mehr auf Korallen ausgerichtete Mikron\u00e4hrstoff- und Spurenstoffversorgung gezielt auch hier wirken kann.<\/span><\/p>\n<p><span style=\"font-size: 12pt;\"><strong><span style=\"font-family: tahoma, arial, helvetica, sans-serif;\">Ausf\u00fchrliche Informationen zum SPS-System findest Du auf der SANGOKAI <\/span><span style=\"font-family: tahoma, arial, helvetica, sans-serif;\">Webseite<\/span><span style=\"font-family: tahoma, arial, helvetica, sans-serif;\">\u00a0<a href=\"http:\/\/sangokai.org\/?page_id=11066\" target=\"_blank\" rel=\"noopener noreferrer\">hier<\/a>.<\/span><\/strong><\/span><\/p>\n<p>&nbsp;<\/p>\n","protected":false},"excerpt":{"rendered":"<p><span style=\"font-family: tahoma, arial, helvetica, sans-serif; font-size: 12pt;\"><strong>Du erh\u00e4ltst mit dem SPS Set alle drei Produktkomponenten SPS #1, SPS #2 sowie BASIS #3, wahlweise in den vier Gebindegr\u00f6\u00dfen von 250 mL bis 5000 mL (Ausf\u00fchrung w\u00e4hlen).<\/strong><\/span><\/p>\n<p><strong><span style=\"font-family: helvetica, arial, sans-serif; font-size: 10pt;\">Angaben nach GPSR: SANGOKAI, Bremer Landstr. 26, D-27412 Tarmstedt. www.sangoaki.org, info@sangokai.org<\/span><\/strong><\/p>\n","protected":false},"featured_media":1659,"template":"","meta":[],"product_brand":[],"product_cat":[94],"product_tag":[96,57,58,60],"class_list":{"0":"post-560","1":"product","2":"type-product","3":"status-publish","4":"has-post-thumbnail","6":"product_cat-sps","7":"product_tag-sps","8":"product_tag-organisch","9":"product_tag-spurenelemente","10":"product_tag-naehrstoffe","12":"first","13":"instock","14":"taxable","15":"shipping-taxable","16":"purchasable","17":"product-type-variable"},"_links":{"self":[{"href":"https:\/\/sangokai.org\/sangokai-shop\/wp-json\/wp\/v2\/product\/560","targetHints":{"allow":["GET"]}}],"collection":[{"href":"https:\/\/sangokai.org\/sangokai-shop\/wp-json\/wp\/v2\/product"}],"about":[{"href":"https:\/\/sangokai.org\/sangokai-shop\/wp-json\/wp\/v2\/types\/product"}],"wp:featuredmedia":[{"embeddable":true,"href":"https:\/\/sangokai.org\/sangokai-shop\/wp-json\/wp\/v2\/media\/1659"}],"wp:attachment":[{"href":"https:\/\/sangokai.org\/sangokai-shop\/wp-json\/wp\/v2\/media?parent=560"}],"wp:term":[{"taxonomy":"product_brand","embeddable":true,"href":"https:\/\/sangokai.org\/sangokai-shop\/wp-json\/wp\/v2\/product_brand?post=560"},{"taxonomy":"product_cat","embeddable":true,"href":"https:\/\/sangokai.org\/sangokai-shop\/wp-json\/wp\/v2\/product_cat?post=560"},{"taxonomy":"product_tag","embeddable":true,"href":"https:\/\/sangokai.org\/sangokai-shop\/wp-json\/wp\/v2\/product_tag?post=560"}],"curies":[{"name":"wp","href":"https:\/\/api.w.org\/{rel}","templated":true}]}}