{"id":6051,"date":"2023-09-19T10:34:57","date_gmt":"2023-09-19T08:34:57","guid":{"rendered":"https:\/\/sangokai.org\/sangokai-shop\/?post_type=product&#038;p=6051"},"modified":"2023-09-25T15:24:23","modified_gmt":"2023-09-25T13:24:23","slug":"fauna-marin-icp-osmose-test","status":"publish","type":"product","link":"https:\/\/sangokai.org\/sangokai-shop\/produkt\/fauna-marin-icp-osmose-test\/","title":{"rendered":"FAUNA MARIN ICP Osmose Test"},"content":{"rendered":"<h2><span style=\"font-family: tahoma, arial, helvetica, sans-serif;\">Fauna Marin ICP Osmose Test<\/span><\/h2>\n<h4><span style=\"font-family: tahoma, arial, helvetica, sans-serif;\">Das regelm\u00e4\u00dfige Testen von Osmosewasser aus der Osmoseanlage ist ein wesentlicher Bestandteil der Pflege eines Meerwasseraquariums. Mit unserem Fauna Marin Osmose-Test kit k\u00f6nnen Sie einfach und schnell die wichtigsten Parameter des Osmosewassers \u00fcberpr\u00fcfen lassen.<\/span><\/h4>\n<p><span style=\"font-family: tahoma, arial, helvetica, sans-serif;\">Unsere Osmosewasser-Analysen Sets enthalten alles f\u00fcr eine professionelle Probenentnahme. Das Filtern der Probe gew\u00e4hrleistet eine sichere und genaue Analyse der N\u00e4hrstoffe und Spurenelemente frei von st\u00f6renden Schwebstoffen.<\/span><\/p>\n<h4><span style=\"font-family: tahoma, arial, helvetica, sans-serif;\">Wir messen die folgenden Wasserparameter:<\/span><\/h4>\n<p><span style=\"font-family: tahoma, arial, helvetica, sans-serif;\">Calcium, Kalium, Magnesium, Natrium, Schwefel, Phosphor, Gesamt-Phosphat (berechnet), Silicium, Silikat (berechnet), Aluminium, Blei, Cadmium, Chrom, Eisen, Kupfer, Lithium, Nickel, Quecksilber, Zinn, Zink<\/span><\/p>\n<h4><span style=\"font-family: tahoma, arial, helvetica, sans-serif;\">Bitte beachten Sie:<\/span><\/h4>\n<p><span style=\"font-family: tahoma, arial, helvetica, sans-serif;\">Der Fauna Marin ICP Labor Osmose-Test wurde ausschlie\u00dflich f\u00fcr die Analyse von Osmosewasser entwickelt und ist daher nicht f\u00fcr die Messung von Trinkwasser, Brunnenwasser oder Poolwasser geeignet.<\/span><\/p>\n<p><span style=\"font-family: tahoma, arial, helvetica, sans-serif; font-size: 12pt; color: #000000;\"><strong>\u00a0<\/strong><\/span><\/p>\n","protected":false},"excerpt":{"rendered":"<p><span style=\"font-family: tahoma, arial, helvetica, sans-serif;\">Der Fauna Marin ICP Osmose Test zur schnellen \u00dcberpr\u00fcfung der Ausgangswasserqualit\u00e4t.<\/span><\/p>\n","protected":false},"featured_media":6055,"template":"","meta":[],"product_brand":[],"product_cat":[85],"product_tag":[156,79,80,81,82,83,84,154],"class_list":{"0":"post-6051","1":"product","2":"type-product","3":"status-publish","4":"has-post-thumbnail","6":"product_cat-fauna-marin-srl-labor","7":"product_tag-osmose","8":"product_tag-icp","9":"product_tag-icp-oes","10":"product_tag-labor","11":"product_tag-fauna-marin","12":"product_tag-srl","13":"product_tag-analyse","14":"product_tag-reef-icp","16":"first","17":"instock","18":"taxable","19":"shipping-taxable","20":"purchasable","21":"product-type-simple"},"_links":{"self":[{"href":"https:\/\/sangokai.org\/sangokai-shop\/wp-json\/wp\/v2\/product\/6051","targetHints":{"allow":["GET"]}}],"collection":[{"href":"https:\/\/sangokai.org\/sangokai-shop\/wp-json\/wp\/v2\/product"}],"about":[{"href":"https:\/\/sangokai.org\/sangokai-shop\/wp-json\/wp\/v2\/types\/product"}],"wp:featuredmedia":[{"embeddable":true,"href":"https:\/\/sangokai.org\/sangokai-shop\/wp-json\/wp\/v2\/media\/6055"}],"wp:attachment":[{"href":"https:\/\/sangokai.org\/sangokai-shop\/wp-json\/wp\/v2\/media?parent=6051"}],"wp:term":[{"taxonomy":"product_brand","embeddable":true,"href":"https:\/\/sangokai.org\/sangokai-shop\/wp-json\/wp\/v2\/product_brand?post=6051"},{"taxonomy":"product_cat","embeddable":true,"href":"https:\/\/sangokai.org\/sangokai-shop\/wp-json\/wp\/v2\/product_cat?post=6051"},{"taxonomy":"product_tag","embeddable":true,"href":"https:\/\/sangokai.org\/sangokai-shop\/wp-json\/wp\/v2\/product_tag?post=6051"}],"curies":[{"name":"wp","href":"https:\/\/api.w.org\/{rel}","templated":true}]}}