{"id":72,"date":"2017-06-28T02:50:03","date_gmt":"2017-06-28T00:50:03","guid":{"rendered":"http:\/\/sangokai.org\/sangokai-shop\/?post_type=product&#038;p=72"},"modified":"2024-08-02T10:27:34","modified_gmt":"2024-08-02T08:27:34","slug":"basis-system-version-2-set","status":"publish","type":"product","link":"https:\/\/sangokai.org\/sangokai-shop\/produkt\/basis-system-version-2-set\/","title":{"rendered":"BASIS Set #1-3 250 &#8211; 5000 mL"},"content":{"rendered":"<p><span style=\"font-family: tahoma, arial, helvetica, sans-serif; font-size: 12pt;\">Das SANGOKAI BASIS-System bietet\u00a0Deinem Riffaquarium eine umfangreiche N\u00e4hr- und Spurenstoffversorgung, die zu einer sichtbaren Leistungssteigerung des gesamten Aquariensystems f\u00fchrt.<\/span><\/p>\n<p><span style=\"font-family: tahoma, arial, helvetica, sans-serif; font-size: 12pt;\">Genau wie im nat\u00fcrlichen Korallenriff ern\u00e4hren viele verschiedene Mikron\u00e4hrstoffe in einer geringen, daf\u00fcr aber konstanten Menge auch viele verschiedene Lebewesen. Die Folge davon ist eine langfristig hohe Arten- und Organismenvielfalt, die sich im Aquarium entwickeln und vermehren kann.<\/span><\/p>\n<p><span style=\"font-family: tahoma, arial, helvetica, sans-serif; font-size: 12pt;\">Dein\u00a0SANGOKAI\u00a0Riffaquarium erlangt ein gesundes\u00a0Ma\u00df an mikrobiologischer Aktivit\u00e4t, bildet\u00a0Kleinstlebewesen, Mikroben und Plankton, und erzeugt aquarieneigene Nahrung f\u00fcr Deine Fische\u00a0und\u00a0Filtrierer. Damit ist es ein echtes biologisches Aquariensystem.<\/span><\/p>\n<p><span style=\"font-family: tahoma, arial, helvetica, sans-serif; font-size: 12pt;\">Zudem werden N\u00e4hrstoffe wie Nitrat und Phosphat durch die gesteigerte Produktivit\u00e4t und das stark ausgepr\u00e4gte\u00a0Nahrungsnetz schneller\u00a0und effizienter verarbeitet.<\/span><\/p>\n<p><span style=\"font-family: tahoma, arial, helvetica, sans-serif; font-size: 12pt;\">Das Ergebnis: nat\u00fcrliche N\u00e4hrstoffkontrolle, hohe biologische Stabilit\u00e4t und viele gesunde Aquarienbewohner \u2013 zuhause in Deinem\u00a0eigenen Meer.<\/span><\/p>\n<p><span style=\"font-size: 12pt;\"><strong><span style=\"font-family: tahoma, arial, helvetica, sans-serif;\">Ausf\u00fchrliche Informationen zum BASIS System findest Du auf der SANGOKAI\u00a0<\/span><span style=\"font-family: tahoma, arial, helvetica, sans-serif;\">Webseite<\/span><span style=\"font-family: tahoma, arial, helvetica, sans-serif;\">\u00a0<a href=\"http:\/\/sangokai.org\/?page_id=8593\" target=\"_blank\" rel=\"noopener\">hier<\/a>.<\/span><\/strong><\/span><\/p>\n<p>&nbsp;<\/p>\n","protected":false},"excerpt":{"rendered":"<p><span style=\"font-family: tahoma, arial, helvetica, sans-serif; font-size: 12pt;\"><strong>Du erh\u00e4ltst mit dem BASIS Set alle drei Produktkomponenten #1-3, wahlweise in den vier Gebindegr\u00f6\u00dfen von 250 mL bis 5000 mL (Ausf\u00fchrung w\u00e4hlen).<\/strong><\/span><\/p>\n<p><strong><span style=\"font-family: helvetica, arial, sans-serif; font-size: 10pt;\">Angaben nach GPSR: SANGOKAI, Bremer Landstr. 26, D-27412 Tarmstedt. www.sangoaki.org, info@sangokai.org<\/span><\/strong><\/p>\n","protected":false},"featured_media":131,"template":"","meta":[],"product_brand":[],"product_cat":[31],"product_tag":[32,57,58,60,97],"class_list":{"0":"post-72","1":"product","2":"type-product","3":"status-publish","4":"has-post-thumbnail","6":"product_cat-basis","7":"product_tag-basis","8":"product_tag-organisch","9":"product_tag-spurenelemente","10":"product_tag-naehrstoffe","11":"product_tag-spurenmetalle","13":"first","14":"instock","15":"taxable","16":"shipping-taxable","17":"purchasable","18":"product-type-variable"},"_links":{"self":[{"href":"https:\/\/sangokai.org\/sangokai-shop\/wp-json\/wp\/v2\/product\/72","targetHints":{"allow":["GET"]}}],"collection":[{"href":"https:\/\/sangokai.org\/sangokai-shop\/wp-json\/wp\/v2\/product"}],"about":[{"href":"https:\/\/sangokai.org\/sangokai-shop\/wp-json\/wp\/v2\/types\/product"}],"wp:featuredmedia":[{"embeddable":true,"href":"https:\/\/sangokai.org\/sangokai-shop\/wp-json\/wp\/v2\/media\/131"}],"wp:attachment":[{"href":"https:\/\/sangokai.org\/sangokai-shop\/wp-json\/wp\/v2\/media?parent=72"}],"wp:term":[{"taxonomy":"product_brand","embeddable":true,"href":"https:\/\/sangokai.org\/sangokai-shop\/wp-json\/wp\/v2\/product_brand?post=72"},{"taxonomy":"product_cat","embeddable":true,"href":"https:\/\/sangokai.org\/sangokai-shop\/wp-json\/wp\/v2\/product_cat?post=72"},{"taxonomy":"product_tag","embeddable":true,"href":"https:\/\/sangokai.org\/sangokai-shop\/wp-json\/wp\/v2\/product_tag?post=72"}],"curies":[{"name":"wp","href":"https:\/\/api.w.org\/{rel}","templated":true}]}}